{"id":2479,"date":"2019-02-07T21:16:54","date_gmt":"2019-02-07T21:16:54","guid":{"rendered":"https:\/\/www.cinelerra-gg.org\/mitwirken\/"},"modified":"2021-01-27T22:56:15","modified_gmt":"2021-01-27T22:56:15","slug":"mitwirken","status":"publish","type":"page","link":"https:\/\/cinelerra-gg.org\/de\/mitwirken\/","title":{"rendered":"Mitwirken"},"content":{"rendered":"<p>[et_pb_section fb_built=&#8220;1&#8243; _builder_version=&#8220;3.22&#8243; background_color=&#8220;#41b0c2&#8243; custom_padding=&#8220;50px|0px|0|0px|false|false&#8220;][et_pb_row custom_padding=&#8220;0|0px|0|0px|false|false&#8220; _builder_version=&#8220;3.22&#8243;][et_pb_column type=&#8220;4_4&#8243; _builder_version=&#8220;3.17.6&#8243;][et_pb_image src=&#8220;https:\/\/cinelerra-gg.org\/wp-content\/uploads\/2018\/11\/teamwork-image-850-v01.jpg&#8220; align=&#8220;center&#8220; _builder_version=&#8220;3.17.6&#8243;][\/et_pb_image][\/et_pb_column][\/et_pb_row][\/et_pb_section][et_pb_section fb_built=&#8220;1&#8243; _builder_version=&#8220;3.22&#8243; custom_padding=&#8220;86px|0px|31px|0px|false|false&#8220;][et_pb_row _builder_version=&#8220;3.22&#8243;][et_pb_column type=&#8220;4_4&#8243; _builder_version=&#8220;3.17.6&#8243;][et_pb_text _builder_version=&#8220;3.17.6&#8243;]<\/p>\n<h1>Mitwirken<\/h1>\n<p>Als freie Open-Source-Community begr\u00fc\u00dfen wir jeden Beitrag zur Verbesserung von Cinelerra-GG, auch wenn der Beitrag noch so gering ist. Viele kleine Schritte f\u00fchren zum Erfolg. Hier zeigen wir dir, wie du dich in der Cinelerra-GG Community engagieren kannst.<\/p>\n<p>Unsere Nutzer kommen aus der ganzen Welt und so ist die Sprache Englisch, um miteinander zu kommunizieren. F\u00fcr Unterst\u00fctzer, die kein Englisch sprechen, empfehlen wir den <a href=\"https:\/\/www.deepl.com\/translator\">DeepL Translator.<\/a> Dieser \u00dcbersetzer arbeitet mit k\u00fcnstlicher Intelligenz und erzielt die besten Ergebnisse aller anderen Werkzeuge, daher verwenden viele unserer Nutzer DeepL.<\/p>\n<p>[\/et_pb_text][\/et_pb_column][\/et_pb_row][\/et_pb_section][et_pb_section fb_built=&#8220;1&#8243; _builder_version=&#8220;3.22&#8243;][et_pb_row _builder_version=&#8220;3.22&#8243;][et_pb_column type=&#8220;1_3&#8243; _builder_version=&#8220;3.17.6&#8243;][et_pb_blurb title=&#8220;\u00dcbersetzen&#8220; url=&#8220;https:\/\/cinelerra-gg.org\/de\/ubersetzen\/&#8220; image=&#8220;https:\/\/cinelerra-gg.org\/wp-content\/uploads\/2018\/11\/language-global.png&#8220; _builder_version=&#8220;3.22.1&#8243; header_font=&#8220;||||||||&#8220; header_text_align=&#8220;left&#8220; link_option_url=&#8220;https:\/\/cinelerra-gg.org\/de\/ubersetzen\/&#8220;]<\/p>\n<p>Hilf uns, die Cinelerra-GG Software in deine Sprache zu \u00fcbersetzen. Hier findest du einige Informationen, wie du dich aktiv beteiligen kannst. Klicke hier.<\/p>\n<p>[\/et_pb_blurb][\/et_pb_column][et_pb_column type=&#8220;1_3&#8243; _builder_version=&#8220;3.17.6&#8243;][et_pb_blurb title=&#8220;Die Website \u00fcbersetzen&#8220; url=&#8220;https:\/\/cinelerra-gg.org\/de\/ubersetzen-sie-die-cinelerra-gg-website\/&#8220; image=&#8220;https:\/\/cinelerra-gg.org\/wp-content\/uploads\/2019\/03\/translate-64px.png&#8220; _builder_version=&#8220;3.22.1&#8243; header_font=&#8220;||||||||&#8220; header_text_align=&#8220;left&#8220; link_option_url=&#8220;https:\/\/cinelerra-gg.org\/de\/ubersetzen-sie-die-cinelerra-gg-website\/&#8220;]<\/p>\n<p>Bitte hilf uns bei der \u00dcbersetzung der Website. Es ist nicht so schwer, wie man denkt. Mit ein wenig Anleitung kannst du die Website in deine Sprache \u00fcbersetzen und viele andere Leute werden davon profitieren. Klick hier f\u00fcr weitere Informationen und um das Video anzusehen.<\/p>\n<p>[\/et_pb_blurb][\/et_pb_column][et_pb_column type=&#8220;1_3&#8243; _builder_version=&#8220;3.17.6&#8243;][et_pb_blurb title=&#8220;Dokumentation verbessern&#8220; url=&#8220;https:\/\/lists.cinelerra-gg.org\/mailman\/listinfo\/cin&#8220; image=&#8220;https:\/\/cinelerra-gg.org\/wp-content\/uploads\/2018\/11\/doc-icon-64.png&#8220; _builder_version=&#8220;3.17.6&#8243; header_font=&#8220;||||||||&#8220; header_text_align=&#8220;left&#8220; link_option_url=&#8220;https:\/\/lists.cinelerra-gg.org\/mailman\/listinfo\/cin&#8220;]<\/p>\n<p>Du hast Verbesserungsvorschl\u00e4ge zur Dokumentation? Schreibe uns, wo du die Dokumentation verbessern m\u00f6chtest.<br \/>  cin [-] lists.cinelerra-gg [dot] org<br \/>Trage dich jetzt in die Mailingliste ein.<\/p>\n<p>[\/et_pb_blurb][\/et_pb_column][\/et_pb_row][et_pb_row _builder_version=&#8220;3.22&#8243;][et_pb_column type=&#8220;1_3&#8243; _builder_version=&#8220;3.17.6&#8243;][et_pb_blurb title=&#8220;Teil deine kreativen Arbeiten (Forum)&#8220; url=&#8220;https:\/\/cinelerra-gg.org\/forum\/&#8220; image=&#8220;https:\/\/cinelerra-gg.org\/wp-content\/uploads\/2018\/11\/video-camera-icon-64.png&#8220; _builder_version=&#8220;3.17.6&#8243; header_font=&#8220;||||||||&#8220; header_text_align=&#8220;left&#8220; link_option_url=&#8220;https:\/\/cinelerra-gg.org\/forum\/&#8220;]<\/p>\n<p>In unserem K\u00fcnstlerforum kannst du deine Erfahrungen mit anderen Nutzern teilen und anderen Teilnehmern helfen, die Welt des kreativen Filmemachens und der Postproduktion zu \u00f6ffnen. <br \/>Hier geht es zum K\u00fcnstlerforum<a href=\"https:\/\/cinelerra-gg.org\/forum\/\" title=\"K\u00fcnstler Forum\"><\/a><\/p>\n<p>[\/et_pb_blurb][\/et_pb_column][et_pb_column type=&#8220;1_3&#8243; _builder_version=&#8220;3.17.6&#8243;][et_pb_blurb title=&#8220;Bericht eines Fehlers (Problem-Tracker)&#8220; url=&#8220;https:\/\/cinelerra-gg.org\/bugtracker\/my_view_page.php&#8220; image=&#8220;https:\/\/cinelerra-gg.org\/wp-content\/uploads\/2018\/11\/bug-icon-64.png&#8220; _builder_version=&#8220;3.17.6&#8243; header_font=&#8220;||||||||&#8220; header_text_align=&#8220;left&#8220; link_option_url=&#8220;https:\/\/cinelerra-gg.org\/bugtracker\/my_view_page.php&#8220;]<\/p>\n<p>Wir alle machen Fehler. Auch wenn der Fehler so klein ist, freuen wir uns \u00fcber jedes Feedback von dir. Mit unserem Mantis Bugtracker kannst du den Bug innerhalb weniger Minuten einfach melden, damit wir den \u00dcberblick behalten und du sofort ein Feedback bekommst.<br \/>Klick hier f\u00fcr den Bug-Tracker.<a href=\"https:\/\/cinelerra-gg.org\/bugtracker\/login_page.php\" title=\"Bugtracker\"><\/a><\/p>\n<p>[\/et_pb_blurb][\/et_pb_column][et_pb_column type=&#8220;1_3&#8243; _builder_version=&#8220;3.17.6&#8243;][et_pb_blurb title=&#8220;Neue Funktionen enthalten (Problem-Tracker)&#8220; url=&#8220;https:\/\/cinelerra-gg.org\/bugtracker\/&#8220; image=&#8220;https:\/\/cinelerra-gg.org\/wp-content\/uploads\/2018\/11\/idea-icon-64.png&#8220; _builder_version=&#8220;3.17.6&#8243; header_font=&#8220;||||||||&#8220; header_text_align=&#8220;left&#8220; link_option_url=&#8220;https:\/\/cinelerra-gg.org\/bugtracker\/&#8220;]<\/p>\n<p>Nur durch das Feedback der Nutzer k\u00f6nnen wir Cinelerra verbessern. Jeder Verbesserungsvorschlag oder eine Feature-Anfrage, egal wie klein, ist immer willkommen. Wir alle profitieren davon. Der Bugtracker, auch Problem-Tracker genannt, erfasst solche Feature-Anfrage sehr gut. Damit behalten wir den \u00dcberblick. Klick hier f\u00fcr den Problem-Tracker.<\/p>\n<p>[\/et_pb_blurb][\/et_pb_column][\/et_pb_row][et_pb_row _builder_version=&#8220;3.22&#8243;][et_pb_column type=&#8220;1_3&#8243; _builder_version=&#8220;3.17.6&#8243;][et_pb_blurb title=&#8220;Mit uns entwickeln (Mailingliste)&#8220; url=&#8220;https:\/\/lists.cinelerra-gg.org\/mailman\/listinfo\/cin&#8220; image=&#8220;https:\/\/cinelerra-gg.org\/wp-content\/uploads\/2018\/11\/development-icon-64.png&#8220; _builder_version=&#8220;3.17.6&#8243; header_font=&#8220;||||||||&#8220; header_text_align=&#8220;left&#8220; link_option_url=&#8220;https:\/\/lists.cinelerra-gg.org\/mailman\/listinfo\/cin&#8220;]<\/p>\n<p>Wir freuen uns \u00fcber jede Hilfe anderer Entwickler. Hilf mit, den Code zu verbessern, Plugins oder neue Funktionen hinzuzuf\u00fcgen. Du kannst uns jederzeit \u00fcber die Mailingliste kontaktieren. Klick hier f\u00fcr die Mailingliste.<\/p>\n<p>[\/et_pb_blurb][\/et_pb_column][et_pb_column type=&#8220;1_3&#8243; _builder_version=&#8220;3.17.6&#8243;][\/et_pb_column][et_pb_column type=&#8220;1_3&#8243; _builder_version=&#8220;3.17.6&#8243;][\/et_pb_column][\/et_pb_row][\/et_pb_section]<\/p>\n","protected":false},"excerpt":{"rendered":"<p>Mitwirken Als freie Open-Source-Community begr\u00fc\u00dfen wir jeden Beitrag zur Verbesserung von Cinelerra-GG, auch wenn der Beitrag noch so gering ist. Viele kleine Schritte f\u00fchren zum Erfolg. Hier zeigen wir dir, wie du dich in der Cinelerra-GG Community engagieren kannst. Unsere Nutzer kommen aus der ganzen Welt und so ist die Sprache Englisch, um miteinander zu [&hellip;]<\/p>\n","protected":false},"author":1,"featured_media":0,"parent":0,"menu_order":0,"comment_status":"closed","ping_status":"closed","template":"","meta":{"_et_pb_use_builder":"on","_et_pb_old_content":"","_et_gb_content_width":"","footnotes":""},"class_list":["post-2479","page","type-page","status-publish","hentry"],"yoast_head":"<!-- This site is optimized with the Yoast SEO plugin v27.0 - https:\/\/yoast.com\/product\/yoast-seo-wordpress\/ -->\n<title>Mitwirken - Cinelerra GG<\/title>\n<meta name=\"robots\" content=\"index, follow, max-snippet:-1, max-image-preview:large, max-video-preview:-1\" \/>\n<link rel=\"canonical\" href=\"https:\/\/cinelerra-gg.org\/de\/mitwirken\/\" \/>\n<meta property=\"og:locale\" content=\"de_DE\" \/>\n<meta property=\"og:type\" content=\"article\" \/>\n<meta property=\"og:title\" content=\"Mitwirken - Cinelerra GG\" \/>\n<meta property=\"og:description\" content=\"Mitwirken Als freie Open-Source-Community begr\u00fc\u00dfen wir jeden Beitrag zur Verbesserung von Cinelerra-GG, auch wenn der Beitrag noch so gering ist. Viele kleine Schritte f\u00fchren zum Erfolg. Hier zeigen wir dir, wie du dich in der Cinelerra-GG Community engagieren kannst. Unsere Nutzer kommen aus der ganzen Welt und so ist die Sprache Englisch, um miteinander zu [&hellip;]\" \/>\n<meta property=\"og:url\" content=\"https:\/\/cinelerra-gg.org\/de\/mitwirken\/\" \/>\n<meta property=\"og:site_name\" content=\"Cinelerra GG\" \/>\n<meta property=\"article:modified_time\" content=\"2021-01-27T22:56:15+00:00\" \/>\n<meta name=\"twitter:card\" content=\"summary_large_image\" \/>\n<meta name=\"twitter:label1\" content=\"Gesch\u00e4tzte Lesezeit\" \/>\n\t<meta name=\"twitter:data1\" content=\"4\u00a0Minuten\" \/>\n<script type=\"application\/ld+json\" class=\"yoast-schema-graph\">{\"@context\":\"https:\/\/schema.org\",\"@graph\":[{\"@type\":\"WebPage\",\"@id\":\"https:\/\/cinelerra-gg.org\/de\/mitwirken\/\",\"url\":\"https:\/\/cinelerra-gg.org\/de\/mitwirken\/\",\"name\":\"Mitwirken - Cinelerra GG\",\"isPartOf\":{\"@id\":\"https:\/\/cinelerra-gg.org\/de\/#website\"},\"datePublished\":\"2019-02-07T21:16:54+00:00\",\"dateModified\":\"2021-01-27T22:56:15+00:00\",\"breadcrumb\":{\"@id\":\"https:\/\/cinelerra-gg.org\/de\/mitwirken\/#breadcrumb\"},\"inLanguage\":\"de\",\"potentialAction\":[{\"@type\":\"ReadAction\",\"target\":[\"https:\/\/cinelerra-gg.org\/de\/mitwirken\/\"]}]},{\"@type\":\"BreadcrumbList\",\"@id\":\"https:\/\/cinelerra-gg.org\/de\/mitwirken\/#breadcrumb\",\"itemListElement\":[{\"@type\":\"ListItem\",\"position\":1,\"name\":\"Home\",\"item\":\"https:\/\/cinelerra-gg.org\/de\/\"},{\"@type\":\"ListItem\",\"position\":2,\"name\":\"Mitwirken\"}]},{\"@type\":\"WebSite\",\"@id\":\"https:\/\/cinelerra-gg.org\/de\/#website\",\"url\":\"https:\/\/cinelerra-gg.org\/de\/\",\"name\":\"Cinelerra GG\",\"description\":\"Cinelerra GG free video editing software\",\"potentialAction\":[{\"@type\":\"SearchAction\",\"target\":{\"@type\":\"EntryPoint\",\"urlTemplate\":\"https:\/\/cinelerra-gg.org\/de\/?s={search_term_string}\"},\"query-input\":{\"@type\":\"PropertyValueSpecification\",\"valueRequired\":true,\"valueName\":\"search_term_string\"}}],\"inLanguage\":\"de\"}]}<\/script>\n<!-- \/ Yoast SEO plugin. -->","yoast_head_json":{"title":"Mitwirken - Cinelerra GG","robots":{"index":"index","follow":"follow","max-snippet":"max-snippet:-1","max-image-preview":"max-image-preview:large","max-video-preview":"max-video-preview:-1"},"canonical":"https:\/\/cinelerra-gg.org\/de\/mitwirken\/","og_locale":"de_DE","og_type":"article","og_title":"Mitwirken - Cinelerra GG","og_description":"Mitwirken Als freie Open-Source-Community begr\u00fc\u00dfen wir jeden Beitrag zur Verbesserung von Cinelerra-GG, auch wenn der Beitrag noch so gering ist. Viele kleine Schritte f\u00fchren zum Erfolg. Hier zeigen wir dir, wie du dich in der Cinelerra-GG Community engagieren kannst. Unsere Nutzer kommen aus der ganzen Welt und so ist die Sprache Englisch, um miteinander zu [&hellip;]","og_url":"https:\/\/cinelerra-gg.org\/de\/mitwirken\/","og_site_name":"Cinelerra GG","article_modified_time":"2021-01-27T22:56:15+00:00","twitter_card":"summary_large_image","twitter_misc":{"Gesch\u00e4tzte Lesezeit":"4\u00a0Minuten"},"schema":{"@context":"https:\/\/schema.org","@graph":[{"@type":"WebPage","@id":"https:\/\/cinelerra-gg.org\/de\/mitwirken\/","url":"https:\/\/cinelerra-gg.org\/de\/mitwirken\/","name":"Mitwirken - Cinelerra GG","isPartOf":{"@id":"https:\/\/cinelerra-gg.org\/de\/#website"},"datePublished":"2019-02-07T21:16:54+00:00","dateModified":"2021-01-27T22:56:15+00:00","breadcrumb":{"@id":"https:\/\/cinelerra-gg.org\/de\/mitwirken\/#breadcrumb"},"inLanguage":"de","potentialAction":[{"@type":"ReadAction","target":["https:\/\/cinelerra-gg.org\/de\/mitwirken\/"]}]},{"@type":"BreadcrumbList","@id":"https:\/\/cinelerra-gg.org\/de\/mitwirken\/#breadcrumb","itemListElement":[{"@type":"ListItem","position":1,"name":"Home","item":"https:\/\/cinelerra-gg.org\/de\/"},{"@type":"ListItem","position":2,"name":"Mitwirken"}]},{"@type":"WebSite","@id":"https:\/\/cinelerra-gg.org\/de\/#website","url":"https:\/\/cinelerra-gg.org\/de\/","name":"Cinelerra GG","description":"Cinelerra GG free video editing software","potentialAction":[{"@type":"SearchAction","target":{"@type":"EntryPoint","urlTemplate":"https:\/\/cinelerra-gg.org\/de\/?s={search_term_string}"},"query-input":{"@type":"PropertyValueSpecification","valueRequired":true,"valueName":"search_term_string"}}],"inLanguage":"de"}]}},"_links":{"self":[{"href":"https:\/\/cinelerra-gg.org\/de\/wp-json\/wp\/v2\/pages\/2479","targetHints":{"allow":["GET"]}}],"collection":[{"href":"https:\/\/cinelerra-gg.org\/de\/wp-json\/wp\/v2\/pages"}],"about":[{"href":"https:\/\/cinelerra-gg.org\/de\/wp-json\/wp\/v2\/types\/page"}],"author":[{"embeddable":true,"href":"https:\/\/cinelerra-gg.org\/de\/wp-json\/wp\/v2\/users\/1"}],"replies":[{"embeddable":true,"href":"https:\/\/cinelerra-gg.org\/de\/wp-json\/wp\/v2\/comments?post=2479"}],"version-history":[{"count":0,"href":"https:\/\/cinelerra-gg.org\/de\/wp-json\/wp\/v2\/pages\/2479\/revisions"}],"wp:attachment":[{"href":"https:\/\/cinelerra-gg.org\/de\/wp-json\/wp\/v2\/media?parent=2479"}],"curies":[{"name":"wp","href":"https:\/\/api.w.org\/{rel}","templated":true}]}}