{"id":2544,"date":"2019-02-08T19:54:05","date_gmt":"2019-02-08T19:54:05","guid":{"rendered":"https:\/\/www.cinelerra-gg.org\/ubuntu\/"},"modified":"2020-09-26T19:30:51","modified_gmt":"2020-09-26T19:30:51","slug":"ubuntu","status":"publish","type":"page","link":"https:\/\/cinelerra-gg.org\/de\/ubuntu\/","title":{"rendered":"Ubuntu"},"content":{"rendered":"<p>[et_pb_section fb_built=&#8220;1&#8243; _builder_version=&#8220;3.22&#8243;][et_pb_row _builder_version=&#8220;3.25&#8243;][et_pb_column type=&#8220;4_4&#8243; _builder_version=&#8220;3.25&#8243; custom_padding=&#8220;|||&#8220; custom_padding__hover=&#8220;|||&#8220;][et_pb_text _builder_version=&#8220;3.27.4&#8243;]<\/p>\n<h1>Ubuntu<\/h1>\n<p>F\u00fcr die Installation von Ubuntu-Paketen f\u00fchrt man die folgenden Befehle in einem Terminal aus:<\/p>\n<p>[\/et_pb_text][et_pb_text _builder_version=&#8220;3.27.4&#8243; text_font=&#8220;||||||||&#8220; background_color=&#8220;#f2f2f2&#8243; custom_margin=&#8220;|||20px&#8220; custom_padding=&#8220;10px|5px|10px|20px&#8220; border_radii=&#8220;on|11px|11px|11px|11px&#8220;]<\/p>\n<p>sudo apt install software-properties-common apt-transport-https<\/p>\n<p>[\/et_pb_text][et_pb_text _builder_version=&#8220;3.27.4&#8243;]<\/p>\n<p>F\u00fcr Ubuntu 14.04 (Trusty Tahr), starte:<\/p>\n<p>[\/et_pb_text][et_pb_text _builder_version=&#8220;3.27.4&#8243; text_font=&#8220;||||||||&#8220; background_color=&#8220;#f2f2f2&#8243; custom_margin=&#8220;|||20px&#8220; custom_padding=&#8220;10px|5px|10px|20px&#8220; border_radii=&#8220;on|11px|11px|11px|11px&#8220;]<\/p>\n<p>sudo apt-add-repository https:\/\/cinelerra-gg.org\/download\/pkgs\/ub14<\/p>\n<p>[\/et_pb_text][et_pb_text _builder_version=&#8220;3.27.4&#8243;]<\/p>\n<p>F\u00fchre anschlie\u00dfend diese Befehle aus, um es zu installieren:<\/p>\n<p>[\/et_pb_text][et_pb_text _builder_version=&#8220;3.27.4&#8243; text_font=&#8220;||||||||&#8220; background_color=&#8220;#f2f2f2&#8243; custom_margin=&#8220;|||20px&#8220; custom_padding=&#8220;10px|5px|10px|20px&#8220; border_radii=&#8220;on|11px|11px|11px|11px&#8220;]<\/p>\n<p>sudo apt update<br \/> sudo apt install cin<\/p>\n<p>[\/et_pb_text][et_pb_text _builder_version=&#8220;3.27.4&#8243;]<\/p>\n<p><strong>Ubuntu 14 hat auch ein 32-Bit-Paket zur Verf\u00fcgung.<\/strong> Es gelten \u00e4hnliche Anweisungen wie f\u00fcr Ubuntu 14.04 oben.<\/p>\n<p><em><\/em><strong><\/strong><\/p>\n<p>[\/et_pb_text][et_pb_text _builder_version=&#8220;3.27.4&#8243; min_height=&#8220;94px&#8220; custom_padding=&#8220;2px||0px|||&#8220;]<\/p>\n<p>F\u00fchren Sie f\u00fcr Ubuntu 16.04 (Xenial Main) die erste Zeile in den folgenden Zeilen aus:<\/p>\n<p>F\u00fchren Sie f\u00fcr Ubuntu 18.04 (Bionic Beaver) den zweiten Satz von Zeilen unten aus:<\/p>\n<p>F\u00fcr Ubuntu 20.04 (Focal Fossa) f\u00fchren Sie den dritten Satz von Zeilen unten:<\/p>\n<p>[\/et_pb_text][et_pb_text _builder_version=&#8220;3.27.4&#8243; text_font=&#8220;||||||||&#8220; background_color=&#8220;#f2f2f2&#8243; min_height=&#8220;22px&#8220; custom_margin=&#8220;|||20px&#8220; custom_padding=&#8220;10px|5px|10px|20px&#8220; border_radii=&#8220;on|11px|11px|11px|11px&#8220;]<\/p>\n<p>sudo apt-add-repository https:\/\/cinelerra-gg.org\/download\/pkgs\/ub16<\/p>\n<p>sudo apt-add-repository https:\/\/cinelerra-gg.org\/download\/pkgs\/ub18<\/p>\n<p>sudo apt-add-repository https:\/\/cinelerra-gg.org\/download\/pkgs\/ub20<\/p>\n<\/p>\n<p>[\/et_pb_text][et_pb_text _builder_version=&#8220;3.27.4&#8243;]<\/p>\n<p>Als N\u00e4chstes bearbeiten Sie die Datei<em> \/etc\/apt\/sources.list,<\/em> um sicherzustellen, dass die hinzugef\u00fcgte Zeile  [trusted=yes]  enth\u00e4lt, wie unten gezeigt:<\/p>\n<p>[\/et_pb_text][et_pb_text _builder_version=&#8220;3.27.4&#8243; text_font=&#8220;||||||||&#8220; background_color=&#8220;#f2f2f2&#8243; custom_margin=&#8220;|||20px&#8220; custom_padding=&#8220;10px|5px|10px|20px&#8220; border_radii=&#8220;on|11px|11px|11px|11px&#8220;]<\/p>\n<p>deb  [trusted=yes]  https:\/\/cnelerra-gg.org\/download\/pkgs\/ub16 xenial main<\/p>\n<p>deb  [trusted=yes]  https:\/\/cinelerra-gg.org\/download\/pkgs\/ub18 bionische Haupt<\/p>\n<p>deb [trusted=yes] https:\/\/cinelerra-gg.org\/download\/pkgs\/ub20 focal main<\/p>\n<p>[\/et_pb_text][et_pb_text _builder_version=&#8220;3.27.4&#8243;]<\/p>\n<p>F\u00fchre anschlie\u00dfend diese Befehle aus, um es zu installieren:<\/p>\n<p>[\/et_pb_text][et_pb_text _builder_version=&#8220;3.27.4&#8243; text_font=&#8220;||||||||&#8220; background_color=&#8220;#f2f2f2&#8243; custom_margin=&#8220;|||20px&#8220; custom_padding=&#8220;10px|5px|10px|20px&#8220; border_radii=&#8220;on|11px|11px|11px|11px&#8220;]<\/p>\n<p>sudo apt update<br \/> sudo apt install cin<\/p>\n<p>[\/et_pb_text][et_pb_text _builder_version=&#8220;3.27.4&#8243;]<\/p>\n<p>Um eine fr\u00fchere Installation zu aktualisieren, f\u00fchrt man Folgendes aus:<\/p>\n<p>[\/et_pb_text][et_pb_text _builder_version=&#8220;3.27.4&#8243; text_font=&#8220;||||||||&#8220; background_color=&#8220;#f2f2f2&#8243; custom_margin=&#8220;|||20px&#8220; custom_padding=&#8220;10px|5px|10px|20px&#8220; border_radii=&#8220;on|11px|11px|11px|11px&#8220;]<\/p>\n<p>sudo apt update<br \/> sudo apt upgrade cin<\/p>\n<p>[\/et_pb_text][et_pb_text _builder_version=&#8220;3.27.4&#8243;]<\/p>\n<p>Um Cinelerra-GG zu entfernen, f\u00fchre Folgendes aus:<\/p>\n<p>[\/et_pb_text][et_pb_text _builder_version=&#8220;3.27.4&#8243; text_font=&#8220;||||||||&#8220; background_color=&#8220;#f2f2f2&#8243; custom_margin=&#8220;|||20px&#8220; custom_padding=&#8220;10px|5px|10px|20px&#8220; border_radii=&#8220;on|11px|11px|11px|11px&#8220;]<\/p>\n<p>sudo apt remove cin<\/p>\n<p>[\/et_pb_text][\/et_pb_column][\/et_pb_row][\/et_pb_section]<\/p>\n","protected":false},"excerpt":{"rendered":"<p>Ubuntu F\u00fcr die Installation von Ubuntu-Paketen f\u00fchrt man die folgenden Befehle in einem Terminal aus:sudo apt install software-properties-common apt-transport-httpsF\u00fcr Ubuntu 14.04 (Trusty Tahr), starte:sudo apt-add-repository https:\/\/cinelerra-gg.org\/download\/pkgs\/ub14F\u00fchre anschlie\u00dfend diese Befehle aus, um es zu installieren:sudo apt update sudo apt install cinUbuntu 14 hat auch ein 32-Bit-Paket zur Verf\u00fcgung. Es gelten \u00e4hnliche Anweisungen wie f\u00fcr Ubuntu 14.04 [&hellip;]<\/p>\n","protected":false},"author":1,"featured_media":0,"parent":0,"menu_order":0,"comment_status":"closed","ping_status":"closed","template":"","meta":{"_et_pb_use_builder":"on","_et_pb_old_content":"","_et_gb_content_width":"","footnotes":""},"class_list":["post-2544","page","type-page","status-publish","hentry"],"yoast_head":"<!-- This site is optimized with the Yoast SEO plugin v27.0 - https:\/\/yoast.com\/product\/yoast-seo-wordpress\/ -->\n<title>Ubuntu - Cinelerra GG<\/title>\n<meta name=\"robots\" content=\"index, follow, max-snippet:-1, max-image-preview:large, max-video-preview:-1\" \/>\n<link rel=\"canonical\" href=\"https:\/\/cinelerra-gg.org\/de\/ubuntu\/\" \/>\n<meta property=\"og:locale\" content=\"de_DE\" \/>\n<meta property=\"og:type\" content=\"article\" \/>\n<meta property=\"og:title\" content=\"Ubuntu - Cinelerra GG\" \/>\n<meta property=\"og:description\" content=\"Ubuntu F\u00fcr die Installation von Ubuntu-Paketen f\u00fchrt man die folgenden Befehle in einem Terminal aus:sudo apt install software-properties-common apt-transport-httpsF\u00fcr Ubuntu 14.04 (Trusty Tahr), starte:sudo apt-add-repository https:\/\/cinelerra-gg.org\/download\/pkgs\/ub14F\u00fchre anschlie\u00dfend diese Befehle aus, um es zu installieren:sudo apt update sudo apt install cinUbuntu 14 hat auch ein 32-Bit-Paket zur Verf\u00fcgung. Es gelten \u00e4hnliche Anweisungen wie f\u00fcr Ubuntu 14.04 [&hellip;]\" \/>\n<meta property=\"og:url\" content=\"https:\/\/cinelerra-gg.org\/de\/ubuntu\/\" \/>\n<meta property=\"og:site_name\" content=\"Cinelerra GG\" \/>\n<meta property=\"article:modified_time\" content=\"2020-09-26T19:30:51+00:00\" \/>\n<meta name=\"twitter:card\" content=\"summary_large_image\" \/>\n<meta name=\"twitter:label1\" content=\"Gesch\u00e4tzte Lesezeit\" \/>\n\t<meta name=\"twitter:data1\" content=\"3\u00a0Minuten\" \/>\n<script type=\"application\/ld+json\" class=\"yoast-schema-graph\">{\"@context\":\"https:\/\/schema.org\",\"@graph\":[{\"@type\":\"WebPage\",\"@id\":\"https:\/\/cinelerra-gg.org\/de\/ubuntu\/\",\"url\":\"https:\/\/cinelerra-gg.org\/de\/ubuntu\/\",\"name\":\"Ubuntu - Cinelerra GG\",\"isPartOf\":{\"@id\":\"https:\/\/cinelerra-gg.org\/de\/#website\"},\"datePublished\":\"2019-02-08T19:54:05+00:00\",\"dateModified\":\"2020-09-26T19:30:51+00:00\",\"breadcrumb\":{\"@id\":\"https:\/\/cinelerra-gg.org\/de\/ubuntu\/#breadcrumb\"},\"inLanguage\":\"de\",\"potentialAction\":[{\"@type\":\"ReadAction\",\"target\":[\"https:\/\/cinelerra-gg.org\/de\/ubuntu\/\"]}]},{\"@type\":\"BreadcrumbList\",\"@id\":\"https:\/\/cinelerra-gg.org\/de\/ubuntu\/#breadcrumb\",\"itemListElement\":[{\"@type\":\"ListItem\",\"position\":1,\"name\":\"Home\",\"item\":\"https:\/\/cinelerra-gg.org\/de\/\"},{\"@type\":\"ListItem\",\"position\":2,\"name\":\"Ubuntu\"}]},{\"@type\":\"WebSite\",\"@id\":\"https:\/\/cinelerra-gg.org\/de\/#website\",\"url\":\"https:\/\/cinelerra-gg.org\/de\/\",\"name\":\"Cinelerra GG\",\"description\":\"Cinelerra GG free video editing software\",\"potentialAction\":[{\"@type\":\"SearchAction\",\"target\":{\"@type\":\"EntryPoint\",\"urlTemplate\":\"https:\/\/cinelerra-gg.org\/de\/?s={search_term_string}\"},\"query-input\":{\"@type\":\"PropertyValueSpecification\",\"valueRequired\":true,\"valueName\":\"search_term_string\"}}],\"inLanguage\":\"de\"}]}<\/script>\n<!-- \/ Yoast SEO plugin. -->","yoast_head_json":{"title":"Ubuntu - Cinelerra GG","robots":{"index":"index","follow":"follow","max-snippet":"max-snippet:-1","max-image-preview":"max-image-preview:large","max-video-preview":"max-video-preview:-1"},"canonical":"https:\/\/cinelerra-gg.org\/de\/ubuntu\/","og_locale":"de_DE","og_type":"article","og_title":"Ubuntu - Cinelerra GG","og_description":"Ubuntu F\u00fcr die Installation von Ubuntu-Paketen f\u00fchrt man die folgenden Befehle in einem Terminal aus:sudo apt install software-properties-common apt-transport-httpsF\u00fcr Ubuntu 14.04 (Trusty Tahr), starte:sudo apt-add-repository https:\/\/cinelerra-gg.org\/download\/pkgs\/ub14F\u00fchre anschlie\u00dfend diese Befehle aus, um es zu installieren:sudo apt update sudo apt install cinUbuntu 14 hat auch ein 32-Bit-Paket zur Verf\u00fcgung. Es gelten \u00e4hnliche Anweisungen wie f\u00fcr Ubuntu 14.04 [&hellip;]","og_url":"https:\/\/cinelerra-gg.org\/de\/ubuntu\/","og_site_name":"Cinelerra GG","article_modified_time":"2020-09-26T19:30:51+00:00","twitter_card":"summary_large_image","twitter_misc":{"Gesch\u00e4tzte Lesezeit":"3\u00a0Minuten"},"schema":{"@context":"https:\/\/schema.org","@graph":[{"@type":"WebPage","@id":"https:\/\/cinelerra-gg.org\/de\/ubuntu\/","url":"https:\/\/cinelerra-gg.org\/de\/ubuntu\/","name":"Ubuntu - Cinelerra GG","isPartOf":{"@id":"https:\/\/cinelerra-gg.org\/de\/#website"},"datePublished":"2019-02-08T19:54:05+00:00","dateModified":"2020-09-26T19:30:51+00:00","breadcrumb":{"@id":"https:\/\/cinelerra-gg.org\/de\/ubuntu\/#breadcrumb"},"inLanguage":"de","potentialAction":[{"@type":"ReadAction","target":["https:\/\/cinelerra-gg.org\/de\/ubuntu\/"]}]},{"@type":"BreadcrumbList","@id":"https:\/\/cinelerra-gg.org\/de\/ubuntu\/#breadcrumb","itemListElement":[{"@type":"ListItem","position":1,"name":"Home","item":"https:\/\/cinelerra-gg.org\/de\/"},{"@type":"ListItem","position":2,"name":"Ubuntu"}]},{"@type":"WebSite","@id":"https:\/\/cinelerra-gg.org\/de\/#website","url":"https:\/\/cinelerra-gg.org\/de\/","name":"Cinelerra GG","description":"Cinelerra GG free video editing software","potentialAction":[{"@type":"SearchAction","target":{"@type":"EntryPoint","urlTemplate":"https:\/\/cinelerra-gg.org\/de\/?s={search_term_string}"},"query-input":{"@type":"PropertyValueSpecification","valueRequired":true,"valueName":"search_term_string"}}],"inLanguage":"de"}]}},"_links":{"self":[{"href":"https:\/\/cinelerra-gg.org\/de\/wp-json\/wp\/v2\/pages\/2544","targetHints":{"allow":["GET"]}}],"collection":[{"href":"https:\/\/cinelerra-gg.org\/de\/wp-json\/wp\/v2\/pages"}],"about":[{"href":"https:\/\/cinelerra-gg.org\/de\/wp-json\/wp\/v2\/types\/page"}],"author":[{"embeddable":true,"href":"https:\/\/cinelerra-gg.org\/de\/wp-json\/wp\/v2\/users\/1"}],"replies":[{"embeddable":true,"href":"https:\/\/cinelerra-gg.org\/de\/wp-json\/wp\/v2\/comments?post=2544"}],"version-history":[{"count":0,"href":"https:\/\/cinelerra-gg.org\/de\/wp-json\/wp\/v2\/pages\/2544\/revisions"}],"wp:attachment":[{"href":"https:\/\/cinelerra-gg.org\/de\/wp-json\/wp\/v2\/media?parent=2544"}],"curies":[{"name":"wp","href":"https:\/\/api.w.org\/{rel}","templated":true}]}}