{"id":2943,"date":"2019-02-23T23:15:29","date_gmt":"2019-02-23T23:15:29","guid":{"rendered":"https:\/\/www.cinelerra-gg.org\/av-linux\/"},"modified":"2021-01-27T22:44:05","modified_gmt":"2021-01-27T22:44:05","slug":"av-linux","status":"publish","type":"page","link":"https:\/\/cinelerra-gg.org\/de\/av-linux\/","title":{"rendered":"AV Linux"},"content":{"rendered":"<p>[et_pb_section fb_built=&#8220;1&#8243; _builder_version=&#8220;3.17.6&#8243;][et_pb_row _builder_version=&#8220;3.17.6&#8243;][et_pb_column type=&#8220;4_4&#8243; _builder_version=&#8220;3.17.6&#8243; parallax=&#8220;off&#8220; parallax_method=&#8220;on&#8220;][et_pb_text _builder_version=&#8220;3.17.6&#8243;]<\/p>\n<h1>AV Linux<\/h1>\n<p>&nbsp;<\/p>\n<p>AV Linux ist ein herunterladbares\/installierbares gemeinsames Snapshot-ISO-Image, das auf Debian basiert. Es bietet dem Benutzer eine einfache Methode, um eine Audio- und Video-Produktions-Workstation zu erhalten, ohne zu versuchen, alle \u00fcblichen Komponenten selbst zu finden und zu installieren. Nat\u00fcrlich beinhaltet es Cinelerra-GG! Es bietet dem Benutzer eine einfache Methode, um eine Audio-und Videoproduktion zu erhalten <br \/>Arbeitsplatz ohne die M\u00fche zu versuchen, alle \u00fcblichen Komponenten selbst zu finden und zu installieren. Dazu geh\u00f6rt nat\u00fcrlich auch Cinelerra-GG!<\/p>\n<p>Hier kannst du alles dar\u00fcber lesen und <a href=\"http:\/\/www.bandshed.net\/avlinux\/\">AVLinux<\/a> herunterladen.<\/p>\n<p><strong><\/strong><\/p>\n<p>&nbsp;<\/p>\n<p>[\/et_pb_text][\/et_pb_column][\/et_pb_row][\/et_pb_section]<\/p>\n","protected":false},"excerpt":{"rendered":"<p>AV Linux &nbsp; AV Linux ist ein herunterladbares\/installierbares gemeinsames Snapshot-ISO-Image, das auf Debian basiert. Es bietet dem Benutzer eine einfache Methode, um eine Audio- und Video-Produktions-Workstation zu erhalten, ohne zu versuchen, alle \u00fcblichen Komponenten selbst zu finden und zu installieren. Nat\u00fcrlich beinhaltet es Cinelerra-GG! Es bietet dem Benutzer eine einfache Methode, um eine Audio-und Videoproduktion [&hellip;]<\/p>\n","protected":false},"author":3,"featured_media":0,"parent":0,"menu_order":0,"comment_status":"closed","ping_status":"closed","template":"","meta":{"_et_pb_use_builder":"on","_et_pb_old_content":"","_et_gb_content_width":"","footnotes":""},"class_list":["post-2943","page","type-page","status-publish","hentry"],"yoast_head":"<!-- This site is optimized with the Yoast SEO plugin v27.0 - https:\/\/yoast.com\/product\/yoast-seo-wordpress\/ -->\n<title>AV Linux - Cinelerra GG<\/title>\n<meta name=\"robots\" content=\"index, follow, max-snippet:-1, max-image-preview:large, max-video-preview:-1\" \/>\n<link rel=\"canonical\" href=\"https:\/\/cinelerra-gg.org\/de\/av-linux\/\" \/>\n<meta property=\"og:locale\" content=\"de_DE\" \/>\n<meta property=\"og:type\" content=\"article\" \/>\n<meta property=\"og:title\" content=\"AV Linux - Cinelerra GG\" \/>\n<meta property=\"og:description\" content=\"AV Linux &nbsp; AV Linux ist ein herunterladbares\/installierbares gemeinsames Snapshot-ISO-Image, das auf Debian basiert. Es bietet dem Benutzer eine einfache Methode, um eine Audio- und Video-Produktions-Workstation zu erhalten, ohne zu versuchen, alle \u00fcblichen Komponenten selbst zu finden und zu installieren. Nat\u00fcrlich beinhaltet es Cinelerra-GG! Es bietet dem Benutzer eine einfache Methode, um eine Audio-und Videoproduktion [&hellip;]\" \/>\n<meta property=\"og:url\" content=\"https:\/\/cinelerra-gg.org\/de\/av-linux\/\" \/>\n<meta property=\"og:site_name\" content=\"Cinelerra GG\" \/>\n<meta property=\"article:modified_time\" content=\"2021-01-27T22:44:05+00:00\" \/>\n<meta name=\"twitter:card\" content=\"summary_large_image\" \/>\n<meta name=\"twitter:label1\" content=\"Gesch\u00e4tzte Lesezeit\" \/>\n\t<meta name=\"twitter:data1\" content=\"1\u00a0Minute\" \/>\n<script type=\"application\/ld+json\" class=\"yoast-schema-graph\">{\"@context\":\"https:\/\/schema.org\",\"@graph\":[{\"@type\":\"WebPage\",\"@id\":\"https:\/\/cinelerra-gg.org\/de\/av-linux\/\",\"url\":\"https:\/\/cinelerra-gg.org\/de\/av-linux\/\",\"name\":\"AV Linux - Cinelerra GG\",\"isPartOf\":{\"@id\":\"https:\/\/cinelerra-gg.org\/de\/#website\"},\"datePublished\":\"2019-02-23T23:15:29+00:00\",\"dateModified\":\"2021-01-27T22:44:05+00:00\",\"breadcrumb\":{\"@id\":\"https:\/\/cinelerra-gg.org\/de\/av-linux\/#breadcrumb\"},\"inLanguage\":\"de\",\"potentialAction\":[{\"@type\":\"ReadAction\",\"target\":[\"https:\/\/cinelerra-gg.org\/de\/av-linux\/\"]}]},{\"@type\":\"BreadcrumbList\",\"@id\":\"https:\/\/cinelerra-gg.org\/de\/av-linux\/#breadcrumb\",\"itemListElement\":[{\"@type\":\"ListItem\",\"position\":1,\"name\":\"Home\",\"item\":\"https:\/\/cinelerra-gg.org\/de\/\"},{\"@type\":\"ListItem\",\"position\":2,\"name\":\"AV Linux\"}]},{\"@type\":\"WebSite\",\"@id\":\"https:\/\/cinelerra-gg.org\/de\/#website\",\"url\":\"https:\/\/cinelerra-gg.org\/de\/\",\"name\":\"Cinelerra GG\",\"description\":\"Cinelerra GG free video editing software\",\"potentialAction\":[{\"@type\":\"SearchAction\",\"target\":{\"@type\":\"EntryPoint\",\"urlTemplate\":\"https:\/\/cinelerra-gg.org\/de\/?s={search_term_string}\"},\"query-input\":{\"@type\":\"PropertyValueSpecification\",\"valueRequired\":true,\"valueName\":\"search_term_string\"}}],\"inLanguage\":\"de\"}]}<\/script>\n<!-- \/ Yoast SEO plugin. -->","yoast_head_json":{"title":"AV Linux - Cinelerra GG","robots":{"index":"index","follow":"follow","max-snippet":"max-snippet:-1","max-image-preview":"max-image-preview:large","max-video-preview":"max-video-preview:-1"},"canonical":"https:\/\/cinelerra-gg.org\/de\/av-linux\/","og_locale":"de_DE","og_type":"article","og_title":"AV Linux - Cinelerra GG","og_description":"AV Linux &nbsp; AV Linux ist ein herunterladbares\/installierbares gemeinsames Snapshot-ISO-Image, das auf Debian basiert. Es bietet dem Benutzer eine einfache Methode, um eine Audio- und Video-Produktions-Workstation zu erhalten, ohne zu versuchen, alle \u00fcblichen Komponenten selbst zu finden und zu installieren. Nat\u00fcrlich beinhaltet es Cinelerra-GG! Es bietet dem Benutzer eine einfache Methode, um eine Audio-und Videoproduktion [&hellip;]","og_url":"https:\/\/cinelerra-gg.org\/de\/av-linux\/","og_site_name":"Cinelerra GG","article_modified_time":"2021-01-27T22:44:05+00:00","twitter_card":"summary_large_image","twitter_misc":{"Gesch\u00e4tzte Lesezeit":"1\u00a0Minute"},"schema":{"@context":"https:\/\/schema.org","@graph":[{"@type":"WebPage","@id":"https:\/\/cinelerra-gg.org\/de\/av-linux\/","url":"https:\/\/cinelerra-gg.org\/de\/av-linux\/","name":"AV Linux - Cinelerra GG","isPartOf":{"@id":"https:\/\/cinelerra-gg.org\/de\/#website"},"datePublished":"2019-02-23T23:15:29+00:00","dateModified":"2021-01-27T22:44:05+00:00","breadcrumb":{"@id":"https:\/\/cinelerra-gg.org\/de\/av-linux\/#breadcrumb"},"inLanguage":"de","potentialAction":[{"@type":"ReadAction","target":["https:\/\/cinelerra-gg.org\/de\/av-linux\/"]}]},{"@type":"BreadcrumbList","@id":"https:\/\/cinelerra-gg.org\/de\/av-linux\/#breadcrumb","itemListElement":[{"@type":"ListItem","position":1,"name":"Home","item":"https:\/\/cinelerra-gg.org\/de\/"},{"@type":"ListItem","position":2,"name":"AV Linux"}]},{"@type":"WebSite","@id":"https:\/\/cinelerra-gg.org\/de\/#website","url":"https:\/\/cinelerra-gg.org\/de\/","name":"Cinelerra GG","description":"Cinelerra GG free video editing software","potentialAction":[{"@type":"SearchAction","target":{"@type":"EntryPoint","urlTemplate":"https:\/\/cinelerra-gg.org\/de\/?s={search_term_string}"},"query-input":{"@type":"PropertyValueSpecification","valueRequired":true,"valueName":"search_term_string"}}],"inLanguage":"de"}]}},"_links":{"self":[{"href":"https:\/\/cinelerra-gg.org\/de\/wp-json\/wp\/v2\/pages\/2943","targetHints":{"allow":["GET"]}}],"collection":[{"href":"https:\/\/cinelerra-gg.org\/de\/wp-json\/wp\/v2\/pages"}],"about":[{"href":"https:\/\/cinelerra-gg.org\/de\/wp-json\/wp\/v2\/types\/page"}],"author":[{"embeddable":true,"href":"https:\/\/cinelerra-gg.org\/de\/wp-json\/wp\/v2\/users\/3"}],"replies":[{"embeddable":true,"href":"https:\/\/cinelerra-gg.org\/de\/wp-json\/wp\/v2\/comments?post=2943"}],"version-history":[{"count":0,"href":"https:\/\/cinelerra-gg.org\/de\/wp-json\/wp\/v2\/pages\/2943\/revisions"}],"wp:attachment":[{"href":"https:\/\/cinelerra-gg.org\/de\/wp-json\/wp\/v2\/media?parent=2943"}],"curies":[{"name":"wp","href":"https:\/\/api.w.org\/{rel}","templated":true}]}}