{"id":3630,"date":"2019-03-11T21:18:07","date_gmt":"2019-03-11T21:18:07","guid":{"rendered":"https:\/\/www.cinelerra-gg.org\/ubersetzen-sie-die-cinelerra-gg-website\/"},"modified":"2020-09-26T19:30:52","modified_gmt":"2020-09-26T19:30:52","slug":"ubersetzen-sie-die-cinelerra-gg-website","status":"publish","type":"page","link":"https:\/\/cinelerra-gg.org\/de\/ubersetzen-sie-die-cinelerra-gg-website\/","title":{"rendered":"Website \u00fcbersetzen"},"content":{"rendered":"<p>[et_pb_section fb_built=&#8220;1&#8243; _builder_version=&#8220;3.22&#8243; background_color=&#8220;#75c8df&#8220; custom_padding=&#8220;50px|0px|0|0px|false|false&#8220;][et_pb_row _builder_version=&#8220;3.25&#8243; custom_padding=&#8220;0|0px|0|0px|false|false&#8220;][et_pb_column type=&#8220;4_4&#8243; _builder_version=&#8220;3.25&#8243; custom_padding=&#8220;|||&#8220; custom_padding__hover=&#8220;|||&#8220;][et_pb_image src=&#8220;https:\/\/cinelerra-gg.org\/wp-content\/uploads\/2019\/03\/Languages_v1.1.png&#8220; align=&#8220;center&#8220; align_tablet=&#8220;center&#8220; align_last_edited=&#8220;on|desktop&#8220; _builder_version=&#8220;3.23&#8243;][\/et_pb_image][\/et_pb_column][\/et_pb_row][\/et_pb_section][et_pb_section fb_built=&#8220;1&#8243; _builder_version=&#8220;3.22&#8243; custom_padding=&#8220;86px|0px|14px|0px|false|false&#8220;][et_pb_row _builder_version=&#8220;3.25&#8243;][et_pb_column type=&#8220;4_4&#8243; _builder_version=&#8220;3.25&#8243; custom_padding=&#8220;|||&#8220; custom_padding__hover=&#8220;|||&#8220;][et_pb_text _builder_version=&#8220;3.27.4&#8243;]<\/p>\n<h1>Bitte hilf uns, die Website in mehrere Sprachen zu \u00fcbersetzen.<\/h1>\n<p>Die Menschen werden den gr\u00f6\u00dften Nutzen haben, wenn sie die Website in ihrer eigenen Sprache lesen und nutzen k\u00f6nnen. Es wird ihnen helfen, die wichtigsten Informationen schnell zu finden. Wir sind auf deine Hilfe angewiesen, um uns bei der \u00dcbersetzung der Website zu helfen, wenn du Englisch einigerma\u00dfen gut verstehst und deine eigene Sprache gut beherrschst. Man muss kein Sprachgenie sein, solange man einigerma\u00dfen gut schreiben kann, kann man schon mitmachen.<\/p>\n<p>Du kannst folgendes tun:<\/p>\n<ol>\n<li>Bitte melde dich in unserer <a href=\"https:\/\/lists.cinelerra-gg.org\/mailman\/listinfo\/cin\">Mailingliste<\/a> an. Sende uns eine Nachricht, dass du uns helfen m\u00f6chtest, die Website zu \u00fcbersetzen.<\/li>\n<li>Wir werden dich per E-Mail einladen. Du erh\u00e4ltst dann die notwendigen Links.<\/li>\n<li>Eine Anleitung zur Verwendung unseres Tools findest du hier im Video unten.<\/li>\n<li>Nach Abschluss der Arbeit wird ein zweiter \u00dcbersetzer pr\u00fcfen, ob der Text korrekt ist.<\/li>\n<li>Wenn die \u00dcbersetzung gut ist, werden wir sie ver\u00f6ffentlichen und jeder kann die neuen \u00dcbersetzungen verwenden.<\/li>\n<\/ol>\n<p>Scheu dich nicht, uns zu fragen, wir helfen dir gerne weiter, wenn du Fragen hast. Hier kannst du mit den Entwicklern direkt \u00fcber die <a href=\"https:\/\/lists.cinelerra-gg.org\/mailman\/listinfo\/cin\">Mailingliste<\/a> kommunizieren, mit anderen Benutzern kannst du Informationen \u00fcber das <a href=\"https:\/\/cinelerra-gg.org\/forum\/\">Forum<\/a> austauschen und f\u00fcr den Austausch mit anderen \u00dcbersetzern kannst du den <a href=\"https:\/\/cinelerra-gg.org\/bugtracker\/my_view_page.php\">Problem Tracker<\/a>verwenden. Hier finden Sie eine <a href=\"\/de?page_id=2479\">\u00dcbersicht<\/a> aller Themen, zu denen Sie beitragen k\u00f6nnen.<\/p>\n<p>[\/et_pb_text][\/et_pb_column][\/et_pb_row][\/et_pb_section][et_pb_section fb_built=&#8220;1&#8243; _builder_version=&#8220;3.22&#8243; custom_padding=&#8220;13px|0px|86px|0px|false|false&#8220;][et_pb_row _builder_version=&#8220;3.25&#8243;][et_pb_column type=&#8220;4_4&#8243; _builder_version=&#8220;3.25&#8243; custom_padding=&#8220;|||&#8220; custom_padding__hover=&#8220;|||&#8220;][et_pb_text _builder_version=&#8220;3.27.4&#8243;]<\/p>\n<h2>Instruktionsvideo<\/h2>\n<p>[\/et_pb_text][et_pb_video src=&#8220;https:\/\/youtu.be\/iFn2nKNb83I&#8220; _builder_version=&#8220;3.19.18&#8243;][\/et_pb_video][\/et_pb_column][\/et_pb_row][et_pb_row _builder_version=&#8220;3.25&#8243; custom_padding=&#8220;74px|0px|4px|0px|false|false&#8220;][et_pb_column type=&#8220;4_4&#8243; _builder_version=&#8220;3.25&#8243; custom_padding=&#8220;|||&#8220; custom_padding__hover=&#8220;|||&#8220;][et_pb_text _builder_version=&#8220;3.27.4&#8243;]<\/p>\n<h2>N\u00fctzliche Links<\/h2>\n<p>Hier findest du einige n\u00fctzliche Links, die dir bei der \u00dcbersetzung dieser Website helfen k\u00f6nnen.<\/p>\n<h3>DeepL<\/h3>\n<p>Der beste Maschinen\u00fcbersetzer, den wir kennen. Es funktioniert mit k\u00fcnstlicher Intelligenz. <a href=\"https:\/\/www.deepl.com\/translator\" title=\"DeepL-\u00dcbersetzer\">Bitte klick hier<\/a> <a href=\"https:\/\/www.deepl.com\/translator\" title=\"DeepL-\u00dcbersetzer\"><\/a> um zur Website zu gelangen.<\/p>\n<p>&nbsp;<\/p>\n<p>[\/et_pb_text][et_pb_text _builder_version=&#8220;3.27.4&#8243;]<\/p>\n<h2>Unsere Mitwirkenden f\u00fcr die \u00dcbersetzung der Website<\/h2>\n<p>Wir sind sehr dankbar f\u00fcr die tatkr\u00e4ftige Unterst\u00fctzung der Freiwilligen, die bei der \u00dcbersetzung der Website in verschiedene Sprachen geholfen haben.<\/p>\n<p>[\/et_pb_text][\/et_pb_column][\/et_pb_row][et_pb_row _builder_version=&#8220;3.25&#8243; custom_padding=&#8220;21px|0px|27px|0px|false|false&#8220; column_structure=&#8220;1_4,1_4,1_4,1_4&#8243;][et_pb_column type=&#8220;1_4&#8243; _builder_version=&#8220;3.25&#8243; custom_padding=&#8220;|||&#8220; custom_padding__hover=&#8220;|||&#8220;][et_pb_text _builder_version=&#8220;3.27.4&#8243;]<\/p>\n<p style=\"text-align: center\">Italienische \u00dcbersetzung:<\/p>\n<p style=\"text-align: center\"><strong>Andrea Paz &amp; WPFilmmacher<\/strong><\/p>\n<p>[\/et_pb_text][\/et_pb_column][et_pb_column type=&#8220;1_4&#8243; _builder_version=&#8220;3.25&#8243; custom_padding=&#8220;|||&#8220; custom_padding__hover=&#8220;|||&#8220;][et_pb_text _builder_version=&#8220;3.27.4&#8243;]<\/p>\n<p style=\"text-align: center\">Franz\u00f6sische \u00dcbersetzung:<\/p>\n<p style=\"text-align: center\"><strong>Olivier Humbert<br \/><\/strong> <a href=\"https:\/\/librazik.tuxfamily.org\/\" title=\"LibraZiK\">sein Projekt LibraZik<\/a><strong><br \/><\/strong><\/p>\n<p style=\"text-align: center\"><strong><\/strong><\/p>\n<p>[\/et_pb_text][\/et_pb_column][et_pb_column type=&#8220;1_4&#8243; _builder_version=&#8220;3.25&#8243; custom_padding=&#8220;|||&#8220; custom_padding__hover=&#8220;|||&#8220;][et_pb_text _builder_version=&#8220;4.0.6&#8243; hover_enabled=&#8220;0&#8243;]<\/p>\n<p style=\"text-align: center\">Spanische \u00dcbersetzung:<\/p>\n<p style=\"text-align: center\"><strong>Sergio Daniel Gomez<br \/><\/strong>sergiogomez [@] tostado [dot] com [dot] ar<strong><br \/> <\/strong><\/p>\n<p style=\"text-align: center\"><strong><\/strong><\/p>\n<p>[\/et_pb_text][\/et_pb_column][et_pb_column type=&#8220;1_4&#8243; _builder_version=&#8220;3.25&#8243; custom_padding=&#8220;|||&#8220; custom_padding__hover=&#8220;|||&#8220;][\/et_pb_column][\/et_pb_row][\/et_pb_section]<\/p>\n","protected":false},"excerpt":{"rendered":"<p>Bitte hilf uns, die Website in mehrere Sprachen zu \u00fcbersetzen. Die Menschen werden den gr\u00f6\u00dften Nutzen haben, wenn sie die Website in ihrer eigenen Sprache lesen und nutzen k\u00f6nnen. Es wird ihnen helfen, die wichtigsten Informationen schnell zu finden. Wir sind auf deine Hilfe angewiesen, um uns bei der \u00dcbersetzung der Website zu helfen, wenn [&hellip;]<\/p>\n","protected":false},"author":1,"featured_media":0,"parent":0,"menu_order":0,"comment_status":"closed","ping_status":"closed","template":"","meta":{"_et_pb_use_builder":"on","_et_pb_old_content":"","_et_gb_content_width":"","footnotes":""},"class_list":["post-3630","page","type-page","status-publish","hentry"],"yoast_head":"<!-- This site is optimized with the Yoast SEO plugin v27.0 - https:\/\/yoast.com\/product\/yoast-seo-wordpress\/ -->\n<title>Website \u00fcbersetzen - Cinelerra GG<\/title>\n<meta name=\"description\" content=\"Bitte hilf uns, die Cinelerra-GG-Website in deine Sprache zu \u00fcbersetzen. Mit Hilfe unserer Tools ist es sehr einfach zu \u00fcbersetzen.\" \/>\n<meta name=\"robots\" content=\"index, follow, max-snippet:-1, max-image-preview:large, max-video-preview:-1\" \/>\n<link rel=\"canonical\" href=\"https:\/\/cinelerra-gg.org\/de\/ubersetzen-sie-die-cinelerra-gg-website\/\" \/>\n<meta property=\"og:locale\" content=\"de_DE\" \/>\n<meta property=\"og:type\" content=\"article\" \/>\n<meta property=\"og:title\" content=\"Website \u00fcbersetzen - Cinelerra GG\" \/>\n<meta property=\"og:description\" content=\"Bitte hilf uns, die Cinelerra-GG-Website in deine Sprache zu \u00fcbersetzen. Mit Hilfe unserer Tools ist es sehr einfach zu \u00fcbersetzen.\" \/>\n<meta property=\"og:url\" content=\"https:\/\/cinelerra-gg.org\/de\/ubersetzen-sie-die-cinelerra-gg-website\/\" \/>\n<meta property=\"og:site_name\" content=\"Cinelerra GG\" \/>\n<meta property=\"article:modified_time\" content=\"2020-09-26T19:30:52+00:00\" \/>\n<meta name=\"twitter:card\" content=\"summary_large_image\" \/>\n<meta name=\"twitter:label1\" content=\"Gesch\u00e4tzte Lesezeit\" \/>\n\t<meta name=\"twitter:data1\" content=\"3\u00a0Minuten\" \/>\n<script type=\"application\/ld+json\" class=\"yoast-schema-graph\">{\"@context\":\"https:\/\/schema.org\",\"@graph\":[{\"@type\":\"WebPage\",\"@id\":\"https:\/\/cinelerra-gg.org\/de\/ubersetzen-sie-die-cinelerra-gg-website\/\",\"url\":\"https:\/\/cinelerra-gg.org\/de\/ubersetzen-sie-die-cinelerra-gg-website\/\",\"name\":\"Website \u00fcbersetzen - Cinelerra GG\",\"isPartOf\":{\"@id\":\"https:\/\/cinelerra-gg.org\/de\/#website\"},\"datePublished\":\"2019-03-11T21:18:07+00:00\",\"dateModified\":\"2020-09-26T19:30:52+00:00\",\"description\":\"Bitte hilf uns, die Cinelerra-GG-Website in deine Sprache zu \u00fcbersetzen. Mit Hilfe unserer Tools ist es sehr einfach zu \u00fcbersetzen.\",\"breadcrumb\":{\"@id\":\"https:\/\/cinelerra-gg.org\/de\/ubersetzen-sie-die-cinelerra-gg-website\/#breadcrumb\"},\"inLanguage\":\"de\",\"potentialAction\":[{\"@type\":\"ReadAction\",\"target\":[\"https:\/\/cinelerra-gg.org\/de\/ubersetzen-sie-die-cinelerra-gg-website\/\"]}]},{\"@type\":\"BreadcrumbList\",\"@id\":\"https:\/\/cinelerra-gg.org\/de\/ubersetzen-sie-die-cinelerra-gg-website\/#breadcrumb\",\"itemListElement\":[{\"@type\":\"ListItem\",\"position\":1,\"name\":\"Home\",\"item\":\"https:\/\/cinelerra-gg.org\/de\/\"},{\"@type\":\"ListItem\",\"position\":2,\"name\":\"Website \u00fcbersetzen\"}]},{\"@type\":\"WebSite\",\"@id\":\"https:\/\/cinelerra-gg.org\/de\/#website\",\"url\":\"https:\/\/cinelerra-gg.org\/de\/\",\"name\":\"Cinelerra GG\",\"description\":\"Cinelerra GG free video editing software\",\"potentialAction\":[{\"@type\":\"SearchAction\",\"target\":{\"@type\":\"EntryPoint\",\"urlTemplate\":\"https:\/\/cinelerra-gg.org\/de\/?s={search_term_string}\"},\"query-input\":{\"@type\":\"PropertyValueSpecification\",\"valueRequired\":true,\"valueName\":\"search_term_string\"}}],\"inLanguage\":\"de\"}]}<\/script>\n<!-- \/ Yoast SEO plugin. -->","yoast_head_json":{"title":"Website \u00fcbersetzen - Cinelerra GG","description":"Bitte hilf uns, die Cinelerra-GG-Website in deine Sprache zu \u00fcbersetzen. Mit Hilfe unserer Tools ist es sehr einfach zu \u00fcbersetzen.","robots":{"index":"index","follow":"follow","max-snippet":"max-snippet:-1","max-image-preview":"max-image-preview:large","max-video-preview":"max-video-preview:-1"},"canonical":"https:\/\/cinelerra-gg.org\/de\/ubersetzen-sie-die-cinelerra-gg-website\/","og_locale":"de_DE","og_type":"article","og_title":"Website \u00fcbersetzen - Cinelerra GG","og_description":"Bitte hilf uns, die Cinelerra-GG-Website in deine Sprache zu \u00fcbersetzen. Mit Hilfe unserer Tools ist es sehr einfach zu \u00fcbersetzen.","og_url":"https:\/\/cinelerra-gg.org\/de\/ubersetzen-sie-die-cinelerra-gg-website\/","og_site_name":"Cinelerra GG","article_modified_time":"2020-09-26T19:30:52+00:00","twitter_card":"summary_large_image","twitter_misc":{"Gesch\u00e4tzte Lesezeit":"3\u00a0Minuten"},"schema":{"@context":"https:\/\/schema.org","@graph":[{"@type":"WebPage","@id":"https:\/\/cinelerra-gg.org\/de\/ubersetzen-sie-die-cinelerra-gg-website\/","url":"https:\/\/cinelerra-gg.org\/de\/ubersetzen-sie-die-cinelerra-gg-website\/","name":"Website \u00fcbersetzen - Cinelerra GG","isPartOf":{"@id":"https:\/\/cinelerra-gg.org\/de\/#website"},"datePublished":"2019-03-11T21:18:07+00:00","dateModified":"2020-09-26T19:30:52+00:00","description":"Bitte hilf uns, die Cinelerra-GG-Website in deine Sprache zu \u00fcbersetzen. Mit Hilfe unserer Tools ist es sehr einfach zu \u00fcbersetzen.","breadcrumb":{"@id":"https:\/\/cinelerra-gg.org\/de\/ubersetzen-sie-die-cinelerra-gg-website\/#breadcrumb"},"inLanguage":"de","potentialAction":[{"@type":"ReadAction","target":["https:\/\/cinelerra-gg.org\/de\/ubersetzen-sie-die-cinelerra-gg-website\/"]}]},{"@type":"BreadcrumbList","@id":"https:\/\/cinelerra-gg.org\/de\/ubersetzen-sie-die-cinelerra-gg-website\/#breadcrumb","itemListElement":[{"@type":"ListItem","position":1,"name":"Home","item":"https:\/\/cinelerra-gg.org\/de\/"},{"@type":"ListItem","position":2,"name":"Website \u00fcbersetzen"}]},{"@type":"WebSite","@id":"https:\/\/cinelerra-gg.org\/de\/#website","url":"https:\/\/cinelerra-gg.org\/de\/","name":"Cinelerra GG","description":"Cinelerra GG free video editing software","potentialAction":[{"@type":"SearchAction","target":{"@type":"EntryPoint","urlTemplate":"https:\/\/cinelerra-gg.org\/de\/?s={search_term_string}"},"query-input":{"@type":"PropertyValueSpecification","valueRequired":true,"valueName":"search_term_string"}}],"inLanguage":"de"}]}},"_links":{"self":[{"href":"https:\/\/cinelerra-gg.org\/de\/wp-json\/wp\/v2\/pages\/3630","targetHints":{"allow":["GET"]}}],"collection":[{"href":"https:\/\/cinelerra-gg.org\/de\/wp-json\/wp\/v2\/pages"}],"about":[{"href":"https:\/\/cinelerra-gg.org\/de\/wp-json\/wp\/v2\/types\/page"}],"author":[{"embeddable":true,"href":"https:\/\/cinelerra-gg.org\/de\/wp-json\/wp\/v2\/users\/1"}],"replies":[{"embeddable":true,"href":"https:\/\/cinelerra-gg.org\/de\/wp-json\/wp\/v2\/comments?post=3630"}],"version-history":[{"count":0,"href":"https:\/\/cinelerra-gg.org\/de\/wp-json\/wp\/v2\/pages\/3630\/revisions"}],"wp:attachment":[{"href":"https:\/\/cinelerra-gg.org\/de\/wp-json\/wp\/v2\/media?parent=3630"}],"curies":[{"name":"wp","href":"https:\/\/api.w.org\/{rel}","templated":true}]}}