{"id":3637,"date":"2019-03-11T21:24:56","date_gmt":"2019-03-11T21:24:56","guid":{"rendered":"https:\/\/www.cinelerra-gg.org\/arch\/"},"modified":"2020-09-26T19:00:33","modified_gmt":"2020-09-26T19:00:33","slug":"arch-linux-cinelerra-installationsanleitung","status":"publish","type":"page","link":"https:\/\/cinelerra-gg.org\/de\/arch-linux-cinelerra-installationsanleitung\/","title":{"rendered":"Arch Linux Cinelerra Installationsanleitung"},"content":{"rendered":"<p>[et_pb_section fb_built=&#8220;1&#8243; _builder_version=&#8220;3.22&#8243; custom_padding=&#8220;||19px|||&#8220;][et_pb_row _builder_version=&#8220;3.25&#8243; custom_padding=&#8220;||22px|||&#8220;][et_pb_column type=&#8220;4_4&#8243; _builder_version=&#8220;3.25&#8243; custom_padding=&#8220;|||&#8220; custom_padding__hover=&#8220;|||&#8220;][et_pb_text _builder_version=&#8220;3.27.4&#8243;]<\/p>\n<h1>Arch Linux Cinelerra Installation<\/h1>\n<p>In diesem Abschnitt finden Sie die Arch Linux Cinelerra Installations Anleitungen mit Konsolenbefehlen. Alternativ k\u00f6nnen Sie auch vorkompilierte Builds verwenden, die Sie auf der Download-Seite finden.  Eine lose definierte Liste von Paketen, die Details f\u00fcr <strong>Manjaro<\/strong> und <strong>EndeavorOS<\/strong> nach unten enthalten sollen, die Sie zuerst installieren sollten, ist in dieser Datei aufgef\u00fchrt:<\/p>\n<p><a href=\"https:\/\/cinelerra-gg.org\/download\/README.arch\">https:\/\/cinelerra-gg.org\/download\/README.arch<\/a><\/p>\n<p>Arch Linux Cinelerra Installationsanleitung:<\/p>\n<p>F\u00fcr die Installation des Arch-Pakets bearbeite zuerst die Datei <em>\/etc\/pacman.conf<\/em>, um Folgendes hinzuzuf\u00fcgen:<strong><br \/><\/strong><\/p>\n<p>[\/et_pb_text][et_pb_text _builder_version=&#8220;3.27.4&#8243; text_font=&#8220;||||||||&#8220; background_color=&#8220;#f2f2f2&#8243; custom_margin=&#8220;|||20px&#8220; custom_padding=&#8220;10px|5px|10px|20px&#8220; border_radii=&#8220;on|11px|11px|11px|11px&#8220;]<\/p>\n<p>[cingg]<br \/>SigLevel = Optional TrustAll<br \/>Server = https:\/\/cinelerra-gg.org\/download\/pkgs\/arch<br \/># end of cingg<\/p>\n<p>[\/et_pb_text][et_pb_text _builder_version=&#8220;3.27.4&#8243;]<\/p>\n<p>F\u00fchre anschlie\u00dfend diese Befehle aus, um es zu installieren:<\/p>\n<p>[\/et_pb_text][et_pb_text _builder_version=&#8220;3.27.4&#8243; text_font=&#8220;||||||||&#8220; background_color=&#8220;#f2f2f2&#8243; custom_margin=&#8220;|||20px&#8220; custom_padding=&#8220;10px|5px|10px|20px&#8220; border_radii=&#8220;on|11px|11px|11px|11px&#8220;]<\/p>\n<p>pacman -Syu<br \/> pacman -S cin<\/p>\n<p>HINWEIS: Die erste Zeile aktualisiert Ihr Arch-System auf das aktuelle rolling release und die zweite Linie aktualisiert Cinelerra-GG basierend auf dem rollenden Release, das am letzten Tag des Monats in Kraft war. Bitte f\u00fchren Sie diese beiden Schritte aus, um das Risiko eines Teilupgrades zu vermeiden. Aufgrund der Unvorhersehbarkeit, wann Arch-Bibliotheken aktualisiert werden, kann die Installation von Cinelerra zu einem anderen Zeitpunkt kurz nach dem letzten Tag des Monats, an dem das neue Buildpaket erstellt wird, zu Bibliotheksinkompatibilit\u00e4ten f\u00fchren. In diesem Fall sollten Sie stattdessen die statische Tar-Datei Arch f\u00fcr die Installation verwenden.<\/p>\n<p>&nbsp;<\/p>\n<p>[\/et_pb_text][et_pb_text _builder_version=&#8220;3.27.4&#8243;]<\/p>\n<p>Um Cinelerra-GG zu entfernen, f\u00fchre Folgendes aus:<\/p>\n<p>[\/et_pb_text][et_pb_text _builder_version=&#8220;3.27.4&#8243; text_font=&#8220;||||||||&#8220; background_color=&#8220;#f2f2f2&#8243; custom_margin=&#8220;|||20px&#8220; custom_padding=&#8220;10px|5px|10px|20px&#8220; border_radii=&#8220;on|11px|11px|11px|11px&#8220;]<\/p>\n<p>pacman -R cin<\/p>\n<p>[\/et_pb_text][\/et_pb_column][\/et_pb_row][\/et_pb_section][et_pb_section fb_built=&#8220;1&#8243; _builder_version=&#8220;3.22&#8243; custom_padding=&#8220;28px||16px|||&#8220;][et_pb_row _builder_version=&#8220;3.25&#8243; custom_padding=&#8220;14px||20px|||&#8220;][et_pb_column type=&#8220;4_4&#8243; _builder_version=&#8220;3.25&#8243; custom_padding=&#8220;|||&#8220; custom_padding__hover=&#8220;|||&#8220;][et_pb_text _builder_version=&#8220;3.27.4&#8243;]<\/p>\n<h2>Was ist Arch Linux?<\/h2>\n<p>Arch Linux ist eine Linux-Distribution mit fortlaufenden Releases. Das Entwicklungsteam folgt dem KISS-Prinzip (&#8222;Keep it simple, stupid&#8220;). Das Ziel ist Einfachheit, was bedeutet, dass grafische Installations- und Konfigurationshilfen nicht erforderlich sind. Arch Linux wird f\u00fcr fortgeschrittene Benutzer aufgrund seiner wenigen grafischen Installationsschnittstellen empfohlen.<\/p>\n<p>Es wurde entwickelt, um Bin\u00e4rpakete zu verwenden. Arch-Pakete werden mit dem Paketmanager Pacman organisiert. Das Arch Build System (ABS) kann auch verwendet werden, um neue Pakete zu erstellen, die nur im Quellcode verf\u00fcgbar sind. Es gibt mehrere Distributionen, die direkt auf Arch Linux aufbauen oder seine Programme verwenden. Der bekannteste Ableger ist Manjaro Linux. Im Gegensatz zu anderen gro\u00dfen Distributionen erstellt Arch Linux seine Versionen nicht zu bestimmten Terminen, sondern arbeitet nach dem Rolling Release-Prinzip.<\/p>\n<h2>Wo finde ich Informationen \u00fcber Arch Linux?<\/h2>\n<p>Weitere Informationen zu Arch Linux finden Sie auf der <a title=\"Arch Linux auf Wikipedia\" href=\"https:\/\/en.wikipedia.org\/wiki\/Arch_Linux\">Wikipedia-Website<\/a> und auf der <a title=\"Arch Linux Projektseite\" href=\"https:\/\/www.archlinux.org\/\">Arch Linux Projektseit<\/a>e.<\/p>\n<p>[\/et_pb_text][\/et_pb_column][\/et_pb_row][\/et_pb_section]<\/p>\n","protected":false},"excerpt":{"rendered":"<p>Arch Linux Cinelerra Installation In diesem Abschnitt finden Sie die Arch Linux Cinelerra Installations Anleitungen mit Konsolenbefehlen. Alternativ k\u00f6nnen Sie auch vorkompilierte Builds verwenden, die Sie auf der Download-Seite finden. Eine lose definierte Liste von Paketen, die Details f\u00fcr Manjaro und EndeavorOS nach unten enthalten sollen, die Sie zuerst installieren sollten, ist in dieser Datei [&hellip;]<\/p>\n","protected":false},"author":3,"featured_media":0,"parent":0,"menu_order":0,"comment_status":"closed","ping_status":"closed","template":"","meta":{"_et_pb_use_builder":"on","_et_pb_old_content":"","_et_gb_content_width":"","footnotes":""},"class_list":["post-3637","page","type-page","status-publish","hentry"],"yoast_head":"<!-- This site is optimized with the Yoast SEO plugin v27.0 - https:\/\/yoast.com\/product\/yoast-seo-wordpress\/ -->\n<title>Arch Linux Cinelerra Installationsanleitung - Cinelerra GG<\/title>\n<meta name=\"description\" content=\"Arch Linux Cinelerra Installationsanleitung. Hier finden Sie Anweisungen, wie man Cinelerra GG in Arch Linux installiert.\" \/>\n<meta name=\"robots\" content=\"index, follow, max-snippet:-1, max-image-preview:large, max-video-preview:-1\" \/>\n<link rel=\"canonical\" href=\"https:\/\/cinelerra-gg.org\/de\/arch-linux-cinelerra-installationsanleitung\/\" \/>\n<meta property=\"og:locale\" content=\"de_DE\" \/>\n<meta property=\"og:type\" content=\"article\" \/>\n<meta property=\"og:title\" content=\"Arch Linux Cinelerra Installationsanleitung - Cinelerra GG\" \/>\n<meta property=\"og:description\" content=\"Arch Linux Cinelerra Installationsanleitung. Hier finden Sie Anweisungen, wie man Cinelerra GG in Arch Linux installiert.\" \/>\n<meta property=\"og:url\" content=\"https:\/\/cinelerra-gg.org\/de\/arch-linux-cinelerra-installationsanleitung\/\" \/>\n<meta property=\"og:site_name\" content=\"Cinelerra GG\" \/>\n<meta property=\"article:modified_time\" content=\"2020-09-26T19:00:33+00:00\" \/>\n<meta name=\"twitter:card\" content=\"summary_large_image\" \/>\n<meta name=\"twitter:label1\" content=\"Gesch\u00e4tzte Lesezeit\" \/>\n\t<meta name=\"twitter:data1\" content=\"3\u00a0Minuten\" \/>\n<script type=\"application\/ld+json\" class=\"yoast-schema-graph\">{\"@context\":\"https:\/\/schema.org\",\"@graph\":[{\"@type\":\"WebPage\",\"@id\":\"https:\/\/cinelerra-gg.org\/de\/arch-linux-cinelerra-installationsanleitung\/\",\"url\":\"https:\/\/cinelerra-gg.org\/de\/arch-linux-cinelerra-installationsanleitung\/\",\"name\":\"Arch Linux Cinelerra Installationsanleitung - Cinelerra GG\",\"isPartOf\":{\"@id\":\"https:\/\/cinelerra-gg.org\/de\/#website\"},\"datePublished\":\"2019-03-11T21:24:56+00:00\",\"dateModified\":\"2020-09-26T19:00:33+00:00\",\"description\":\"Arch Linux Cinelerra Installationsanleitung. Hier finden Sie Anweisungen, wie man Cinelerra GG in Arch Linux installiert.\",\"breadcrumb\":{\"@id\":\"https:\/\/cinelerra-gg.org\/de\/arch-linux-cinelerra-installationsanleitung\/#breadcrumb\"},\"inLanguage\":\"de\",\"potentialAction\":[{\"@type\":\"ReadAction\",\"target\":[\"https:\/\/cinelerra-gg.org\/de\/arch-linux-cinelerra-installationsanleitung\/\"]}]},{\"@type\":\"BreadcrumbList\",\"@id\":\"https:\/\/cinelerra-gg.org\/de\/arch-linux-cinelerra-installationsanleitung\/#breadcrumb\",\"itemListElement\":[{\"@type\":\"ListItem\",\"position\":1,\"name\":\"Home\",\"item\":\"https:\/\/cinelerra-gg.org\/de\/\"},{\"@type\":\"ListItem\",\"position\":2,\"name\":\"Arch Linux Cinelerra Installationsanleitung\"}]},{\"@type\":\"WebSite\",\"@id\":\"https:\/\/cinelerra-gg.org\/de\/#website\",\"url\":\"https:\/\/cinelerra-gg.org\/de\/\",\"name\":\"Cinelerra GG\",\"description\":\"Cinelerra GG free video editing software\",\"potentialAction\":[{\"@type\":\"SearchAction\",\"target\":{\"@type\":\"EntryPoint\",\"urlTemplate\":\"https:\/\/cinelerra-gg.org\/de\/?s={search_term_string}\"},\"query-input\":{\"@type\":\"PropertyValueSpecification\",\"valueRequired\":true,\"valueName\":\"search_term_string\"}}],\"inLanguage\":\"de\"}]}<\/script>\n<!-- \/ Yoast SEO plugin. -->","yoast_head_json":{"title":"Arch Linux Cinelerra Installationsanleitung - Cinelerra GG","description":"Arch Linux Cinelerra Installationsanleitung. Hier finden Sie Anweisungen, wie man Cinelerra GG in Arch Linux installiert.","robots":{"index":"index","follow":"follow","max-snippet":"max-snippet:-1","max-image-preview":"max-image-preview:large","max-video-preview":"max-video-preview:-1"},"canonical":"https:\/\/cinelerra-gg.org\/de\/arch-linux-cinelerra-installationsanleitung\/","og_locale":"de_DE","og_type":"article","og_title":"Arch Linux Cinelerra Installationsanleitung - Cinelerra GG","og_description":"Arch Linux Cinelerra Installationsanleitung. Hier finden Sie Anweisungen, wie man Cinelerra GG in Arch Linux installiert.","og_url":"https:\/\/cinelerra-gg.org\/de\/arch-linux-cinelerra-installationsanleitung\/","og_site_name":"Cinelerra GG","article_modified_time":"2020-09-26T19:00:33+00:00","twitter_card":"summary_large_image","twitter_misc":{"Gesch\u00e4tzte Lesezeit":"3\u00a0Minuten"},"schema":{"@context":"https:\/\/schema.org","@graph":[{"@type":"WebPage","@id":"https:\/\/cinelerra-gg.org\/de\/arch-linux-cinelerra-installationsanleitung\/","url":"https:\/\/cinelerra-gg.org\/de\/arch-linux-cinelerra-installationsanleitung\/","name":"Arch Linux Cinelerra Installationsanleitung - Cinelerra GG","isPartOf":{"@id":"https:\/\/cinelerra-gg.org\/de\/#website"},"datePublished":"2019-03-11T21:24:56+00:00","dateModified":"2020-09-26T19:00:33+00:00","description":"Arch Linux Cinelerra Installationsanleitung. Hier finden Sie Anweisungen, wie man Cinelerra GG in Arch Linux installiert.","breadcrumb":{"@id":"https:\/\/cinelerra-gg.org\/de\/arch-linux-cinelerra-installationsanleitung\/#breadcrumb"},"inLanguage":"de","potentialAction":[{"@type":"ReadAction","target":["https:\/\/cinelerra-gg.org\/de\/arch-linux-cinelerra-installationsanleitung\/"]}]},{"@type":"BreadcrumbList","@id":"https:\/\/cinelerra-gg.org\/de\/arch-linux-cinelerra-installationsanleitung\/#breadcrumb","itemListElement":[{"@type":"ListItem","position":1,"name":"Home","item":"https:\/\/cinelerra-gg.org\/de\/"},{"@type":"ListItem","position":2,"name":"Arch Linux Cinelerra Installationsanleitung"}]},{"@type":"WebSite","@id":"https:\/\/cinelerra-gg.org\/de\/#website","url":"https:\/\/cinelerra-gg.org\/de\/","name":"Cinelerra GG","description":"Cinelerra GG free video editing software","potentialAction":[{"@type":"SearchAction","target":{"@type":"EntryPoint","urlTemplate":"https:\/\/cinelerra-gg.org\/de\/?s={search_term_string}"},"query-input":{"@type":"PropertyValueSpecification","valueRequired":true,"valueName":"search_term_string"}}],"inLanguage":"de"}]}},"_links":{"self":[{"href":"https:\/\/cinelerra-gg.org\/de\/wp-json\/wp\/v2\/pages\/3637","targetHints":{"allow":["GET"]}}],"collection":[{"href":"https:\/\/cinelerra-gg.org\/de\/wp-json\/wp\/v2\/pages"}],"about":[{"href":"https:\/\/cinelerra-gg.org\/de\/wp-json\/wp\/v2\/types\/page"}],"author":[{"embeddable":true,"href":"https:\/\/cinelerra-gg.org\/de\/wp-json\/wp\/v2\/users\/3"}],"replies":[{"embeddable":true,"href":"https:\/\/cinelerra-gg.org\/de\/wp-json\/wp\/v2\/comments?post=3637"}],"version-history":[{"count":0,"href":"https:\/\/cinelerra-gg.org\/de\/wp-json\/wp\/v2\/pages\/3637\/revisions"}],"wp:attachment":[{"href":"https:\/\/cinelerra-gg.org\/de\/wp-json\/wp\/v2\/media?parent=3637"}],"curies":[{"name":"wp","href":"https:\/\/api.w.org\/{rel}","templated":true}]}}