{"id":3645,"date":"2019-03-11T21:31:26","date_gmt":"2019-03-11T21:31:26","guid":{"rendered":"https:\/\/www.cinelerra-gg.org\/opensuse\/"},"modified":"2020-09-26T19:30:51","modified_gmt":"2020-09-26T19:30:51","slug":"opensuse","status":"publish","type":"page","link":"https:\/\/cinelerra-gg.org\/de\/opensuse\/","title":{"rendered":"OpenSuse"},"content":{"rendered":"<p>[et_pb_section fb_built=&#8220;1&#8243; _builder_version=&#8220;3.22&#8243;][et_pb_row _builder_version=&#8220;3.25&#8243;][et_pb_column type=&#8220;4_4&#8243; _builder_version=&#8220;3.25&#8243; custom_padding=&#8220;|||&#8220; custom_padding__hover=&#8220;|||&#8220;][et_pb_text _builder_version=&#8220;3.27.4&#8243;]<\/p>\n<h1> OpenSuse <\/h1>\n<p> F\u00fcr die Installation von openSuse Leap f\u00fchre die folgenden Befehle in einem Terminal aus. Hinweis: M\u00f6glicherweise m\u00fcssen Sie die Zustellung libavc und libiec entfernen, wenn sie nicht bereits installiert sind. Cinelerra Vertr\u00e4ge sind nicht signiert, so dass Sie die Nachricht Nachricht vergessen k\u00f6nnen: Paket ist nicht signiert! <\/P><\/p>\n<p> anspruchs Sie f\u00fcr Sprung 15.1: <\/p>\n<p>[\/et_pb_text][et_pb_text _builder_version=&#8220;3.27.4&#8243; text_font=&#8220;||||||||&#8220; background_color=&#8220;#f2f2f2&#8243; custom_margin=&#8220;|||20px&#8220; custom_padding=&#8220;10px|5px|10px|20px&#8220; border_radii=&#8220;on|11px|11px|11px|11px&#8220;]<\/p>\n<p>sudo zypper ar -f https:\/\/cinelerra-gg.org\/download\/pkgs\/leap15.1\/ cingg<br \/> sudo zypper install -r cingg cinelerra<\/p>\n<p>[\/et_pb_text][et_pb_text _builder_version=&#8220;3.27.4&#8243; min_height=&#8220;26px&#8220; custom_margin=&#8220;||15px|||&#8220; custom_padding=&#8220;1px||11px|||&#8220;]<\/p>\n<p> F\u00fcr Leap 15.2 geben Sie ein: <\/p>\n<p>[\/et_pb_text][et_pb_text _builder_version=&#8220;3.27.4&#8243; text_font=&#8220;||||||||&#8220; background_color=&#8220;#f2f2f2&#8243; custom_margin=&#8220;|||20px&#8220; custom_padding=&#8220;10px|5px|10px|20px&#8220; border_radii=&#8220;on|11px|11px|11px|11px&#8220;]<\/p>\n<p>sudo zypper ar -f https:\/\/cinelerra-gg.org\/download\/pkgs\/leap15.2\/ cingg<br \/> sudo zypper install -r cingg cinelerra<\/p>\n<p>[\/et_pb_text][et_pb_text _builder_version=&#8220;3.27.4&#8243; min_height=&#8220;26px&#8220; custom_margin=&#8220;||15px|||&#8220; custom_padding=&#8220;1px||0px|||&#8220;]<\/p>\n<p>F\u00fcr OpenSUSE Tumbleweed f\u00fchren Sie:<\/p>\n<p>[\/et_pb_text][et_pb_text _builder_version=&#8220;3.27.4&#8243; text_font=&#8220;||||||||&#8220; background_color=&#8220;#f2f2f2&#8243; custom_margin=&#8220;|||20px&#8220; custom_padding=&#8220;10px|5px|10px|20px&#8220; border_radii=&#8220;on|11px|11px|11px|11px&#8220;]<\/p>\n<p>sudo zypper ar -f https:\/\/cinelerra-gg.org\/download\/pkgs\/tweed\/ cingg<\/p>\n<p>[\/et_pb_text][et_pb_text _builder_version=&#8220;3.27.4&#8243; min_height=&#8220;44px&#8220; custom_margin=&#8220;10px||9px|||&#8220; custom_padding=&#8220;11px|||||&#8220;]<\/p>\n<p><strong>HINWEIS:<\/strong> Bei einigen Versionen m\u00fcssen Sie vor dem Ausf\u00fchren der Installation f\u00fcr OpenSUSE m\u00f6glicherweise zuerst die GPG-Pr\u00fcfung entfernen:<\/p>\n<p>[\/et_pb_text][et_pb_text _builder_version=&#8220;3.27.4&#8243; text_font=&#8220;||||||||&#8220; background_color=&#8220;#f2f2f2&#8243; custom_margin=&#8220;|||20px&#8220; custom_padding=&#8220;10px|5px|10px|20px&#8220; border_radii=&#8220;on|11px|11px|11px|11px&#8220;]<\/p>\n<p>sudo zypper mr -G cingg<br \/> sudo zypper install -r cingg cinelerra<\/p>\n<p>[\/et_pb_text][et_pb_text _builder_version=&#8220;3.27.4&#8243;]<\/p>\n<p>Um eine fr\u00fchere Installation zu aktualisieren, f\u00fchrt man Folgendes aus:<\/p>\n<p>[\/et_pb_text][et_pb_text _builder_version=&#8220;3.27.4&#8243; text_font=&#8220;||||||||&#8220; background_color=&#8220;#f2f2f2&#8243; custom_margin=&#8220;|||20px&#8220; custom_padding=&#8220;10px|5px|10px|20px&#8220; border_radii=&#8220;on|11px|11px|11px|11px&#8220;]<\/p>\n<p>sudo zypper refresh cingg<br \/> sudo zypper up cinelerra<\/p>\n<p>[\/et_pb_text][et_pb_text _builder_version=&#8220;3.27.4&#8243;]<\/p>\n<p>Um Cinelerra-GG zu entfernen, f\u00fchre Folgendes aus:<\/p>\n<p>[\/et_pb_text][et_pb_text _builder_version=&#8220;3.27.4&#8243; text_font=&#8220;||||||||&#8220; background_color=&#8220;#f2f2f2&#8243; custom_margin=&#8220;|||20px&#8220; custom_padding=&#8220;10px|5px|10px|20px&#8220; border_radii=&#8220;on|11px|11px|11px|11px&#8220;]<\/p>\n<p>sudo zypper remove cinelerra<\/p>\n<p>[\/et_pb_text][et_pb_text _builder_version=&#8220;3.27.4&#8243;]<\/p>\n<p> <strong> Achtung: <\/strong> <\/p>\n<p> Eine spezielle Version mit 10-Bit-Farbunterst\u00fctzung ist ebenfalls verf\u00fcgbar (nur f\u00fcr 15.1). Dies kann nicht mit 8-Bit-Farbdateien verwendet werden! <\/P> <\/p>\n<p> Um Cinelerra-GG <span style=\"text-decoration: underline\"> 10-Bit <\/span> zu installieren, ersetzen Sie den Installationsbefehl durch: <\/p>\n<p>[\/et_pb_text][et_pb_text _builder_version=&#8220;3.27.4&#8243; text_font=&#8220;||||||||&#8220; background_color=&#8220;#f2f2f2&#8243; custom_margin=&#8220;|||20px&#8220; custom_padding=&#8220;10px|5px|10px|20px&#8220; border_radii=&#8220;on|11px|11px|11px|11px&#8220;]<\/p>\n<p>sudo zypper install -r cingg cinelerra10bit<\/p>\n<p>[\/et_pb_text][et_pb_text _builder_version=&#8220;3.27.4&#8243;]<\/p>\n<p>Um eine fr\u00fchere Installation zu aktualisieren, f\u00fchrt man Folgendes aus:<\/p>\n<p>[\/et_pb_text][et_pb_text _builder_version=&#8220;3.27.4&#8243; text_font=&#8220;||||||||&#8220; background_color=&#8220;#f2f2f2&#8243; custom_margin=&#8220;|||20px&#8220; custom_padding=&#8220;10px|5px|10px|20px&#8220; border_radii=&#8220;on|11px|11px|11px|11px&#8220;]<\/p>\n<p>zypper refresh cinelerra10bit<br \/> zypper up cinelerra10bit<\/p>\n<p>[\/et_pb_text][et_pb_text _builder_version=&#8220;3.27.4&#8243;]<\/p>\n<p>Um Cinelerra-GG <span style=\"text-decoration: underline\">10bit<\/span> zu entfernen, wird folgendes ausgef\u00fchrt:<\/p>\n<p>[\/et_pb_text][et_pb_text _builder_version=&#8220;3.27.4&#8243; text_font=&#8220;||||||||&#8220; background_color=&#8220;#f2f2f2&#8243; custom_margin=&#8220;|||20px&#8220; custom_padding=&#8220;10px|5px|10px|20px&#8220; border_radii=&#8220;on|11px|11px|11px|11px&#8220;]<\/p>\n<p>sudo zypper remove cinelerra10bit<\/p>\n<p>[\/et_pb_text][\/et_pb_column][\/et_pb_row][\/et_pb_section]<\/p>\n","protected":false},"excerpt":{"rendered":"<p>OpenSuse F\u00fcr die Installation von openSuse Leap f\u00fchre die folgenden Befehle in einem Terminal aus. Hinweis: M\u00f6glicherweise m\u00fcssen Sie die Zustellung libavc und libiec entfernen, wenn sie nicht bereits installiert sind. Cinelerra Vertr\u00e4ge sind nicht signiert, so dass Sie die Nachricht Nachricht vergessen k\u00f6nnen: Paket ist nicht signiert! anspruchs Sie f\u00fcr Sprung 15.1: sudo zypper [&hellip;]<\/p>\n","protected":false},"author":3,"featured_media":0,"parent":0,"menu_order":0,"comment_status":"closed","ping_status":"closed","template":"","meta":{"_et_pb_use_builder":"on","_et_pb_old_content":"","_et_gb_content_width":"","footnotes":""},"class_list":["post-3645","page","type-page","status-publish","hentry"],"yoast_head":"<!-- This site is optimized with the Yoast SEO plugin v27.0 - https:\/\/yoast.com\/product\/yoast-seo-wordpress\/ -->\n<title>OpenSuse - Cinelerra GG<\/title>\n<meta name=\"robots\" content=\"index, follow, max-snippet:-1, max-image-preview:large, max-video-preview:-1\" \/>\n<link rel=\"canonical\" href=\"https:\/\/cinelerra-gg.org\/de\/opensuse\/\" \/>\n<meta property=\"og:locale\" content=\"de_DE\" \/>\n<meta property=\"og:type\" content=\"article\" \/>\n<meta property=\"og:title\" content=\"OpenSuse - Cinelerra GG\" \/>\n<meta property=\"og:description\" content=\"OpenSuse F\u00fcr die Installation von openSuse Leap f\u00fchre die folgenden Befehle in einem Terminal aus. Hinweis: M\u00f6glicherweise m\u00fcssen Sie die Zustellung libavc und libiec entfernen, wenn sie nicht bereits installiert sind. Cinelerra Vertr\u00e4ge sind nicht signiert, so dass Sie die Nachricht Nachricht vergessen k\u00f6nnen: Paket ist nicht signiert! anspruchs Sie f\u00fcr Sprung 15.1: sudo zypper [&hellip;]\" \/>\n<meta property=\"og:url\" content=\"https:\/\/cinelerra-gg.org\/de\/opensuse\/\" \/>\n<meta property=\"og:site_name\" content=\"Cinelerra GG\" \/>\n<meta property=\"article:modified_time\" content=\"2020-09-26T19:30:51+00:00\" \/>\n<meta name=\"twitter:card\" content=\"summary_large_image\" \/>\n<meta name=\"twitter:label1\" content=\"Gesch\u00e4tzte Lesezeit\" \/>\n\t<meta name=\"twitter:data1\" content=\"3\u00a0Minuten\" \/>\n<script type=\"application\/ld+json\" class=\"yoast-schema-graph\">{\"@context\":\"https:\/\/schema.org\",\"@graph\":[{\"@type\":\"WebPage\",\"@id\":\"https:\/\/cinelerra-gg.org\/de\/opensuse\/\",\"url\":\"https:\/\/cinelerra-gg.org\/de\/opensuse\/\",\"name\":\"OpenSuse - Cinelerra GG\",\"isPartOf\":{\"@id\":\"https:\/\/cinelerra-gg.org\/de\/#website\"},\"datePublished\":\"2019-03-11T21:31:26+00:00\",\"dateModified\":\"2020-09-26T19:30:51+00:00\",\"breadcrumb\":{\"@id\":\"https:\/\/cinelerra-gg.org\/de\/opensuse\/#breadcrumb\"},\"inLanguage\":\"de\",\"potentialAction\":[{\"@type\":\"ReadAction\",\"target\":[\"https:\/\/cinelerra-gg.org\/de\/opensuse\/\"]}]},{\"@type\":\"BreadcrumbList\",\"@id\":\"https:\/\/cinelerra-gg.org\/de\/opensuse\/#breadcrumb\",\"itemListElement\":[{\"@type\":\"ListItem\",\"position\":1,\"name\":\"Home\",\"item\":\"https:\/\/cinelerra-gg.org\/de\/\"},{\"@type\":\"ListItem\",\"position\":2,\"name\":\"OpenSuse\"}]},{\"@type\":\"WebSite\",\"@id\":\"https:\/\/cinelerra-gg.org\/de\/#website\",\"url\":\"https:\/\/cinelerra-gg.org\/de\/\",\"name\":\"Cinelerra GG\",\"description\":\"Cinelerra GG free video editing software\",\"potentialAction\":[{\"@type\":\"SearchAction\",\"target\":{\"@type\":\"EntryPoint\",\"urlTemplate\":\"https:\/\/cinelerra-gg.org\/de\/?s={search_term_string}\"},\"query-input\":{\"@type\":\"PropertyValueSpecification\",\"valueRequired\":true,\"valueName\":\"search_term_string\"}}],\"inLanguage\":\"de\"}]}<\/script>\n<!-- \/ Yoast SEO plugin. -->","yoast_head_json":{"title":"OpenSuse - Cinelerra GG","robots":{"index":"index","follow":"follow","max-snippet":"max-snippet:-1","max-image-preview":"max-image-preview:large","max-video-preview":"max-video-preview:-1"},"canonical":"https:\/\/cinelerra-gg.org\/de\/opensuse\/","og_locale":"de_DE","og_type":"article","og_title":"OpenSuse - Cinelerra GG","og_description":"OpenSuse F\u00fcr die Installation von openSuse Leap f\u00fchre die folgenden Befehle in einem Terminal aus. Hinweis: M\u00f6glicherweise m\u00fcssen Sie die Zustellung libavc und libiec entfernen, wenn sie nicht bereits installiert sind. Cinelerra Vertr\u00e4ge sind nicht signiert, so dass Sie die Nachricht Nachricht vergessen k\u00f6nnen: Paket ist nicht signiert! anspruchs Sie f\u00fcr Sprung 15.1: sudo zypper [&hellip;]","og_url":"https:\/\/cinelerra-gg.org\/de\/opensuse\/","og_site_name":"Cinelerra GG","article_modified_time":"2020-09-26T19:30:51+00:00","twitter_card":"summary_large_image","twitter_misc":{"Gesch\u00e4tzte Lesezeit":"3\u00a0Minuten"},"schema":{"@context":"https:\/\/schema.org","@graph":[{"@type":"WebPage","@id":"https:\/\/cinelerra-gg.org\/de\/opensuse\/","url":"https:\/\/cinelerra-gg.org\/de\/opensuse\/","name":"OpenSuse - Cinelerra GG","isPartOf":{"@id":"https:\/\/cinelerra-gg.org\/de\/#website"},"datePublished":"2019-03-11T21:31:26+00:00","dateModified":"2020-09-26T19:30:51+00:00","breadcrumb":{"@id":"https:\/\/cinelerra-gg.org\/de\/opensuse\/#breadcrumb"},"inLanguage":"de","potentialAction":[{"@type":"ReadAction","target":["https:\/\/cinelerra-gg.org\/de\/opensuse\/"]}]},{"@type":"BreadcrumbList","@id":"https:\/\/cinelerra-gg.org\/de\/opensuse\/#breadcrumb","itemListElement":[{"@type":"ListItem","position":1,"name":"Home","item":"https:\/\/cinelerra-gg.org\/de\/"},{"@type":"ListItem","position":2,"name":"OpenSuse"}]},{"@type":"WebSite","@id":"https:\/\/cinelerra-gg.org\/de\/#website","url":"https:\/\/cinelerra-gg.org\/de\/","name":"Cinelerra GG","description":"Cinelerra GG free video editing software","potentialAction":[{"@type":"SearchAction","target":{"@type":"EntryPoint","urlTemplate":"https:\/\/cinelerra-gg.org\/de\/?s={search_term_string}"},"query-input":{"@type":"PropertyValueSpecification","valueRequired":true,"valueName":"search_term_string"}}],"inLanguage":"de"}]}},"_links":{"self":[{"href":"https:\/\/cinelerra-gg.org\/de\/wp-json\/wp\/v2\/pages\/3645","targetHints":{"allow":["GET"]}}],"collection":[{"href":"https:\/\/cinelerra-gg.org\/de\/wp-json\/wp\/v2\/pages"}],"about":[{"href":"https:\/\/cinelerra-gg.org\/de\/wp-json\/wp\/v2\/types\/page"}],"author":[{"embeddable":true,"href":"https:\/\/cinelerra-gg.org\/de\/wp-json\/wp\/v2\/users\/3"}],"replies":[{"embeddable":true,"href":"https:\/\/cinelerra-gg.org\/de\/wp-json\/wp\/v2\/comments?post=3645"}],"version-history":[{"count":0,"href":"https:\/\/cinelerra-gg.org\/de\/wp-json\/wp\/v2\/pages\/3645\/revisions"}],"wp:attachment":[{"href":"https:\/\/cinelerra-gg.org\/de\/wp-json\/wp\/v2\/media?parent=3645"}],"curies":[{"name":"wp","href":"https:\/\/api.w.org\/{rel}","templated":true}]}}