{"id":3666,"date":"2019-03-11T21:50:32","date_gmt":"2019-03-11T21:50:32","guid":{"rendered":"https:\/\/www.cinelerra-gg.org\/disclaimer-rechtliche-hinweise\/"},"modified":"2020-09-26T19:00:34","modified_gmt":"2020-09-26T19:00:34","slug":"disclaimer-rechtliche-hinweise","status":"publish","type":"page","link":"https:\/\/cinelerra-gg.org\/de\/disclaimer-rechtliche-hinweise\/","title":{"rendered":"Disclaimer &amp; rechtliche Hinweise"},"content":{"rendered":"<p>[et_pb_section fb_built=&#8220;1&#8243; _builder_version=&#8220;3.22&#8243;][et_pb_row _builder_version=&#8220;3.25&#8243; custom_padding=&#8220;56px|0px|52px|0px|false|false&#8220;][et_pb_column type=&#8220;4_4&#8243; _builder_version=&#8220;3.25&#8243; custom_padding=&#8220;|||&#8220; custom_padding__hover=&#8220;|||&#8220;][et_pb_text _builder_version=&#8220;3.27.4&#8243;]<\/p>\n<h1>Haftungsausschluss &amp; rechtlicher Hinweise<\/h1>\n<p>&nbsp;<\/p>\n<h2>Zweck dieser Website<\/h2>\n<p>Die Website wird von ehrenamtlichen K\u00fcnstlern, Filmemachern, Designern, Bloggern und Entwicklern f\u00fcr rein private pers\u00f6nliche Zwecke betrieben, um private eigene Videokunst mit anderen Freunden auszutauschen, <span>Kollegen,<\/span> Unterst\u00fctzer, Fans und Interessenten von Open-Source-Software, <span>insbesondere<\/span> in Bezug auf Open-Source-Video-Postproduktion und als Beitrag zur gemeinsamen Entwicklung von Cinelerra GG. Sie dient als Plattform f\u00fcr den Austausch von Meinungen, Ideen und die M\u00f6glichkeit, Verbesserungen an der Videoschnittsoftware und die Pr\u00e4sentation privater k\u00fcnstlerischer Videoarbeiten vorzuschlagen. Wir verfolgen keine finanziellen oder kommerziellen Ziele und finanzieren dieses private Projekt aus pers\u00f6nlichen Mitteln. Wir f\u00fchlen uns pers\u00f6nlich der Open-Source-Idee verpflichtet, die auf einen freien und offenen Zugang zur Software abzielt. Die Nutzung dieser Website sowie ihrer Dienstleistungen und Softwareprodukte erfolgt ohne jegliche Garantie f\u00fcr die einwandfreie Funktionalit\u00e4t. Die Nutzung dieser Website und der Dienste erfolgt auf eigene Gefahr. Zudem ist die Nutzung unverbindlich und kostenlos. Die Videobearbeitungssoftware auf dieser Website ist unter der GNU General Public License lizenziert, lesen Sie bitte die Lizenzvereinbarung, und die meisten Medien sind unter CC BY-SA 3.0, CC BY-SA 4.0 oder CC0 lizenziert. Einige Werke auf dieser Website k\u00f6nnen noch urheberrechtlich gesch\u00fctzt sein und ben\u00f6tigen daher die Erlaubnis f\u00fcr die Nutzung des Autors. Mehr dazu lesen Sie im unteren Abschnitt. Durch die Verbesserung der Software profitieren wir sowohl privat als auch davon, dass die Verbesserungen dem Gemeinwohl zugute kommen.<\/p>\n<p>Die Autoren stellen Verweise und Links zu ausgew\u00e4hlten Informationen und anderen Themen aus dem Bereich der Video-Postproduktion, des Filmemachens, der Videokunst und sowie Informationen im Rahmen von Community-Angelegenheiten zur Verf\u00fcgung, die nur indikativ sind und kein Angebot oder eine Empfehlung darstellen. Alle Nachrichten, Meinungen, Recherchen, Daten und andere Informationen auf dieser Website sind allgemeine Erkl\u00e4rungen oder pers\u00f6nliche Meinungen des jeweiligen Autors und stellen daher keinen redaktionellen Artikel oder redaktionellen Charakter dar.<\/p>\n<p>[\/et_pb_text][\/et_pb_column][\/et_pb_row][et_pb_row _builder_version=&#8220;3.25&#8243; custom_padding=&#8220;10px|0px|16px|0px|false|false&#8220;][et_pb_column type=&#8220;4_4&#8243; _builder_version=&#8220;3.25&#8243; custom_padding=&#8220;|||&#8220; custom_padding__hover=&#8220;|||&#8220;][et_pb_text _builder_version=&#8220;3.27.4&#8243;]<\/p>\n<h2>Inhalt des Online-Angebots<\/h2>\n<p>Die Inhalte dieser Website wurden mit gr\u00f6\u00dftm\u00f6glicher Sorgfalt und nach bestem Wissen erstellt. Dennoch \u00fcbernimmt der Autor keine Haftung f\u00fcr die Aktualit\u00e4t, Korrektheit, Vollst\u00e4ndigkeit oder Qualit\u00e4t der bereitgestellten Informationen. Haftungsanspr\u00fcche gegen den Autor, welche sich auf Sch\u00e4den materieller oder ideeller Art beziehen, die durch die Nutzung oder Nichtnutzung der dargebotenen Informationen bzw. durch die Nutzung fehlerhafter und unvollst\u00e4ndiger Informationen verursacht wurden, sind grunds\u00e4tzlich ausgeschlossen, sofern seitens des Autors kein nachweislich vors\u00e4tzliches oder grob fahrl\u00e4ssiges Verschulden vorliegt. <br \/>Alle Angebote unterliegen \u00c4nderungen und sind unverbindlich. Der Autor beh\u00e4lt sich ausdr\u00fccklich das Recht vor, Teile der Seiten oder des gesamten Angebots ohne Vorank\u00fcndigung zu \u00e4ndern, zu erg\u00e4nzen oder zu l\u00f6schen oder die Ver\u00f6ffentlichung vor\u00fcbergehend oder dauerhaft einzustellen.<\/p>\n<h3>Hinweise und Links<\/h3>\n<p>Bei direkten oder indirekten Verweisen auf fremde Internetseiten (&#8222;Links&#8220;), die au\u00dferhalb des Verantwortungsbereiches des Autors liegen, w\u00fcrde eine Haftungsverpflichtung ausschlie\u00dflich in dem Fall in Kraft treten, in dem der Autor von den Inhalten Kenntnis hat und es ihm technisch m\u00f6glich und zumutbar w\u00e4re, deren Nutzung zu verhindern. <br \/>Der Autor erkl\u00e4rt hiermit ausdr\u00fccklich, dass zum Zeitpunkt der Linksetzung keine illegalen Inhalte auf den verlinkten Seiten erkennbar waren. Auf die aktuelle und zuk\u00fcnftige Gestaltung, die Inhalte oder die Urheberschaft der gelinkten\/verkn\u00fcpften Seiten hat der Autor keinerlei Einfluss. Deshalb distanziert er sich hiermit ausdr\u00fccklich von allen Inhalten aller gelinkten \/verkn\u00fcpften Seiten, die nach der Linksetzung ver\u00e4ndert wurden. Diese Feststellung gilt f\u00fcr alle innerhalb des eigenen Internetangebotes gesetzten Links und Verweise sowie f\u00fcr Fremdeintr\u00e4ge in vom Autor eingerichteten G\u00e4steb\u00fcchern, Diskussionsforen, Linkverzeichnissen, Mailinglisten und in allen anderen Formen von Datenbanken, auf deren Inhalt externe Schreibzugriffe m\u00f6glich sind. F\u00fcr illegale, fehlerhafte oder unvollst\u00e4ndige Inhalte und insbesondere f\u00fcr Sch\u00e4den, die aus der Nutzung oder Nichtnutzung solcherart dargebotener Informationen entstehen, haftet allein der Anbieter der Seite, auf welche verwiesen wurde, nicht derjenige, der \u00fcber Links auf die jeweilige Ver\u00f6ffentlichung lediglich verweist.<\/p>\n<h3>Urheberrecht und Markenrecht<\/h3>\n<p>Der Autor ist bestrebt, in allen Publikationen die Urheberrechte der verwendeten Grafiken, Tondokumente, Videosequenzen und Texte zu beachten, von ihm selbst erstellte Grafiken, Tondokumente, Videosequenzen und Texte zu nutzen oder auf lizenzfreie Grafiken, Tondokumente, Videosequenzen und Texte zur\u00fcckzugreifen. <br \/>Alle innerhalb des Internetangebotes genannten und ggf. durch Dritte gesch\u00fctzten Marken- und Warenzeichen unterliegen uneingeschr\u00e4nkt den Bestimmungen des jeweils g\u00fcltigen Kennzeichenrechts und den Besitzrechten der jeweiligen eingetragenen Eigent\u00fcmer. Allein aufgrund der blo\u00dfen Nennung ist nicht der Schluss zu ziehen, dass Markenzeichen nicht durch Rechte Dritter gesch\u00fctzt sind! <br \/>Das Copyright f\u00fcr ver\u00f6ffentlichte, vom Autor selbst erstellte Objekte bleibt allein beim Autor der Seiten. Eine Vervielf\u00e4ltigung oder Verwendung solcher Grafiken, Sounds oder Texte in anderen elektronischen oder gedruckten Publikationen ist ohne ausdr\u00fcckliche Zustimmung des Autors nicht gestattet. <\/p>\n<h3>Rechtsg\u00fcltigkeit dieses Haftungsausschlusses<\/h3>\n<p>Dieser Haftungsausschluss ist als Teil des Internetangebots zu betrachten, von dem aus auf Sie verwiesen wurde. Sofern Teile oder einzelne Formulierungen dieses Textes der geltenden Rechtslage nicht, nicht mehr oder nicht vollst\u00e4ndig entsprechen sollten, bleiben die \u00fcbrigen Teile des Dokumentes in ihrem Inhalt und ihrer G\u00fcltigkeit davon unber\u00fchrt.<\/p>\n<p>[\/et_pb_text][\/et_pb_column][\/et_pb_row][et_pb_row _builder_version=&#8220;3.25&#8243; custom_padding=&#8220;15px|0px|27px|0px|false|false&#8220;][et_pb_column type=&#8220;4_4&#8243; _builder_version=&#8220;3.25&#8243; custom_padding=&#8220;|||&#8220; custom_padding__hover=&#8220;|||&#8220;][et_pb_text _builder_version=&#8220;3.27.4&#8243;]<\/p>\n<p>Wenn Sie Fragen oder Probleme mit der Website haben, schreiben Sie bitte eine E-Mail. <br \/>webmaster [at] cinelerra-gg [dot] org<\/p>\n<p>[\/et_pb_text][\/et_pb_column][\/et_pb_row][et_pb_row _builder_version=&#8220;3.25&#8243; custom_padding=&#8220;38px|0px|7px|0px|false|false&#8220;][et_pb_column type=&#8220;4_4&#8243; _builder_version=&#8220;3.25&#8243; custom_padding=&#8220;|||&#8220; custom_padding__hover=&#8220;|||&#8220;][et_pb_text _builder_version=&#8220;3.27.4&#8243;]<\/p>\n<h2>Medienreferenzen<\/h2>\n<p>[\/et_pb_text][\/et_pb_column][\/et_pb_row][et_pb_row _builder_version=&#8220;3.25&#8243; custom_padding=&#8220;12px|0px|27px|0px|false|false&#8220;][et_pb_column type=&#8220;4_4&#8243; _builder_version=&#8220;3.25&#8243; custom_padding=&#8220;|||&#8220; custom_padding__hover=&#8220;|||&#8220;][et_pb_text _builder_version=&#8220;3.27.4&#8243;]<\/p>\n<div>Icons made by <a href=\"https:\/\/www.freepik.com\/\" title=\"Freepik\">Freepik<\/a> from <a href=\"https:\/\/www.flaticon.com\/\" title=\"Flaticon\">www.flaticon.com<\/a> is licensed by <a href=\"http:\/\/creativecommons.org\/licenses\/by\/3.0\/\" title=\"Creative Commons BY 3.0\" target=\"_blank\" rel=\"noopener noreferrer\">CC 3.0 BY<\/a><\/div>\n<div style=\"text-align: center\"><\/div>\n<div style=\"text-align: left\"><img loading=\"lazy\" decoding=\"async\" src=\"https:\/\/cinelerra-gg.org\/wp-content\/uploads\/2018\/11\/git_red_32-1.png\" alt=\"\" class=\"wp-image-880 alignnone size-full\" width=\"32\" height=\"32\"> <img loading=\"lazy\" decoding=\"async\" src=\"https:\/\/cinelerra-gg.org\/wp-content\/uploads\/2018\/11\/pdf_32.png\" alt=\"\" class=\"wp-image-845 alignnone size-full\" width=\"32\" height=\"32\"><img loading=\"lazy\" decoding=\"async\" src=\"https:\/\/cinelerra-gg.org\/wp-content\/uploads\/2018\/11\/language-global-32.png\" alt=\"\" class=\"wp-image-1195 alignnone size-full\" width=\"32\" height=\"32\"><img loading=\"lazy\" decoding=\"async\" src=\"https:\/\/cinelerra-gg.org\/wp-content\/uploads\/2018\/11\/doc-icon-32.png\" alt=\"\" class=\"wp-image-1201 alignnone size-full\" width=\"32\" height=\"32\"><img loading=\"lazy\" decoding=\"async\" src=\"https:\/\/cinelerra-gg.org\/wp-content\/uploads\/2018\/11\/idea-icon-32.png\" alt=\"\" class=\"wp-image-1229 alignnone size-full\" width=\"32\" height=\"32\"><img loading=\"lazy\" decoding=\"async\" src=\"https:\/\/cinelerra-gg.org\/wp-content\/uploads\/2019\/01\/computer_32px.png\" alt=\"\" class=\"wp-image-2084 alignnone size-full\" width=\"32\" height=\"32\"><\/div>\n<p>[\/et_pb_text][et_pb_text _builder_version=&#8220;3.27.4&#8243;]<\/p>\n<div>Icons made by <a href=\"https:\/\/www.flaticon.com\/authors\/prettycons\" title=\"prettycons\">prettycons<\/a> from <a href=\"https:\/\/www.flaticon.com\/\" title=\"Flaticon\">www.flaticon.com<\/a> is licensed by <a href=\"http:\/\/creativecommons.org\/licenses\/by\/3.0\/\" title=\"Creative Commons BY 3.0\" target=\"_blank\" rel=\"noopener noreferrer\">CC 3.0 BY<\/a><\/div>\n<div style=\"text-align: left\"><img loading=\"lazy\" decoding=\"async\" src=\"https:\/\/cinelerra-gg.org\/wp-content\/uploads\/2018\/11\/code-terminal_01.png\" alt=\"\" class=\"wp-image-841 alignnone size-full\" width=\"32\" height=\"32\"><\/div>\n<p>[\/et_pb_text][et_pb_text _builder_version=&#8220;3.27.4&#8243;]<\/p>\n<div>Icons made by <a href=\"https:\/\/www.flaticon.com\/authors\/smashicons\" title=\"Smashicons\">Smashicons<\/a> from <a href=\"https:\/\/www.flaticon.com\/\" title=\"Flaticon\">www.flaticon.com<\/a> is licensed by <a href=\"http:\/\/creativecommons.org\/licenses\/by\/3.0\/\" title=\"Creative Commons BY 3.0\" target=\"_blank\" rel=\"noopener noreferrer\">CC 3.0 BY<\/a><\/div>\n<div><img loading=\"lazy\" decoding=\"async\" src=\"https:\/\/cinelerra-gg.org\/wp-content\/uploads\/2018\/11\/video-camera-icon-32.png\" alt=\"\" class=\"wp-image-1209 alignnone size-full\" width=\"32\" height=\"32\"><\/div>\n<p>[\/et_pb_text][et_pb_text _builder_version=&#8220;3.27.4&#8243;]<\/p>\n<div>Icons made by <a href=\"https:\/\/www.flaticon.com\/authors\/smashicons\" title=\"Smashicons\">Smashicons<\/a> from <a href=\"https:\/\/www.flaticon.com\/\" title=\"Flaticon\">www.flaticon.com<\/a> is licensed by <a href=\"http:\/\/creativecommons.org\/licenses\/by\/3.0\/\" title=\"Creative Commons BY 3.0\" target=\"_blank\" rel=\"noopener noreferrer\">CC 3.0 BY<\/a><\/div>\n<div><img loading=\"lazy\" decoding=\"async\" src=\"https:\/\/cinelerra-gg.org\/wp-content\/uploads\/2018\/11\/development-icon-32.png\" alt=\"\" class=\"wp-image-1221 alignnone size-full\" width=\"32\" height=\"32\"><\/div>\n<p>[\/et_pb_text][et_pb_text _builder_version=&#8220;3.27.4&#8243;]<\/p>\n<div>Icons made by <a href=\"https:\/\/www.flaticon.com\/authors\/alfredo-hernandez\" title=\"Alfredo Hernandez\">Alfredo Hernandez<\/a> from <a href=\"https:\/\/www.flaticon.com\/\" title=\"Flaticon\">www.flaticon.com<\/a> is licensed by <a href=\"http:\/\/creativecommons.org\/licenses\/by\/3.0\/\" title=\"Creative Commons BY 3.0\" target=\"_blank\" rel=\"noopener noreferrer\">CC 3.0 BY<\/a><\/div>\n<div><img loading=\"lazy\" decoding=\"async\" src=\"https:\/\/cinelerra-gg.org\/wp-content\/uploads\/2018\/11\/bug-icon-32.png\" alt=\"\" class=\"wp-image-1215 alignnone size-full\" width=\"32\" height=\"32\"><\/div>\n<p>[\/et_pb_text][et_pb_text _builder_version=&#8220;3.27.4&#8243;]<\/p>\n<div>Icons made by <a href=\"https:\/\/www.flaticon.com\/authors\/pixel-buddha\" title=\"Pixel Buddha\">Pixel Buddha<\/a> from <a href=\"https:\/\/www.flaticon.com\/\" title=\"Flaticon\">www.flaticon.com<\/a> is licensed by <a href=\"http:\/\/creativecommons.org\/licenses\/by\/3.0\/\" title=\"Creative Commons BY 3.0\" target=\"_blank\" rel=\"noopener noreferrer\">CC 3.0 BY<\/a><\/div>\n<div><img loading=\"lazy\" decoding=\"async\" src=\"https:\/\/cinelerra-gg.org\/wp-content\/uploads\/2019\/01\/help_32px.png\" alt=\"\" class=\"wp-image-2079 alignnone size-full\" width=\"32\" height=\"32\"><\/div>\n<p>[\/et_pb_text][et_pb_text _builder_version=&#8220;4.4.2&#8243; hover_enabled=&#8220;0&#8243;]<\/p>\n<p>Das Videomaterial, das im Screenshot des Multiscreens verwendet wird, stammt aus: <a href=\"https:\/\/peach.blender.org\/about\/\">https:\/\/peach.blender.org\/about\/<\/a> und <a href=\"http:\/\/creativecommons.org\/licenses\/by\/3.0\/\">http:\/\/creativecommons.org\/licenses\/by\/3.0\/<\/a> lizenziert.<\/p>\n<p>[\/et_pb_text][\/et_pb_column][\/et_pb_row][\/et_pb_section]<\/p>\n","protected":false},"excerpt":{"rendered":"<p>Haftungsausschluss &amp; rechtlicher Hinweise &nbsp; Zweck dieser Website Die Website wird von ehrenamtlichen K\u00fcnstlern, Filmemachern, Designern, Bloggern und Entwicklern f\u00fcr rein private pers\u00f6nliche Zwecke betrieben, um private eigene Videokunst mit anderen Freunden auszutauschen, Kollegen, Unterst\u00fctzer, Fans und Interessenten von Open-Source-Software, insbesondere in Bezug auf Open-Source-Video-Postproduktion und als Beitrag zur gemeinsamen Entwicklung von Cinelerra GG. Sie [&hellip;]<\/p>\n","protected":false},"author":1,"featured_media":0,"parent":0,"menu_order":0,"comment_status":"closed","ping_status":"closed","template":"","meta":{"_et_pb_use_builder":"on","_et_pb_old_content":"","_et_gb_content_width":"","footnotes":""},"class_list":["post-3666","page","type-page","status-publish","hentry"],"yoast_head":"<!-- This site is optimized with the Yoast SEO plugin v27.0 - https:\/\/yoast.com\/product\/yoast-seo-wordpress\/ -->\n<title>Disclaimer &amp; rechtliche Hinweise - Cinelerra GG<\/title>\n<meta name=\"robots\" content=\"noindex, nofollow\" \/>\n<meta property=\"og:locale\" content=\"de_DE\" \/>\n<meta property=\"og:type\" content=\"article\" \/>\n<meta property=\"og:title\" content=\"Disclaimer &amp; rechtliche Hinweise - Cinelerra GG\" \/>\n<meta property=\"og:description\" content=\"Haftungsausschluss &amp; rechtlicher Hinweise &nbsp; Zweck dieser Website Die Website wird von ehrenamtlichen K\u00fcnstlern, Filmemachern, Designern, Bloggern und Entwicklern f\u00fcr rein private pers\u00f6nliche Zwecke betrieben, um private eigene Videokunst mit anderen Freunden auszutauschen, Kollegen, Unterst\u00fctzer, Fans und Interessenten von Open-Source-Software, insbesondere in Bezug auf Open-Source-Video-Postproduktion und als Beitrag zur gemeinsamen Entwicklung von Cinelerra GG. Sie [&hellip;]\" \/>\n<meta property=\"og:url\" content=\"https:\/\/cinelerra-gg.org\/de\/disclaimer-rechtliche-hinweise\/\" \/>\n<meta property=\"og:site_name\" content=\"Cinelerra GG\" \/>\n<meta property=\"article:modified_time\" content=\"2020-09-26T19:00:34+00:00\" \/>\n<meta property=\"og:image\" content=\"https:\/\/cinelerra-gg.org\/wp-content\/uploads\/2018\/11\/git_red_32-1.png\" \/>\n<meta name=\"twitter:card\" content=\"summary_large_image\" \/>\n<meta name=\"twitter:label1\" content=\"Gesch\u00e4tzte Lesezeit\" \/>\n\t<meta name=\"twitter:data1\" content=\"6\u00a0Minuten\" \/>\n<script type=\"application\/ld+json\" class=\"yoast-schema-graph\">{\"@context\":\"https:\/\/schema.org\",\"@graph\":[{\"@type\":\"WebPage\",\"@id\":\"https:\/\/cinelerra-gg.org\/de\/disclaimer-rechtliche-hinweise\/\",\"url\":\"https:\/\/cinelerra-gg.org\/de\/disclaimer-rechtliche-hinweise\/\",\"name\":\"Disclaimer &amp; rechtliche Hinweise - Cinelerra GG\",\"isPartOf\":{\"@id\":\"https:\/\/cinelerra-gg.org\/de\/#website\"},\"primaryImageOfPage\":{\"@id\":\"https:\/\/cinelerra-gg.org\/de\/disclaimer-rechtliche-hinweise\/#primaryimage\"},\"image\":{\"@id\":\"https:\/\/cinelerra-gg.org\/de\/disclaimer-rechtliche-hinweise\/#primaryimage\"},\"thumbnailUrl\":\"https:\/\/cinelerra-gg.org\/wp-content\/uploads\/2018\/11\/git_red_32-1.png\",\"datePublished\":\"2019-03-11T21:50:32+00:00\",\"dateModified\":\"2020-09-26T19:00:34+00:00\",\"breadcrumb\":{\"@id\":\"https:\/\/cinelerra-gg.org\/de\/disclaimer-rechtliche-hinweise\/#breadcrumb\"},\"inLanguage\":\"de\",\"potentialAction\":[{\"@type\":\"ReadAction\",\"target\":[\"https:\/\/cinelerra-gg.org\/de\/disclaimer-rechtliche-hinweise\/\"]}]},{\"@type\":\"ImageObject\",\"inLanguage\":\"de\",\"@id\":\"https:\/\/cinelerra-gg.org\/de\/disclaimer-rechtliche-hinweise\/#primaryimage\",\"url\":\"https:\/\/cinelerra-gg.org\/wp-content\/uploads\/2018\/11\/git_red_32-1.png\",\"contentUrl\":\"https:\/\/cinelerra-gg.org\/wp-content\/uploads\/2018\/11\/git_red_32-1.png\"},{\"@type\":\"BreadcrumbList\",\"@id\":\"https:\/\/cinelerra-gg.org\/de\/disclaimer-rechtliche-hinweise\/#breadcrumb\",\"itemListElement\":[{\"@type\":\"ListItem\",\"position\":1,\"name\":\"Home\",\"item\":\"https:\/\/cinelerra-gg.org\/de\/\"},{\"@type\":\"ListItem\",\"position\":2,\"name\":\"Disclaimer &amp; rechtliche Hinweise\"}]},{\"@type\":\"WebSite\",\"@id\":\"https:\/\/cinelerra-gg.org\/de\/#website\",\"url\":\"https:\/\/cinelerra-gg.org\/de\/\",\"name\":\"Cinelerra GG\",\"description\":\"Cinelerra GG free video editing software\",\"potentialAction\":[{\"@type\":\"SearchAction\",\"target\":{\"@type\":\"EntryPoint\",\"urlTemplate\":\"https:\/\/cinelerra-gg.org\/de\/?s={search_term_string}\"},\"query-input\":{\"@type\":\"PropertyValueSpecification\",\"valueRequired\":true,\"valueName\":\"search_term_string\"}}],\"inLanguage\":\"de\"}]}<\/script>\n<!-- \/ Yoast SEO plugin. -->","yoast_head_json":{"title":"Disclaimer &amp; rechtliche Hinweise - Cinelerra GG","robots":{"index":"noindex","follow":"nofollow"},"og_locale":"de_DE","og_type":"article","og_title":"Disclaimer &amp; rechtliche Hinweise - Cinelerra GG","og_description":"Haftungsausschluss &amp; rechtlicher Hinweise &nbsp; Zweck dieser Website Die Website wird von ehrenamtlichen K\u00fcnstlern, Filmemachern, Designern, Bloggern und Entwicklern f\u00fcr rein private pers\u00f6nliche Zwecke betrieben, um private eigene Videokunst mit anderen Freunden auszutauschen, Kollegen, Unterst\u00fctzer, Fans und Interessenten von Open-Source-Software, insbesondere in Bezug auf Open-Source-Video-Postproduktion und als Beitrag zur gemeinsamen Entwicklung von Cinelerra GG. Sie [&hellip;]","og_url":"https:\/\/cinelerra-gg.org\/de\/disclaimer-rechtliche-hinweise\/","og_site_name":"Cinelerra GG","article_modified_time":"2020-09-26T19:00:34+00:00","og_image":[{"url":"https:\/\/cinelerra-gg.org\/wp-content\/uploads\/2018\/11\/git_red_32-1.png","type":"","width":"","height":""}],"twitter_card":"summary_large_image","twitter_misc":{"Gesch\u00e4tzte Lesezeit":"6\u00a0Minuten"},"schema":{"@context":"https:\/\/schema.org","@graph":[{"@type":"WebPage","@id":"https:\/\/cinelerra-gg.org\/de\/disclaimer-rechtliche-hinweise\/","url":"https:\/\/cinelerra-gg.org\/de\/disclaimer-rechtliche-hinweise\/","name":"Disclaimer &amp; rechtliche Hinweise - Cinelerra GG","isPartOf":{"@id":"https:\/\/cinelerra-gg.org\/de\/#website"},"primaryImageOfPage":{"@id":"https:\/\/cinelerra-gg.org\/de\/disclaimer-rechtliche-hinweise\/#primaryimage"},"image":{"@id":"https:\/\/cinelerra-gg.org\/de\/disclaimer-rechtliche-hinweise\/#primaryimage"},"thumbnailUrl":"https:\/\/cinelerra-gg.org\/wp-content\/uploads\/2018\/11\/git_red_32-1.png","datePublished":"2019-03-11T21:50:32+00:00","dateModified":"2020-09-26T19:00:34+00:00","breadcrumb":{"@id":"https:\/\/cinelerra-gg.org\/de\/disclaimer-rechtliche-hinweise\/#breadcrumb"},"inLanguage":"de","potentialAction":[{"@type":"ReadAction","target":["https:\/\/cinelerra-gg.org\/de\/disclaimer-rechtliche-hinweise\/"]}]},{"@type":"ImageObject","inLanguage":"de","@id":"https:\/\/cinelerra-gg.org\/de\/disclaimer-rechtliche-hinweise\/#primaryimage","url":"https:\/\/cinelerra-gg.org\/wp-content\/uploads\/2018\/11\/git_red_32-1.png","contentUrl":"https:\/\/cinelerra-gg.org\/wp-content\/uploads\/2018\/11\/git_red_32-1.png"},{"@type":"BreadcrumbList","@id":"https:\/\/cinelerra-gg.org\/de\/disclaimer-rechtliche-hinweise\/#breadcrumb","itemListElement":[{"@type":"ListItem","position":1,"name":"Home","item":"https:\/\/cinelerra-gg.org\/de\/"},{"@type":"ListItem","position":2,"name":"Disclaimer &amp; rechtliche Hinweise"}]},{"@type":"WebSite","@id":"https:\/\/cinelerra-gg.org\/de\/#website","url":"https:\/\/cinelerra-gg.org\/de\/","name":"Cinelerra GG","description":"Cinelerra GG free video editing software","potentialAction":[{"@type":"SearchAction","target":{"@type":"EntryPoint","urlTemplate":"https:\/\/cinelerra-gg.org\/de\/?s={search_term_string}"},"query-input":{"@type":"PropertyValueSpecification","valueRequired":true,"valueName":"search_term_string"}}],"inLanguage":"de"}]}},"_links":{"self":[{"href":"https:\/\/cinelerra-gg.org\/de\/wp-json\/wp\/v2\/pages\/3666","targetHints":{"allow":["GET"]}}],"collection":[{"href":"https:\/\/cinelerra-gg.org\/de\/wp-json\/wp\/v2\/pages"}],"about":[{"href":"https:\/\/cinelerra-gg.org\/de\/wp-json\/wp\/v2\/types\/page"}],"author":[{"embeddable":true,"href":"https:\/\/cinelerra-gg.org\/de\/wp-json\/wp\/v2\/users\/1"}],"replies":[{"embeddable":true,"href":"https:\/\/cinelerra-gg.org\/de\/wp-json\/wp\/v2\/comments?post=3666"}],"version-history":[{"count":0,"href":"https:\/\/cinelerra-gg.org\/de\/wp-json\/wp\/v2\/pages\/3666\/revisions"}],"wp:attachment":[{"href":"https:\/\/cinelerra-gg.org\/de\/wp-json\/wp\/v2\/media?parent=3666"}],"curies":[{"name":"wp","href":"https:\/\/api.w.org\/{rel}","templated":true}]}}