{"id":3808,"date":"2019-03-13T19:36:21","date_gmt":"2019-03-13T19:36:21","guid":{"rendered":"https:\/\/www.cinelerra-gg.org\/unterstutzung\/"},"modified":"2020-09-26T19:30:51","modified_gmt":"2020-09-26T19:30:51","slug":"unterstuetzung-fuer-cinelerra","status":"publish","type":"page","link":"https:\/\/cinelerra-gg.org\/de\/unterstuetzung-fuer-cinelerra\/","title":{"rendered":"Unterst\u00fctzung f\u00fcr Cinelerra"},"content":{"rendered":"<p>[et_pb_section fb_built=&#8220;1&#8243; _builder_version=&#8220;3.22&#8243; use_background_color_gradient=&#8220;on&#8220; background_color_gradient_start=&#8220;#000000&#8243; background_color_gradient_end=&#8220;#2b87da&#8220; background_color_gradient_start_position=&#8220;73%&#8220;][et_pb_row _builder_version=&#8220;3.25&#8243; custom_padding=&#8220;166px|0px|0|0px|false|false&#8220;][et_pb_column type=&#8220;4_4&#8243; _builder_version=&#8220;3.25&#8243; custom_padding=&#8220;|||&#8220; custom_padding__hover=&#8220;|||&#8220;][et_pb_image src=&#8220;https:\/\/cinelerra-gg.org\/wp-content\/uploads\/2018\/11\/support-v08.png&#8220; align_tablet=&#8220;center&#8220; align_phone=&#8220;&#8220; align_last_edited=&#8220;on|desktop&#8220; _builder_version=&#8220;3.26.4&#8243;][\/et_pb_image][\/et_pb_column][\/et_pb_row][\/et_pb_section][et_pb_section fb_built=&#8220;1&#8243; _builder_version=&#8220;3.22&#8243; custom_padding=&#8220;56px|0px|54px|0px|false|false&#8220;][et_pb_row _builder_version=&#8220;3.25&#8243; custom_padding=&#8220;27px|0px|27px|0px|false|false&#8220;][et_pb_column type=&#8220;4_4&#8243; _builder_version=&#8220;3.25&#8243; custom_padding=&#8220;|||&#8220; custom_padding__hover=&#8220;|||&#8220;][et_pb_text _builder_version=&#8220;3.27.4&#8243;]<\/p>\n<h1>Unterst\u00fctzung<\/h1>\n<p>Cinelerra-GG wird von Mitgliedern der Community und den aktuellen Programmierern unterst\u00fctzt. Support erh\u00e4ltst du, indem du eine E-Mail an cin[@] lists.cinelerra-gg.org schickst. F\u00fcr einen kontinuierlichen Support melde dich bitte als Mitglied in der Mailingliste an, damit du einfachen Zugang zu aktuellen Themen hast. Um sich <a href=\"https:\/\/lists.cinelerra-gg.org\/mailman\/listinfo\/cin\" target=\"_blank\" rel=\"noopener noreferrer\">anzumelden<\/a>, bitte hier klicken. Diese Mailingliste wird f\u00fcr zuk\u00fcnftige Referenzen archiviert, so dass sie sp\u00e4ter \u00fcber <a title=\"Mailingliste\" href=\"https:\/\/lists.cinelerra-gg.org\/pipermail\/cin\/\">https:\/\/lists.cinelerra-gg.org\/pipermail\/cin\/<\/a> verfolgt werden kann.<\/p>\n<p>Der Support aus der Community l\u00e4uft mit minimalen Anforderungen an die Bereitstellung von Patches, Bugfixes, Modifikationen oder Codierungshilfen von \u00fcberall her im Einklang mit der Single Solution Philosophie. Tests durch aktive Mitglieder der Community zu Beginn des Zyklus f\u00fchren in der Regel dazu, dass die Builds am Ende des Monats recht stabil sind. Da viele Funktionen von ffmpeg abgeleitet sind, sind auch die ffmpeg-Dokumentation und die Foren sehr hilfreich.<\/p>\n<p>Da unsere Mitglieder aus der ganzen Welt kommen, ist die Kommunikationssprache Englisch. Wenn du Hilfe brauchst und dein Englisch nicht so gut ist, empfehlen wir dir den <a href=\"https:\/\/www.deepl.com\/translator\">DeepL-\u00dcbersetzer<\/a>. Viele unserer Benutzer erzielen mit diesem \u00dcbersetzer sehr gute Ergebnisse und k\u00f6nnen gut mit uns kommunizieren, obwohl sie kaum Englisch sprechen.<\/p>\n<p>&nbsp;<\/p>\n<p>[\/et_pb_text][\/et_pb_column][\/et_pb_row][et_pb_row _builder_version=&#8220;3.26.4&#8243;][et_pb_column type=&#8220;4_4&#8243; _builder_version=&#8220;3.26.4&#8243;][et_pb_text _builder_version=&#8220;3.27.4&#8243;]<\/p>\n<h2>Support-\u00dcbersicht<\/h2>\n<p>[\/et_pb_text][\/et_pb_column][\/et_pb_row][et_pb_row column_structure=&#8220;1_3,1_3,1_3&#8243; _builder_version=&#8220;3.25&#8243; custom_padding=&#8220;27px|0px|13px|0px|false|false&#8220;][et_pb_column type=&#8220;1_3&#8243; _builder_version=&#8220;3.25&#8243; custom_padding=&#8220;|||&#8220; custom_padding__hover=&#8220;|||&#8220;][et_pb_blurb title=&#8220;Hilfe erhalten (Issue Tracker)&#8220; url=&#8220;https:\/\/cinelerra-gg.org\/bugtracker\/my_view_page.php&#8220; image=&#8220;https:\/\/cinelerra-gg.org\/wp-content\/uploads\/2018\/11\/bug-icon-64.png&#8220; _builder_version=&#8220;3.17.6&#8243; link_option_url=&#8220;https:\/\/cinelerra-gg.org\/bugtracker\/my_view_page.php&#8220;]<\/p>\n<p>Manchmal passieren Fehler, aber keine Sorge, wir helfen gerne bei der Behebung. Melde einfach einen Fehler und wir werden alle ein stabileres Cinelerra GG genie\u00dfen.<br \/> Bitte lies die Anweisungen auf der Bug-Tracker-Seite sorgf\u00e4ltig durch und gib alle notwendigen Informationen an.<br \/>Melde dich bei unserem Bug-Tracker an und erhalte Hilfe direkt von unseren freundlichen Entwicklern und Community-Mitgliedern. Bitte klick auf den Text.<\/p>\n<p>[\/et_pb_blurb][\/et_pb_column][et_pb_column type=&#8220;1_3&#8243; _builder_version=&#8220;3.25&#8243; custom_padding=&#8220;|||&#8220; custom_padding__hover=&#8220;|||&#8220;][et_pb_blurb title=&#8220;Kontakt aufnehmen (Mailingliste)&#8220; url=&#8220;https:\/\/lists.cinelerra-gg.org\/mailman\/listinfo\/cin&#8220; image=&#8220;https:\/\/cinelerra-gg.org\/wp-content\/uploads\/2018\/11\/email-icon-64.png&#8220; _builder_version=&#8220;3.17.6&#8243; link_option_url=&#8220;https:\/\/lists.cinelerra-gg.org\/mailman\/listinfo\/cin&#8220;]<\/p>\n<p>Abonniere unsere Mailingliste f\u00fcr die neuesten Entwicklungen und tausche dich mit unseren Entwicklern und Community-Mitgliedern aus.<br \/>F\u00fcr entdeckte Fehler oder Funktionsanfragen empfehlen wir die Verwendung des Bug Tracker. Wenn du weitere Fragen oder Themen hast, kannst du uns gerne \u00fcber unsere Mailingliste kontaktieren, bitte klicke hier.<\/p>\n<p>[\/et_pb_blurb][\/et_pb_column][et_pb_column type=&#8220;1_3&#8243; _builder_version=&#8220;3.25&#8243; custom_padding=&#8220;|||&#8220; custom_padding__hover=&#8220;|||&#8220;][et_pb_blurb title=&#8220;Archivsuche&#8220; url=&#8220;https:\/\/cinelerra-gg.org\/de\/durchsuchen-von-mail-archiven\/&#8220; image=&#8220;https:\/\/cinelerra-gg.org\/wp-content\/uploads\/2019\/04\/search-engine-64px.png&#8220; _builder_version=&#8220;3.22.1&#8243; link_option_url=&#8220;https:\/\/cinelerra-gg.org\/de\/durchsuchen-von-mail-archiven\/&#8220;]<\/p>\n<p>Wir haben Ihnen die M\u00f6glichkeit gegeben, unser Mailing-Archiv zu durchsuchen, wenn Sie etwas Bestimmtes suchen. Diese Option wurde im April 2019 aktiviert, so dass Sie E-Mails vor diesem Datum manuell durchsuchen m\u00fcssen. Alle Nachrichten nach diesem Datum werden in der Suchdatenbank enthalten.<\/p>\n<p>[\/et_pb_blurb][\/et_pb_column][\/et_pb_row][et_pb_row column_structure=&#8220;1_3,1_3,1_3&#8243; _builder_version=&#8220;3.25&#8243; custom_padding=&#8220;27px|0px|13px|0px|false|false&#8220;][et_pb_column type=&#8220;1_3&#8243; _builder_version=&#8220;3.25&#8243; custom_padding=&#8220;|||&#8220; custom_padding__hover=&#8220;|||&#8220;][et_pb_blurb title=&#8220;Dokumentation&#8220; url=&#8220;https:\/\/cinelerra-gg.org\/de\/?page_id=3803#documentation&#8220; image=&#8220;https:\/\/cinelerra-gg.org\/wp-content\/uploads\/2018\/11\/doc-icon-64.png&#8220; _builder_version=&#8220;3.17.6&#8243; link_option_url=&#8220;https:\/\/cinelerra-gg.org\/de\/?page_id=3803#documentation&#8220;]<\/p>\n<p>Du suchst die Dokumentation und weitere Informationen \u00fcber Cinelerra GG?<\/p>\n<p>Wir haben eine Reihe von PDF-Dokumenten erstellt, die dir den Einstieg in Cinelerra GG erleichtern.<\/p>\n<p>Von Benutzern erstellte Tutorials finden Sie im Forum.<\/p>\n<p>Bitte klick auf den Text.<\/p>\n<p>[\/et_pb_blurb][\/et_pb_column][et_pb_column type=&#8220;1_3&#8243; _builder_version=&#8220;3.25&#8243; custom_padding=&#8220;|||&#8220; custom_padding__hover=&#8220;|||&#8220;][et_pb_blurb title=&#8220;Forum&#8220; url=&#8220;https:\/\/cinelerra-gg.org\/forum\/&#8220; image=&#8220;https:\/\/cinelerra-gg.org\/wp-content\/uploads\/2018\/11\/video-camera-icon-64.png&#8220; _builder_version=&#8220;3.17.6&#8243; link_option_url=&#8220;https:\/\/cinelerra-gg.org\/forum\/&#8220;]<\/p>\n<p>In unserem Forum kannst du dich mit anderen Benutzern austauschen und deine kreative Arbeit teilen, es ist unsere K\u00fcnstlerecke. Dort finden Sie auch einige von Benutzern erstellte und n\u00fctzliche<a href=\"https:\/\/cinelerra-gg.org\/forum\/forum-lern\/\"><strong>Tutorials<\/strong><\/a>.<\/p>\n<p><em><strong>Wenn du Fragen hast, werden dir andere Benutzer sicherlich helfen, direkte Hilfe von den Entwicklern findest du auf unserer Mailingliste. Abonniere den Verteiler f\u00fcr technischen Support.<\/strong><\/em><\/p>\n<p>Klicke hier.<\/p>\n<p>[\/et_pb_blurb][\/et_pb_column][et_pb_column type=&#8220;1_3&#8243; _builder_version=&#8220;3.25&#8243; custom_padding=&#8220;|||&#8220; custom_padding__hover=&#8220;|||&#8220;][et_pb_blurb title=&#8220;Cinelerra-GG YouTube-Kanal&#8220; url=&#8220;https:\/\/www.youtube.com\/channel\/UCW97mOMN_tAqVCn8k4Euf1w\/&#8220; image=&#8220;https:\/\/cinelerra-gg.org\/wp-content\/uploads\/2020\/06\/YouTube_brand_dark_64px_v1.2.png&#8220; _builder_version=&#8220;4.4.7&#8243; link_option_url=&#8220;https:\/\/www.youtube.com\/channel\/UCW97mOMN_tAqVCn8k4Euf1w\/&#8220; hover_enabled=&#8220;0&#8243; alt=&#8220;YouTube Logo dunkel 64px&#8220; title_text=&#8220;YouTube_brand_dark_64px_v1.2&#8243;]<\/p>\n<p>Hier finden Sie unseren YouTube-Kanal mit einigen Tutorials \u00fcber Cinelerra-GG, die von Community-Mitgliedern erstellt wurden. Auch im Forum haben wir eine gro\u00dfe Sammlung von Videos auch von anderen YouTube-Kan\u00e4len. Wenn Sie ein Video \u00fcber Cinelerra-GG auf unserem Kanal ver\u00f6ffentlichen m\u00f6chten, k\u00f6nnen Sie uns im Forum kontaktieren.<\/p>\n<p>[\/et_pb_blurb][\/et_pb_column][\/et_pb_row][\/et_pb_section]<\/p>\n","protected":false},"excerpt":{"rendered":"<p>Unterst\u00fctzung Cinelerra-GG wird von Mitgliedern der Community und den aktuellen Programmierern unterst\u00fctzt. Support erh\u00e4ltst du, indem du eine E-Mail an cin[@] lists.cinelerra-gg.org schickst. F\u00fcr einen kontinuierlichen Support melde dich bitte als Mitglied in der Mailingliste an, damit du einfachen Zugang zu aktuellen Themen hast. Um sich anzumelden, bitte hier klicken. Diese Mailingliste wird f\u00fcr zuk\u00fcnftige [&hellip;]<\/p>\n","protected":false},"author":1,"featured_media":0,"parent":0,"menu_order":0,"comment_status":"closed","ping_status":"closed","template":"","meta":{"_et_pb_use_builder":"on","_et_pb_old_content":"","_et_gb_content_width":"","footnotes":""},"class_list":["post-3808","page","type-page","status-publish","hentry"],"yoast_head":"<!-- This site is optimized with the Yoast SEO plugin v27.0 - https:\/\/yoast.com\/product\/yoast-seo-wordpress\/ -->\n<title>Unterst\u00fctzung f\u00fcr Cinelerra - Cinelerra GG<\/title>\n<meta name=\"description\" content=\"Hier finden Sie einen \u00dcberblick \u00fcber unsere Unterst\u00fctzung. Ben\u00f6tigen Sie Hilfe bei Cinelerra? Sie haben ein Problem und suchen nach einer L\u00f6sung? Hier finden Sie eine \u00dcbersicht.\" \/>\n<meta name=\"robots\" content=\"index, follow, max-snippet:-1, max-image-preview:large, max-video-preview:-1\" \/>\n<link rel=\"canonical\" href=\"https:\/\/cinelerra-gg.org\/de\/unterstuetzung-fuer-cinelerra\/\" \/>\n<meta property=\"og:locale\" content=\"de_DE\" \/>\n<meta property=\"og:type\" content=\"article\" \/>\n<meta property=\"og:title\" content=\"Unterst\u00fctzung f\u00fcr Cinelerra - Cinelerra GG\" \/>\n<meta property=\"og:description\" content=\"Hier finden Sie einen \u00dcberblick \u00fcber unsere Unterst\u00fctzung. Ben\u00f6tigen Sie Hilfe bei Cinelerra? Sie haben ein Problem und suchen nach einer L\u00f6sung? Hier finden Sie eine \u00dcbersicht.\" \/>\n<meta property=\"og:url\" content=\"https:\/\/cinelerra-gg.org\/de\/unterstuetzung-fuer-cinelerra\/\" \/>\n<meta property=\"og:site_name\" content=\"Cinelerra GG\" \/>\n<meta property=\"article:modified_time\" content=\"2020-09-26T19:30:51+00:00\" \/>\n<meta name=\"twitter:card\" content=\"summary_large_image\" \/>\n<meta name=\"twitter:label1\" content=\"Gesch\u00e4tzte Lesezeit\" \/>\n\t<meta name=\"twitter:data1\" content=\"5\u00a0Minuten\" \/>\n<script type=\"application\/ld+json\" class=\"yoast-schema-graph\">{\"@context\":\"https:\/\/schema.org\",\"@graph\":[{\"@type\":\"WebPage\",\"@id\":\"https:\/\/cinelerra-gg.org\/de\/unterstuetzung-fuer-cinelerra\/\",\"url\":\"https:\/\/cinelerra-gg.org\/de\/unterstuetzung-fuer-cinelerra\/\",\"name\":\"Unterst\u00fctzung f\u00fcr Cinelerra - Cinelerra GG\",\"isPartOf\":{\"@id\":\"https:\/\/cinelerra-gg.org\/de\/#website\"},\"datePublished\":\"2019-03-13T19:36:21+00:00\",\"dateModified\":\"2020-09-26T19:30:51+00:00\",\"description\":\"Hier finden Sie einen \u00dcberblick \u00fcber unsere Unterst\u00fctzung. Ben\u00f6tigen Sie Hilfe bei Cinelerra? Sie haben ein Problem und suchen nach einer L\u00f6sung? Hier finden Sie eine \u00dcbersicht.\",\"breadcrumb\":{\"@id\":\"https:\/\/cinelerra-gg.org\/de\/unterstuetzung-fuer-cinelerra\/#breadcrumb\"},\"inLanguage\":\"de\",\"potentialAction\":[{\"@type\":\"ReadAction\",\"target\":[\"https:\/\/cinelerra-gg.org\/de\/unterstuetzung-fuer-cinelerra\/\"]}]},{\"@type\":\"BreadcrumbList\",\"@id\":\"https:\/\/cinelerra-gg.org\/de\/unterstuetzung-fuer-cinelerra\/#breadcrumb\",\"itemListElement\":[{\"@type\":\"ListItem\",\"position\":1,\"name\":\"Home\",\"item\":\"https:\/\/cinelerra-gg.org\/de\/\"},{\"@type\":\"ListItem\",\"position\":2,\"name\":\"Unterst\u00fctzung f\u00fcr Cinelerra\"}]},{\"@type\":\"WebSite\",\"@id\":\"https:\/\/cinelerra-gg.org\/de\/#website\",\"url\":\"https:\/\/cinelerra-gg.org\/de\/\",\"name\":\"Cinelerra GG\",\"description\":\"Cinelerra GG free video editing software\",\"potentialAction\":[{\"@type\":\"SearchAction\",\"target\":{\"@type\":\"EntryPoint\",\"urlTemplate\":\"https:\/\/cinelerra-gg.org\/de\/?s={search_term_string}\"},\"query-input\":{\"@type\":\"PropertyValueSpecification\",\"valueRequired\":true,\"valueName\":\"search_term_string\"}}],\"inLanguage\":\"de\"}]}<\/script>\n<!-- \/ Yoast SEO plugin. -->","yoast_head_json":{"title":"Unterst\u00fctzung f\u00fcr Cinelerra - Cinelerra GG","description":"Hier finden Sie einen \u00dcberblick \u00fcber unsere Unterst\u00fctzung. Ben\u00f6tigen Sie Hilfe bei Cinelerra? Sie haben ein Problem und suchen nach einer L\u00f6sung? Hier finden Sie eine \u00dcbersicht.","robots":{"index":"index","follow":"follow","max-snippet":"max-snippet:-1","max-image-preview":"max-image-preview:large","max-video-preview":"max-video-preview:-1"},"canonical":"https:\/\/cinelerra-gg.org\/de\/unterstuetzung-fuer-cinelerra\/","og_locale":"de_DE","og_type":"article","og_title":"Unterst\u00fctzung f\u00fcr Cinelerra - Cinelerra GG","og_description":"Hier finden Sie einen \u00dcberblick \u00fcber unsere Unterst\u00fctzung. Ben\u00f6tigen Sie Hilfe bei Cinelerra? Sie haben ein Problem und suchen nach einer L\u00f6sung? Hier finden Sie eine \u00dcbersicht.","og_url":"https:\/\/cinelerra-gg.org\/de\/unterstuetzung-fuer-cinelerra\/","og_site_name":"Cinelerra GG","article_modified_time":"2020-09-26T19:30:51+00:00","twitter_card":"summary_large_image","twitter_misc":{"Gesch\u00e4tzte Lesezeit":"5\u00a0Minuten"},"schema":{"@context":"https:\/\/schema.org","@graph":[{"@type":"WebPage","@id":"https:\/\/cinelerra-gg.org\/de\/unterstuetzung-fuer-cinelerra\/","url":"https:\/\/cinelerra-gg.org\/de\/unterstuetzung-fuer-cinelerra\/","name":"Unterst\u00fctzung f\u00fcr Cinelerra - Cinelerra GG","isPartOf":{"@id":"https:\/\/cinelerra-gg.org\/de\/#website"},"datePublished":"2019-03-13T19:36:21+00:00","dateModified":"2020-09-26T19:30:51+00:00","description":"Hier finden Sie einen \u00dcberblick \u00fcber unsere Unterst\u00fctzung. Ben\u00f6tigen Sie Hilfe bei Cinelerra? Sie haben ein Problem und suchen nach einer L\u00f6sung? Hier finden Sie eine \u00dcbersicht.","breadcrumb":{"@id":"https:\/\/cinelerra-gg.org\/de\/unterstuetzung-fuer-cinelerra\/#breadcrumb"},"inLanguage":"de","potentialAction":[{"@type":"ReadAction","target":["https:\/\/cinelerra-gg.org\/de\/unterstuetzung-fuer-cinelerra\/"]}]},{"@type":"BreadcrumbList","@id":"https:\/\/cinelerra-gg.org\/de\/unterstuetzung-fuer-cinelerra\/#breadcrumb","itemListElement":[{"@type":"ListItem","position":1,"name":"Home","item":"https:\/\/cinelerra-gg.org\/de\/"},{"@type":"ListItem","position":2,"name":"Unterst\u00fctzung f\u00fcr Cinelerra"}]},{"@type":"WebSite","@id":"https:\/\/cinelerra-gg.org\/de\/#website","url":"https:\/\/cinelerra-gg.org\/de\/","name":"Cinelerra GG","description":"Cinelerra GG free video editing software","potentialAction":[{"@type":"SearchAction","target":{"@type":"EntryPoint","urlTemplate":"https:\/\/cinelerra-gg.org\/de\/?s={search_term_string}"},"query-input":{"@type":"PropertyValueSpecification","valueRequired":true,"valueName":"search_term_string"}}],"inLanguage":"de"}]}},"_links":{"self":[{"href":"https:\/\/cinelerra-gg.org\/de\/wp-json\/wp\/v2\/pages\/3808","targetHints":{"allow":["GET"]}}],"collection":[{"href":"https:\/\/cinelerra-gg.org\/de\/wp-json\/wp\/v2\/pages"}],"about":[{"href":"https:\/\/cinelerra-gg.org\/de\/wp-json\/wp\/v2\/types\/page"}],"author":[{"embeddable":true,"href":"https:\/\/cinelerra-gg.org\/de\/wp-json\/wp\/v2\/users\/1"}],"replies":[{"embeddable":true,"href":"https:\/\/cinelerra-gg.org\/de\/wp-json\/wp\/v2\/comments?post=3808"}],"version-history":[{"count":0,"href":"https:\/\/cinelerra-gg.org\/de\/wp-json\/wp\/v2\/pages\/3808\/revisions"}],"wp:attachment":[{"href":"https:\/\/cinelerra-gg.org\/de\/wp-json\/wp\/v2\/media?parent=3808"}],"curies":[{"name":"wp","href":"https:\/\/api.w.org\/{rel}","templated":true}]}}