{"id":7583,"date":"2019-11-11T21:23:26","date_gmt":"2019-11-11T21:23:26","guid":{"rendered":"https:\/\/www.cinelerra-gg.org\/software-de-edicion-y-composicion-de-video\/"},"modified":"2020-10-09T20:21:50","modified_gmt":"2020-10-09T20:21:50","slug":"software-de-edicion-y-composicion-de-video","status":"publish","type":"page","link":"https:\/\/cinelerra-gg.org\/es\/","title":{"rendered":"Software de edici\u00f3n y composici\u00f3n de video"},"content":{"rendered":"<p>[et_pb_section fb_built=\u00bb1&#8243; _builder_version=\u00bb3.22&#8243; use_background_color_gradient=\u00bbon\u00bb background_color_gradient_end=\u00bb#00ede1&#8243; background_color_gradient_direction=\u00bb181deg\u00bb background_color_gradient_start_position=\u00bb48%\u00bb custom_padding=\u00bb40px|0px|20px|0px|false|false\u00bb][et_pb_row column_structure=\u00bb2_5,3_5&#8243; _builder_version=\u00bb3.25&#8243; custom_padding=\u00bb77px|0px|18px|0px|false|false\u00bb][et_pb_column type=\u00bb2_5&#8243; _builder_version=\u00bb3.25&#8243; custom_padding=\u00bb10%|||\u00bb custom_padding__hover=\u00bb|||\u00bb][et_pb_text _builder_version=\u00bb3.27.4&#8243; text_font=\u00bb||||||||\u00bb text_text_color=\u00bb#ffffff\u00bb text_font_size=\u00bb16px\u00bb header_font=\u00bb||||||||\u00bb header_2_font=\u00bb||||||||\u00bb header_2_text_align=\u00bbcenter\u00bb header_2_text_color=\u00bb#ffffff\u00bb text_orientation=\u00bbcenter\u00bb background_layout=\u00bbdark\u00bb custom_margin=\u00bb||\u00bb animation_direction=\u00bbleft\u00bb]<\/p>\n<h1 style=\"text-align: left;\">Cinelerra GG Infinity <\/h1>\n<p style=\"text-align: justify;\">Cinelerra GG Infinity es un software gratuito y de c\u00f3digo libre para Linux. Maneja renderizado, composici\u00f3n, seguimiento de movimiento, edici\u00f3n de video y mucho m\u00e1s. Es de lanzamiento constante, cada mes y de ah\u00ed el nombre adicional \u00abInfinity\u00bb. Si desea comenzar de inmediato, clic aqu\u00ed.<\/p>\n<p>[\/et_pb_text][et_pb_button button_url=\u00bbhttps:\/\/cinelerra-gg.org\/es\/descarga\/\u00bb button_text=\u00bbObtenga Cinelerra GG ahora\u00bb button_alignment=\u00bbcenter\u00bb _builder_version=\u00bb3.26.4&#8243; button_bg_use_color_gradient=\u00bbon\u00bb button_bg_color_gradient_start_position=\u00bb49%\u00bb button_icon=\u00bb%%1%%\u00bb background_layout=\u00bbdark\u00bb animation_direction=\u00bbleft\u00bb animation_duration_tablet=\u00bb\u00bb animation_duration_phone=\u00bb0ms\u00bb animation_duration_last_edited=\u00bbon|phone\u00bb box_shadow_style=\u00bbpreset2&#8243; button_bg_color__hover_enabled=\u00bbon\u00bb button_bg_color__hover=\u00bb#050505&#8243;][\/et_pb_button][\/et_pb_column][et_pb_column type=\u00bb3_5&#8243; _builder_version=\u00bb3.25&#8243; custom_padding=\u00bb10px|||\u00bb custom_padding__hover=\u00bb|||\u00bb][et_pb_image src=\u00bbhttps:\/\/cinelerra-gg.org\/wp-content\/uploads\/2018\/11\/Cinelerra-gg-product-box-11.png\u00bb align_tablet=\u00bbcenter\u00bb align_phone=\u00bb\u00bb align_last_edited=\u00bbon|desktop\u00bb _builder_version=\u00bb3.26.4&#8243; animation_direction=\u00bbright\u00bb animation_direction_tablet=\u00bb\u00bb animation_direction_phone=\u00bb\u00bb animation_direction_last_edited=\u00bbon|desktop\u00bb animation_duration_tablet=\u00bb\u00bb animation_duration_phone=\u00bb0ms\u00bb animation_duration_last_edited=\u00bbon|phone\u00bb animation_speed_curve_tablet=\u00bb\u00bb animation_speed_curve_phone=\u00bb\u00bb animation_speed_curve_last_edited=\u00bbon|phone\u00bb animation_repeat_tablet=\u00bb\u00bb animation_repeat_phone=\u00bb\u00bb animation_repeat_last_edited=\u00bbon|desktop\u00bb][\/et_pb_image][\/et_pb_column][\/et_pb_row][\/et_pb_section][et_pb_section fb_built=\u00bb1&#8243; _builder_version=\u00bb3.22&#8243; background_color=\u00bb#000000&#8243; custom_padding=\u00bb12px|0px|18px|0px|false|false\u00bb][et_pb_row column_structure=\u00bb1_4,1_4,1_4,1_4&#8243; _builder_version=\u00bb3.25&#8243; custom_padding=\u00bb23px|0px|20px|0px|false|false\u00bb][et_pb_column type=\u00bb1_4&#8243; _builder_version=\u00bb3.25&#8243; custom_padding=\u00bb|||\u00bb custom_padding__hover=\u00bb|||\u00bb][et_pb_image src=\u00bbhttps:\/\/cinelerra-gg.org\/wp-content\/uploads\/2018\/11\/8K_logo_120.jpg\u00bb url=\u00bbhttps:\/\/cinelerra-gg.org\/es\/caracteristicas\/#8k-feature\u00bb align=\u00bbcenter\u00bb align_tablet=\u00bbcenter\u00bb align_phone=\u00bb\u00bb align_last_edited=\u00bbon|desktop\u00bb _builder_version=\u00bb3.26.4&#8243; max_width=\u00bb43%\u00bb animation_duration_tablet=\u00bb\u00bb animation_duration_phone=\u00bb0ms\u00bb animation_duration_last_edited=\u00bbon|desktop\u00bb][\/et_pb_image][\/et_pb_column][et_pb_column type=\u00bb1_4&#8243; _builder_version=\u00bb3.25&#8243; custom_padding=\u00bb|||\u00bb custom_padding__hover=\u00bb|||\u00bb][et_pb_image src=\u00bbhttps:\/\/cinelerra-gg.org\/wp-content\/uploads\/2018\/11\/LV2-Logo_20.jpg\u00bb url=\u00bbhttps:\/\/cinelerra-gg.org\/es\/caracteristicas\/#lv2-feature\u00bb align=\u00bbcenter\u00bb align_tablet=\u00bbcenter\u00bb align_phone=\u00bb\u00bb align_last_edited=\u00bbon|desktop\u00bb _builder_version=\u00bb3.26.4&#8243; max_width=\u00bb43%\u00bb animation_duration_tablet=\u00bb\u00bb animation_duration_phone=\u00bb0ms\u00bb animation_duration_last_edited=\u00bbon|desktop\u00bb][\/et_pb_image][\/et_pb_column][et_pb_column type=\u00bb1_4&#8243; _builder_version=\u00bb3.25&#8243; custom_padding=\u00bb|||\u00bb custom_padding__hover=\u00bb|||\u00bb][et_pb_image src=\u00bbhttps:\/\/cinelerra-gg.org\/wp-content\/uploads\/2018\/11\/Multicamera_05.jpg\u00bb url=\u00bbhttps:\/\/cinelerra-gg.org\/es\/caracteristicas\/#multi-camera-feature\u00bb align=\u00bbcenter\u00bb align_tablet=\u00bbcenter\u00bb align_phone=\u00bb\u00bb align_last_edited=\u00bbon|desktop\u00bb _builder_version=\u00bb3.26.4&#8243; max_width=\u00bb51%\u00bb animation_duration_tablet=\u00bb\u00bb animation_duration_phone=\u00bb0ms\u00bb animation_duration_last_edited=\u00bbon|desktop\u00bb][\/et_pb_image][\/et_pb_column][et_pb_column type=\u00bb1_4&#8243; _builder_version=\u00bb3.25&#8243; custom_padding=\u00bb|||\u00bb custom_padding__hover=\u00bb|||\u00bb][et_pb_image src=\u00bbhttps:\/\/cinelerra-gg.org\/wp-content\/uploads\/2018\/11\/Proxy_02.jpg\u00bb url=\u00bbhttps:\/\/cinelerra-gg.org\/es\/caracteristicas\/#proxy-feature\u00bb align=\u00bbcenter\u00bb align_tablet=\u00bbcenter\u00bb align_phone=\u00bb\u00bb align_last_edited=\u00bbon|desktop\u00bb _builder_version=\u00bb3.26.4&#8243; max_width=\u00bb49%\u00bb animation_duration_tablet=\u00bb\u00bb animation_duration_phone=\u00bb0ms\u00bb animation_duration_last_edited=\u00bbon|desktop\u00bb][\/et_pb_image][\/et_pb_column][\/et_pb_row][et_pb_row _builder_version=\u00bb3.26.4&#8243;][et_pb_column type=\u00bb4_4&#8243; _builder_version=\u00bb3.25&#8243; custom_padding=\u00bb|||\u00bb custom_padding__hover=\u00bb|||\u00bb][et_pb_text _builder_version=\u00bb3.27.4&#8243; text_font=\u00bb||||||||\u00bb background_layout=\u00bbdark\u00bb]<\/p>\n<h2>What features does Cinelerra have?<\/h2>\n<p>Here you see a small part of the extensive features. Cinelerra GG Infinity is an 8k editor, supports <a href=\"https:\/\/en.wikipedia.org\/wiki\/LV2\">LV2<\/a> like the audio mastering software <a href=\"https:\/\/calf-studio-gear.org\/\">Calf Studio Gear<\/a> and works with multiple cameras. It supports proxies and has a text editor for creating titles and texts for your videos. <a href=\"https:\/\/cinelerra-gg.org\/de\/?page_id=2538\">Here you will<\/a> find a more extensive feature list.<\/p>\n<p>[\/et_pb_text][\/et_pb_column][\/et_pb_row][\/et_pb_section][et_pb_section fb_built=\u00bb1&#8243; _builder_version=\u00bb3.26.4&#8243; custom_padding=\u00bb90px||92px|||\u00bb][et_pb_row _builder_version=\u00bb3.26.4&#8243;][et_pb_column type=\u00bb4_4&#8243; _builder_version=\u00bb3.25&#8243; custom_padding=\u00bb|||\u00bb custom_padding__hover=\u00bb|||\u00bb][et_pb_text _builder_version=\u00bb3.27.4&#8243;]<\/p>\n<h2>\u00bfQu\u00e9 es Cinelerra GG Infinity?<\/h2>\n<p>Cinelerra GG es un software libre de edici\u00f3n de video que te permite editar tus videos y y hacerlos ver como una pel\u00edcula con transiciones, efectos y textos. Puede utilizarlo para recortar partes antiest\u00e9ticas del v\u00eddeo, reorganizar secuencias, a\u00f1adir transiciones bonitas, mejorar el detalle visual o la calidad de audio y a\u00f1adir m\u00fasica. Renderice su nuevo proyecto de video directamente con los ajustes preestablecidos de YouTube. Cinelerra GG Infinity es dise\u00f1ado por profesionales, pero es tan bueno para principiantes como para sacarle el m\u00e1ximo provecho a sus videos.<\/p>\n<p>[\/et_pb_text][\/et_pb_column][\/et_pb_row][\/et_pb_section][et_pb_section fb_built=\u00bb1&#8243; fullwidth=\u00bbon\u00bb _builder_version=\u00bb4.4.2&#8243;][et_pb_fullwidth_image src=\u00bbhttps:\/\/cinelerra-gg.org\/wp-content\/uploads\/2020\/05\/Multi-screen-1.jpg\u00bb _builder_version=\u00bb4.4.2&#8243;][\/et_pb_fullwidth_image][\/et_pb_section][et_pb_section fb_built=\u00bb1&#8243; _builder_version=\u00bb3.22&#8243; background_color=\u00bb#fafafa\u00bb custom_padding=\u00bb164px|0px|165px|0px|false|false\u00bb][et_pb_row column_structure=\u00bb2_3,1_3&#8243; _builder_version=\u00bb3.25&#8243;][et_pb_column type=\u00bb2_3&#8243; _builder_version=\u00bb3.25&#8243; custom_padding=\u00bb|||\u00bb custom_padding__hover=\u00bb|||\u00bb][et_pb_image src=\u00bbhttps:\/\/cinelerra-gg.org\/wp-content\/uploads\/2018\/11\/Cin-Desktop_09.jpg\u00bb align_tablet=\u00bbcenter\u00bb align_phone=\u00bb\u00bb align_last_edited=\u00bbon|desktop\u00bb _builder_version=\u00bb3.26.4&#8243; animation_direction=\u00bbleft\u00bb animation_duration_tablet=\u00bb\u00bb animation_duration_phone=\u00bb0ms\u00bb animation_duration_last_edited=\u00bbon|desktop\u00bb][\/et_pb_image][\/et_pb_column][et_pb_column type=\u00bb1_3&#8243; _builder_version=\u00bb3.25&#8243; custom_padding=\u00bb|||\u00bb custom_padding__hover=\u00bb|||\u00bb][et_pb_text _builder_version=\u00bb3.27.4&#8243; text_font=\u00bb||||||||\u00bb text_font_size=\u00bb16px\u00bb animation_duration_tablet=\u00bb\u00bb animation_duration_phone=\u00bb0ms\u00bb animation_duration_last_edited=\u00bbon|desktop\u00bb]<\/p>\n<h2 style=\"text-align: left;\">Software libre de edici\u00f3n de video<\/h2>\n<p>&nbsp;<\/p>\n<p style=\"text-align: justify;\">Cinelerra GG Infinity es un software libre de edici\u00f3n de v\u00eddeo para Linux que ahorra recursos. Se caracteriza por sus amplias posibilidades de modificar los medios de v\u00eddeo y audio. A trav\u00e9s de la integraci\u00f3n del paquete de software <a href=\"https:\/\/en.wikipedia.org\/wiki\/FFmpeg\">FFmpeg<\/a>, cientos de extensiones y c\u00f3decs est\u00e1n disponibles. Ciertamente no es comparable con la funcionalidad del software de edici\u00f3n de v\u00eddeo comercial m\u00e1s importante en el campo de la postproducci\u00f3n de v\u00eddeo, pero es m\u00e1s que suficiente para el usuario com\u00fan. Es gratis y de c\u00f3digo abierto. Junto a muchos cineastas, desarrolladores y seguidores buscamos un continuo desarrollo, de ah\u00ed el nombre adicional de Infinity, para un <a href=\"https:\/\/en.wikipedia.org\/wiki\/Rolling_release\">lanzamiento mensual<\/a>.<\/p>\n<p>[\/et_pb_text][\/et_pb_column][\/et_pb_row][\/et_pb_section][et_pb_section fb_built=\u00bb1&#8243; _builder_version=\u00bb3.22&#8243; background_color=\u00bb#e8e8e8&#8243;][et_pb_row _builder_version=\u00bb3.25&#8243; custom_padding=\u00bb27px|0px|7px|0px|false|false\u00bb][et_pb_column type=\u00bb4_4&#8243; _builder_version=\u00bb3.25&#8243; custom_padding=\u00bb|||\u00bb custom_padding__hover=\u00bb|||\u00bb][et_pb_blog posts_number=\u00bb1&#8243; include_categories=\u00bb13&#8243; show_content=\u00bbon\u00bb _builder_version=\u00bb3.26.4&#8243; animation_duration_tablet=\u00bb\u00bb animation_duration_phone=\u00bb0ms\u00bb animation_duration_last_edited=\u00bbon|desktop\u00bb][\/et_pb_blog][\/et_pb_column][\/et_pb_row][\/et_pb_section][et_pb_section fb_built=\u00bb1&#8243; _builder_version=\u00bb3.22&#8243; background_color=\u00bb#fafafa\u00bb custom_padding=\u00bb100px|0px|103px|0px|false|false\u00bb][et_pb_row column_structure=\u00bb3_4,1_4&#8243; _builder_version=\u00bb3.25&#8243; custom_padding=\u00bb33px|0px|27px|0px|false|false\u00bb][et_pb_column type=\u00bb3_4&#8243; _builder_version=\u00bb3.25&#8243; custom_padding=\u00bb|||\u00bb custom_padding__hover=\u00bb|||\u00bb][et_pb_text disabled_on=\u00bboff|off|off\u00bb _builder_version=\u00bb3.27.4&#8243; text_font=\u00bb||||||||\u00bb text_font_size=\u00bb16px\u00bb custom_margin=\u00bb|||\u00bb custom_padding=\u00bb10%|||\u00bb animation_duration_tablet=\u00bb\u00bb animation_duration_phone=\u00bb0ms\u00bb animation_duration_last_edited=\u00bbon|desktop\u00bb]<\/p>\n<h2 style=\"text-align: left;\">\u00abShuttlePro v2\u00bb y \u00abShuttleXpress\u00bb<\/h2>\n<p>Muchos expertos en edici\u00f3n de video prefieren trabajar con apropiados dispositivos de control de edici\u00f3n de video para incrementar el flujo de trabajo. En respuesta a la demanda de los usuarios, hemos integrado el Jog Wheels <a href=\"https:\/\/www.contourdesign.com\/product\/shuttle\/\" title=\"ShuttlePro v2 Amazon.com\">ShuttlePROv2<\/a> y <a href=\"https:\/\/www.amazon.com\/Contour-Design-Shuttle-Xpress-Multimedia-Controller\/dp\/B0001DBEKG\/ref=sr_1_4?crid=36JTKCHPG5F9J&amp;keywords=shuttle+express&amp;qid=1551485958&amp;s=gateway&amp;sprefix=shuttle+Xpress%2Caps%2C250&amp;sr=8-4\" title=\"ShuttleXpress Amazon.com\">ShuttleXpress<\/a> con Cinelerra-GG para facilitar una operaci\u00f3n intuitiva. Mas informaci\u00f3n detalla puede encontrarse en el <a href=\"https:\/\/cinelerra-gg.org\/download\/CinelerraGG_Manual.pdf\" title=\"Cinelerra-GG Manual\">Manual de usuario<\/a>.<\/p>\n<p>[\/et_pb_text][\/et_pb_column][et_pb_column type=\u00bb1_4&#8243; _builder_version=\u00bb3.25&#8243; custom_padding=\u00bb|||\u00bb custom_padding__hover=\u00bb|||\u00bb][et_pb_image src=\u00bbhttps:\/\/cinelerra-gg.org\/wp-content\/uploads\/2019\/03\/ShuttlePro_vertical_v1.1.png\u00bb align_tablet=\u00bbcenter\u00bb align_phone=\u00bb\u00bb align_last_edited=\u00bbon|desktop\u00bb _builder_version=\u00bb3.26.4&#8243; animation_direction=\u00bbleft\u00bb animation_duration_tablet=\u00bb\u00bb animation_duration_phone=\u00bb0ms\u00bb animation_duration_last_edited=\u00bbon|desktop\u00bb][\/et_pb_image][\/et_pb_column][\/et_pb_row][\/et_pb_section][et_pb_section fb_built=\u00bb1&#8243; _builder_version=\u00bb3.22&#8243; background_color=\u00bb#000000&#8243; parallax=\u00bbon\u00bb custom_padding=\u00bb113px|0px|135px|0px|false|false\u00bb][et_pb_row _builder_version=\u00bb3.25&#8243;][et_pb_column type=\u00bb4_4&#8243; _builder_version=\u00bb3.25&#8243; custom_padding=\u00bb|||\u00bb custom_padding__hover=\u00bb|||\u00bb][et_pb_video src=\u00bbhttps:\/\/youtu.be\/SRaQwm9bIVk\u00bb image_src=\u00bb\/\/i.ytimg.com\/vi\/SzP2o2OJ90g\/hqdefault.jpg\u00bb _builder_version=\u00bb4.4.7&#8243; hover_enabled=\u00bb0&#8243;][\/et_pb_video][\/et_pb_column][\/et_pb_row][\/et_pb_section][et_pb_section fb_built=\u00bb1&#8243; _builder_version=\u00bb3.22&#8243; background_color=\u00bb#fcfcfc\u00bb parallax=\u00bbon\u00bb custom_padding=\u00bb58px|0px|32px|0px|false|false\u00bb][et_pb_row _builder_version=\u00bb3.26.4&#8243;][et_pb_column type=\u00bb4_4&#8243; _builder_version=\u00bb3.25&#8243; custom_padding=\u00bb|||\u00bb custom_padding__hover=\u00bb|||\u00bb][et_pb_image src=\u00bbhttps:\/\/cinelerra-gg.org\/wp-content\/uploads\/2018\/11\/Cin-Desktop_04.jpg\u00bb align=\u00bbcenter\u00bb align_tablet=\u00bbcenter\u00bb align_phone=\u00bb\u00bb align_last_edited=\u00bbon|desktop\u00bb _builder_version=\u00bb3.26.4&#8243; animation_duration_tablet=\u00bb\u00bb animation_duration_phone=\u00bb0ms\u00bb animation_duration_last_edited=\u00bbon|desktop\u00bb][\/et_pb_image][\/et_pb_column][\/et_pb_row][\/et_pb_section][et_pb_section fb_built=\u00bb1&#8243; _builder_version=\u00bb3.22&#8243; background_color=\u00bb#fcfcfc\u00bb parallax=\u00bbon\u00bb custom_padding=\u00bb90px|0px|135px|0px|false|false\u00bb][et_pb_row column_structure=\u00bb3_4,1_4&#8243; _builder_version=\u00bb3.26.4&#8243; custom_padding=\u00bb46px|0px|50px|0px|false|false\u00bb animation_delay_tablet=\u00bb\u00bb animation_delay_phone=\u00bb\u00bb animation_delay_last_edited=\u00bbon|phone\u00bb][et_pb_column type=\u00bb3_4&#8243; _builder_version=\u00bb3.25&#8243; custom_padding=\u00bb|||\u00bb custom_padding__hover=\u00bb|||\u00bb][et_pb_text _builder_version=\u00bb3.27.4&#8243;]<\/p>\n<h2>Is Cinelerra GG Infinity also available for other operating systems?<\/h2>\n<p>Cinelerra GG Infinity is available for <a href=\"https:\/\/en.wikipedia.org\/wiki\/Linux\">GNU\/Linux<\/a> and <a href=\"https:\/\/en.wikipedia.org\/wiki\/FreeBSD\">FreeBSD<\/a>. Due to the lack of professional video editing applications for Linux, Cinelerra was developed for Linux. Cinelerra GG therefore serves as a replacement and for this reason there is no Windows or Mac version. We support up to nine different distributions. <a href=\"https:\/\/cinelerra-gg.org\/de\/?page_id=3803\">Click here<\/a> to go to the download overview page.<\/p>\n<p>[\/et_pb_text][\/et_pb_column][et_pb_column type=\u00bb1_4&#8243; _builder_version=\u00bb3.25&#8243; custom_padding=\u00bb|||\u00bb custom_padding__hover=\u00bb|||\u00bb][et_pb_image src=\u00bbhttps:\/\/cinelerra-gg.org\/wp-content\/uploads\/2019\/01\/computer_128px.png\u00bb align_tablet=\u00bbcenter\u00bb align_phone=\u00bb\u00bb align_last_edited=\u00bbon|desktop\u00bb _builder_version=\u00bb3.26.4&#8243;][\/et_pb_image][\/et_pb_column][\/et_pb_row][et_pb_row column_structure=\u00bb1_4,3_4&#8243; _builder_version=\u00bb3.26.4&#8243; custom_padding=\u00bb46px|0px|27px|0px|false|false\u00bb animation_delay_tablet=\u00bb\u00bb animation_delay_phone=\u00bb\u00bb animation_delay_last_edited=\u00bbon|desktop\u00bb][et_pb_column type=\u00bb1_4&#8243; _builder_version=\u00bb3.25&#8243; custom_padding=\u00bb|||\u00bb custom_padding__hover=\u00bb|||\u00bb][et_pb_image src=\u00bbhttps:\/\/cinelerra-gg.org\/wp-content\/uploads\/2019\/01\/help.png\u00bb align=\u00bbcenter\u00bb align_tablet=\u00bbcenter\u00bb align_phone=\u00bb\u00bb align_last_edited=\u00bbon|desktop\u00bb _builder_version=\u00bb3.23&#8243;][\/et_pb_image][\/et_pb_column][et_pb_column type=\u00bb3_4&#8243; _builder_version=\u00bb3.25&#8243; custom_padding=\u00bb|||\u00bb custom_padding__hover=\u00bb|||\u00bb][et_pb_text _builder_version=\u00bb3.27.4&#8243;]<\/p>\n<h2>I need help, who can help me?<\/h2>\n<p>We are a free community of filmmakers and developers and help each other. If you don&#8217;t know what to do and need help, our dedicated volunteers or developers will help. Here you will find a <a href=\"https:\/\/cinelerra-gg.org\/de\/?page_id=3808\">support overview<\/a> of all important contact points, from <a href=\"https:\/\/cinelerra-gg.org\/forum\/\">forums,<\/a> <a href=\"https:\/\/cinelerra-gg.org\/bugtracker\/my_view_page.php\">issue trackers<\/a> to <a href=\"https:\/\/lists.cinelerra-gg.org\/mailman\/listinfo\/cin\">mailing lists<\/a>. If you are new here, we recommend that you use the forum first. Here you will find the <a href=\"https:\/\/cinelerra-gg.org\/de\/?page_id=3803#documentation\">documentation<\/a>, try to get a small overview there.<\/p>\n<p>&nbsp;<\/p>\n<p>[\/et_pb_text][\/et_pb_column][\/et_pb_row][\/et_pb_section]<\/p>\n","protected":false},"excerpt":{"rendered":"<p>Cinelerra GG Infinity Cinelerra GG Infinity es un software gratuito y de c\u00f3digo libre para Linux. Maneja renderizado, composici\u00f3n, seguimiento de movimiento, edici\u00f3n de video y mucho m\u00e1s. Es de lanzamiento constante, cada mes y de ah\u00ed el nombre adicional \u00abInfinity\u00bb. Si desea comenzar de inmediato, clic aqu\u00ed.What features does Cinelerra have? Here you see [&hellip;]<\/p>\n","protected":false},"author":1,"featured_media":0,"parent":0,"menu_order":0,"comment_status":"closed","ping_status":"closed","template":"","meta":{"_et_pb_use_builder":"on","_et_pb_old_content":"","_et_gb_content_width":"","footnotes":""},"class_list":["post-7583","page","type-page","status-publish","hentry"],"yoast_head":"<!-- This site is optimized with the Yoast SEO plugin v27.0 - https:\/\/yoast.com\/product\/yoast-seo-wordpress\/ -->\n<title>Software libre de edici\u00f3n de video Cinelerra GG Infinity para Linux<\/title>\n<meta name=\"description\" content=\"Cinelerra GG Infinity es un software o e video en Linux. Edita tus videos como un profesional para YouTube, Facebook e Instagram.\" \/>\n<meta name=\"robots\" content=\"index, follow, max-snippet:-1, max-image-preview:large, max-video-preview:-1\" \/>\n<link rel=\"canonical\" href=\"https:\/\/cinelerra-gg.org\/es\/\" \/>\n<meta property=\"og:locale\" content=\"es_ES\" \/>\n<meta property=\"og:type\" content=\"article\" \/>\n<meta property=\"og:title\" content=\"Software libre de edici\u00f3n de video Cinelerra GG Infinity para Linux\" \/>\n<meta property=\"og:description\" content=\"Cinelerra GG Infinity es un software o e video en Linux. Edita tus videos como un profesional para YouTube, Facebook e Instagram.\" \/>\n<meta property=\"og:url\" content=\"https:\/\/cinelerra-gg.org\/es\/\" \/>\n<meta property=\"og:site_name\" content=\"Cinelerra GG\" \/>\n<meta property=\"article:modified_time\" content=\"2020-10-09T20:21:50+00:00\" \/>\n<meta name=\"twitter:card\" content=\"summary_large_image\" \/>\n<meta name=\"twitter:label1\" content=\"Tiempo de lectura\" \/>\n\t<meta name=\"twitter:data1\" content=\"10 minutos\" \/>\n<script type=\"application\/ld+json\" class=\"yoast-schema-graph\">{\"@context\":\"https:\/\/schema.org\",\"@graph\":[{\"@type\":\"WebPage\",\"@id\":\"https:\/\/cinelerra-gg.org\/es\/\",\"url\":\"https:\/\/cinelerra-gg.org\/es\/\",\"name\":\"Software libre de edici\u00f3n de video Cinelerra GG Infinity para Linux\",\"isPartOf\":{\"@id\":\"https:\/\/cinelerra-gg.org\/es\/#website\"},\"datePublished\":\"2019-11-11T21:23:26+00:00\",\"dateModified\":\"2020-10-09T20:21:50+00:00\",\"description\":\"Cinelerra GG Infinity es un software o e video en Linux. Edita tus videos como un profesional para YouTube, Facebook e Instagram.\",\"breadcrumb\":{\"@id\":\"https:\/\/cinelerra-gg.org\/es\/#breadcrumb\"},\"inLanguage\":\"es\",\"potentialAction\":[{\"@type\":\"ReadAction\",\"target\":[\"https:\/\/cinelerra-gg.org\/es\/\"]}]},{\"@type\":\"BreadcrumbList\",\"@id\":\"https:\/\/cinelerra-gg.org\/es\/#breadcrumb\",\"itemListElement\":[{\"@type\":\"ListItem\",\"position\":1,\"name\":\"Home\",\"item\":\"https:\/\/cinelerra-gg.org\/es\/\"},{\"@type\":\"ListItem\",\"position\":2,\"name\":\"Software de edici\u00f3n y composici\u00f3n de video\"}]},{\"@type\":\"WebSite\",\"@id\":\"https:\/\/cinelerra-gg.org\/es\/#website\",\"url\":\"https:\/\/cinelerra-gg.org\/es\/\",\"name\":\"Cinelerra GG\",\"description\":\"Cinelerra GG free video editing software\",\"potentialAction\":[{\"@type\":\"SearchAction\",\"target\":{\"@type\":\"EntryPoint\",\"urlTemplate\":\"https:\/\/cinelerra-gg.org\/es\/?s={search_term_string}\"},\"query-input\":{\"@type\":\"PropertyValueSpecification\",\"valueRequired\":true,\"valueName\":\"search_term_string\"}}],\"inLanguage\":\"es\"}]}<\/script>\n<!-- \/ Yoast SEO plugin. -->","yoast_head_json":{"title":"Software libre de edici\u00f3n de video Cinelerra GG Infinity para Linux","description":"Cinelerra GG Infinity es un software o e video en Linux. Edita tus videos como un profesional para YouTube, Facebook e Instagram.","robots":{"index":"index","follow":"follow","max-snippet":"max-snippet:-1","max-image-preview":"max-image-preview:large","max-video-preview":"max-video-preview:-1"},"canonical":"https:\/\/cinelerra-gg.org\/es\/","og_locale":"es_ES","og_type":"article","og_title":"Software libre de edici\u00f3n de video Cinelerra GG Infinity para Linux","og_description":"Cinelerra GG Infinity es un software o e video en Linux. Edita tus videos como un profesional para YouTube, Facebook e Instagram.","og_url":"https:\/\/cinelerra-gg.org\/es\/","og_site_name":"Cinelerra GG","article_modified_time":"2020-10-09T20:21:50+00:00","twitter_card":"summary_large_image","twitter_misc":{"Tiempo de lectura":"10 minutos"},"schema":{"@context":"https:\/\/schema.org","@graph":[{"@type":"WebPage","@id":"https:\/\/cinelerra-gg.org\/es\/","url":"https:\/\/cinelerra-gg.org\/es\/","name":"Software libre de edici\u00f3n de video Cinelerra GG Infinity para Linux","isPartOf":{"@id":"https:\/\/cinelerra-gg.org\/es\/#website"},"datePublished":"2019-11-11T21:23:26+00:00","dateModified":"2020-10-09T20:21:50+00:00","description":"Cinelerra GG Infinity es un software o e video en Linux. Edita tus videos como un profesional para YouTube, Facebook e Instagram.","breadcrumb":{"@id":"https:\/\/cinelerra-gg.org\/es\/#breadcrumb"},"inLanguage":"es","potentialAction":[{"@type":"ReadAction","target":["https:\/\/cinelerra-gg.org\/es\/"]}]},{"@type":"BreadcrumbList","@id":"https:\/\/cinelerra-gg.org\/es\/#breadcrumb","itemListElement":[{"@type":"ListItem","position":1,"name":"Home","item":"https:\/\/cinelerra-gg.org\/es\/"},{"@type":"ListItem","position":2,"name":"Software de edici\u00f3n y composici\u00f3n de video"}]},{"@type":"WebSite","@id":"https:\/\/cinelerra-gg.org\/es\/#website","url":"https:\/\/cinelerra-gg.org\/es\/","name":"Cinelerra GG","description":"Cinelerra GG free video editing software","potentialAction":[{"@type":"SearchAction","target":{"@type":"EntryPoint","urlTemplate":"https:\/\/cinelerra-gg.org\/es\/?s={search_term_string}"},"query-input":{"@type":"PropertyValueSpecification","valueRequired":true,"valueName":"search_term_string"}}],"inLanguage":"es"}]}},"_links":{"self":[{"href":"https:\/\/cinelerra-gg.org\/es\/wp-json\/wp\/v2\/pages\/7583","targetHints":{"allow":["GET"]}}],"collection":[{"href":"https:\/\/cinelerra-gg.org\/es\/wp-json\/wp\/v2\/pages"}],"about":[{"href":"https:\/\/cinelerra-gg.org\/es\/wp-json\/wp\/v2\/types\/page"}],"author":[{"embeddable":true,"href":"https:\/\/cinelerra-gg.org\/es\/wp-json\/wp\/v2\/users\/1"}],"replies":[{"embeddable":true,"href":"https:\/\/cinelerra-gg.org\/es\/wp-json\/wp\/v2\/comments?post=7583"}],"version-history":[{"count":0,"href":"https:\/\/cinelerra-gg.org\/es\/wp-json\/wp\/v2\/pages\/7583\/revisions"}],"wp:attachment":[{"href":"https:\/\/cinelerra-gg.org\/es\/wp-json\/wp\/v2\/media?parent=7583"}],"curies":[{"name":"wp","href":"https:\/\/api.w.org\/{rel}","templated":true}]}}