{"id":7595,"date":"2019-11-12T14:10:20","date_gmt":"2019-11-12T14:10:20","guid":{"rendered":"https:\/\/www.cinelerra-gg.org\/soporte-para-cinelerra\/"},"modified":"2020-10-09T20:21:50","modified_gmt":"2020-10-09T20:21:50","slug":"soporte-para-cinelerra","status":"publish","type":"page","link":"https:\/\/cinelerra-gg.org\/es\/soporte-para-cinelerra\/","title":{"rendered":"Soporte para Cinelerra"},"content":{"rendered":"<p>[et_pb_section fb_built=\u00bb1&#8243; _builder_version=\u00bb3.22&#8243; use_background_color_gradient=\u00bbon\u00bb background_color_gradient_start=\u00bb#000000&#8243; background_color_gradient_end=\u00bb#2b87da\u00bb background_color_gradient_start_position=\u00bb73%\u00bb][et_pb_row _builder_version=\u00bb3.25&#8243; custom_padding=\u00bb166px|0px|0|0px|false|false\u00bb][et_pb_column type=\u00bb4_4&#8243; _builder_version=\u00bb3.25&#8243; custom_padding=\u00bb|||\u00bb custom_padding__hover=\u00bb|||\u00bb][et_pb_image src=\u00bbhttps:\/\/cinelerra-gg.org\/wp-content\/uploads\/2018\/11\/support-v08.png\u00bb align_tablet=\u00bbcenter\u00bb align_phone=\u00bb\u00bb align_last_edited=\u00bbon|desktop\u00bb _builder_version=\u00bb3.26.4&#8243;][\/et_pb_image][\/et_pb_column][\/et_pb_row][\/et_pb_section][et_pb_section fb_built=\u00bb1&#8243; _builder_version=\u00bb3.22&#8243; custom_padding=\u00bb56px|0px|54px|0px|false|false\u00bb][et_pb_row _builder_version=\u00bb3.25&#8243; custom_padding=\u00bb27px|0px|27px|0px|false|false\u00bb][et_pb_column type=\u00bb4_4&#8243; _builder_version=\u00bb3.25&#8243; custom_padding=\u00bb|||\u00bb custom_padding__hover=\u00bb|||\u00bb][et_pb_text _builder_version=\u00bb3.27.4&#8243;]<\/p>\n<h1>Soporte<\/h1>\n<p>Cinelerra-GG est\u00e1 soportado por miembros de la comunidad y los actuales programadores. El soporte puede ser obtenido enviando un email a cin [@] lists.cinelerra-gg.org. Para obtener soporte continuo, por favor suscr\u00edbase a la lista de correo como un miembro para tener f\u00e1cil acceso a los problemas actuales. Para suscribirse, clic <a href=\"https:\/\/lists.cinelerra-gg.org\/mailman\/listinfo\/cin\" target=\"_blank\" rel=\"noopener noreferrer\">aqu\u00ed<\/a>. Esta lista de correo est\u00e1 archivada para futura referencia, entonces puede ser seguida en adelante v\u00eda <a title=\"Lista de correo\" href=\"https:\/\/lists.cinelerra-gg.org\/pipermail\/cin\/\">https:\/\/lists.cinelerra-gg.org\/pipermail\/cin\/<\/a> .<\/p>\n<p>El soporte de la comunidad es continuo, con requisitos m\u00ednimos para proporcionar parches, correcciones de errores, modificaciones o ayuda de codificaci\u00f3n desde cualquier lugar de acuerdo con la filosof\u00eda de la soluci\u00f3n \u00fanica. Las pruebas realizadas por miembros activos de la comunidad al principio del ciclo generalmente dan como resultado que las compilaciones de \u00abfin de mes\u00bb sean bastante estables. Dado que muchas de las caracter\u00edsticas se derivan de ffmpeg, la documentaci\u00f3n y los foros de ffmpeg tambi\u00e9n son muy \u00fatiles.<\/p>\n<p>Dado que nuestros miembros provienen de todo el mundo, el idioma de comunicaci\u00f3n es el ingl\u00e9s. Si necesitas ayuda y tu ingl\u00e9s no es tan bueno, recomendamos que utilice el traductor <a href=\"https:\/\/www.deepl.com\/translator\">traductor DeepL<\/a>. Muchos de nuestros usuarios obtienen muy buenos resultados con este traductor y pueden comunicarse bien con nosotros aunque apenas hablen ingl\u00e9s.<\/p>\n<p>&nbsp;<\/p>\n<p>[\/et_pb_text][\/et_pb_column][\/et_pb_row][et_pb_row _builder_version=\u00bb3.26.4&#8243;][et_pb_column type=\u00bb4_4&#8243; _builder_version=\u00bb3.26.4&#8243;][et_pb_text _builder_version=\u00bb3.27.4&#8243;]<\/p>\n<h2>Resumen del soporte<\/h2>\n<p>[\/et_pb_text][\/et_pb_column][\/et_pb_row][et_pb_row column_structure=\u00bb1_3,1_3,1_3&#8243; _builder_version=\u00bb3.25&#8243; custom_padding=\u00bb27px|0px|13px|0px|false|false\u00bb][et_pb_column type=\u00bb1_3&#8243; _builder_version=\u00bb3.25&#8243; custom_padding=\u00bb|||\u00bb custom_padding__hover=\u00bb|||\u00bb][et_pb_blurb title=\u00bbObtener ayuda (seguimiento de problemas)\u00bb url=\u00bbhttps:\/\/cinelerra-gg.org\/bugtracker\/my_view_page.php\u00bb image=\u00bbhttps:\/\/cinelerra-gg.org\/wp-content\/uploads\/2018\/11\/bug-icon-64.png\u00bb _builder_version=\u00bb3.17.6&#8243; link_option_url=\u00bbhttps:\/\/cinelerra-gg.org\/bugtracker\/my_view_page.php\u00bb]<\/p>\n<p>Algunas veces aparecen errores, pero no se preocupe, estamos felices de arreglarlos. Solo tiene que informar un error y todos disfrutaremos de un Cinelerra GG mas estable.<br \/> Por favor lea atentamente las instrucciones en la p\u00e1gina del seguidor de errores y provea toda la informaci\u00f3n necesaria.<br \/>Inicie sesi\u00f3n en nuestro rastreador de errores y obtenga ayuda directamente de nuestros amables desarrolladores y miembros de la comunidad. Clic en el texto.<\/p>\n<p>[\/et_pb_blurb][\/et_pb_column][et_pb_column type=\u00bb1_3&#8243; _builder_version=\u00bb3.25&#8243; custom_padding=\u00bb|||\u00bb custom_padding__hover=\u00bb|||\u00bb][et_pb_blurb title=\u00bbP\u00f3ngase en contacto con nosotros (lista de correo)\u00bb url=\u00bbhttps:\/\/lists.cinelerra-gg.org\/mailman\/listinfo\/cin\u00bb image=\u00bbhttps:\/\/cinelerra-gg.org\/wp-content\/uploads\/2018\/11\/email-icon-64.png\u00bb _builder_version=\u00bb3.17.6&#8243; link_option_url=\u00bbhttps:\/\/lists.cinelerra-gg.org\/mailman\/listinfo\/cin\u00bb]<\/p>\n<p>Suscr\u00edbase a nuestra lista de correo para conocer los \u00faltimos desarrollos e intercambiar ideas con nuestros desarrolladores y miembros de la comunidad.<br \/>Para los errores descubiertos o las peticiones de funciones, recomendamos usar el \u00abBug Tracker\u00bb. Si tiene alguna otra pregunta o tema, por favor, si\u00e9ntase libre de contactarnos v\u00eda nuestra lista de correos, por favor clic aqu\u00ed.<\/p>\n<p>[\/et_pb_blurb][\/et_pb_column][et_pb_column type=\u00bb1_3&#8243; _builder_version=\u00bb3.25&#8243; custom_padding=\u00bb|||\u00bb custom_padding__hover=\u00bb|||\u00bb][et_pb_blurb title=\u00bbB\u00fasqueda en archivo\u00bb url=\u00bbhttps:\/\/cinelerra-gg.org\/es\/buscar-archivos-de-correo\/\u00bb image=\u00bbhttps:\/\/cinelerra-gg.org\/wp-content\/uploads\/2019\/04\/search-engine-64px.png\u00bb _builder_version=\u00bb3.22.1&#8243; link_option_url=\u00bbhttps:\/\/cinelerra-gg.org\/es\/buscar-archivos-de-correo\/\u00bb]<\/p>\n<p>Hemos creado la posibilidad de que usted busque en nuestro archivo de correo si est\u00e1 buscando algo espec\u00edfico. Esta opci\u00f3n fue actiada en abril de 2019, por lo que tendremos que buscar manualmente los correos anteriores a esa fecha. Todos los mensajes posteriores a esta fecha est\u00e1n inclu\u00eddos en la base de datos de b\u00fasqueda.<\/p>\n<p>[\/et_pb_blurb][\/et_pb_column][\/et_pb_row][et_pb_row column_structure=\u00bb1_3,1_3,1_3&#8243; _builder_version=\u00bb3.25&#8243; custom_padding=\u00bb27px|0px|13px|0px|false|false\u00bb][et_pb_column type=\u00bb1_3&#8243; _builder_version=\u00bb3.25&#8243; custom_padding=\u00bb|||\u00bb custom_padding__hover=\u00bb|||\u00bb][et_pb_blurb title=\u00bbDocumentaci\u00f3n\u00bb url=\u00bbhttps:\/\/cinelerra-gg.org\/es\/descarga\/#documentation\u00bb image=\u00bbhttps:\/\/cinelerra-gg.org\/wp-content\/uploads\/2018\/11\/doc-icon-64.png\u00bb _builder_version=\u00bb3.17.6&#8243; link_option_url=\u00bbhttps:\/\/cinelerra-gg.org\/es\/descarga\/#documentation\u00bb]<\/p>\n<p>\u00bfEst\u00e1 buscando documentaci\u00f3n y m\u00e1s informaci\u00f3n sobre Cinelerra GG?<\/p>\n<p>Hemos creado una serie de documentos PDF para ayudarle a comenzar con Cinelerra GG.<\/p>\n<p>Tutoriales creados por los usuarios pueden ser encontrados en el foro.<\/p>\n<p>Clic en el texto.<\/p>\n<p>[\/et_pb_blurb][\/et_pb_column][et_pb_column type=\u00bb1_3&#8243; _builder_version=\u00bb3.25&#8243; custom_padding=\u00bb|||\u00bb custom_padding__hover=\u00bb|||\u00bb][et_pb_blurb title=\u00bbForo\u00bb url=\u00bbhttps:\/\/cinelerra-gg.org\/forum\/\u00bb image=\u00bbhttps:\/\/cinelerra-gg.org\/wp-content\/uploads\/2018\/11\/video-camera-icon-64.png\u00bb _builder_version=\u00bb3.17.6&#8243; link_option_url=\u00bbhttps:\/\/cinelerra-gg.org\/forum\/\u00bb]<\/p>\n<p>En nuestro foro puede intercambiar y compartir con otro usuarios sus trabajos creativos, es nuestra esquina de artistas. All\u00ed tambi\u00e9n puede encontar algunos \u00fatiles <a href=\"https:\/\/cinelerra-gg.org\/forum\/forum-lern\/\"><strong>tutoriales<\/strong><\/a> creados por los usuarios.<\/p>\n<p><em><strong>Si tiene alguna pregunta, otros usuarios seguramente le ayudar\u00e1n, puede encontrar ayuda directa de los desarrolladores en nuestra lista de correo. Suscr\u00edbase a la lista de correo para recibir soporte t\u00e9cnico.<\/strong><\/em><\/p>\n<p>Clic aqu\u00ed.<\/p>\n<p>[\/et_pb_blurb][\/et_pb_column][et_pb_column type=\u00bb1_3&#8243; _builder_version=\u00bb3.25&#8243; custom_padding=\u00bb|||\u00bb custom_padding__hover=\u00bb|||\u00bb][et_pb_blurb title=\u00bbCinelerra-GG YouTube Channel\u00bb url=\u00bbhttps:\/\/www.youtube.com\/channel\/UCW97mOMN_tAqVCn8k4Euf1w\/\u00bb image=\u00bbhttps:\/\/cinelerra-gg.org\/wp-content\/uploads\/2020\/06\/YouTube_brand_dark_64px_v1.2.png\u00bb _builder_version=\u00bb4.4.7&#8243; link_option_url=\u00bbhttps:\/\/www.youtube.com\/channel\/UCW97mOMN_tAqVCn8k4Euf1w\/\u00bb hover_enabled=\u00bb0&#8243; alt=\u00bbYouTube Logo dark 64px\u00bb title_text=\u00bbYouTube_brand_dark_64px_v1.2&#8243;]<\/p>\n<p>Here you can find our YouTube channel, with some tutorials on Cinelerra-GG, made by community members. Also in the forum we have a large collection of videos also from other YouTube channels. If you want to publish a video about Cinelerra-GG on our channel, you can contact us in the forum.<\/p>\n<p>[\/et_pb_blurb][\/et_pb_column][\/et_pb_row][\/et_pb_section]<\/p>\n","protected":false},"excerpt":{"rendered":"<p>Soporte Cinelerra-GG est\u00e1 soportado por miembros de la comunidad y los actuales programadores. El soporte puede ser obtenido enviando un email a cin [@] lists.cinelerra-gg.org. Para obtener soporte continuo, por favor suscr\u00edbase a la lista de correo como un miembro para tener f\u00e1cil acceso a los problemas actuales. Para suscribirse, clic aqu\u00ed. Esta lista de [&hellip;]<\/p>\n","protected":false},"author":1,"featured_media":0,"parent":0,"menu_order":0,"comment_status":"closed","ping_status":"closed","template":"","meta":{"_et_pb_use_builder":"on","_et_pb_old_content":"","_et_gb_content_width":"","footnotes":""},"class_list":["post-7595","page","type-page","status-publish","hentry"],"yoast_head":"<!-- This site is optimized with the Yoast SEO plugin v27.0 - https:\/\/yoast.com\/product\/yoast-seo-wordpress\/ -->\n<title>Soporte para Cinelerra - Cinelerra GG<\/title>\n<meta name=\"description\" content=\"Aqu\u00ed puede encontrar un resumen de nuestro soporte \u00bfNecesita ayuda con Cinelerra? Tiene un problema y est\u00e1 buscando una soluci\u00f3n Aqu\u00ed puede encontrar un resumen\" \/>\n<meta name=\"robots\" content=\"index, follow, max-snippet:-1, max-image-preview:large, max-video-preview:-1\" \/>\n<link rel=\"canonical\" href=\"https:\/\/cinelerra-gg.org\/es\/soporte-para-cinelerra\/\" \/>\n<meta property=\"og:locale\" content=\"es_ES\" \/>\n<meta property=\"og:type\" content=\"article\" \/>\n<meta property=\"og:title\" content=\"Soporte para Cinelerra - Cinelerra GG\" \/>\n<meta property=\"og:description\" content=\"Aqu\u00ed puede encontrar un resumen de nuestro soporte \u00bfNecesita ayuda con Cinelerra? Tiene un problema y est\u00e1 buscando una soluci\u00f3n Aqu\u00ed puede encontrar un resumen\" \/>\n<meta property=\"og:url\" content=\"https:\/\/cinelerra-gg.org\/es\/soporte-para-cinelerra\/\" \/>\n<meta property=\"og:site_name\" content=\"Cinelerra GG\" \/>\n<meta property=\"article:modified_time\" content=\"2020-10-09T20:21:50+00:00\" \/>\n<meta name=\"twitter:card\" content=\"summary_large_image\" \/>\n<meta name=\"twitter:label1\" content=\"Tiempo de lectura\" \/>\n\t<meta name=\"twitter:data1\" content=\"6 minutos\" \/>\n<script type=\"application\/ld+json\" class=\"yoast-schema-graph\">{\"@context\":\"https:\/\/schema.org\",\"@graph\":[{\"@type\":\"WebPage\",\"@id\":\"https:\/\/cinelerra-gg.org\/es\/soporte-para-cinelerra\/\",\"url\":\"https:\/\/cinelerra-gg.org\/es\/soporte-para-cinelerra\/\",\"name\":\"Soporte para Cinelerra - Cinelerra GG\",\"isPartOf\":{\"@id\":\"https:\/\/cinelerra-gg.org\/es\/#website\"},\"datePublished\":\"2019-11-12T14:10:20+00:00\",\"dateModified\":\"2020-10-09T20:21:50+00:00\",\"description\":\"Aqu\u00ed puede encontrar un resumen de nuestro soporte \u00bfNecesita ayuda con Cinelerra? Tiene un problema y est\u00e1 buscando una soluci\u00f3n Aqu\u00ed puede encontrar un resumen\",\"breadcrumb\":{\"@id\":\"https:\/\/cinelerra-gg.org\/es\/soporte-para-cinelerra\/#breadcrumb\"},\"inLanguage\":\"es\",\"potentialAction\":[{\"@type\":\"ReadAction\",\"target\":[\"https:\/\/cinelerra-gg.org\/es\/soporte-para-cinelerra\/\"]}]},{\"@type\":\"BreadcrumbList\",\"@id\":\"https:\/\/cinelerra-gg.org\/es\/soporte-para-cinelerra\/#breadcrumb\",\"itemListElement\":[{\"@type\":\"ListItem\",\"position\":1,\"name\":\"Home\",\"item\":\"https:\/\/cinelerra-gg.org\/es\/\"},{\"@type\":\"ListItem\",\"position\":2,\"name\":\"Soporte para Cinelerra\"}]},{\"@type\":\"WebSite\",\"@id\":\"https:\/\/cinelerra-gg.org\/es\/#website\",\"url\":\"https:\/\/cinelerra-gg.org\/es\/\",\"name\":\"Cinelerra GG\",\"description\":\"Cinelerra GG free video editing software\",\"potentialAction\":[{\"@type\":\"SearchAction\",\"target\":{\"@type\":\"EntryPoint\",\"urlTemplate\":\"https:\/\/cinelerra-gg.org\/es\/?s={search_term_string}\"},\"query-input\":{\"@type\":\"PropertyValueSpecification\",\"valueRequired\":true,\"valueName\":\"search_term_string\"}}],\"inLanguage\":\"es\"}]}<\/script>\n<!-- \/ Yoast SEO plugin. -->","yoast_head_json":{"title":"Soporte para Cinelerra - Cinelerra GG","description":"Aqu\u00ed puede encontrar un resumen de nuestro soporte \u00bfNecesita ayuda con Cinelerra? Tiene un problema y est\u00e1 buscando una soluci\u00f3n Aqu\u00ed puede encontrar un resumen","robots":{"index":"index","follow":"follow","max-snippet":"max-snippet:-1","max-image-preview":"max-image-preview:large","max-video-preview":"max-video-preview:-1"},"canonical":"https:\/\/cinelerra-gg.org\/es\/soporte-para-cinelerra\/","og_locale":"es_ES","og_type":"article","og_title":"Soporte para Cinelerra - Cinelerra GG","og_description":"Aqu\u00ed puede encontrar un resumen de nuestro soporte \u00bfNecesita ayuda con Cinelerra? Tiene un problema y est\u00e1 buscando una soluci\u00f3n Aqu\u00ed puede encontrar un resumen","og_url":"https:\/\/cinelerra-gg.org\/es\/soporte-para-cinelerra\/","og_site_name":"Cinelerra GG","article_modified_time":"2020-10-09T20:21:50+00:00","twitter_card":"summary_large_image","twitter_misc":{"Tiempo de lectura":"6 minutos"},"schema":{"@context":"https:\/\/schema.org","@graph":[{"@type":"WebPage","@id":"https:\/\/cinelerra-gg.org\/es\/soporte-para-cinelerra\/","url":"https:\/\/cinelerra-gg.org\/es\/soporte-para-cinelerra\/","name":"Soporte para Cinelerra - Cinelerra GG","isPartOf":{"@id":"https:\/\/cinelerra-gg.org\/es\/#website"},"datePublished":"2019-11-12T14:10:20+00:00","dateModified":"2020-10-09T20:21:50+00:00","description":"Aqu\u00ed puede encontrar un resumen de nuestro soporte \u00bfNecesita ayuda con Cinelerra? Tiene un problema y est\u00e1 buscando una soluci\u00f3n Aqu\u00ed puede encontrar un resumen","breadcrumb":{"@id":"https:\/\/cinelerra-gg.org\/es\/soporte-para-cinelerra\/#breadcrumb"},"inLanguage":"es","potentialAction":[{"@type":"ReadAction","target":["https:\/\/cinelerra-gg.org\/es\/soporte-para-cinelerra\/"]}]},{"@type":"BreadcrumbList","@id":"https:\/\/cinelerra-gg.org\/es\/soporte-para-cinelerra\/#breadcrumb","itemListElement":[{"@type":"ListItem","position":1,"name":"Home","item":"https:\/\/cinelerra-gg.org\/es\/"},{"@type":"ListItem","position":2,"name":"Soporte para Cinelerra"}]},{"@type":"WebSite","@id":"https:\/\/cinelerra-gg.org\/es\/#website","url":"https:\/\/cinelerra-gg.org\/es\/","name":"Cinelerra GG","description":"Cinelerra GG free video editing software","potentialAction":[{"@type":"SearchAction","target":{"@type":"EntryPoint","urlTemplate":"https:\/\/cinelerra-gg.org\/es\/?s={search_term_string}"},"query-input":{"@type":"PropertyValueSpecification","valueRequired":true,"valueName":"search_term_string"}}],"inLanguage":"es"}]}},"_links":{"self":[{"href":"https:\/\/cinelerra-gg.org\/es\/wp-json\/wp\/v2\/pages\/7595","targetHints":{"allow":["GET"]}}],"collection":[{"href":"https:\/\/cinelerra-gg.org\/es\/wp-json\/wp\/v2\/pages"}],"about":[{"href":"https:\/\/cinelerra-gg.org\/es\/wp-json\/wp\/v2\/types\/page"}],"author":[{"embeddable":true,"href":"https:\/\/cinelerra-gg.org\/es\/wp-json\/wp\/v2\/users\/1"}],"replies":[{"embeddable":true,"href":"https:\/\/cinelerra-gg.org\/es\/wp-json\/wp\/v2\/comments?post=7595"}],"version-history":[{"count":0,"href":"https:\/\/cinelerra-gg.org\/es\/wp-json\/wp\/v2\/pages\/7595\/revisions"}],"wp:attachment":[{"href":"https:\/\/cinelerra-gg.org\/es\/wp-json\/wp\/v2\/media?parent=7595"}],"curies":[{"name":"wp","href":"https:\/\/api.w.org\/{rel}","templated":true}]}}