{"id":7599,"date":"2019-11-13T10:34:57","date_gmt":"2019-11-13T10:34:57","guid":{"rendered":"https:\/\/www.cinelerra-gg.org\/acerca-de\/"},"modified":"2021-02-02T18:07:41","modified_gmt":"2021-02-02T18:07:41","slug":"acerca-de","status":"publish","type":"page","link":"https:\/\/cinelerra-gg.org\/es\/acerca-de\/","title":{"rendered":"Acerca de"},"content":{"rendered":"<p>[et_pb_section fb_built=\u00bb1&#8243; _builder_version=\u00bb3.22&#8243; use_background_color_gradient=\u00bbon\u00bb background_color_gradient_start=\u00bb#383838&#8243; background_color_gradient_end=\u00bb#828282&#8243; background_color_gradient_start_position=\u00bb71%\u00bb custom_margin=\u00bb0px||\u00bb custom_padding=\u00bb39px|0px|16px|0px|false|false\u00bb][et_pb_row _builder_version=\u00bb3.25&#8243; custom_padding=\u00bb11px|0px|14px|0px|false|false\u00bb][et_pb_column type=\u00bb4_4&#8243; _builder_version=\u00bb3.25&#8243; custom_padding=\u00bb|||\u00bb custom_padding__hover=\u00bb|||\u00bb][et_pb_image src=\u00bbhttps:\/\/cinelerra-gg.org\/wp-content\/uploads\/2018\/11\/About-Cinelerra-GG-850-02.png\u00bb align=\u00bbcenter\u00bb align_tablet=\u00bbcenter\u00bb align_phone=\u00bb\u00bb align_last_edited=\u00bbon|desktop\u00bb _builder_version=\u00bb3.23&#8243;][\/et_pb_image][\/et_pb_column][\/et_pb_row][\/et_pb_section][et_pb_section fb_built=\u00bb1&#8243; _builder_version=\u00bb3.22&#8243;][et_pb_row _builder_version=\u00bb3.25&#8243;][et_pb_column type=\u00bb4_4&#8243; _builder_version=\u00bb3.25&#8243; custom_padding=\u00bb|||\u00bb custom_padding__hover=\u00bb|||\u00bb][et_pb_text _builder_version=\u00bb3.27.4&#8243;]<\/p>\n<h1>Acerca de<\/h1>\n<p>Cinelerra es un editor no lineal, (NLE por sus siglas en ingl\u00e9s), dise\u00f1ado para Linux que permite producir contenido de audio y video. Adem\u00e1s de usarse para edici\u00f3n, se puede utilizar para reproducir audio\/v\u00eddeo, para grabar audio\/v\u00eddeo e incluir programas de televisi\u00f3n, para crear contenido en DVD\/Blueray y para retocar fotos antiguas. Debido a que Cinelerra tiene muchas funciones para contenido sin comprimir, para procesamiento de alta resoluci\u00f3n y para composici\u00f3n, su uso puede ser bastante complejo. Sin embargo, con un poco de introducci\u00f3n, hasta un principiante ser\u00e1 capaz de crear videos sencillos y creativos.<\/p>\n<p>Cinelerra-GG est\u00e1 licenciado bajo la Licencia P\u00fablica General (GNU, por sus siglas en ingl\u00e9s) (GNU GPL o GPL) que es una licencia de software libre que le otorga a los usuarios la oportunidad de ejecutar, compartir y modificar el software. Cualquier biblioteca incluida, como Ffmpeg, tambi\u00e9n est\u00e1 bajo la licencia GPL. Cinelerra-GG est\u00e1 basado en el software original Cinelerra (Heroine Virtual). A lo largo de los a\u00f1os, ha sido modificado por numerosos desarrolladores que introdujeron mejoras al programa, y siguen mejor\u00e1ndolo. En la actualidad, se publican mensualmente nuevas versiones pre-compiladas para varias distribuciones.<\/p>\n<p>[\/et_pb_text][\/et_pb_column][\/et_pb_row][et_pb_row _builder_version=\u00bb3.25&#8243;][et_pb_column type=\u00bb4_4&#8243; _builder_version=\u00bb3.25&#8243; custom_padding=\u00bb|||\u00bb custom_padding__hover=\u00bb|||\u00bb][et_pb_text _builder_version=\u00bb3.27.4&#8243; text_font=\u00bb||||||||\u00bb]<\/p>\n<h2>Informaci\u00f3n adicional<\/h2>\n<p>&nbsp;<\/p>\n<h3>\u00bfQu\u00e9 pas\u00f3 con la antigua p\u00e1gina web de Cinelerra-CV?<\/h3>\n<p>Desafortunadamente, despu\u00e9s de la partida de algunos voluntarios de Cinelerra-CV.org, se mostr\u00f3 muy poco inter\u00e9s por mantener la p\u00e1gina web actualizada como un proyecto independiente. Probablemente esto se debi\u00f3 a una mayor tendencia de los usuarios a usar Cinelerra-GG en los \u00faltimos meses. Como consecuencia de la inactividad por parte de la comunidad Cinelerra-CV.org, el servidor del mismo nombre fue desconectado y su contenido, borrado. Seg\u00fan el estado actual, el desarrollo de Cinelerra-CV est\u00e1 detenido. Para que los antiguos usuarios de Cinelerra-CV puedan conocer los cambios y el dominio no lleve a un callej\u00f3n sin salida, se ha creado un enlace que los llevar\u00e1 a la p\u00e1gina web de Cinelerra-GG. Ser\u00eda una pena que la antigua informaci\u00f3n sobre Cinelerra-CV se perdiera, y por esta raz\u00f3n copiamos los antiguos <a href=\"https:\/\/github.com\/cinelerra-gg?tab=repositories\" title=\"Repositorios de Cinelerra-CV\">repositorios de Cinelerra-CV<\/a> a Github con fines de archivo y documentaci\u00f3n para que puedan verlos all\u00ed en cualquier momento. Tambi\u00e9n hemos a\u00f1adido un enlace a la antigua <a href=\"\/?page_id=7709\" title=\"Lista de correos de Cinelerra-CV\">lista de correo de Cinelerra-CV<\/a> para que est\u00e9 disponible con fines de investigaci\u00f3n. Si est\u00e1 buscando una alternativa a Cinelerra-CV, puede probar <a href=\"https:\/\/cinelerra-gg.org\/de\/?page_id=3803\" title=\"Descargar Cinelerra-GG\">Cinelerra-GG<\/a>, Cinelerra-HV (el original) o <a href=\"https:\/\/github.com\/vanakala\/cinelerra-cve\" title=\"Github de Cinelerra-CVE\">Cinelerra-CVE<\/a>. M\u00e1s abajo encontrar\u00e1 informaci\u00f3n detallada sobre los dem\u00e1s desarrollos. <strong>Novedades:<\/strong> Mientras tanto, el desarrollador Einar y un voluntario han creado una p\u00e1gina web nueva http:\/\/cinelerra-cv.wikidot.com\/. Sin embargo, el estado del desarrollo sigue detenido. Enlaces actualizados: la p\u00e1gina web oficial de Cinelerra.CV es http:\/\/cinelerra-cv.wikidot.com, los repositorios se encuentran en https:\/\/github.com\/cinelerra-cv-team y los repositorios principales de Cinelerra-CV en https:\/\/github.com\/cinelerra-cv-team\/cinelerra-cv. <\/p>\n<h3>\u00bfPor qu\u00e9 hay varios desarrollos de Cinelerra?<\/h3>\n<p>Porque la gente tiene distintos gustos. As\u00ed como existen innumerables entornos de escritorio para Linux, como GNOME, KDE, Cinnamon, etc., ahora tambi\u00e9n existen diferentes desarrollos de Cinelerra. Las distintas versiones de Cinelerra existen debido a las variadas preferencias e ideas de los desarrolladores.<\/p>\n<h3>\u00bfCu\u00e1l versi\u00f3n de Cinelerra es la m\u00e1s recomendada?<\/h3>\n<p>La respuesta es relativamente simple: \u00a1pru\u00e9balos!<\/p>\n<p>As\u00ed como hay diferentes preferencias para los entornos de escritorio Linux, tambi\u00e9n hay diferentes gustos y preferencias en Cinelerra. Las otras versiones tambi\u00e9n tienen sus puntos fuertes y por eso recomendamos que simplemente las pruebes. Aqu\u00ed te detallamos las diferentes versiones.<\/p>\n<p><strong>Cinelerra-GG:<\/strong> Tiene un ciclo de desarrollo r\u00e1pido y trabaja principalmente de acuerdo con el modelo Scrum, es decir, lanzando una nueva versi\u00f3n cada mes, es una versi\u00f3n progresiva y, adem\u00e1s, graba e implementa r\u00e1pidamente los comentarios de los usuarios. Esta versi\u00f3n se centra en las nuevas caracter\u00edsticas, la estabilidad mejorada, la r\u00e1pida correcci\u00f3n de errores y la expansi\u00f3n de la base del c\u00f3dec.<\/p>\n<p><strong>Cinelerra-CV:<\/strong> Esta versi\u00f3n se centra en la estabilidad. La filosof\u00eda de desarrollo es, por lo tanto, bastante conservadora y m\u00e1s lenta que la de las otras versiones. El desarrollo posterior de esta versi\u00f3n est\u00e1 detenido.<\/p>\n<p><strong>Cinelerra-CVE:<\/strong> Esta es la versi\u00f3n personal del desarrollador Einar. El objetivo de Einar y sus seguidores es mejorar de forma sostenible el c\u00f3digo base de Cinelerra-CV y a\u00f1adir nuevas funcionalidades. Einar trabaja incansablemente para lanzar una versi\u00f3n mejorada de Cinelerra. Esta versi\u00f3n a\u00fan no est\u00e1 terminada, pero es una de las m\u00e1s prometedoras a futuro. Si quieres echar un vistazo a esta versi\u00f3n de antemano, puedes <a href=\"https:\/\/github.com\/vanakala\/cinelerra-cve\" title=\"Github de Cinelerra-CV\">compilarla t\u00fa mismo<\/a>.<\/p>\n<p><strong>Cinelerra:<\/strong> Este es el Cinelerra original creado por Adam Williams. Es muy com\u00fan que entre los miembros de la comunidad se agregue la abreviaci\u00f3n HV (Heroine Virtual Ltd.) al Cinelerra original, por ejemplo, Cinelerra-HV, para que las distintas versiones se diferencien mejor, pero no es parte del nombre oficial. Adam es el creador de Cinelerra y contin\u00faa desarroll\u00e1ndolo en la actualidad. Seg\u00fan nuestra opini\u00f3n, lo hace, principalmente, con fines personales. Por lo general, las actualizaciones son anuales y siempre traen nuevas funciones y mejoras. <a href=\"http:\/\/www.heroinewarrior.com\/cinelerra.php\">Cinelerra<\/a>-HV, el original, no ofrece soporte por parte de los desarrolladores ni de la comunidad.<\/p>\n<p><strong>Lumiera:<\/strong> Esta variante no est\u00e1 basada en el c\u00f3digo de Cinelerra y, por ende, no es una versi\u00f3n de \u00e9ste. Sin embargo, est\u00e1 inspirado en gran parte en Cinelerra, y lo mencionamos aqu\u00ed para que sepa de su existencia. Lumiera est\u00e1 desarrollado en GTK+ y todav\u00eda est\u00e1 en fase pre-alfa. Por el momento, no hay ninguna aplicaci\u00f3n utilizable disponible. Puede encontrar informaci\u00f3n m\u00e1s detallada en <a href=\"https:\/\/en.wikipedia.org\/wiki\/Cinelerra#Lumiera_rewrite\" title=\"Wikipedia de Lumiera\" target=\"_blank\" rel=\"noopener noreferrer\">Wikipedia<\/a> o en la <a href=\"https:\/\/lumiera.org\/\" title=\"P\u00e1gina web de Lumiera\" target=\"_blank\" rel=\"noopener noreferrer\">p\u00e1gina del proyecto de Lumiera<\/a>.<\/p>\n<p style=\"margin-bottom: 0cm;line-height: 100%\">\n<p>[\/et_pb_text][\/et_pb_column][\/et_pb_row][et_pb_row _builder_version=\u00bb3.25&#8243;][et_pb_column type=\u00bb4_4&#8243; _builder_version=\u00bb3.25&#8243; custom_padding=\u00bb|||\u00bb custom_padding__hover=\u00bb|||\u00bb][et_pb_text _builder_version=\u00bb3.27.4&#8243; text_font=\u00bb||||||||\u00bb text_font_size=\u00bb16px\u00bb]<\/p>\n<p>Si desea ver las diferencias exactas entre las distintas versiones, aqu\u00ed encontrar\u00e1 un documento en formato PDF:<\/p>\n<p>[\/et_pb_text][\/et_pb_column][\/et_pb_row][et_pb_row _builder_version=\u00bb3.25&#8243;][et_pb_column type=\u00bb4_4&#8243; _builder_version=\u00bb3.25&#8243; custom_padding=\u00bb|||\u00bb custom_padding__hover=\u00bb|||\u00bb][et_pb_blurb title=\u00bbDiferencias\u00bb url=\u00bbhttps:\/\/cinelerra-gg.org\/download\/differences.pdf\u00bb url_new_window=\u00bbon\u00bb image=\u00bbhttps:\/\/cinelerra-gg.org\/wp-content\/uploads\/2018\/11\/pdf.png\u00bb _builder_version=\u00bb3.17.6&#8243; header_font=\u00bb||||||||\u00bb header_text_align=\u00bbcenter\u00bb header_font_size=\u00bb22px\u00bb text_orientation=\u00bbcenter\u00bb link_option_url=\u00bbhttps:\/\/cinelerra-gg.org\/download\/differences.pdf\u00bb link_option_url_new_window=\u00bbon\u00bb][\/et_pb_blurb][\/et_pb_column][\/et_pb_row][\/et_pb_section]<\/p>\n","protected":false},"excerpt":{"rendered":"<p>Acerca de Cinelerra es un editor no lineal, (NLE por sus siglas en ingl\u00e9s), dise\u00f1ado para Linux que permite producir contenido de audio y video. Adem\u00e1s de usarse para edici\u00f3n, se puede utilizar para reproducir audio\/v\u00eddeo, para grabar audio\/v\u00eddeo e incluir programas de televisi\u00f3n, para crear contenido en DVD\/Blueray y para retocar fotos antiguas. Debido [&hellip;]<\/p>\n","protected":false},"author":1,"featured_media":0,"parent":0,"menu_order":0,"comment_status":"closed","ping_status":"closed","template":"","meta":{"_et_pb_use_builder":"on","_et_pb_old_content":"","_et_gb_content_width":"","footnotes":""},"class_list":["post-7599","page","type-page","status-publish","hentry"],"yoast_head":"<!-- This site is optimized with the Yoast SEO plugin v27.0 - https:\/\/yoast.com\/product\/yoast-seo-wordpress\/ -->\n<title>Acerca de - Cinelerra GG<\/title>\n<meta name=\"description\" content=\"Descubre qui\u00e9nes somos, qu\u00e9 hacemos y cu\u00e1les son las diferencias entre los dem\u00e1s desarrollos en p\u00e1gina &quot;Acerca de&quot; de Cinelerra.\" \/>\n<meta name=\"robots\" content=\"index, follow, max-snippet:-1, max-image-preview:large, max-video-preview:-1\" \/>\n<link rel=\"canonical\" href=\"https:\/\/cinelerra-gg.org\/es\/acerca-de\/\" \/>\n<meta property=\"og:locale\" content=\"es_ES\" \/>\n<meta property=\"og:type\" content=\"article\" \/>\n<meta property=\"og:title\" content=\"Acerca de - Cinelerra GG\" \/>\n<meta property=\"og:description\" content=\"Descubre qui\u00e9nes somos, qu\u00e9 hacemos y cu\u00e1les son las diferencias entre los dem\u00e1s desarrollos en p\u00e1gina &quot;Acerca de&quot; de Cinelerra.\" \/>\n<meta property=\"og:url\" content=\"https:\/\/cinelerra-gg.org\/es\/acerca-de\/\" \/>\n<meta property=\"og:site_name\" content=\"Cinelerra GG\" \/>\n<meta property=\"article:modified_time\" content=\"2021-02-02T18:07:41+00:00\" \/>\n<meta name=\"twitter:card\" content=\"summary_large_image\" \/>\n<meta name=\"twitter:label1\" content=\"Tiempo de lectura\" \/>\n\t<meta name=\"twitter:data1\" content=\"6 minutos\" \/>\n<script type=\"application\/ld+json\" class=\"yoast-schema-graph\">{\"@context\":\"https:\/\/schema.org\",\"@graph\":[{\"@type\":\"WebPage\",\"@id\":\"https:\/\/cinelerra-gg.org\/es\/acerca-de\/\",\"url\":\"https:\/\/cinelerra-gg.org\/es\/acerca-de\/\",\"name\":\"Acerca de - Cinelerra GG\",\"isPartOf\":{\"@id\":\"https:\/\/cinelerra-gg.org\/es\/#website\"},\"datePublished\":\"2019-11-13T10:34:57+00:00\",\"dateModified\":\"2021-02-02T18:07:41+00:00\",\"description\":\"Descubre qui\u00e9nes somos, qu\u00e9 hacemos y cu\u00e1les son las diferencias entre los dem\u00e1s desarrollos en p\u00e1gina \\\"Acerca de\\\" de Cinelerra.\",\"breadcrumb\":{\"@id\":\"https:\/\/cinelerra-gg.org\/es\/acerca-de\/#breadcrumb\"},\"inLanguage\":\"es\",\"potentialAction\":[{\"@type\":\"ReadAction\",\"target\":[\"https:\/\/cinelerra-gg.org\/es\/acerca-de\/\"]}]},{\"@type\":\"BreadcrumbList\",\"@id\":\"https:\/\/cinelerra-gg.org\/es\/acerca-de\/#breadcrumb\",\"itemListElement\":[{\"@type\":\"ListItem\",\"position\":1,\"name\":\"Home\",\"item\":\"https:\/\/cinelerra-gg.org\/es\/\"},{\"@type\":\"ListItem\",\"position\":2,\"name\":\"Acerca de\"}]},{\"@type\":\"WebSite\",\"@id\":\"https:\/\/cinelerra-gg.org\/es\/#website\",\"url\":\"https:\/\/cinelerra-gg.org\/es\/\",\"name\":\"Cinelerra GG\",\"description\":\"Cinelerra GG free video editing software\",\"potentialAction\":[{\"@type\":\"SearchAction\",\"target\":{\"@type\":\"EntryPoint\",\"urlTemplate\":\"https:\/\/cinelerra-gg.org\/es\/?s={search_term_string}\"},\"query-input\":{\"@type\":\"PropertyValueSpecification\",\"valueRequired\":true,\"valueName\":\"search_term_string\"}}],\"inLanguage\":\"es\"}]}<\/script>\n<!-- \/ Yoast SEO plugin. -->","yoast_head_json":{"title":"Acerca de - Cinelerra GG","description":"Descubre qui\u00e9nes somos, qu\u00e9 hacemos y cu\u00e1les son las diferencias entre los dem\u00e1s desarrollos en p\u00e1gina \"Acerca de\" de Cinelerra.","robots":{"index":"index","follow":"follow","max-snippet":"max-snippet:-1","max-image-preview":"max-image-preview:large","max-video-preview":"max-video-preview:-1"},"canonical":"https:\/\/cinelerra-gg.org\/es\/acerca-de\/","og_locale":"es_ES","og_type":"article","og_title":"Acerca de - Cinelerra GG","og_description":"Descubre qui\u00e9nes somos, qu\u00e9 hacemos y cu\u00e1les son las diferencias entre los dem\u00e1s desarrollos en p\u00e1gina \"Acerca de\" de Cinelerra.","og_url":"https:\/\/cinelerra-gg.org\/es\/acerca-de\/","og_site_name":"Cinelerra GG","article_modified_time":"2021-02-02T18:07:41+00:00","twitter_card":"summary_large_image","twitter_misc":{"Tiempo de lectura":"6 minutos"},"schema":{"@context":"https:\/\/schema.org","@graph":[{"@type":"WebPage","@id":"https:\/\/cinelerra-gg.org\/es\/acerca-de\/","url":"https:\/\/cinelerra-gg.org\/es\/acerca-de\/","name":"Acerca de - Cinelerra GG","isPartOf":{"@id":"https:\/\/cinelerra-gg.org\/es\/#website"},"datePublished":"2019-11-13T10:34:57+00:00","dateModified":"2021-02-02T18:07:41+00:00","description":"Descubre qui\u00e9nes somos, qu\u00e9 hacemos y cu\u00e1les son las diferencias entre los dem\u00e1s desarrollos en p\u00e1gina \"Acerca de\" de Cinelerra.","breadcrumb":{"@id":"https:\/\/cinelerra-gg.org\/es\/acerca-de\/#breadcrumb"},"inLanguage":"es","potentialAction":[{"@type":"ReadAction","target":["https:\/\/cinelerra-gg.org\/es\/acerca-de\/"]}]},{"@type":"BreadcrumbList","@id":"https:\/\/cinelerra-gg.org\/es\/acerca-de\/#breadcrumb","itemListElement":[{"@type":"ListItem","position":1,"name":"Home","item":"https:\/\/cinelerra-gg.org\/es\/"},{"@type":"ListItem","position":2,"name":"Acerca de"}]},{"@type":"WebSite","@id":"https:\/\/cinelerra-gg.org\/es\/#website","url":"https:\/\/cinelerra-gg.org\/es\/","name":"Cinelerra GG","description":"Cinelerra GG free video editing software","potentialAction":[{"@type":"SearchAction","target":{"@type":"EntryPoint","urlTemplate":"https:\/\/cinelerra-gg.org\/es\/?s={search_term_string}"},"query-input":{"@type":"PropertyValueSpecification","valueRequired":true,"valueName":"search_term_string"}}],"inLanguage":"es"}]}},"_links":{"self":[{"href":"https:\/\/cinelerra-gg.org\/es\/wp-json\/wp\/v2\/pages\/7599","targetHints":{"allow":["GET"]}}],"collection":[{"href":"https:\/\/cinelerra-gg.org\/es\/wp-json\/wp\/v2\/pages"}],"about":[{"href":"https:\/\/cinelerra-gg.org\/es\/wp-json\/wp\/v2\/types\/page"}],"author":[{"embeddable":true,"href":"https:\/\/cinelerra-gg.org\/es\/wp-json\/wp\/v2\/users\/1"}],"replies":[{"embeddable":true,"href":"https:\/\/cinelerra-gg.org\/es\/wp-json\/wp\/v2\/comments?post=7599"}],"version-history":[{"count":0,"href":"https:\/\/cinelerra-gg.org\/es\/wp-json\/wp\/v2\/pages\/7599\/revisions"}],"wp:attachment":[{"href":"https:\/\/cinelerra-gg.org\/es\/wp-json\/wp\/v2\/media?parent=7599"}],"curies":[{"name":"wp","href":"https:\/\/api.w.org\/{rel}","templated":true}]}}