{"id":7613,"date":"2019-11-13T13:41:07","date_gmt":"2019-11-13T13:41:07","guid":{"rendered":"https:\/\/www.cinelerra-gg.org\/descargo-de-responsabilidad-y-notas-legales\/"},"modified":"2020-10-09T20:22:31","modified_gmt":"2020-10-09T20:22:31","slug":"descargo-de-responsabilidad-y-notas-legales","status":"publish","type":"page","link":"https:\/\/cinelerra-gg.org\/es\/descargo-de-responsabilidad-y-notas-legales\/","title":{"rendered":"Descargo de responsabilidad y notas legales"},"content":{"rendered":"<p>[et_pb_section fb_built=\u00bb1&#8243; _builder_version=\u00bb3.22&#8243;][et_pb_row _builder_version=\u00bb3.25&#8243; custom_padding=\u00bb56px|0px|52px|0px|false|false\u00bb][et_pb_column type=\u00bb4_4&#8243; _builder_version=\u00bb3.25&#8243; custom_padding=\u00bb|||\u00bb custom_padding__hover=\u00bb|||\u00bb][et_pb_text _builder_version=\u00bb3.27.4&#8243;]<\/p>\n<h1>Descargo de responsabilidad y notas legales<\/h1>\n<p>&nbsp;<\/p>\n<h2>Finalidad de este sitio web<\/h2>\n<p>El sitio web est\u00e1 dirigido por artistas voluntarios, cineastas, dise\u00f1adores, blogueros y desarrolladores con fines personales puramente privados para intercambiar nuestros propios videos art\u00edsticos con otros amigos, <span>colegas,<\/span>simpatizantes, fans y partes interesadas de software de c\u00f3digo abierto, <span>especialmente<\/span> en lo que respecta a la postproducci\u00f3n de v\u00eddeo de c\u00f3digo abierto, y para contribuir al desarrollo conjunto de Cinelerra GG. Sirve como plataforma para el intercambio de opiniones, ideas y la posibilidad de sugerir mejoras al software de edici\u00f3n de v\u00eddeo y la presentaci\u00f3n de obras de v\u00eddeo art\u00edsticas privadas. No perseguimos ning\u00fan objetivo financiero o comercial y financiamos este proyecto privado con fondos personales. Estamos personalmente comprometidos con la idea de c\u00f3digo abierto, que tiene como objetivo el acceso libre y abierto al software. El uso de este sitio web y sus servicios y productos de software se realiza sin ninguna garant\u00eda de funcionalidad adecuada. El uso de este sitio web y servicios es bajo su propio riesgo. Adem\u00e1s, el uso no es vinculante y es gratuito. El software de edici\u00f3n de v\u00eddeo de este sitio web est\u00e1 licenciado bajo la Licencia P\u00fablica General GNU, lea el Contrato de Licencia y la mayor\u00eda de los medios est\u00e1n licenciados bajo CC BY-SA 3.0, CC BY-SA 4.0 o CC0. Algunas obras en este sitio todav\u00eda pueden estar protegidas por derechos de autor y por lo tanto requiere el permiso del autor para el uso. Lea m\u00e1s sobre esto en la secci\u00f3n inferior. Por las mejoras del software nos beneficiamos en privado as\u00ed como que las mejoras benefician el bien com\u00fan.<\/p>\n<p>Los autores proporcionan referencias y enlaces a informaci\u00f3n seleccionada y otros temas en el campo de la postproducci\u00f3n de v\u00eddeo, la realizaci\u00f3n de pel\u00edculas, el videoarte y as\u00ed como informaci\u00f3n en el curso de asuntos comunitarios que s\u00f3lo son indicativos y no representan una oferta o Recomendaci\u00f3n. Todas las noticias, opiniones, investigaciones, datos y otra informaci\u00f3n en este sitio web son explicaciones generales u opiniones personales del autor respectivo y por lo tanto no representan un art\u00edculo editorial o car\u00e1cter editorial.<\/p>\n<p>[\/et_pb_text][\/et_pb_column][\/et_pb_row][et_pb_row _builder_version=\u00bb3.25&#8243; custom_padding=\u00bb10px|0px|16px|0px|false|false\u00bb][et_pb_column type=\u00bb4_4&#8243; _builder_version=\u00bb3.25&#8243; custom_padding=\u00bb|||\u00bb custom_padding__hover=\u00bb|||\u00bb][et_pb_text _builder_version=\u00bb3.27.4&#8243;]<\/p>\n<h2>Contenido de la oferta en l\u00ednea<\/h2>\n<p>Los contenidos de este sitio web han sido creados con el mayor cuidado posible y hasta el mejor de nuestros conocimientos. Sin embargo, el autor no asume ninguna responsabilidad por la actualidad, exactitud, integridad o calidad de la informaci\u00f3n proporcionada. Quedan excluidas las reclamaciones de responsabilidad contra el autor en relaci\u00f3n con da\u00f1os materiales o inmateriales causados por el uso o no uso de la informaci\u00f3n proporcionada o por el uso de informaci\u00f3n incorrecta o incompleta, a menos que haya pruebas de dolo o negligencia grave por parte del autor. <br \/>Todas las ofertas est\u00e1n sujetas a cambios y no vinculantes. El autor se reserva expresamente el derecho de cambiar, complementar o eliminar partes de las p\u00e1ginas o de toda la oferta sin previo aviso o de interrumpir la publicaci\u00f3n temporal o permanentemente.<\/p>\n<h3>Referencias y enlaces<\/h3>\n<p>El autor no es responsable de ning\u00fan contenido vinculado o referido desde sus p\u00e1ginas &#8211; a menos que tenga pleno conocimiento de los contenidos ilegales y ser\u00eda capaz de impedir que los visitantes de su sitio vean esas p\u00e1ginas. <br \/>El autor declara expresamente que en el momento en que se crearon los enlaces, no se pudo reconocer ning\u00fan contenido ilegal en las p\u00e1ginas enlazadas. El autor no tiene ninguna influencia en el dise\u00f1o actual y futuro, el contenido o la autor\u00eda de las p\u00e1ginas enlazadas. Por lo tanto, el autor se distancia expresamente de todos los contenidos de todas las p\u00e1ginas enlazadas que han sido cambiadas desde que se cre\u00f3 el enlace. Esta declaraci\u00f3n se aplica a todos los enlaces y referencias establecidos en el propio sitio web del autor, as\u00ed como a las entradas de terceros en libros de invitados, foros de discusi\u00f3n, directorios de enlaces, listas de correo y en todas las dem\u00e1s formas de bases de datos configuradas por el autor a las que escribe externamente acceso es posible. En el caso de los contenidos ilegales, incorrectos o incompletos y, en particular, de los da\u00f1os y perjuicios derivados del uso o no uso de dicha informaci\u00f3n, el proveedor de la p\u00e1gina a la que se hace referencia es el \u00fanico responsable, no la parte que se limita a hacer referencia a la publicaci\u00f3n respectiva a trav\u00e9s de Enlaces.<\/p>\n<h3>Derecho de autor y derecho de marcas<\/h3>\n<p>El autor se esfuerza por respetar los derechos de autor de los gr\u00e1ficos, documentos sonoros, secuencias de v\u00eddeo y textos utilizados en todas las publicaciones, utilizar gr\u00e1ficos, documentos sonoros, secuencias de v\u00eddeo y textos creados por \u00e9l mismo o hacer uso de gr\u00e1ficos sin licencia, documentos, secuencias de v\u00eddeo y textos. <br \/>Todas las marcas y marcas comerciales mencionadas dentro de la oferta de Internet y posiblemente protegidas por terceros est\u00e1n sujetas sin restricciones a las disposiciones de la ley de marcas aplicable y a los derechos de propiedad de los respectivos propietarios registrados. \u00a1El mero hecho de que se mencione una marca no debe llevar a la conclusi\u00f3n de que no est\u00e1 protegida por los derechos de terceros! <br \/>Los derechos de autor de los objetos publicados creados por el propio autor siguen siendo exclusivamente del autor de las p\u00e1ginas. Cualquier duplicaci\u00f3n o uso de objetos como diagramas, sonidos o textos en otras publicaciones electr\u00f3nicas o impresas no est\u00e1 permitido sin el consentimiento del autor. <\/p>\n<h3>Validez legal de este descargo de responsabilidad<\/h3>\n<p>Este descargo de responsabilidad debe considerarse como parte de la publicaci\u00f3n en Internet de la que se le ha referido. Si las secciones o t\u00e9rminos individuales de esta declaraci\u00f3n no son legales o correctos, el contenido o la validez de las otras partes no se ven influenciados por este hecho.<\/p>\n<p>[\/et_pb_text][\/et_pb_column][\/et_pb_row][et_pb_row _builder_version=\u00bb3.25&#8243; custom_padding=\u00bb15px|0px|27px|0px|false|false\u00bb][et_pb_column type=\u00bb4_4&#8243; _builder_version=\u00bb3.25&#8243; custom_padding=\u00bb|||\u00bb custom_padding__hover=\u00bb|||\u00bb][et_pb_text _builder_version=\u00bb3.27.4&#8243;]<\/p>\n<p>Si tiene alguna pregunta o problema con el sitio web, escriba un correo electr\u00f3nico. <br \/>webmaster [at] cinelerra-gg [dot] org<\/p>\n<p>[\/et_pb_text][\/et_pb_column][\/et_pb_row][et_pb_row _builder_version=\u00bb3.25&#8243; custom_padding=\u00bb38px|0px|7px|0px|false|false\u00bb][et_pb_column type=\u00bb4_4&#8243; _builder_version=\u00bb3.25&#8243; custom_padding=\u00bb|||\u00bb custom_padding__hover=\u00bb|||\u00bb][et_pb_text _builder_version=\u00bb3.27.4&#8243;]<\/p>\n<h2>Referencias de los medios<\/h2>\n<p>[\/et_pb_text][\/et_pb_column][\/et_pb_row][et_pb_row _builder_version=\u00bb3.25&#8243; custom_padding=\u00bb12px|0px|27px|0px|false|false\u00bb][et_pb_column type=\u00bb4_4&#8243; _builder_version=\u00bb3.25&#8243; custom_padding=\u00bb|||\u00bb custom_padding__hover=\u00bb|||\u00bb][et_pb_text _builder_version=\u00bb3.27.4&#8243;]<\/p>\n<div>Los \u00edconos realizados por <a href=\"https:\/\/www.freepik.com\/\" title=\"Freepik\">Freepik<\/a> desde <a href=\"https:\/\/www.flaticon.com\/\" title=\"Flaticon\">www.flaticon.com<\/a> est\u00e1n bajo licencia <a href=\"http:\/\/creativecommons.org\/licenses\/by\/3.0\/\" title=\"Creative Commons BY 3.0\" target=\"_blank\" rel=\"noopener noreferrer\">CC 3.0 BY<\/a><\/div>\n<div style=\"text-align: center\"><\/div>\n<div style=\"text-align: left\"><img loading=\"lazy\" decoding=\"async\" src=\"https:\/\/cinelerra-gg.org\/wp-content\/uploads\/2018\/11\/git_red_32-1.png\" alt=\"\" class=\"wp-image-880 alignnone size-full\" width=\"32\" height=\"32\"> <img loading=\"lazy\" decoding=\"async\" src=\"https:\/\/cinelerra-gg.org\/wp-content\/uploads\/2018\/11\/pdf_32.png\" alt=\"\" class=\"wp-image-845 alignnone size-full\" width=\"32\" height=\"32\"><img loading=\"lazy\" decoding=\"async\" src=\"https:\/\/cinelerra-gg.org\/wp-content\/uploads\/2018\/11\/language-global-32.png\" alt=\"\" class=\"wp-image-1195 alignnone size-full\" width=\"32\" height=\"32\"><img loading=\"lazy\" decoding=\"async\" src=\"https:\/\/cinelerra-gg.org\/wp-content\/uploads\/2018\/11\/doc-icon-32.png\" alt=\"\" class=\"wp-image-1201 alignnone size-full\" width=\"32\" height=\"32\"><img loading=\"lazy\" decoding=\"async\" src=\"https:\/\/cinelerra-gg.org\/wp-content\/uploads\/2018\/11\/idea-icon-32.png\" alt=\"\" class=\"wp-image-1229 alignnone size-full\" width=\"32\" height=\"32\"><img loading=\"lazy\" decoding=\"async\" src=\"https:\/\/cinelerra-gg.org\/wp-content\/uploads\/2019\/01\/computer_32px.png\" alt=\"\" class=\"wp-image-2084 alignnone size-full\" width=\"32\" height=\"32\"><\/div>\n<p>[\/et_pb_text][et_pb_text _builder_version=\u00bb3.27.4&#8243;]<\/p>\n<div>Los \u00edconos realizados por <a href=\"https:\/\/www.flaticon.com\/authors\/prettycons\" title=\"prettycons\">prettycons<\/a> desde <a href=\"https:\/\/www.flaticon.com\/\" title=\"Flaticon\">www.flaticon.com<\/a> est\u00e1n bajo licencia <a href=\"http:\/\/creativecommons.org\/licenses\/by\/3.0\/\" title=\"Creative Commons BY 3.0\" target=\"_blank\" rel=\"noopener noreferrer\">CC 3.0 BY<\/a><\/div>\n<div style=\"text-align: left\"><img loading=\"lazy\" decoding=\"async\" src=\"https:\/\/cinelerra-gg.org\/wp-content\/uploads\/2018\/11\/code-terminal_01.png\" alt=\"\" class=\"wp-image-841 alignnone size-full\" width=\"32\" height=\"32\"><\/div>\n<p>[\/et_pb_text][et_pb_text _builder_version=\u00bb3.27.4&#8243;]<\/p>\n<div>Los \u00edconos realziados por <a href=\"https:\/\/www.flaticon.com\/authors\/smashicons\" title=\"Smashicons\">Smashicons<\/a> desde <a href=\"https:\/\/www.flaticon.com\/\" title=\"Flaticon\">www.flaticon.com<\/a> est\u00e1n bajo licencia <a href=\"http:\/\/creativecommons.org\/licenses\/by\/3.0\/\" title=\"Creative Commons BY 3.0\" target=\"_blank\" rel=\"noopener noreferrer\">CC 3.0 BY<\/a><\/div>\n<div><img loading=\"lazy\" decoding=\"async\" src=\"https:\/\/cinelerra-gg.org\/wp-content\/uploads\/2018\/11\/video-camera-icon-32.png\" alt=\"\" class=\"wp-image-1209 alignnone size-full\" width=\"32\" height=\"32\"><\/div>\n<p>[\/et_pb_text][et_pb_text _builder_version=\u00bb3.27.4&#8243;]<\/p>\n<div>Los \u00edconos realziados por <a href=\"https:\/\/www.flaticon.com\/authors\/smashicons\" title=\"Smashicons\">Smashicons<\/a> desde <a href=\"https:\/\/www.flaticon.com\/\" title=\"Flaticon\">www.flaticon.com<\/a> est\u00e1n bajo licencia <a href=\"http:\/\/creativecommons.org\/licenses\/by\/3.0\/\" title=\"Creative Commons BY 3.0\" target=\"_blank\" rel=\"noopener noreferrer\">CC 3.0 BY<\/a><\/div>\n<div><img loading=\"lazy\" decoding=\"async\" src=\"https:\/\/cinelerra-gg.org\/wp-content\/uploads\/2018\/11\/development-icon-32.png\" alt=\"\" class=\"wp-image-1221 alignnone size-full\" width=\"32\" height=\"32\"><\/div>\n<p>[\/et_pb_text][et_pb_text _builder_version=\u00bb3.27.4&#8243;]<\/p>\n<div>Los \u00edconos realizados por <a href=\"https:\/\/www.flaticon.com\/authors\/alfredo-hernandez\" title=\"Alfredo Hernandez\">Alfredo Hernandez<\/a> de <a href=\"https:\/\/www.flaticon.com\/\" title=\"Flaticon\">www.flaticon.com<\/a> est\u00e1n bajo licencia <a href=\"http:\/\/creativecommons.org\/licenses\/by\/3.0\/\" title=\"Creative Commons BY 3.0\" target=\"_blank\" rel=\"noopener noreferrer\">CC 3.0 BY<\/a><\/div>\n<div><img loading=\"lazy\" decoding=\"async\" src=\"https:\/\/cinelerra-gg.org\/wp-content\/uploads\/2018\/11\/bug-icon-32.png\" alt=\"\" class=\"wp-image-1215 alignnone size-full\" width=\"32\" height=\"32\"><\/div>\n<p>[\/et_pb_text][et_pb_text _builder_version=\u00bb3.27.4&#8243;]<\/p>\n<div>Los \u00edconos realizados por <a href=\"https:\/\/www.flaticon.com\/authors\/pixel-buddha\" title=\"Pixel Buddha\">Pixel Buddha<\/a> de <a href=\"https:\/\/www.flaticon.com\/\" title=\"Flaticon\">www.flaticon.com<\/a> est\u00e1n bajo licencia <a href=\"http:\/\/creativecommons.org\/licenses\/by\/3.0\/\" title=\"Creative Commons BY 3.0\" target=\"_blank\" rel=\"noopener noreferrer\">CC 3.0 BY<\/a><\/div>\n<div><img loading=\"lazy\" decoding=\"async\" src=\"https:\/\/cinelerra-gg.org\/wp-content\/uploads\/2019\/01\/help_32px.png\" alt=\"\" class=\"wp-image-2079 alignnone size-full\" width=\"32\" height=\"32\"><\/div>\n<p>[\/et_pb_text][et_pb_text _builder_version=\u00bb4.4.2&#8243; hover_enabled=\u00bb0&#8243;]<\/p>\n<p>El material de v\u00eddeo utilizado en la captura de pantalla de las pantallas m\u00faltiples es de: <a href=\"https:\/\/peach.blender.org\/about\/\">https:\/\/peach.blender.org\/about\/<\/a> y en licencia<a href=\"http:\/\/creativecommons.org\/licenses\/by\/3.0\/\">http:\/\/creativecommons.org\/licenses\/by\/3.0\/<\/a>.<\/p>\n<p>[\/et_pb_text][\/et_pb_column][\/et_pb_row][\/et_pb_section]<\/p>\n","protected":false},"excerpt":{"rendered":"<p>Descargo de responsabilidad y notas legales &nbsp; Finalidad de este sitio web El sitio web est\u00e1 dirigido por artistas voluntarios, cineastas, dise\u00f1adores, blogueros y desarrolladores con fines personales puramente privados para intercambiar nuestros propios videos art\u00edsticos con otros amigos, colegas,simpatizantes, fans y partes interesadas de software de c\u00f3digo abierto, especialmente en lo que respecta a [&hellip;]<\/p>\n","protected":false},"author":1,"featured_media":0,"parent":0,"menu_order":0,"comment_status":"closed","ping_status":"closed","template":"","meta":{"_et_pb_use_builder":"on","_et_pb_old_content":"","_et_gb_content_width":"","footnotes":""},"class_list":["post-7613","page","type-page","status-publish","hentry"],"yoast_head":"<!-- This site is optimized with the Yoast SEO plugin v27.0 - https:\/\/yoast.com\/product\/yoast-seo-wordpress\/ -->\n<title>Descargo de responsabilidad y notas legales - Cinelerra GG<\/title>\n<meta name=\"robots\" content=\"noindex, nofollow\" \/>\n<meta property=\"og:locale\" content=\"es_ES\" \/>\n<meta property=\"og:type\" content=\"article\" \/>\n<meta property=\"og:title\" content=\"Descargo de responsabilidad y notas legales - Cinelerra GG\" \/>\n<meta property=\"og:description\" content=\"Descargo de responsabilidad y notas legales &nbsp; Finalidad de este sitio web El sitio web est\u00e1 dirigido por artistas voluntarios, cineastas, dise\u00f1adores, blogueros y desarrolladores con fines personales puramente privados para intercambiar nuestros propios videos art\u00edsticos con otros amigos, colegas,simpatizantes, fans y partes interesadas de software de c\u00f3digo abierto, especialmente en lo que respecta a [&hellip;]\" \/>\n<meta property=\"og:url\" content=\"https:\/\/cinelerra-gg.org\/es\/descargo-de-responsabilidad-y-notas-legales\/\" \/>\n<meta property=\"og:site_name\" content=\"Cinelerra GG\" \/>\n<meta property=\"article:modified_time\" content=\"2020-10-09T20:22:31+00:00\" \/>\n<meta property=\"og:image\" content=\"https:\/\/cinelerra-gg.org\/wp-content\/uploads\/2018\/11\/git_red_32-1.png\" \/>\n<meta name=\"twitter:card\" content=\"summary_large_image\" \/>\n<meta name=\"twitter:label1\" content=\"Tiempo de lectura\" \/>\n\t<meta name=\"twitter:data1\" content=\"7 minutos\" \/>\n<script type=\"application\/ld+json\" class=\"yoast-schema-graph\">{\"@context\":\"https:\/\/schema.org\",\"@graph\":[{\"@type\":\"WebPage\",\"@id\":\"https:\/\/cinelerra-gg.org\/es\/descargo-de-responsabilidad-y-notas-legales\/\",\"url\":\"https:\/\/cinelerra-gg.org\/es\/descargo-de-responsabilidad-y-notas-legales\/\",\"name\":\"Descargo de responsabilidad y notas legales - Cinelerra GG\",\"isPartOf\":{\"@id\":\"https:\/\/cinelerra-gg.org\/es\/#website\"},\"primaryImageOfPage\":{\"@id\":\"https:\/\/cinelerra-gg.org\/es\/descargo-de-responsabilidad-y-notas-legales\/#primaryimage\"},\"image\":{\"@id\":\"https:\/\/cinelerra-gg.org\/es\/descargo-de-responsabilidad-y-notas-legales\/#primaryimage\"},\"thumbnailUrl\":\"https:\/\/cinelerra-gg.org\/wp-content\/uploads\/2018\/11\/git_red_32-1.png\",\"datePublished\":\"2019-11-13T13:41:07+00:00\",\"dateModified\":\"2020-10-09T20:22:31+00:00\",\"breadcrumb\":{\"@id\":\"https:\/\/cinelerra-gg.org\/es\/descargo-de-responsabilidad-y-notas-legales\/#breadcrumb\"},\"inLanguage\":\"es\",\"potentialAction\":[{\"@type\":\"ReadAction\",\"target\":[\"https:\/\/cinelerra-gg.org\/es\/descargo-de-responsabilidad-y-notas-legales\/\"]}]},{\"@type\":\"ImageObject\",\"inLanguage\":\"es\",\"@id\":\"https:\/\/cinelerra-gg.org\/es\/descargo-de-responsabilidad-y-notas-legales\/#primaryimage\",\"url\":\"https:\/\/cinelerra-gg.org\/wp-content\/uploads\/2018\/11\/git_red_32-1.png\",\"contentUrl\":\"https:\/\/cinelerra-gg.org\/wp-content\/uploads\/2018\/11\/git_red_32-1.png\"},{\"@type\":\"BreadcrumbList\",\"@id\":\"https:\/\/cinelerra-gg.org\/es\/descargo-de-responsabilidad-y-notas-legales\/#breadcrumb\",\"itemListElement\":[{\"@type\":\"ListItem\",\"position\":1,\"name\":\"Home\",\"item\":\"https:\/\/cinelerra-gg.org\/es\/\"},{\"@type\":\"ListItem\",\"position\":2,\"name\":\"Descargo de responsabilidad y notas legales\"}]},{\"@type\":\"WebSite\",\"@id\":\"https:\/\/cinelerra-gg.org\/es\/#website\",\"url\":\"https:\/\/cinelerra-gg.org\/es\/\",\"name\":\"Cinelerra GG\",\"description\":\"Cinelerra GG free video editing software\",\"potentialAction\":[{\"@type\":\"SearchAction\",\"target\":{\"@type\":\"EntryPoint\",\"urlTemplate\":\"https:\/\/cinelerra-gg.org\/es\/?s={search_term_string}\"},\"query-input\":{\"@type\":\"PropertyValueSpecification\",\"valueRequired\":true,\"valueName\":\"search_term_string\"}}],\"inLanguage\":\"es\"}]}<\/script>\n<!-- \/ Yoast SEO plugin. -->","yoast_head_json":{"title":"Descargo de responsabilidad y notas legales - Cinelerra GG","robots":{"index":"noindex","follow":"nofollow"},"og_locale":"es_ES","og_type":"article","og_title":"Descargo de responsabilidad y notas legales - Cinelerra GG","og_description":"Descargo de responsabilidad y notas legales &nbsp; Finalidad de este sitio web El sitio web est\u00e1 dirigido por artistas voluntarios, cineastas, dise\u00f1adores, blogueros y desarrolladores con fines personales puramente privados para intercambiar nuestros propios videos art\u00edsticos con otros amigos, colegas,simpatizantes, fans y partes interesadas de software de c\u00f3digo abierto, especialmente en lo que respecta a [&hellip;]","og_url":"https:\/\/cinelerra-gg.org\/es\/descargo-de-responsabilidad-y-notas-legales\/","og_site_name":"Cinelerra GG","article_modified_time":"2020-10-09T20:22:31+00:00","og_image":[{"url":"https:\/\/cinelerra-gg.org\/wp-content\/uploads\/2018\/11\/git_red_32-1.png","type":"","width":"","height":""}],"twitter_card":"summary_large_image","twitter_misc":{"Tiempo de lectura":"7 minutos"},"schema":{"@context":"https:\/\/schema.org","@graph":[{"@type":"WebPage","@id":"https:\/\/cinelerra-gg.org\/es\/descargo-de-responsabilidad-y-notas-legales\/","url":"https:\/\/cinelerra-gg.org\/es\/descargo-de-responsabilidad-y-notas-legales\/","name":"Descargo de responsabilidad y notas legales - Cinelerra GG","isPartOf":{"@id":"https:\/\/cinelerra-gg.org\/es\/#website"},"primaryImageOfPage":{"@id":"https:\/\/cinelerra-gg.org\/es\/descargo-de-responsabilidad-y-notas-legales\/#primaryimage"},"image":{"@id":"https:\/\/cinelerra-gg.org\/es\/descargo-de-responsabilidad-y-notas-legales\/#primaryimage"},"thumbnailUrl":"https:\/\/cinelerra-gg.org\/wp-content\/uploads\/2018\/11\/git_red_32-1.png","datePublished":"2019-11-13T13:41:07+00:00","dateModified":"2020-10-09T20:22:31+00:00","breadcrumb":{"@id":"https:\/\/cinelerra-gg.org\/es\/descargo-de-responsabilidad-y-notas-legales\/#breadcrumb"},"inLanguage":"es","potentialAction":[{"@type":"ReadAction","target":["https:\/\/cinelerra-gg.org\/es\/descargo-de-responsabilidad-y-notas-legales\/"]}]},{"@type":"ImageObject","inLanguage":"es","@id":"https:\/\/cinelerra-gg.org\/es\/descargo-de-responsabilidad-y-notas-legales\/#primaryimage","url":"https:\/\/cinelerra-gg.org\/wp-content\/uploads\/2018\/11\/git_red_32-1.png","contentUrl":"https:\/\/cinelerra-gg.org\/wp-content\/uploads\/2018\/11\/git_red_32-1.png"},{"@type":"BreadcrumbList","@id":"https:\/\/cinelerra-gg.org\/es\/descargo-de-responsabilidad-y-notas-legales\/#breadcrumb","itemListElement":[{"@type":"ListItem","position":1,"name":"Home","item":"https:\/\/cinelerra-gg.org\/es\/"},{"@type":"ListItem","position":2,"name":"Descargo de responsabilidad y notas legales"}]},{"@type":"WebSite","@id":"https:\/\/cinelerra-gg.org\/es\/#website","url":"https:\/\/cinelerra-gg.org\/es\/","name":"Cinelerra GG","description":"Cinelerra GG free video editing software","potentialAction":[{"@type":"SearchAction","target":{"@type":"EntryPoint","urlTemplate":"https:\/\/cinelerra-gg.org\/es\/?s={search_term_string}"},"query-input":{"@type":"PropertyValueSpecification","valueRequired":true,"valueName":"search_term_string"}}],"inLanguage":"es"}]}},"_links":{"self":[{"href":"https:\/\/cinelerra-gg.org\/es\/wp-json\/wp\/v2\/pages\/7613","targetHints":{"allow":["GET"]}}],"collection":[{"href":"https:\/\/cinelerra-gg.org\/es\/wp-json\/wp\/v2\/pages"}],"about":[{"href":"https:\/\/cinelerra-gg.org\/es\/wp-json\/wp\/v2\/types\/page"}],"author":[{"embeddable":true,"href":"https:\/\/cinelerra-gg.org\/es\/wp-json\/wp\/v2\/users\/1"}],"replies":[{"embeddable":true,"href":"https:\/\/cinelerra-gg.org\/es\/wp-json\/wp\/v2\/comments?post=7613"}],"version-history":[{"count":0,"href":"https:\/\/cinelerra-gg.org\/es\/wp-json\/wp\/v2\/pages\/7613\/revisions"}],"wp:attachment":[{"href":"https:\/\/cinelerra-gg.org\/es\/wp-json\/wp\/v2\/media?parent=7613"}],"curies":[{"name":"wp","href":"https:\/\/api.w.org\/{rel}","templated":true}]}}