{"id":7645,"date":"2019-11-13T15:05:49","date_gmt":"2019-11-13T15:05:49","guid":{"rendered":"https:\/\/www.cinelerra-gg.org\/instrucciones-de-instalacion-de-arch-linux-cinelerra\/"},"modified":"2020-10-09T20:22:57","modified_gmt":"2020-10-09T20:22:57","slug":"instrucciones-de-instalacion-de-arch-linux-cinelerra","status":"publish","type":"page","link":"https:\/\/cinelerra-gg.org\/es\/instrucciones-de-instalacion-de-arch-linux-cinelerra\/","title":{"rendered":"Instrucciones de instalaci\u00f3n de Arch Linux Cinelerra"},"content":{"rendered":"<p>[et_pb_section fb_built=\u00bb1&#8243; _builder_version=\u00bb3.22&#8243; custom_padding=\u00bb||19px|||\u00bb][et_pb_row _builder_version=\u00bb3.25&#8243; custom_padding=\u00bb||22px|||\u00bb][et_pb_column type=\u00bb4_4&#8243; _builder_version=\u00bb3.25&#8243; custom_padding=\u00bb|||\u00bb custom_padding__hover=\u00bb|||\u00bb][et_pb_text _builder_version=\u00bb3.27.4&#8243;]<\/p>\n<h1>Instalaci\u00f3n de Arch Linux Cinelerra<\/h1>\n<p>En esta secci\u00f3n encontrar\u00e1 las instrucciones para la instalaci\u00f3n de de Cinelerra en Arch Linux utilizando los comandos de la consola. Como alternativa, tambi\u00e9n puede usar compilaciones precompiladas que puede encontrar en la p\u00e1gina de descarga. Una lista de paquetes vagamente definida, para incluir detalles para <strong>Manjaro<\/strong> y <strong>EndeavorOS<\/strong> hacia la parte inferior, que debe instalar primero se enumera en este archivo:<\/p>\n<p><a href=\"https:\/\/cinelerra-gg.org\/download\/README.arch\">https:\/\/cinelerra-gg.org\/download\/README.arch<\/a><\/p>\n<p>Instrucciones de instalaci\u00f3n de Cinelerra en Arch Linux:<\/p>\n<p>Para la instalaci\u00f3n del paquete Arch, edite primero el archivo <em>\/etc\/pacman.conf<\/em>, para incluir lo siguiente:<strong><br \/><\/strong><\/p>\n<p>[\/et_pb_text][et_pb_text _builder_version=\u00bb3.27.4&#8243; text_font=\u00bb||||||||\u00bb background_color=\u00bb#f2f2f2&#8243; custom_margin=\u00bb|||20px\u00bb custom_padding=\u00bb10px|5px|10px|20px\u00bb border_radii=\u00bbon|11px|11px|11px|11px\u00bb]<\/p>\n<p>[cingg]<br \/>SigLevel = Optional TrustAll<br \/>Server = https:\/\/cinelerra-gg.org\/download\/pkgs\/arch<br \/># end of cingg<\/p>\n<p>[\/et_pb_text][et_pb_text _builder_version=\u00bb3.27.4&#8243;]<\/p>\n<p>A continuaci\u00f3n, ejecute estos comandos para instalarlo:<\/p>\n<p>[\/et_pb_text][et_pb_text _builder_version=\u00bb3.27.4&#8243; text_font=\u00bb||||||||\u00bb background_color=\u00bb#f2f2f2&#8243; custom_margin=\u00bb|||20px\u00bb custom_padding=\u00bb10px|5px|10px|20px\u00bb border_radii=\u00bbon|11px|11px|11px|11px\u00bb]<\/p>\n<p>pacman -Syu<br \/> pacman -S cin<\/p>\n<p>NOTA: la primera l\u00ednea actualiza su sistema Arch a la versi\u00f3n continua actual y la segunda l\u00ednea actualiza Cinelerra-GG en funci\u00f3n de la versi\u00f3n continua que estaba en vigor el \u00faltimo d\u00eda del mes. Por favor complete estos 2 pasos en orden, uno justo despu\u00e9s del otro para evitar el riesgo de una actualizaci\u00f3n parcial. Debido a la imprevisibilidad de cu\u00e1ndo se actualizan las bibliotecas de Arch, realizar una instalaci\u00f3n de Cinelerra en cualquier momento que no sea poco despu\u00e9s del \u00faltimo d\u00eda del mes en que se crea el nuevo paquete de compilaci\u00f3n, podr\u00eda dar lugar a incompatibilidades de bibliotecas. En ese caso, considere el uso del archivo est\u00e1tico .tar para Arch para la instalaci\u00f3n en su lugar.<\/p>\n<p>&nbsp;<\/p>\n<p>[\/et_pb_text][et_pb_text _builder_version=\u00bb3.27.4&#8243;]<\/p>\n<p>Para eliminar Cinelerra-GG, ejecute:<\/p>\n<p>[\/et_pb_text][et_pb_text _builder_version=\u00bb3.27.4&#8243; text_font=\u00bb||||||||\u00bb background_color=\u00bb#f2f2f2&#8243; custom_margin=\u00bb|||20px\u00bb custom_padding=\u00bb10px|5px|10px|20px\u00bb border_radii=\u00bbon|11px|11px|11px|11px\u00bb]<\/p>\n<p>pacman -R cin<\/p>\n<p>[\/et_pb_text][\/et_pb_column][\/et_pb_row][\/et_pb_section][et_pb_section fb_built=\u00bb1&#8243; _builder_version=\u00bb3.22&#8243; custom_padding=\u00bb28px||16px|||\u00bb][et_pb_row _builder_version=\u00bb3.25&#8243; custom_padding=\u00bb14px||20px|||\u00bb][et_pb_column type=\u00bb4_4&#8243; _builder_version=\u00bb3.25&#8243; custom_padding=\u00bb|||\u00bb custom_padding__hover=\u00bb|||\u00bb][et_pb_text _builder_version=\u00bb3.27.4&#8243;]<\/p>\n<h2>\u00bfQu\u00e9 es Arch Linux?<\/h2>\n<p>Arch Linux es una distribuci\u00f3n de Linux con lanzamientos continuos. El equipo de desarrollo sigue el principio KISS (\u00abmantenerlo simple, est\u00fapido\u00bb). El objetivo es la simplicidad, lo que significa que no se requieren ayudas gr\u00e1ficas de instalaci\u00f3n y configuraci\u00f3n. Arch Linux se recomienda para usuarios avanzados debido a sus pocas interfaces gr\u00e1ficas de instalaci\u00f3n.<\/p>\n<p>Est\u00e1 dise\u00f1ado para utilizar paquetes binarios. Los paquetes de arco se organizan con el administrador de paquetes Pacman. El sistema de compilaci\u00f3n de Arch (ABS) tambi\u00e9n se puede utilizar para crear nuevos paquetes que solo est\u00e1n disponibles en el c\u00f3digo fuente. Hay varias distribuciones que se construyen directamente en Arch Linux o utilizan sus programas. El derivado m\u00e1s conocido es Manjaro Linux. A diferencia de otras distribuciones grandes, Arch Linux no crea sus versiones en fechas espec\u00edficas, pero funciona de acuerdo con el principio de lanzamiento continuo.<\/p>\n<h2>\u00bfD\u00f3nde puedo encontrar informaci\u00f3n sobre Arch Linux?<\/h2>\n<p>Puede encontrar informaci\u00f3n m\u00e1s detallada sobre <a title=\"Arch Linux en la Wikipedia\" href=\"https:\/\/en.wikipedia.org\/wiki\/Arch_Linux\">Arch Linux en la Wikipedia<\/a> y en la <a title=\"P\u00e1gina del proyecto Arch Linux\" href=\"https:\/\/www.archlinux.org\/\">p\u00e1gina del proyecto de Arch Linux<\/a>.<\/p>\n<p>[\/et_pb_text][\/et_pb_column][\/et_pb_row][\/et_pb_section]<\/p>\n","protected":false},"excerpt":{"rendered":"<p>Instalaci\u00f3n de Arch Linux Cinelerra En esta secci\u00f3n encontrar\u00e1 las instrucciones para la instalaci\u00f3n de de Cinelerra en Arch Linux utilizando los comandos de la consola. Como alternativa, tambi\u00e9n puede usar compilaciones precompiladas que puede encontrar en la p\u00e1gina de descarga. Una lista de paquetes vagamente definida, para incluir detalles para Manjaro y EndeavorOS hacia [&hellip;]<\/p>\n","protected":false},"author":3,"featured_media":0,"parent":0,"menu_order":0,"comment_status":"closed","ping_status":"closed","template":"","meta":{"_et_pb_use_builder":"on","_et_pb_old_content":"","_et_gb_content_width":"","footnotes":""},"class_list":["post-7645","page","type-page","status-publish","hentry"],"yoast_head":"<!-- This site is optimized with the Yoast SEO plugin v27.0 - https:\/\/yoast.com\/product\/yoast-seo-wordpress\/ -->\n<title>Instrucciones de instalaci\u00f3n de Arch Linux Cinelerra - Cinelerra GG<\/title>\n<meta name=\"description\" content=\"Instrucciones de instalaci\u00f3n de Arch Linux Cinelerra. Aqu\u00ed puede encontrar instrucciones sobre c\u00f3mo instalar Cinelerra GG en Arch Linux.\" \/>\n<meta name=\"robots\" content=\"index, follow, max-snippet:-1, max-image-preview:large, max-video-preview:-1\" \/>\n<link rel=\"canonical\" href=\"https:\/\/cinelerra-gg.org\/es\/instrucciones-de-instalacion-de-arch-linux-cinelerra\/\" \/>\n<meta property=\"og:locale\" content=\"es_ES\" \/>\n<meta property=\"og:type\" content=\"article\" \/>\n<meta property=\"og:title\" content=\"Instrucciones de instalaci\u00f3n de Arch Linux Cinelerra - Cinelerra GG\" \/>\n<meta property=\"og:description\" content=\"Instrucciones de instalaci\u00f3n de Arch Linux Cinelerra. Aqu\u00ed puede encontrar instrucciones sobre c\u00f3mo instalar Cinelerra GG en Arch Linux.\" \/>\n<meta property=\"og:url\" content=\"https:\/\/cinelerra-gg.org\/es\/instrucciones-de-instalacion-de-arch-linux-cinelerra\/\" \/>\n<meta property=\"og:site_name\" content=\"Cinelerra GG\" \/>\n<meta property=\"article:modified_time\" content=\"2020-10-09T20:22:57+00:00\" \/>\n<meta name=\"twitter:card\" content=\"summary_large_image\" \/>\n<meta name=\"twitter:label1\" content=\"Tiempo de lectura\" \/>\n\t<meta name=\"twitter:data1\" content=\"3 minutos\" \/>\n<script type=\"application\/ld+json\" class=\"yoast-schema-graph\">{\"@context\":\"https:\/\/schema.org\",\"@graph\":[{\"@type\":\"WebPage\",\"@id\":\"https:\/\/cinelerra-gg.org\/es\/instrucciones-de-instalacion-de-arch-linux-cinelerra\/\",\"url\":\"https:\/\/cinelerra-gg.org\/es\/instrucciones-de-instalacion-de-arch-linux-cinelerra\/\",\"name\":\"Instrucciones de instalaci\u00f3n de Arch Linux Cinelerra - Cinelerra GG\",\"isPartOf\":{\"@id\":\"https:\/\/cinelerra-gg.org\/es\/#website\"},\"datePublished\":\"2019-11-13T15:05:49+00:00\",\"dateModified\":\"2020-10-09T20:22:57+00:00\",\"description\":\"Instrucciones de instalaci\u00f3n de Arch Linux Cinelerra. Aqu\u00ed puede encontrar instrucciones sobre c\u00f3mo instalar Cinelerra GG en Arch Linux.\",\"breadcrumb\":{\"@id\":\"https:\/\/cinelerra-gg.org\/es\/instrucciones-de-instalacion-de-arch-linux-cinelerra\/#breadcrumb\"},\"inLanguage\":\"es\",\"potentialAction\":[{\"@type\":\"ReadAction\",\"target\":[\"https:\/\/cinelerra-gg.org\/es\/instrucciones-de-instalacion-de-arch-linux-cinelerra\/\"]}]},{\"@type\":\"BreadcrumbList\",\"@id\":\"https:\/\/cinelerra-gg.org\/es\/instrucciones-de-instalacion-de-arch-linux-cinelerra\/#breadcrumb\",\"itemListElement\":[{\"@type\":\"ListItem\",\"position\":1,\"name\":\"Home\",\"item\":\"https:\/\/cinelerra-gg.org\/es\/\"},{\"@type\":\"ListItem\",\"position\":2,\"name\":\"Instrucciones de instalaci\u00f3n de Arch Linux Cinelerra\"}]},{\"@type\":\"WebSite\",\"@id\":\"https:\/\/cinelerra-gg.org\/es\/#website\",\"url\":\"https:\/\/cinelerra-gg.org\/es\/\",\"name\":\"Cinelerra GG\",\"description\":\"Cinelerra GG free video editing software\",\"potentialAction\":[{\"@type\":\"SearchAction\",\"target\":{\"@type\":\"EntryPoint\",\"urlTemplate\":\"https:\/\/cinelerra-gg.org\/es\/?s={search_term_string}\"},\"query-input\":{\"@type\":\"PropertyValueSpecification\",\"valueRequired\":true,\"valueName\":\"search_term_string\"}}],\"inLanguage\":\"es\"}]}<\/script>\n<!-- \/ Yoast SEO plugin. -->","yoast_head_json":{"title":"Instrucciones de instalaci\u00f3n de Arch Linux Cinelerra - Cinelerra GG","description":"Instrucciones de instalaci\u00f3n de Arch Linux Cinelerra. Aqu\u00ed puede encontrar instrucciones sobre c\u00f3mo instalar Cinelerra GG en Arch Linux.","robots":{"index":"index","follow":"follow","max-snippet":"max-snippet:-1","max-image-preview":"max-image-preview:large","max-video-preview":"max-video-preview:-1"},"canonical":"https:\/\/cinelerra-gg.org\/es\/instrucciones-de-instalacion-de-arch-linux-cinelerra\/","og_locale":"es_ES","og_type":"article","og_title":"Instrucciones de instalaci\u00f3n de Arch Linux Cinelerra - Cinelerra GG","og_description":"Instrucciones de instalaci\u00f3n de Arch Linux Cinelerra. Aqu\u00ed puede encontrar instrucciones sobre c\u00f3mo instalar Cinelerra GG en Arch Linux.","og_url":"https:\/\/cinelerra-gg.org\/es\/instrucciones-de-instalacion-de-arch-linux-cinelerra\/","og_site_name":"Cinelerra GG","article_modified_time":"2020-10-09T20:22:57+00:00","twitter_card":"summary_large_image","twitter_misc":{"Tiempo de lectura":"3 minutos"},"schema":{"@context":"https:\/\/schema.org","@graph":[{"@type":"WebPage","@id":"https:\/\/cinelerra-gg.org\/es\/instrucciones-de-instalacion-de-arch-linux-cinelerra\/","url":"https:\/\/cinelerra-gg.org\/es\/instrucciones-de-instalacion-de-arch-linux-cinelerra\/","name":"Instrucciones de instalaci\u00f3n de Arch Linux Cinelerra - Cinelerra GG","isPartOf":{"@id":"https:\/\/cinelerra-gg.org\/es\/#website"},"datePublished":"2019-11-13T15:05:49+00:00","dateModified":"2020-10-09T20:22:57+00:00","description":"Instrucciones de instalaci\u00f3n de Arch Linux Cinelerra. Aqu\u00ed puede encontrar instrucciones sobre c\u00f3mo instalar Cinelerra GG en Arch Linux.","breadcrumb":{"@id":"https:\/\/cinelerra-gg.org\/es\/instrucciones-de-instalacion-de-arch-linux-cinelerra\/#breadcrumb"},"inLanguage":"es","potentialAction":[{"@type":"ReadAction","target":["https:\/\/cinelerra-gg.org\/es\/instrucciones-de-instalacion-de-arch-linux-cinelerra\/"]}]},{"@type":"BreadcrumbList","@id":"https:\/\/cinelerra-gg.org\/es\/instrucciones-de-instalacion-de-arch-linux-cinelerra\/#breadcrumb","itemListElement":[{"@type":"ListItem","position":1,"name":"Home","item":"https:\/\/cinelerra-gg.org\/es\/"},{"@type":"ListItem","position":2,"name":"Instrucciones de instalaci\u00f3n de Arch Linux Cinelerra"}]},{"@type":"WebSite","@id":"https:\/\/cinelerra-gg.org\/es\/#website","url":"https:\/\/cinelerra-gg.org\/es\/","name":"Cinelerra GG","description":"Cinelerra GG free video editing software","potentialAction":[{"@type":"SearchAction","target":{"@type":"EntryPoint","urlTemplate":"https:\/\/cinelerra-gg.org\/es\/?s={search_term_string}"},"query-input":{"@type":"PropertyValueSpecification","valueRequired":true,"valueName":"search_term_string"}}],"inLanguage":"es"}]}},"_links":{"self":[{"href":"https:\/\/cinelerra-gg.org\/es\/wp-json\/wp\/v2\/pages\/7645","targetHints":{"allow":["GET"]}}],"collection":[{"href":"https:\/\/cinelerra-gg.org\/es\/wp-json\/wp\/v2\/pages"}],"about":[{"href":"https:\/\/cinelerra-gg.org\/es\/wp-json\/wp\/v2\/types\/page"}],"author":[{"embeddable":true,"href":"https:\/\/cinelerra-gg.org\/es\/wp-json\/wp\/v2\/users\/3"}],"replies":[{"embeddable":true,"href":"https:\/\/cinelerra-gg.org\/es\/wp-json\/wp\/v2\/comments?post=7645"}],"version-history":[{"count":0,"href":"https:\/\/cinelerra-gg.org\/es\/wp-json\/wp\/v2\/pages\/7645\/revisions"}],"wp:attachment":[{"href":"https:\/\/cinelerra-gg.org\/es\/wp-json\/wp\/v2\/media?parent=7645"}],"curies":[{"name":"wp","href":"https:\/\/api.w.org\/{rel}","templated":true}]}}