{"id":7647,"date":"2019-11-13T15:10:54","date_gmt":"2019-11-13T15:10:54","guid":{"rendered":"https:\/\/www.cinelerra-gg.org\/slackware\/"},"modified":"2020-10-09T20:21:49","modified_gmt":"2020-10-09T20:21:49","slug":"slackware","status":"publish","type":"page","link":"https:\/\/cinelerra-gg.org\/es\/slackware\/","title":{"rendered":"Slackware"},"content":{"rendered":"<p>[et_pb_section fb_built=\u00bb1&#8243; _builder_version=\u00bb3.22&#8243;][et_pb_row _builder_version=\u00bb3.25&#8243;][et_pb_column type=\u00bb4_4&#8243; _builder_version=\u00bb3.25&#8243; custom_padding=\u00bb|||\u00bb custom_padding__hover=\u00bb|||\u00bb][et_pb_text _builder_version=\u00bb3.17.6&#8243;]<\/p>\n<h1>Slackware<\/h1>\n<p><strong><\/strong>Actualmente, el acceso al sitio no est\u00e1 configurado. Para instalar cinelerra-gg, descargue aqu\u00ed la compilaci\u00f3n del paquete <a href=\"https:\/\/cinelerra-gg.org\/download\/pkgs\/\"><\/a>slackware cin_5.1*.txz . A continuaci\u00f3n, utilice:<\/p>\n<p>[\/et_pb_text][et_pb_text _builder_version=\u00bb3.17.6&#8243; text_font=\u00bb||||||||\u00bb background_color=\u00bb#f2f2f2&#8243; border_radii=\u00bbon|11px|11px|11px|11px\u00bb custom_margin=\u00bb|||20px\u00bb custom_padding=\u00bb10px|5px|10px|20px\u00bb]<\/p>\n<p>installpkg \/path\/cin_5.1*.txz<\/p>\n<p>[\/et_pb_text][et_pb_text _builder_version=\u00bb3.17.6&#8243;]<\/p>\n<p>Para actualizar una instalaci\u00f3n anterior:<\/p>\n<p>[\/et_pb_text][et_pb_text _builder_version=\u00bb3.17.6&#8243; text_font=\u00bb||||||||\u00bb background_color=\u00bb#f2f2f2&#8243; border_radii=\u00bbon|11px|11px|11px|11px\u00bb custom_margin=\u00bb|||20px\u00bb custom_padding=\u00bb10px|5px|10px|20px\u00bb]<\/p>\n<p>upgradepkg \/path\/cin&#8230;<\/p>\n<p>[\/et_pb_text][et_pb_text _builder_version=\u00bb3.17.6&#8243;]<\/p>\n<p>Ret\u00edrelo con:<\/p>\n<p>[\/et_pb_text][et_pb_text _builder_version=\u00bb3.17.6&#8243; text_font=\u00bb||||||||\u00bb background_color=\u00bb#f2f2f2&#8243; border_radii=\u00bbon|11px|11px|11px|11px\u00bb custom_margin=\u00bb|||20px\u00bb custom_padding=\u00bb10px|5px|10px|20px\u00bb]<\/p>\n<p>removepkg cin<\/p>\n<p>[\/et_pb_text][et_pb_text _builder_version=\u00bb3.17.6&#8243;]<\/p>\n<p>Compilaciones Slackware 32\/64 :<\/p>\n<p>Para la edici\u00f3n de 32 bits de Slackware, b\u00fascalo <a href=\"https:\/\/cinelerra-gg.org\/download\/tars\/\">aqu\u00ed<\/a>.<\/p>\n<p>Busque un archivo con la sintaxis <i>cinelerra-5.1-<b>slk32<\/b>-14.2-i686-DATE.txz<\/i>. Extraerlo y ejecutar el binario \u00abcin\u00bb.<\/p>\n<p>Para la edici\u00f3n de 64 bits de Slackware, b\u00fascalo <a href=\"https:\/\/cinelerra-gg.org\/download\/tars\/\">aqu\u00ed<\/a>.<\/p>\n<p>Busque un archivo con la sintaxis <i>cinelerra-5.1-<b>slk64<\/b>-14.2-x86_64-DATE.txz<\/i>. Extraerlo y ejecutar el binario \u00abcin\u00bb.<\/p>\n<p>Si desea crear Cinelerra-GG desde cero, un SlackBuild est\u00e1 disponible en nuestro repositorio GIT en \u00abblds\/cin. SlackBuild\u00bb.<\/p>\n<p>[\/et_pb_text][\/et_pb_column][\/et_pb_row][\/et_pb_section]<\/p>\n","protected":false},"excerpt":{"rendered":"<p>Slackware Actualmente, el acceso al sitio no est\u00e1 configurado. Para instalar cinelerra-gg, descargue aqu\u00ed la compilaci\u00f3n del paquete slackware cin_5.1*.txz . A continuaci\u00f3n, utilice:installpkg \/path\/cin_5.1*.txzPara actualizar una instalaci\u00f3n anterior:upgradepkg \/path\/cin&#8230;Ret\u00edrelo con:removepkg cinCompilaciones Slackware 32\/64 : Para la edici\u00f3n de 32 bits de Slackware, b\u00fascalo aqu\u00ed. Busque un archivo con la sintaxis cinelerra-5.1-slk32-14.2-i686-DATE.txz. Extraerlo y ejecutar [&hellip;]<\/p>\n","protected":false},"author":3,"featured_media":0,"parent":0,"menu_order":0,"comment_status":"closed","ping_status":"closed","template":"","meta":{"_et_pb_use_builder":"on","_et_pb_old_content":"<!-- wp:divi\/placeholder \/-->","_et_gb_content_width":"","footnotes":""},"class_list":["post-7647","page","type-page","status-publish","hentry"],"yoast_head":"<!-- This site is optimized with the Yoast SEO plugin v27.0 - https:\/\/yoast.com\/product\/yoast-seo-wordpress\/ -->\n<title>Slackware - Cinelerra GG<\/title>\n<meta name=\"robots\" content=\"index, follow, max-snippet:-1, max-image-preview:large, max-video-preview:-1\" \/>\n<link rel=\"canonical\" href=\"https:\/\/cinelerra-gg.org\/es\/slackware\/\" \/>\n<meta property=\"og:locale\" content=\"es_ES\" \/>\n<meta property=\"og:type\" content=\"article\" \/>\n<meta property=\"og:title\" content=\"Slackware - Cinelerra GG\" \/>\n<meta property=\"og:description\" content=\"Slackware Actualmente, el acceso al sitio no est\u00e1 configurado. Para instalar cinelerra-gg, descargue aqu\u00ed la compilaci\u00f3n del paquete slackware cin_5.1*.txz . A continuaci\u00f3n, utilice:installpkg \/path\/cin_5.1*.txzPara actualizar una instalaci\u00f3n anterior:upgradepkg \/path\/cin...Ret\u00edrelo con:removepkg cinCompilaciones Slackware 32\/64 : Para la edici\u00f3n de 32 bits de Slackware, b\u00fascalo aqu\u00ed. Busque un archivo con la sintaxis cinelerra-5.1-slk32-14.2-i686-DATE.txz. Extraerlo y ejecutar [&hellip;]\" \/>\n<meta property=\"og:url\" content=\"https:\/\/cinelerra-gg.org\/es\/slackware\/\" \/>\n<meta property=\"og:site_name\" content=\"Cinelerra GG\" \/>\n<meta property=\"article:modified_time\" content=\"2020-10-09T20:21:49+00:00\" \/>\n<meta name=\"twitter:card\" content=\"summary_large_image\" \/>\n<meta name=\"twitter:label1\" content=\"Tiempo de lectura\" \/>\n\t<meta name=\"twitter:data1\" content=\"1 minuto\" \/>\n<script type=\"application\/ld+json\" class=\"yoast-schema-graph\">{\"@context\":\"https:\/\/schema.org\",\"@graph\":[{\"@type\":\"WebPage\",\"@id\":\"https:\/\/cinelerra-gg.org\/es\/slackware\/\",\"url\":\"https:\/\/cinelerra-gg.org\/es\/slackware\/\",\"name\":\"Slackware - Cinelerra GG\",\"isPartOf\":{\"@id\":\"https:\/\/cinelerra-gg.org\/es\/#website\"},\"datePublished\":\"2019-11-13T15:10:54+00:00\",\"dateModified\":\"2020-10-09T20:21:49+00:00\",\"breadcrumb\":{\"@id\":\"https:\/\/cinelerra-gg.org\/es\/slackware\/#breadcrumb\"},\"inLanguage\":\"es\",\"potentialAction\":[{\"@type\":\"ReadAction\",\"target\":[\"https:\/\/cinelerra-gg.org\/es\/slackware\/\"]}]},{\"@type\":\"BreadcrumbList\",\"@id\":\"https:\/\/cinelerra-gg.org\/es\/slackware\/#breadcrumb\",\"itemListElement\":[{\"@type\":\"ListItem\",\"position\":1,\"name\":\"Home\",\"item\":\"https:\/\/cinelerra-gg.org\/es\/\"},{\"@type\":\"ListItem\",\"position\":2,\"name\":\"Slackware\"}]},{\"@type\":\"WebSite\",\"@id\":\"https:\/\/cinelerra-gg.org\/es\/#website\",\"url\":\"https:\/\/cinelerra-gg.org\/es\/\",\"name\":\"Cinelerra GG\",\"description\":\"Cinelerra GG free video editing software\",\"potentialAction\":[{\"@type\":\"SearchAction\",\"target\":{\"@type\":\"EntryPoint\",\"urlTemplate\":\"https:\/\/cinelerra-gg.org\/es\/?s={search_term_string}\"},\"query-input\":{\"@type\":\"PropertyValueSpecification\",\"valueRequired\":true,\"valueName\":\"search_term_string\"}}],\"inLanguage\":\"es\"}]}<\/script>\n<!-- \/ Yoast SEO plugin. -->","yoast_head_json":{"title":"Slackware - Cinelerra GG","robots":{"index":"index","follow":"follow","max-snippet":"max-snippet:-1","max-image-preview":"max-image-preview:large","max-video-preview":"max-video-preview:-1"},"canonical":"https:\/\/cinelerra-gg.org\/es\/slackware\/","og_locale":"es_ES","og_type":"article","og_title":"Slackware - Cinelerra GG","og_description":"Slackware Actualmente, el acceso al sitio no est\u00e1 configurado. Para instalar cinelerra-gg, descargue aqu\u00ed la compilaci\u00f3n del paquete slackware cin_5.1*.txz . A continuaci\u00f3n, utilice:installpkg \/path\/cin_5.1*.txzPara actualizar una instalaci\u00f3n anterior:upgradepkg \/path\/cin...Ret\u00edrelo con:removepkg cinCompilaciones Slackware 32\/64 : Para la edici\u00f3n de 32 bits de Slackware, b\u00fascalo aqu\u00ed. Busque un archivo con la sintaxis cinelerra-5.1-slk32-14.2-i686-DATE.txz. Extraerlo y ejecutar [&hellip;]","og_url":"https:\/\/cinelerra-gg.org\/es\/slackware\/","og_site_name":"Cinelerra GG","article_modified_time":"2020-10-09T20:21:49+00:00","twitter_card":"summary_large_image","twitter_misc":{"Tiempo de lectura":"1 minuto"},"schema":{"@context":"https:\/\/schema.org","@graph":[{"@type":"WebPage","@id":"https:\/\/cinelerra-gg.org\/es\/slackware\/","url":"https:\/\/cinelerra-gg.org\/es\/slackware\/","name":"Slackware - Cinelerra GG","isPartOf":{"@id":"https:\/\/cinelerra-gg.org\/es\/#website"},"datePublished":"2019-11-13T15:10:54+00:00","dateModified":"2020-10-09T20:21:49+00:00","breadcrumb":{"@id":"https:\/\/cinelerra-gg.org\/es\/slackware\/#breadcrumb"},"inLanguage":"es","potentialAction":[{"@type":"ReadAction","target":["https:\/\/cinelerra-gg.org\/es\/slackware\/"]}]},{"@type":"BreadcrumbList","@id":"https:\/\/cinelerra-gg.org\/es\/slackware\/#breadcrumb","itemListElement":[{"@type":"ListItem","position":1,"name":"Home","item":"https:\/\/cinelerra-gg.org\/es\/"},{"@type":"ListItem","position":2,"name":"Slackware"}]},{"@type":"WebSite","@id":"https:\/\/cinelerra-gg.org\/es\/#website","url":"https:\/\/cinelerra-gg.org\/es\/","name":"Cinelerra GG","description":"Cinelerra GG free video editing software","potentialAction":[{"@type":"SearchAction","target":{"@type":"EntryPoint","urlTemplate":"https:\/\/cinelerra-gg.org\/es\/?s={search_term_string}"},"query-input":{"@type":"PropertyValueSpecification","valueRequired":true,"valueName":"search_term_string"}}],"inLanguage":"es"}]}},"_links":{"self":[{"href":"https:\/\/cinelerra-gg.org\/es\/wp-json\/wp\/v2\/pages\/7647","targetHints":{"allow":["GET"]}}],"collection":[{"href":"https:\/\/cinelerra-gg.org\/es\/wp-json\/wp\/v2\/pages"}],"about":[{"href":"https:\/\/cinelerra-gg.org\/es\/wp-json\/wp\/v2\/types\/page"}],"author":[{"embeddable":true,"href":"https:\/\/cinelerra-gg.org\/es\/wp-json\/wp\/v2\/users\/3"}],"replies":[{"embeddable":true,"href":"https:\/\/cinelerra-gg.org\/es\/wp-json\/wp\/v2\/comments?post=7647"}],"version-history":[{"count":0,"href":"https:\/\/cinelerra-gg.org\/es\/wp-json\/wp\/v2\/pages\/7647\/revisions"}],"wp:attachment":[{"href":"https:\/\/cinelerra-gg.org\/es\/wp-json\/wp\/v2\/media?parent=7647"}],"curies":[{"name":"wp","href":"https:\/\/api.w.org\/{rel}","templated":true}]}}