{"id":7651,"date":"2019-11-13T15:14:08","date_gmt":"2019-11-13T15:14:08","guid":{"rendered":"https:\/\/www.cinelerra-gg.org\/tar-de-usuario-unico\/"},"modified":"2021-03-17T21:03:28","modified_gmt":"2021-03-17T21:03:28","slug":"tar-de-usuario-unico","status":"publish","type":"page","link":"https:\/\/cinelerra-gg.org\/es\/tar-de-usuario-unico\/","title":{"rendered":"Tar de usuario \u00fanico"},"content":{"rendered":"<p>[et_pb_section fb_built=\u00bb1&#8243; _builder_version=\u00bb3.22&#8243;][et_pb_row _builder_version=\u00bb3.25&#8243;][et_pb_column type=\u00bb4_4&#8243; _builder_version=\u00bb3.25&#8243; custom_padding=\u00bb|||\u00bb custom_padding__hover=\u00bb|||\u00bb][et_pb_text _builder_version=\u00bb3.27.4&#8243;]<\/p>\n<h1>Tar de usuario \u00fanico &#8211; est\u00e1tico o compartido<\/h1>\n<p><strong>ACTUALIZACI\u00d3N IMPORTANTE:<\/strong> CinelerraGG dej\u00f3 de brindar distribuciones Package o Tar. Ahora ofrece solo distribuciones <strong>AppImage<\/strong>. Puedes encontrar la \u00faltima versi\u00f3n de AppImage <a href=\"https:\/\/cinelerra-gg.org\/download\/images\/\">aqu\u00ed<\/a>, junto con las instrucciones en el archivo README.appimage.<\/p>\n<p>Todav\u00eda puedes seguir las instrucciones que se detallan a continuaci\u00f3n para usar la versi\u00f3n Tar del 31 de octubre de 2020.<\/p>\n<p>Existen directorios que incluyen compilaciones de CinelerraGG Infinity para varias distribuciones.<br \/>Los tarballs compilados de usuario \u00fanico se almacenan <a href=\"https:\/\/cinelerra-gg.org\/download\/tars\/\">aqu\u00ed.<\/a><br \/>Los paquetes compilados multiusuarios del sistema se almacenan <a href=\"https:\/\/cinelerra-gg.org\/download\/pkgs\/\">aqu\u00ed.<\/a><br \/>Para instalar la versi\u00f3n del sistema a tu sistema operativo, dir\u00edgete a las instrucciones en pkgs\/README.pkgs, <a href=\"https:\/\/cinelerra-gg.org\/download\/pkgs\/README.pkgs\">aqu\u00ed<\/a>.<\/p>\n<p>Las versiones de 32 bits incluyen Ubuntu i686 14.04, Debian 9 y Slackware.<br \/>NO descargues la versi\u00f3n de 10 bits a menos que utilice h264\/h265 (no puede renderizar 8bits).<\/p>\n<p>Para utilizar las compilaciones de usuario \u00fanico, descarga el tarball y desempaqueta como se indica:<\/p>\n<p><strong><\/strong><\/p>\n<p>[\/et_pb_text][et_pb_text _builder_version=\u00bb3.27.4&#8243; text_font=\u00bb||||||||\u00bb background_color=\u00bb#f2f2f2&#8243; custom_margin=\u00bb|||20px\u00bb custom_padding=\u00bb10px|5px|10px|20px\u00bb border_radii=\u00bbon|11px|11px|11px|11px\u00bb]<\/p>\n<p>cd \/path<br \/> mkdir cin<br \/> cd cin<br \/> tar -xJf \/src\/path\/cinelerra-5.1-*.txz # como se muestra en .\/tars para distro<\/p>\n<p>[\/et_pb_text][\/et_pb_column][\/et_pb_row][\/et_pb_section]<\/p>\n","protected":false},"excerpt":{"rendered":"<p>Tar de usuario \u00fanico &#8211; est\u00e1tico o compartido ACTUALIZACI\u00d3N IMPORTANTE: CinelerraGG dej\u00f3 de brindar distribuciones Package o Tar. Ahora ofrece solo distribuciones AppImage. Puedes encontrar la \u00faltima versi\u00f3n de AppImage aqu\u00ed, junto con las instrucciones en el archivo README.appimage. Todav\u00eda puedes seguir las instrucciones que se detallan a continuaci\u00f3n para usar la versi\u00f3n Tar del [&hellip;]<\/p>\n","protected":false},"author":3,"featured_media":0,"parent":0,"menu_order":0,"comment_status":"closed","ping_status":"closed","template":"","meta":{"_et_pb_use_builder":"on","_et_pb_old_content":"","_et_gb_content_width":"","footnotes":""},"class_list":["post-7651","page","type-page","status-publish","hentry"],"yoast_head":"<!-- This site is optimized with the Yoast SEO plugin v27.0 - https:\/\/yoast.com\/product\/yoast-seo-wordpress\/ -->\n<title>Tar de usuario \u00fanico - Cinelerra GG<\/title>\n<meta name=\"robots\" content=\"index, follow, max-snippet:-1, max-image-preview:large, max-video-preview:-1\" \/>\n<link rel=\"canonical\" href=\"https:\/\/cinelerra-gg.org\/es\/tar-de-usuario-unico\/\" \/>\n<meta property=\"og:locale\" content=\"es_ES\" \/>\n<meta property=\"og:type\" content=\"article\" \/>\n<meta property=\"og:title\" content=\"Tar de usuario \u00fanico - Cinelerra GG\" \/>\n<meta property=\"og:description\" content=\"Tar de usuario \u00fanico - est\u00e1tico o compartido ACTUALIZACI\u00d3N IMPORTANTE: CinelerraGG dej\u00f3 de brindar distribuciones Package o Tar. Ahora ofrece solo distribuciones AppImage. Puedes encontrar la \u00faltima versi\u00f3n de AppImage aqu\u00ed, junto con las instrucciones en el archivo README.appimage. Todav\u00eda puedes seguir las instrucciones que se detallan a continuaci\u00f3n para usar la versi\u00f3n Tar del [&hellip;]\" \/>\n<meta property=\"og:url\" content=\"https:\/\/cinelerra-gg.org\/es\/tar-de-usuario-unico\/\" \/>\n<meta property=\"og:site_name\" content=\"Cinelerra GG\" \/>\n<meta property=\"article:modified_time\" content=\"2021-03-17T21:03:28+00:00\" \/>\n<meta name=\"twitter:card\" content=\"summary_large_image\" \/>\n<meta name=\"twitter:label1\" content=\"Tiempo de lectura\" \/>\n\t<meta name=\"twitter:data1\" content=\"1 minuto\" \/>\n<script type=\"application\/ld+json\" class=\"yoast-schema-graph\">{\"@context\":\"https:\/\/schema.org\",\"@graph\":[{\"@type\":\"WebPage\",\"@id\":\"https:\/\/cinelerra-gg.org\/es\/tar-de-usuario-unico\/\",\"url\":\"https:\/\/cinelerra-gg.org\/es\/tar-de-usuario-unico\/\",\"name\":\"Tar de usuario \u00fanico - Cinelerra GG\",\"isPartOf\":{\"@id\":\"https:\/\/cinelerra-gg.org\/es\/#website\"},\"datePublished\":\"2019-11-13T15:14:08+00:00\",\"dateModified\":\"2021-03-17T21:03:28+00:00\",\"breadcrumb\":{\"@id\":\"https:\/\/cinelerra-gg.org\/es\/tar-de-usuario-unico\/#breadcrumb\"},\"inLanguage\":\"es\",\"potentialAction\":[{\"@type\":\"ReadAction\",\"target\":[\"https:\/\/cinelerra-gg.org\/es\/tar-de-usuario-unico\/\"]}]},{\"@type\":\"BreadcrumbList\",\"@id\":\"https:\/\/cinelerra-gg.org\/es\/tar-de-usuario-unico\/#breadcrumb\",\"itemListElement\":[{\"@type\":\"ListItem\",\"position\":1,\"name\":\"Home\",\"item\":\"https:\/\/cinelerra-gg.org\/es\/\"},{\"@type\":\"ListItem\",\"position\":2,\"name\":\"Tar de usuario \u00fanico\"}]},{\"@type\":\"WebSite\",\"@id\":\"https:\/\/cinelerra-gg.org\/es\/#website\",\"url\":\"https:\/\/cinelerra-gg.org\/es\/\",\"name\":\"Cinelerra GG\",\"description\":\"Cinelerra GG free video editing software\",\"potentialAction\":[{\"@type\":\"SearchAction\",\"target\":{\"@type\":\"EntryPoint\",\"urlTemplate\":\"https:\/\/cinelerra-gg.org\/es\/?s={search_term_string}\"},\"query-input\":{\"@type\":\"PropertyValueSpecification\",\"valueRequired\":true,\"valueName\":\"search_term_string\"}}],\"inLanguage\":\"es\"}]}<\/script>\n<!-- \/ Yoast SEO plugin. -->","yoast_head_json":{"title":"Tar de usuario \u00fanico - Cinelerra GG","robots":{"index":"index","follow":"follow","max-snippet":"max-snippet:-1","max-image-preview":"max-image-preview:large","max-video-preview":"max-video-preview:-1"},"canonical":"https:\/\/cinelerra-gg.org\/es\/tar-de-usuario-unico\/","og_locale":"es_ES","og_type":"article","og_title":"Tar de usuario \u00fanico - Cinelerra GG","og_description":"Tar de usuario \u00fanico - est\u00e1tico o compartido ACTUALIZACI\u00d3N IMPORTANTE: CinelerraGG dej\u00f3 de brindar distribuciones Package o Tar. Ahora ofrece solo distribuciones AppImage. Puedes encontrar la \u00faltima versi\u00f3n de AppImage aqu\u00ed, junto con las instrucciones en el archivo README.appimage. Todav\u00eda puedes seguir las instrucciones que se detallan a continuaci\u00f3n para usar la versi\u00f3n Tar del [&hellip;]","og_url":"https:\/\/cinelerra-gg.org\/es\/tar-de-usuario-unico\/","og_site_name":"Cinelerra GG","article_modified_time":"2021-03-17T21:03:28+00:00","twitter_card":"summary_large_image","twitter_misc":{"Tiempo de lectura":"1 minuto"},"schema":{"@context":"https:\/\/schema.org","@graph":[{"@type":"WebPage","@id":"https:\/\/cinelerra-gg.org\/es\/tar-de-usuario-unico\/","url":"https:\/\/cinelerra-gg.org\/es\/tar-de-usuario-unico\/","name":"Tar de usuario \u00fanico - Cinelerra GG","isPartOf":{"@id":"https:\/\/cinelerra-gg.org\/es\/#website"},"datePublished":"2019-11-13T15:14:08+00:00","dateModified":"2021-03-17T21:03:28+00:00","breadcrumb":{"@id":"https:\/\/cinelerra-gg.org\/es\/tar-de-usuario-unico\/#breadcrumb"},"inLanguage":"es","potentialAction":[{"@type":"ReadAction","target":["https:\/\/cinelerra-gg.org\/es\/tar-de-usuario-unico\/"]}]},{"@type":"BreadcrumbList","@id":"https:\/\/cinelerra-gg.org\/es\/tar-de-usuario-unico\/#breadcrumb","itemListElement":[{"@type":"ListItem","position":1,"name":"Home","item":"https:\/\/cinelerra-gg.org\/es\/"},{"@type":"ListItem","position":2,"name":"Tar de usuario \u00fanico"}]},{"@type":"WebSite","@id":"https:\/\/cinelerra-gg.org\/es\/#website","url":"https:\/\/cinelerra-gg.org\/es\/","name":"Cinelerra GG","description":"Cinelerra GG free video editing software","potentialAction":[{"@type":"SearchAction","target":{"@type":"EntryPoint","urlTemplate":"https:\/\/cinelerra-gg.org\/es\/?s={search_term_string}"},"query-input":{"@type":"PropertyValueSpecification","valueRequired":true,"valueName":"search_term_string"}}],"inLanguage":"es"}]}},"_links":{"self":[{"href":"https:\/\/cinelerra-gg.org\/es\/wp-json\/wp\/v2\/pages\/7651","targetHints":{"allow":["GET"]}}],"collection":[{"href":"https:\/\/cinelerra-gg.org\/es\/wp-json\/wp\/v2\/pages"}],"about":[{"href":"https:\/\/cinelerra-gg.org\/es\/wp-json\/wp\/v2\/types\/page"}],"author":[{"embeddable":true,"href":"https:\/\/cinelerra-gg.org\/es\/wp-json\/wp\/v2\/users\/3"}],"replies":[{"embeddable":true,"href":"https:\/\/cinelerra-gg.org\/es\/wp-json\/wp\/v2\/comments?post=7651"}],"version-history":[{"count":0,"href":"https:\/\/cinelerra-gg.org\/es\/wp-json\/wp\/v2\/pages\/7651\/revisions"}],"wp:attachment":[{"href":"https:\/\/cinelerra-gg.org\/es\/wp-json\/wp\/v2\/media?parent=7651"}],"curies":[{"name":"wp","href":"https:\/\/api.w.org\/{rel}","templated":true}]}}