{"id":7655,"date":"2019-11-13T15:15:29","date_gmt":"2019-11-13T15:15:29","guid":{"rendered":"https:\/\/www.cinelerra-gg.org\/av-linux-2\/"},"modified":"2021-01-27T22:44:12","modified_gmt":"2021-01-27T22:44:12","slug":"av-linux-2","status":"publish","type":"page","link":"https:\/\/cinelerra-gg.org\/es\/av-linux-2\/","title":{"rendered":"AV Linux"},"content":{"rendered":"<p>[et_pb_section fb_built=\u00bb1&#8243; _builder_version=\u00bb3.17.6&#8243;][et_pb_row _builder_version=\u00bb3.17.6&#8243;][et_pb_column type=\u00bb4_4&#8243; _builder_version=\u00bb3.17.6&#8243; parallax=\u00bboff\u00bb parallax_method=\u00bbon\u00bb][et_pb_text _builder_version=\u00bb3.17.6&#8243;]<\/p>\n<h1>AV Linux<\/h1>\n<p>&nbsp;<\/p>\n<p>AV Linux es una imagen ISO de instant\u00e1nea compartida descargable\/instalable basada en Debian. Proporciona al usuario un m\u00e9todo f\u00e1cil para obtener una producci\u00f3n de audio y v\u00eddeo <br \/>estaci\u00f3n de trabajo sin la molestia de tratar de encontrar e instalar todos los componentes habituales ellos mismos. Por supuesto, incluye Cinelerra-GG !<\/p>\n<p>Puede leer todo sobre \u00e9l y descargar AVLinux <a href=\"http:\/\/www.bandshed.net\/avlinux\/\">aqu\u00ed<\/a>.<\/p>\n<p><strong><\/strong><\/p>\n<p>&nbsp;<\/p>\n<p>[\/et_pb_text][\/et_pb_column][\/et_pb_row][\/et_pb_section]<\/p>\n","protected":false},"excerpt":{"rendered":"<p>AV Linux &nbsp; AV Linux es una imagen ISO de instant\u00e1nea compartida descargable\/instalable basada en Debian. Proporciona al usuario un m\u00e9todo f\u00e1cil para obtener una producci\u00f3n de audio y v\u00eddeo estaci\u00f3n de trabajo sin la molestia de tratar de encontrar e instalar todos los componentes habituales ellos mismos. Por supuesto, incluye Cinelerra-GG ! Puede leer [&hellip;]<\/p>\n","protected":false},"author":3,"featured_media":0,"parent":0,"menu_order":0,"comment_status":"closed","ping_status":"closed","template":"","meta":{"_et_pb_use_builder":"on","_et_pb_old_content":"","_et_gb_content_width":"","footnotes":""},"class_list":["post-7655","page","type-page","status-publish","hentry"],"yoast_head":"<!-- This site is optimized with the Yoast SEO plugin v27.0 - https:\/\/yoast.com\/product\/yoast-seo-wordpress\/ -->\n<title>AV Linux - Cinelerra GG<\/title>\n<meta name=\"robots\" content=\"index, follow, max-snippet:-1, max-image-preview:large, max-video-preview:-1\" \/>\n<link rel=\"canonical\" href=\"https:\/\/cinelerra-gg.org\/es\/av-linux-2\/\" \/>\n<meta property=\"og:locale\" content=\"es_ES\" \/>\n<meta property=\"og:type\" content=\"article\" \/>\n<meta property=\"og:title\" content=\"AV Linux - Cinelerra GG\" \/>\n<meta property=\"og:description\" content=\"AV Linux &nbsp; AV Linux es una imagen ISO de instant\u00e1nea compartida descargable\/instalable basada en Debian. Proporciona al usuario un m\u00e9todo f\u00e1cil para obtener una producci\u00f3n de audio y v\u00eddeo estaci\u00f3n de trabajo sin la molestia de tratar de encontrar e instalar todos los componentes habituales ellos mismos. Por supuesto, incluye Cinelerra-GG ! Puede leer [&hellip;]\" \/>\n<meta property=\"og:url\" content=\"https:\/\/cinelerra-gg.org\/es\/av-linux-2\/\" \/>\n<meta property=\"og:site_name\" content=\"Cinelerra GG\" \/>\n<meta property=\"article:modified_time\" content=\"2021-01-27T22:44:12+00:00\" \/>\n<meta name=\"twitter:card\" content=\"summary_large_image\" \/>\n<meta name=\"twitter:label1\" content=\"Tiempo de lectura\" \/>\n\t<meta name=\"twitter:data1\" content=\"1 minuto\" \/>\n<script type=\"application\/ld+json\" class=\"yoast-schema-graph\">{\"@context\":\"https:\/\/schema.org\",\"@graph\":[{\"@type\":\"WebPage\",\"@id\":\"https:\/\/cinelerra-gg.org\/es\/av-linux-2\/\",\"url\":\"https:\/\/cinelerra-gg.org\/es\/av-linux-2\/\",\"name\":\"AV Linux - Cinelerra GG\",\"isPartOf\":{\"@id\":\"https:\/\/cinelerra-gg.org\/es\/#website\"},\"datePublished\":\"2019-11-13T15:15:29+00:00\",\"dateModified\":\"2021-01-27T22:44:12+00:00\",\"breadcrumb\":{\"@id\":\"https:\/\/cinelerra-gg.org\/es\/av-linux-2\/#breadcrumb\"},\"inLanguage\":\"es\",\"potentialAction\":[{\"@type\":\"ReadAction\",\"target\":[\"https:\/\/cinelerra-gg.org\/es\/av-linux-2\/\"]}]},{\"@type\":\"BreadcrumbList\",\"@id\":\"https:\/\/cinelerra-gg.org\/es\/av-linux-2\/#breadcrumb\",\"itemListElement\":[{\"@type\":\"ListItem\",\"position\":1,\"name\":\"Home\",\"item\":\"https:\/\/cinelerra-gg.org\/es\/\"},{\"@type\":\"ListItem\",\"position\":2,\"name\":\"AV Linux\"}]},{\"@type\":\"WebSite\",\"@id\":\"https:\/\/cinelerra-gg.org\/es\/#website\",\"url\":\"https:\/\/cinelerra-gg.org\/es\/\",\"name\":\"Cinelerra GG\",\"description\":\"Cinelerra GG free video editing software\",\"potentialAction\":[{\"@type\":\"SearchAction\",\"target\":{\"@type\":\"EntryPoint\",\"urlTemplate\":\"https:\/\/cinelerra-gg.org\/es\/?s={search_term_string}\"},\"query-input\":{\"@type\":\"PropertyValueSpecification\",\"valueRequired\":true,\"valueName\":\"search_term_string\"}}],\"inLanguage\":\"es\"}]}<\/script>\n<!-- \/ Yoast SEO plugin. -->","yoast_head_json":{"title":"AV Linux - Cinelerra GG","robots":{"index":"index","follow":"follow","max-snippet":"max-snippet:-1","max-image-preview":"max-image-preview:large","max-video-preview":"max-video-preview:-1"},"canonical":"https:\/\/cinelerra-gg.org\/es\/av-linux-2\/","og_locale":"es_ES","og_type":"article","og_title":"AV Linux - Cinelerra GG","og_description":"AV Linux &nbsp; AV Linux es una imagen ISO de instant\u00e1nea compartida descargable\/instalable basada en Debian. Proporciona al usuario un m\u00e9todo f\u00e1cil para obtener una producci\u00f3n de audio y v\u00eddeo estaci\u00f3n de trabajo sin la molestia de tratar de encontrar e instalar todos los componentes habituales ellos mismos. Por supuesto, incluye Cinelerra-GG ! Puede leer [&hellip;]","og_url":"https:\/\/cinelerra-gg.org\/es\/av-linux-2\/","og_site_name":"Cinelerra GG","article_modified_time":"2021-01-27T22:44:12+00:00","twitter_card":"summary_large_image","twitter_misc":{"Tiempo de lectura":"1 minuto"},"schema":{"@context":"https:\/\/schema.org","@graph":[{"@type":"WebPage","@id":"https:\/\/cinelerra-gg.org\/es\/av-linux-2\/","url":"https:\/\/cinelerra-gg.org\/es\/av-linux-2\/","name":"AV Linux - Cinelerra GG","isPartOf":{"@id":"https:\/\/cinelerra-gg.org\/es\/#website"},"datePublished":"2019-11-13T15:15:29+00:00","dateModified":"2021-01-27T22:44:12+00:00","breadcrumb":{"@id":"https:\/\/cinelerra-gg.org\/es\/av-linux-2\/#breadcrumb"},"inLanguage":"es","potentialAction":[{"@type":"ReadAction","target":["https:\/\/cinelerra-gg.org\/es\/av-linux-2\/"]}]},{"@type":"BreadcrumbList","@id":"https:\/\/cinelerra-gg.org\/es\/av-linux-2\/#breadcrumb","itemListElement":[{"@type":"ListItem","position":1,"name":"Home","item":"https:\/\/cinelerra-gg.org\/es\/"},{"@type":"ListItem","position":2,"name":"AV Linux"}]},{"@type":"WebSite","@id":"https:\/\/cinelerra-gg.org\/es\/#website","url":"https:\/\/cinelerra-gg.org\/es\/","name":"Cinelerra GG","description":"Cinelerra GG free video editing software","potentialAction":[{"@type":"SearchAction","target":{"@type":"EntryPoint","urlTemplate":"https:\/\/cinelerra-gg.org\/es\/?s={search_term_string}"},"query-input":{"@type":"PropertyValueSpecification","valueRequired":true,"valueName":"search_term_string"}}],"inLanguage":"es"}]}},"_links":{"self":[{"href":"https:\/\/cinelerra-gg.org\/es\/wp-json\/wp\/v2\/pages\/7655","targetHints":{"allow":["GET"]}}],"collection":[{"href":"https:\/\/cinelerra-gg.org\/es\/wp-json\/wp\/v2\/pages"}],"about":[{"href":"https:\/\/cinelerra-gg.org\/es\/wp-json\/wp\/v2\/types\/page"}],"author":[{"embeddable":true,"href":"https:\/\/cinelerra-gg.org\/es\/wp-json\/wp\/v2\/users\/3"}],"replies":[{"embeddable":true,"href":"https:\/\/cinelerra-gg.org\/es\/wp-json\/wp\/v2\/comments?post=7655"}],"version-history":[{"count":0,"href":"https:\/\/cinelerra-gg.org\/es\/wp-json\/wp\/v2\/pages\/7655\/revisions"}],"wp:attachment":[{"href":"https:\/\/cinelerra-gg.org\/es\/wp-json\/wp\/v2\/media?parent=7655"}],"curies":[{"name":"wp","href":"https:\/\/api.w.org\/{rel}","templated":true}]}}