{"id":7669,"date":"2019-11-13T16:31:03","date_gmt":"2019-11-13T16:31:03","guid":{"rendered":"https:\/\/www.cinelerra-gg.org\/mantisbt-como-hacerlo\/"},"modified":"2021-01-27T22:44:13","modified_gmt":"2021-01-27T22:44:13","slug":"mantisbt-como-hacerlo","status":"publish","type":"page","link":"https:\/\/cinelerra-gg.org\/es\/mantisbt-como-hacerlo\/","title":{"rendered":"MantisBT &#8216;C\u00f3mo hacerlo&#8217;"},"content":{"rendered":"<p>[et_pb_section fb_built=\u00bb1&#8243; _builder_version=\u00bb3.17.6&#8243; use_background_color_gradient=\u00bbon\u00bb background_color_gradient_start=\u00bb#449e00&#8243; background_color_gradient_end=\u00bb#edf000&#8243; background_color_gradient_start_position=\u00bb73%\u00bb][et_pb_row custom_padding=\u00bb61px|0px|61px|0px|true|false\u00bb _builder_version=\u00bb3.17.6&#8243;][et_pb_column type=\u00bb1_2&#8243; _builder_version=\u00bb3.17.6&#8243; parallax=\u00bboff\u00bb parallax_method=\u00bbon\u00bb][et_pb_image src=\u00bbhttps:\/\/cinelerra-gg.org\/wp-content\/uploads\/2018\/11\/mantisbt-logo-picture-only.png\u00bb _builder_version=\u00bb3.17.6&#8243;][\/et_pb_image][\/et_pb_column][et_pb_column type=\u00bb1_2&#8243; _builder_version=\u00bb3.17.6&#8243; parallax=\u00bboff\u00bb parallax_method=\u00bbon\u00bb][et_pb_text _builder_version=\u00bb3.17.6&#8243; text_font=\u00bb||||||||\u00bb text_font_size=\u00bb60px\u00bb text_line_height=\u00bb1.8em\u00bb background_layout=\u00bbdark\u00bb]<\/p>\n<p>Rastreador de errores Mantis<\/p>\n<p>[\/et_pb_text][\/et_pb_column][\/et_pb_row][\/et_pb_section][et_pb_section fb_built=\u00bb1&#8243; _builder_version=\u00bb3.17.6&#8243;][et_pb_row custom_padding=\u00bb27px|0px|27px|0px|false|false\u00bb _builder_version=\u00bb3.17.6&#8243;][et_pb_column type=\u00bb4_4&#8243; _builder_version=\u00bb3.17.6&#8243; parallax=\u00bboff\u00bb parallax_method=\u00bbon\u00bb][et_pb_text _builder_version=\u00bb3.17.6&#8243;]<\/p>\n<h1>Rastreador de errores Mantis &#8216;C\u00f3mo hacerlo&#8217;<\/h1>\n<h2><\/h2>\n<h2>C\u00f3mo crear un avatar<\/h2>\n<p>Puedes crear tu propio avatar para el MantisBT. Todo lo que necesita es la direcci\u00f3n de correo electr\u00f3nico que utiliz\u00f3 para registrarse en nuestro MantisBT y la siguiente p\u00e1gina.<\/p>\n<p><a href=\"https:\/\/en.gravatar.com\/\" target=\"_blank\" rel=\"noopener noreferrer\" title=\"Gravatar\">Haga clic aqu\u00ed para agregar un avatar<\/a><\/p>\n<p>En esta p\u00e1gina puede registrarse y agregar una imagen \/ avatar. A continuaci\u00f3n, se vincular\u00e1 a la direcci\u00f3n de correo electr\u00f3nico y se puede utilizar en otros lugares, as\u00ed.<\/p>\n<p>&nbsp;<\/p>\n<p>&nbsp;<\/p>\n<p>[\/et_pb_text][\/et_pb_column][\/et_pb_row][\/et_pb_section]<\/p>\n","protected":false},"excerpt":{"rendered":"<p>Rastreador de errores MantisRastreador de errores Mantis &#8216;C\u00f3mo hacerlo&#8217; C\u00f3mo crear un avatar Puedes crear tu propio avatar para el MantisBT. Todo lo que necesita es la direcci\u00f3n de correo electr\u00f3nico que utiliz\u00f3 para registrarse en nuestro MantisBT y la siguiente p\u00e1gina. Haga clic aqu\u00ed para agregar un avatar En esta p\u00e1gina puede registrarse y [&hellip;]<\/p>\n","protected":false},"author":1,"featured_media":0,"parent":0,"menu_order":0,"comment_status":"closed","ping_status":"closed","template":"","meta":{"_et_pb_use_builder":"on","_et_pb_old_content":"","_et_gb_content_width":"","footnotes":""},"class_list":["post-7669","page","type-page","status-publish","hentry"],"yoast_head":"<!-- This site is optimized with the Yoast SEO plugin v27.0 - https:\/\/yoast.com\/product\/yoast-seo-wordpress\/ -->\n<title>MantisBT &#039;C\u00f3mo hacerlo&#039; - Cinelerra GG<\/title>\n<meta name=\"robots\" content=\"index, follow, max-snippet:-1, max-image-preview:large, max-video-preview:-1\" \/>\n<link rel=\"canonical\" href=\"https:\/\/cinelerra-gg.org\/es\/mantisbt-como-hacerlo\/\" \/>\n<meta property=\"og:locale\" content=\"es_ES\" \/>\n<meta property=\"og:type\" content=\"article\" \/>\n<meta property=\"og:title\" content=\"MantisBT &#039;C\u00f3mo hacerlo&#039; - Cinelerra GG\" \/>\n<meta property=\"og:description\" content=\"Rastreador de errores MantisRastreador de errores Mantis &#039;C\u00f3mo hacerlo&#039; C\u00f3mo crear un avatar Puedes crear tu propio avatar para el MantisBT. Todo lo que necesita es la direcci\u00f3n de correo electr\u00f3nico que utiliz\u00f3 para registrarse en nuestro MantisBT y la siguiente p\u00e1gina. Haga clic aqu\u00ed para agregar un avatar En esta p\u00e1gina puede registrarse y [&hellip;]\" \/>\n<meta property=\"og:url\" content=\"https:\/\/cinelerra-gg.org\/es\/mantisbt-como-hacerlo\/\" \/>\n<meta property=\"og:site_name\" content=\"Cinelerra GG\" \/>\n<meta property=\"article:modified_time\" content=\"2021-01-27T22:44:13+00:00\" \/>\n<meta name=\"twitter:card\" content=\"summary_large_image\" \/>\n<meta name=\"twitter:label1\" content=\"Tiempo de lectura\" \/>\n\t<meta name=\"twitter:data1\" content=\"1 minuto\" \/>\n<script type=\"application\/ld+json\" class=\"yoast-schema-graph\">{\"@context\":\"https:\/\/schema.org\",\"@graph\":[{\"@type\":\"WebPage\",\"@id\":\"https:\/\/cinelerra-gg.org\/es\/mantisbt-como-hacerlo\/\",\"url\":\"https:\/\/cinelerra-gg.org\/es\/mantisbt-como-hacerlo\/\",\"name\":\"MantisBT 'C\u00f3mo hacerlo' - Cinelerra GG\",\"isPartOf\":{\"@id\":\"https:\/\/cinelerra-gg.org\/es\/#website\"},\"datePublished\":\"2019-11-13T16:31:03+00:00\",\"dateModified\":\"2021-01-27T22:44:13+00:00\",\"breadcrumb\":{\"@id\":\"https:\/\/cinelerra-gg.org\/es\/mantisbt-como-hacerlo\/#breadcrumb\"},\"inLanguage\":\"es\",\"potentialAction\":[{\"@type\":\"ReadAction\",\"target\":[\"https:\/\/cinelerra-gg.org\/es\/mantisbt-como-hacerlo\/\"]}]},{\"@type\":\"BreadcrumbList\",\"@id\":\"https:\/\/cinelerra-gg.org\/es\/mantisbt-como-hacerlo\/#breadcrumb\",\"itemListElement\":[{\"@type\":\"ListItem\",\"position\":1,\"name\":\"Home\",\"item\":\"https:\/\/cinelerra-gg.org\/es\/\"},{\"@type\":\"ListItem\",\"position\":2,\"name\":\"MantisBT &#8216;C\u00f3mo hacerlo&#8217;\"}]},{\"@type\":\"WebSite\",\"@id\":\"https:\/\/cinelerra-gg.org\/es\/#website\",\"url\":\"https:\/\/cinelerra-gg.org\/es\/\",\"name\":\"Cinelerra GG\",\"description\":\"Cinelerra GG free video editing software\",\"potentialAction\":[{\"@type\":\"SearchAction\",\"target\":{\"@type\":\"EntryPoint\",\"urlTemplate\":\"https:\/\/cinelerra-gg.org\/es\/?s={search_term_string}\"},\"query-input\":{\"@type\":\"PropertyValueSpecification\",\"valueRequired\":true,\"valueName\":\"search_term_string\"}}],\"inLanguage\":\"es\"}]}<\/script>\n<!-- \/ Yoast SEO plugin. -->","yoast_head_json":{"title":"MantisBT 'C\u00f3mo hacerlo' - Cinelerra GG","robots":{"index":"index","follow":"follow","max-snippet":"max-snippet:-1","max-image-preview":"max-image-preview:large","max-video-preview":"max-video-preview:-1"},"canonical":"https:\/\/cinelerra-gg.org\/es\/mantisbt-como-hacerlo\/","og_locale":"es_ES","og_type":"article","og_title":"MantisBT 'C\u00f3mo hacerlo' - Cinelerra GG","og_description":"Rastreador de errores MantisRastreador de errores Mantis 'C\u00f3mo hacerlo' C\u00f3mo crear un avatar Puedes crear tu propio avatar para el MantisBT. Todo lo que necesita es la direcci\u00f3n de correo electr\u00f3nico que utiliz\u00f3 para registrarse en nuestro MantisBT y la siguiente p\u00e1gina. Haga clic aqu\u00ed para agregar un avatar En esta p\u00e1gina puede registrarse y [&hellip;]","og_url":"https:\/\/cinelerra-gg.org\/es\/mantisbt-como-hacerlo\/","og_site_name":"Cinelerra GG","article_modified_time":"2021-01-27T22:44:13+00:00","twitter_card":"summary_large_image","twitter_misc":{"Tiempo de lectura":"1 minuto"},"schema":{"@context":"https:\/\/schema.org","@graph":[{"@type":"WebPage","@id":"https:\/\/cinelerra-gg.org\/es\/mantisbt-como-hacerlo\/","url":"https:\/\/cinelerra-gg.org\/es\/mantisbt-como-hacerlo\/","name":"MantisBT 'C\u00f3mo hacerlo' - Cinelerra GG","isPartOf":{"@id":"https:\/\/cinelerra-gg.org\/es\/#website"},"datePublished":"2019-11-13T16:31:03+00:00","dateModified":"2021-01-27T22:44:13+00:00","breadcrumb":{"@id":"https:\/\/cinelerra-gg.org\/es\/mantisbt-como-hacerlo\/#breadcrumb"},"inLanguage":"es","potentialAction":[{"@type":"ReadAction","target":["https:\/\/cinelerra-gg.org\/es\/mantisbt-como-hacerlo\/"]}]},{"@type":"BreadcrumbList","@id":"https:\/\/cinelerra-gg.org\/es\/mantisbt-como-hacerlo\/#breadcrumb","itemListElement":[{"@type":"ListItem","position":1,"name":"Home","item":"https:\/\/cinelerra-gg.org\/es\/"},{"@type":"ListItem","position":2,"name":"MantisBT &#8216;C\u00f3mo hacerlo&#8217;"}]},{"@type":"WebSite","@id":"https:\/\/cinelerra-gg.org\/es\/#website","url":"https:\/\/cinelerra-gg.org\/es\/","name":"Cinelerra GG","description":"Cinelerra GG free video editing software","potentialAction":[{"@type":"SearchAction","target":{"@type":"EntryPoint","urlTemplate":"https:\/\/cinelerra-gg.org\/es\/?s={search_term_string}"},"query-input":{"@type":"PropertyValueSpecification","valueRequired":true,"valueName":"search_term_string"}}],"inLanguage":"es"}]}},"_links":{"self":[{"href":"https:\/\/cinelerra-gg.org\/es\/wp-json\/wp\/v2\/pages\/7669","targetHints":{"allow":["GET"]}}],"collection":[{"href":"https:\/\/cinelerra-gg.org\/es\/wp-json\/wp\/v2\/pages"}],"about":[{"href":"https:\/\/cinelerra-gg.org\/es\/wp-json\/wp\/v2\/types\/page"}],"author":[{"embeddable":true,"href":"https:\/\/cinelerra-gg.org\/es\/wp-json\/wp\/v2\/users\/1"}],"replies":[{"embeddable":true,"href":"https:\/\/cinelerra-gg.org\/es\/wp-json\/wp\/v2\/comments?post=7669"}],"version-history":[{"count":0,"href":"https:\/\/cinelerra-gg.org\/es\/wp-json\/wp\/v2\/pages\/7669\/revisions"}],"wp:attachment":[{"href":"https:\/\/cinelerra-gg.org\/es\/wp-json\/wp\/v2\/media?parent=7669"}],"curies":[{"name":"wp","href":"https:\/\/api.w.org\/{rel}","templated":true}]}}