{"id":7709,"date":"2019-11-13T19:06:42","date_gmt":"2019-11-13T19:06:42","guid":{"rendered":"https:\/\/www.cinelerra-gg.org\/buscar-archivos-de-correo\/"},"modified":"2020-10-09T20:22:05","modified_gmt":"2020-10-09T20:22:05","slug":"buscar-archivos-de-correo","status":"publish","type":"page","link":"https:\/\/cinelerra-gg.org\/es\/buscar-archivos-de-correo\/","title":{"rendered":"Buscar archivos de correo"},"content":{"rendered":"<p>[et_pb_section fb_built=\u00bb1&#8243; _builder_version=\u00bb3.22&#8243; background_color=\u00bb#e0d5be\u00bb custom_padding=\u00bb16px|0px|25px|0px|false|false\u00bb][et_pb_row custom_padding=\u00bb6px|0px|9px|0px|false|false\u00bb _builder_version=\u00bb3.22&#8243;][et_pb_column type=\u00bb4_4&#8243; _builder_version=\u00bb3.19.18&#8243;][et_pb_image src=\u00bbhttps:\/\/cinelerra-gg.org\/wp-content\/uploads\/2019\/03\/cinelerra-gg-mail-archives-search-400px.jpg.png\u00bb align=\u00bbcenter\u00bb _builder_version=\u00bb3.19.18&#8243;][\/et_pb_image][\/et_pb_column][\/et_pb_row][\/et_pb_section][et_pb_section fb_built=\u00bb1&#8243; _builder_version=\u00bb3.22&#8243;][et_pb_row _builder_version=\u00bb3.22&#8243;][et_pb_column type=\u00bb4_4&#8243; _builder_version=\u00bb3.19.18&#8243;][et_pb_text _builder_version=\u00bb3.22.1&#8243;]<\/p>\n<h1 style=\"text-align: center\">Buscar archivos de correo de Cin-GG<\/h1>\n<p>&nbsp;<\/p>\n<p>[\/et_pb_text][\/et_pb_column][\/et_pb_row][et_pb_row _builder_version=\u00bb3.22&#8243;][et_pb_column type=\u00bb1_5&#8243; _builder_version=\u00bb3.19.18&#8243;][et_pb_blurb title=\u00bbArchivo de correo electr\u00f3nico con capacidad de b\u00fasqueda por hilo\u00bb image=\u00bbhttps:\/\/cinelerra-gg.org\/wp-content\/uploads\/2019\/04\/search-engine-64px.png\u00bb _builder_version=\u00bb3.22.1&#8243; url=\u00bbhttps:\/\/www.mail-archive.com\/cin@lists.cinelerra-gg.org\/index.html\u00bb link_option_url=\u00bbhttps:\/\/www.mail-archive.com\/cin@lists.cinelerra-gg.org\/index.html\u00bb]<\/p>\n<p>Aqu\u00ed puede encontrar el archivo de correo electr\u00f3nico que se puede buscar por hilo. Todos los correos electr\u00f3nicos a partir de abril de 2019 se almacenar\u00e1n aqu\u00ed.<\/p>\n<p>[\/et_pb_blurb][\/et_pb_column][et_pb_column type=\u00bb1_5&#8243; _builder_version=\u00bb3.19.18&#8243;][et_pb_blurb title=\u00bbArchivo de correo electr\u00f3nico con b\u00fasqueda por fecha\u00bb image=\u00bbhttps:\/\/cinelerra-gg.org\/wp-content\/uploads\/2019\/04\/search-engine-64px.png\u00bb _builder_version=\u00bb3.22.1&#8243; url=\u00bbhttps:\/\/www.mail-archive.com\/cin@lists.cinelerra-gg.org\/index.html\u00bb link_option_url=\u00bbhttps:\/\/www.mail-archive.com\/cin@lists.cinelerra-gg.org\/index.html\u00bb]<\/p>\n<p>Aqu\u00ed puede encontrar el archivo de correo electr\u00f3nico que se puede buscar por fecha. Todos los correos electr\u00f3nicos a partir de abril de 2019 se almacenar\u00e1n aqu\u00ed.<\/p>\n<p>[\/et_pb_blurb][\/et_pb_column][et_pb_column type=\u00bb1_5&#8243; _builder_version=\u00bb3.19.18&#8243;][et_pb_blurb title=\u00bbArchivo de correo electr\u00f3nico de Cin-GG completo\u00bb image=\u00bbhttps:\/\/cinelerra-gg.org\/wp-content\/uploads\/2018\/11\/email-icon-64.png\u00bb _builder_version=\u00bb3.22.1&#8243; url=\u00bbhttps:\/\/lists.cinelerra-gg.org\/pipermail\/cin\/\u00bb link_option_url=\u00bbhttps:\/\/lists.cinelerra-gg.org\/pipermail\/cin\/\u00bb]<\/p>\n<p>Aqu\u00ed puedes encontrar el archivo completo de correo electr\u00f3nico Cinelerra-GG desde el principio de esta p\u00e1gina, pero sin funci\u00f3n de b\u00fasqueda.<\/p>\n<p>[\/et_pb_blurb][\/et_pb_column][et_pb_column type=\u00bb1_5&#8243; _builder_version=\u00bb3.19.18&#8243;][et_pb_blurb title=\u00bbArchivo de correo electr\u00f3nico Cin-CV completo\u00bb image=\u00bbhttps:\/\/cinelerra-gg.org\/wp-content\/uploads\/2018\/11\/email-icon-64.png\u00bb _builder_version=\u00bb3.22.1&#8243; url=\u00bbhttps:\/\/lists.cinelerra-cv.org\/pipermail\/cinelerra\/\u00bb link_option_url=\u00bbhttps:\/\/lists.cinelerra-cv.org\/pipermail\/cinelerra\/\u00bb]<\/p>\n<p>Aqu\u00ed puede encontrar el archivo completo de correo electr\u00f3nico Cinelerra-CV.<\/p>\n<p>[\/et_pb_blurb][\/et_pb_column][et_pb_column type=\u00bb1_5&#8243; _builder_version=\u00bb3.19.18&#8243;][et_pb_blurb title=\u00bbLista de correo\u00bb image=\u00bbhttps:\/\/cinelerra-gg.org\/wp-content\/uploads\/2019\/04\/write-email-64px.png\u00bb _builder_version=\u00bb3.22.1&#8243; url=\u00bbhttps:\/\/lists.cinelerra-gg.org\/mailman\/listinfo\/cin\u00bb link_option_url=\u00bbhttps:\/\/lists.cinelerra-gg.org\/mailman\/listinfo\/cin\u00bb]<\/p>\n<p>Aqu\u00ed puede suscribirse a nuestra lista de correo.<\/p>\n<p>[\/et_pb_blurb][\/et_pb_column][\/et_pb_row][\/et_pb_section]<\/p>\n","protected":false},"excerpt":{"rendered":"<p>Buscar archivos de correo de Cin-GG &nbsp; Aqu\u00ed puede encontrar el archivo de correo electr\u00f3nico que se puede buscar por hilo. Todos los correos electr\u00f3nicos a partir de abril de 2019 se almacenar\u00e1n aqu\u00ed.Aqu\u00ed puede encontrar el archivo de correo electr\u00f3nico que se puede buscar por fecha. Todos los correos electr\u00f3nicos a partir de abril [&hellip;]<\/p>\n","protected":false},"author":1,"featured_media":0,"parent":0,"menu_order":0,"comment_status":"closed","ping_status":"closed","template":"","meta":{"_et_pb_use_builder":"on","_et_pb_old_content":"","_et_gb_content_width":"","footnotes":""},"class_list":["post-7709","page","type-page","status-publish","hentry"],"yoast_head":"<!-- This site is optimized with the Yoast SEO plugin v27.0 - https:\/\/yoast.com\/product\/yoast-seo-wordpress\/ -->\n<title>Buscar archivos de correo - Cinelerra GG<\/title>\n<meta name=\"robots\" content=\"index, follow, max-snippet:-1, max-image-preview:large, max-video-preview:-1\" \/>\n<link rel=\"canonical\" href=\"https:\/\/cinelerra-gg.org\/es\/buscar-archivos-de-correo\/\" \/>\n<meta property=\"og:locale\" content=\"es_ES\" \/>\n<meta property=\"og:type\" content=\"article\" \/>\n<meta property=\"og:title\" content=\"Buscar archivos de correo - Cinelerra GG\" \/>\n<meta property=\"og:description\" content=\"Buscar archivos de correo de Cin-GG &nbsp; Aqu\u00ed puede encontrar el archivo de correo electr\u00f3nico que se puede buscar por hilo. Todos los correos electr\u00f3nicos a partir de abril de 2019 se almacenar\u00e1n aqu\u00ed.Aqu\u00ed puede encontrar el archivo de correo electr\u00f3nico que se puede buscar por fecha. Todos los correos electr\u00f3nicos a partir de abril [&hellip;]\" \/>\n<meta property=\"og:url\" content=\"https:\/\/cinelerra-gg.org\/es\/buscar-archivos-de-correo\/\" \/>\n<meta property=\"og:site_name\" content=\"Cinelerra GG\" \/>\n<meta property=\"article:modified_time\" content=\"2020-10-09T20:22:05+00:00\" \/>\n<meta name=\"twitter:card\" content=\"summary_large_image\" \/>\n<meta name=\"twitter:label1\" content=\"Tiempo de lectura\" \/>\n\t<meta name=\"twitter:data1\" content=\"2 minutos\" \/>\n<script type=\"application\/ld+json\" class=\"yoast-schema-graph\">{\"@context\":\"https:\/\/schema.org\",\"@graph\":[{\"@type\":\"WebPage\",\"@id\":\"https:\/\/cinelerra-gg.org\/es\/buscar-archivos-de-correo\/\",\"url\":\"https:\/\/cinelerra-gg.org\/es\/buscar-archivos-de-correo\/\",\"name\":\"Buscar archivos de correo - Cinelerra GG\",\"isPartOf\":{\"@id\":\"https:\/\/cinelerra-gg.org\/es\/#website\"},\"datePublished\":\"2019-11-13T19:06:42+00:00\",\"dateModified\":\"2020-10-09T20:22:05+00:00\",\"breadcrumb\":{\"@id\":\"https:\/\/cinelerra-gg.org\/es\/buscar-archivos-de-correo\/#breadcrumb\"},\"inLanguage\":\"es\",\"potentialAction\":[{\"@type\":\"ReadAction\",\"target\":[\"https:\/\/cinelerra-gg.org\/es\/buscar-archivos-de-correo\/\"]}]},{\"@type\":\"BreadcrumbList\",\"@id\":\"https:\/\/cinelerra-gg.org\/es\/buscar-archivos-de-correo\/#breadcrumb\",\"itemListElement\":[{\"@type\":\"ListItem\",\"position\":1,\"name\":\"Home\",\"item\":\"https:\/\/cinelerra-gg.org\/es\/\"},{\"@type\":\"ListItem\",\"position\":2,\"name\":\"Buscar archivos de correo\"}]},{\"@type\":\"WebSite\",\"@id\":\"https:\/\/cinelerra-gg.org\/es\/#website\",\"url\":\"https:\/\/cinelerra-gg.org\/es\/\",\"name\":\"Cinelerra GG\",\"description\":\"Cinelerra GG free video editing software\",\"potentialAction\":[{\"@type\":\"SearchAction\",\"target\":{\"@type\":\"EntryPoint\",\"urlTemplate\":\"https:\/\/cinelerra-gg.org\/es\/?s={search_term_string}\"},\"query-input\":{\"@type\":\"PropertyValueSpecification\",\"valueRequired\":true,\"valueName\":\"search_term_string\"}}],\"inLanguage\":\"es\"}]}<\/script>\n<!-- \/ Yoast SEO plugin. -->","yoast_head_json":{"title":"Buscar archivos de correo - Cinelerra GG","robots":{"index":"index","follow":"follow","max-snippet":"max-snippet:-1","max-image-preview":"max-image-preview:large","max-video-preview":"max-video-preview:-1"},"canonical":"https:\/\/cinelerra-gg.org\/es\/buscar-archivos-de-correo\/","og_locale":"es_ES","og_type":"article","og_title":"Buscar archivos de correo - Cinelerra GG","og_description":"Buscar archivos de correo de Cin-GG &nbsp; Aqu\u00ed puede encontrar el archivo de correo electr\u00f3nico que se puede buscar por hilo. Todos los correos electr\u00f3nicos a partir de abril de 2019 se almacenar\u00e1n aqu\u00ed.Aqu\u00ed puede encontrar el archivo de correo electr\u00f3nico que se puede buscar por fecha. Todos los correos electr\u00f3nicos a partir de abril [&hellip;]","og_url":"https:\/\/cinelerra-gg.org\/es\/buscar-archivos-de-correo\/","og_site_name":"Cinelerra GG","article_modified_time":"2020-10-09T20:22:05+00:00","twitter_card":"summary_large_image","twitter_misc":{"Tiempo de lectura":"2 minutos"},"schema":{"@context":"https:\/\/schema.org","@graph":[{"@type":"WebPage","@id":"https:\/\/cinelerra-gg.org\/es\/buscar-archivos-de-correo\/","url":"https:\/\/cinelerra-gg.org\/es\/buscar-archivos-de-correo\/","name":"Buscar archivos de correo - Cinelerra GG","isPartOf":{"@id":"https:\/\/cinelerra-gg.org\/es\/#website"},"datePublished":"2019-11-13T19:06:42+00:00","dateModified":"2020-10-09T20:22:05+00:00","breadcrumb":{"@id":"https:\/\/cinelerra-gg.org\/es\/buscar-archivos-de-correo\/#breadcrumb"},"inLanguage":"es","potentialAction":[{"@type":"ReadAction","target":["https:\/\/cinelerra-gg.org\/es\/buscar-archivos-de-correo\/"]}]},{"@type":"BreadcrumbList","@id":"https:\/\/cinelerra-gg.org\/es\/buscar-archivos-de-correo\/#breadcrumb","itemListElement":[{"@type":"ListItem","position":1,"name":"Home","item":"https:\/\/cinelerra-gg.org\/es\/"},{"@type":"ListItem","position":2,"name":"Buscar archivos de correo"}]},{"@type":"WebSite","@id":"https:\/\/cinelerra-gg.org\/es\/#website","url":"https:\/\/cinelerra-gg.org\/es\/","name":"Cinelerra GG","description":"Cinelerra GG free video editing software","potentialAction":[{"@type":"SearchAction","target":{"@type":"EntryPoint","urlTemplate":"https:\/\/cinelerra-gg.org\/es\/?s={search_term_string}"},"query-input":{"@type":"PropertyValueSpecification","valueRequired":true,"valueName":"search_term_string"}}],"inLanguage":"es"}]}},"_links":{"self":[{"href":"https:\/\/cinelerra-gg.org\/es\/wp-json\/wp\/v2\/pages\/7709","targetHints":{"allow":["GET"]}}],"collection":[{"href":"https:\/\/cinelerra-gg.org\/es\/wp-json\/wp\/v2\/pages"}],"about":[{"href":"https:\/\/cinelerra-gg.org\/es\/wp-json\/wp\/v2\/types\/page"}],"author":[{"embeddable":true,"href":"https:\/\/cinelerra-gg.org\/es\/wp-json\/wp\/v2\/users\/1"}],"replies":[{"embeddable":true,"href":"https:\/\/cinelerra-gg.org\/es\/wp-json\/wp\/v2\/comments?post=7709"}],"version-history":[{"count":0,"href":"https:\/\/cinelerra-gg.org\/es\/wp-json\/wp\/v2\/pages\/7709\/revisions"}],"wp:attachment":[{"href":"https:\/\/cinelerra-gg.org\/es\/wp-json\/wp\/v2\/media?parent=7709"}],"curies":[{"name":"wp","href":"https:\/\/api.w.org\/{rel}","templated":true}]}}