{"id":4272,"date":"2019-04-24T13:47:01","date_gmt":"2019-04-24T13:47:01","guid":{"rendered":"https:\/\/www.cinelerra-gg.org\/comment-faire-mantisbt\/"},"modified":"2021-01-27T22:44:12","modified_gmt":"2021-01-27T22:44:12","slug":"comment-faire-mantisbt","status":"publish","type":"page","link":"https:\/\/cinelerra-gg.org\/fr\/comment-faire-mantisbt\/","title":{"rendered":"&lsquo;Comment faire&rsquo; MantisBT"},"content":{"rendered":"<p>[et_pb_section fb_built=\u00a0\u00bb1&Prime; _builder_version=\u00a0\u00bb3.17.6&Prime; use_background_color_gradient=\u00a0\u00bbon\u00a0\u00bb background_color_gradient_start=\u00a0\u00bb#449e00&Prime; background_color_gradient_end=\u00a0\u00bb#edf000&Prime; background_color_gradient_start_position=\u00a0\u00bb73%\u00a0\u00bb][et_pb_row custom_padding=\u00a0\u00bb61px|0px|61px|0px|true|false\u00a0\u00bb _builder_version=\u00a0\u00bb3.17.6&Prime;][et_pb_column type=\u00a0\u00bb1_2&Prime; _builder_version=\u00a0\u00bb3.17.6&Prime; parallax=\u00a0\u00bboff\u00a0\u00bb parallax_method=\u00a0\u00bbon\u00a0\u00bb][et_pb_image src=\u00a0\u00bbhttps:\/\/cinelerra-gg.org\/wp-content\/uploads\/2018\/11\/mantisbt-logo-picture-only.png\u00a0\u00bb _builder_version=\u00a0\u00bb3.17.6&Prime;][\/et_pb_image][\/et_pb_column][et_pb_column type=\u00a0\u00bb1_2&Prime; _builder_version=\u00a0\u00bb3.17.6&Prime; parallax=\u00a0\u00bboff\u00a0\u00bb parallax_method=\u00a0\u00bbon\u00a0\u00bb][et_pb_text _builder_version=\u00a0\u00bb3.17.6&Prime; text_font=\u00a0\u00bb||||||||\u00a0\u00bb text_font_size=\u00a0\u00bb60px\u00a0\u00bb text_line_height=\u00a0\u00bb1.8em\u00a0\u00bb background_layout=\u00a0\u00bbdark\u00a0\u00bb]<\/p>\n<p>Suivi de bogues Mantis<\/p>\n<p>[\/et_pb_text][\/et_pb_column][\/et_pb_row][\/et_pb_section][et_pb_section fb_built=\u00a0\u00bb1&Prime; _builder_version=\u00a0\u00bb3.17.6&Prime;][et_pb_row custom_padding=\u00a0\u00bb27px|0px|27px|0px|false|false\u00a0\u00bb _builder_version=\u00a0\u00bb3.17.6&Prime;][et_pb_column type=\u00a0\u00bb4_4&Prime; _builder_version=\u00a0\u00bb3.17.6&Prime; parallax=\u00a0\u00bboff\u00a0\u00bb parallax_method=\u00a0\u00bbon\u00a0\u00bb][et_pb_text _builder_version=\u00a0\u00bb3.17.6&Prime;]<\/p>\n<h1>Suivi de bogues Mantis &lsquo;Comment faire&rsquo;<\/h1>\n<h2><\/h2>\n<h2>Comment cr\u00e9er un avatar<\/h2>\n<p>Vous pouvez cr\u00e9er votre propre avatar pour MantisBT. Tout ce dont vous avez besoin est l&rsquo;adresse courriel que vous avez utilis\u00e9e pour vous inscrire \u00e0 MantisBT et la page suivante.<\/p>\n<p><a href=\"https:\/\/en.gravatar.com\/\" target=\"_blank\" rel=\"noopener noreferrer\" title=\"Gravatar\">Cliquez ici pour ajouter un avatar<\/a><\/p>\n<p>Sur cette page, vous pouvez enregistrer et ajouter une image \/ un avatar. Il sera alors li\u00e9 \u00e0 l&rsquo;adresse courriel et vous pourrez \u00e9galement l&rsquo;utiliser dans d&rsquo;autres endroits.<\/p>\n<p>&nbsp;<\/p>\n<p>&nbsp;<\/p>\n<p>[\/et_pb_text][\/et_pb_column][\/et_pb_row][\/et_pb_section]<\/p>\n","protected":false},"excerpt":{"rendered":"<p>Suivi de bogues MantisSuivi de bogues Mantis &lsquo;Comment faire&rsquo; Comment cr\u00e9er un avatar Vous pouvez cr\u00e9er votre propre avatar pour MantisBT. Tout ce dont vous avez besoin est l&rsquo;adresse courriel que vous avez utilis\u00e9e pour vous inscrire \u00e0 MantisBT et la page suivante. Cliquez ici pour ajouter un avatar Sur cette page, vous pouvez enregistrer [&hellip;]<\/p>\n","protected":false},"author":1,"featured_media":0,"parent":0,"menu_order":0,"comment_status":"closed","ping_status":"closed","template":"","meta":{"_et_pb_use_builder":"on","_et_pb_old_content":"","_et_gb_content_width":"","footnotes":""},"class_list":["post-4272","page","type-page","status-publish","hentry"],"yoast_head":"<!-- This site is optimized with the Yoast SEO plugin v27.0 - https:\/\/yoast.com\/product\/yoast-seo-wordpress\/ -->\n<title>&#039;Comment faire&#039; MantisBT - Cinelerra GG<\/title>\n<meta name=\"robots\" content=\"index, follow, max-snippet:-1, max-image-preview:large, max-video-preview:-1\" \/>\n<link rel=\"canonical\" href=\"https:\/\/cinelerra-gg.org\/fr\/comment-faire-mantisbt\/\" \/>\n<meta property=\"og:locale\" content=\"fr_FR\" \/>\n<meta property=\"og:type\" content=\"article\" \/>\n<meta property=\"og:title\" content=\"&#039;Comment faire&#039; MantisBT - Cinelerra GG\" \/>\n<meta property=\"og:description\" content=\"Suivi de bogues MantisSuivi de bogues Mantis &#039;Comment faire&#039; Comment cr\u00e9er un avatar Vous pouvez cr\u00e9er votre propre avatar pour MantisBT. Tout ce dont vous avez besoin est l&#039;adresse courriel que vous avez utilis\u00e9e pour vous inscrire \u00e0 MantisBT et la page suivante. Cliquez ici pour ajouter un avatar Sur cette page, vous pouvez enregistrer [&hellip;]\" \/>\n<meta property=\"og:url\" content=\"https:\/\/cinelerra-gg.org\/fr\/comment-faire-mantisbt\/\" \/>\n<meta property=\"og:site_name\" content=\"Cinelerra GG\" \/>\n<meta property=\"article:modified_time\" content=\"2021-01-27T22:44:12+00:00\" \/>\n<meta name=\"twitter:card\" content=\"summary_large_image\" \/>\n<meta name=\"twitter:label1\" content=\"Dur\u00e9e de lecture estim\u00e9e\" \/>\n\t<meta name=\"twitter:data1\" content=\"1 minute\" \/>\n<script type=\"application\/ld+json\" class=\"yoast-schema-graph\">{\"@context\":\"https:\/\/schema.org\",\"@graph\":[{\"@type\":\"WebPage\",\"@id\":\"https:\/\/cinelerra-gg.org\/fr\/comment-faire-mantisbt\/\",\"url\":\"https:\/\/cinelerra-gg.org\/fr\/comment-faire-mantisbt\/\",\"name\":\"'Comment faire' MantisBT - Cinelerra GG\",\"isPartOf\":{\"@id\":\"https:\/\/cinelerra-gg.org\/fr\/#website\"},\"datePublished\":\"2019-04-24T13:47:01+00:00\",\"dateModified\":\"2021-01-27T22:44:12+00:00\",\"breadcrumb\":{\"@id\":\"https:\/\/cinelerra-gg.org\/fr\/comment-faire-mantisbt\/#breadcrumb\"},\"inLanguage\":\"fr-FR\",\"potentialAction\":[{\"@type\":\"ReadAction\",\"target\":[\"https:\/\/cinelerra-gg.org\/fr\/comment-faire-mantisbt\/\"]}]},{\"@type\":\"BreadcrumbList\",\"@id\":\"https:\/\/cinelerra-gg.org\/fr\/comment-faire-mantisbt\/#breadcrumb\",\"itemListElement\":[{\"@type\":\"ListItem\",\"position\":1,\"name\":\"Home\",\"item\":\"https:\/\/cinelerra-gg.org\/fr\/\"},{\"@type\":\"ListItem\",\"position\":2,\"name\":\"&lsquo;Comment faire&rsquo; MantisBT\"}]},{\"@type\":\"WebSite\",\"@id\":\"https:\/\/cinelerra-gg.org\/fr\/#website\",\"url\":\"https:\/\/cinelerra-gg.org\/fr\/\",\"name\":\"Cinelerra GG\",\"description\":\"Cinelerra GG free video editing software\",\"potentialAction\":[{\"@type\":\"SearchAction\",\"target\":{\"@type\":\"EntryPoint\",\"urlTemplate\":\"https:\/\/cinelerra-gg.org\/fr\/?s={search_term_string}\"},\"query-input\":{\"@type\":\"PropertyValueSpecification\",\"valueRequired\":true,\"valueName\":\"search_term_string\"}}],\"inLanguage\":\"fr-FR\"}]}<\/script>\n<!-- \/ Yoast SEO plugin. -->","yoast_head_json":{"title":"'Comment faire' MantisBT - Cinelerra GG","robots":{"index":"index","follow":"follow","max-snippet":"max-snippet:-1","max-image-preview":"max-image-preview:large","max-video-preview":"max-video-preview:-1"},"canonical":"https:\/\/cinelerra-gg.org\/fr\/comment-faire-mantisbt\/","og_locale":"fr_FR","og_type":"article","og_title":"'Comment faire' MantisBT - Cinelerra GG","og_description":"Suivi de bogues MantisSuivi de bogues Mantis 'Comment faire' Comment cr\u00e9er un avatar Vous pouvez cr\u00e9er votre propre avatar pour MantisBT. Tout ce dont vous avez besoin est l'adresse courriel que vous avez utilis\u00e9e pour vous inscrire \u00e0 MantisBT et la page suivante. Cliquez ici pour ajouter un avatar Sur cette page, vous pouvez enregistrer [&hellip;]","og_url":"https:\/\/cinelerra-gg.org\/fr\/comment-faire-mantisbt\/","og_site_name":"Cinelerra GG","article_modified_time":"2021-01-27T22:44:12+00:00","twitter_card":"summary_large_image","twitter_misc":{"Dur\u00e9e de lecture estim\u00e9e":"1 minute"},"schema":{"@context":"https:\/\/schema.org","@graph":[{"@type":"WebPage","@id":"https:\/\/cinelerra-gg.org\/fr\/comment-faire-mantisbt\/","url":"https:\/\/cinelerra-gg.org\/fr\/comment-faire-mantisbt\/","name":"'Comment faire' MantisBT - Cinelerra GG","isPartOf":{"@id":"https:\/\/cinelerra-gg.org\/fr\/#website"},"datePublished":"2019-04-24T13:47:01+00:00","dateModified":"2021-01-27T22:44:12+00:00","breadcrumb":{"@id":"https:\/\/cinelerra-gg.org\/fr\/comment-faire-mantisbt\/#breadcrumb"},"inLanguage":"fr-FR","potentialAction":[{"@type":"ReadAction","target":["https:\/\/cinelerra-gg.org\/fr\/comment-faire-mantisbt\/"]}]},{"@type":"BreadcrumbList","@id":"https:\/\/cinelerra-gg.org\/fr\/comment-faire-mantisbt\/#breadcrumb","itemListElement":[{"@type":"ListItem","position":1,"name":"Home","item":"https:\/\/cinelerra-gg.org\/fr\/"},{"@type":"ListItem","position":2,"name":"&lsquo;Comment faire&rsquo; MantisBT"}]},{"@type":"WebSite","@id":"https:\/\/cinelerra-gg.org\/fr\/#website","url":"https:\/\/cinelerra-gg.org\/fr\/","name":"Cinelerra GG","description":"Cinelerra GG free video editing software","potentialAction":[{"@type":"SearchAction","target":{"@type":"EntryPoint","urlTemplate":"https:\/\/cinelerra-gg.org\/fr\/?s={search_term_string}"},"query-input":{"@type":"PropertyValueSpecification","valueRequired":true,"valueName":"search_term_string"}}],"inLanguage":"fr-FR"}]}},"_links":{"self":[{"href":"https:\/\/cinelerra-gg.org\/fr\/wp-json\/wp\/v2\/pages\/4272","targetHints":{"allow":["GET"]}}],"collection":[{"href":"https:\/\/cinelerra-gg.org\/fr\/wp-json\/wp\/v2\/pages"}],"about":[{"href":"https:\/\/cinelerra-gg.org\/fr\/wp-json\/wp\/v2\/types\/page"}],"author":[{"embeddable":true,"href":"https:\/\/cinelerra-gg.org\/fr\/wp-json\/wp\/v2\/users\/1"}],"replies":[{"embeddable":true,"href":"https:\/\/cinelerra-gg.org\/fr\/wp-json\/wp\/v2\/comments?post=4272"}],"version-history":[{"count":0,"href":"https:\/\/cinelerra-gg.org\/fr\/wp-json\/wp\/v2\/pages\/4272\/revisions"}],"wp:attachment":[{"href":"https:\/\/cinelerra-gg.org\/fr\/wp-json\/wp\/v2\/media?parent=4272"}],"curies":[{"name":"wp","href":"https:\/\/api.w.org\/{rel}","templated":true}]}}