{"id":4387,"date":"2019-04-25T12:37:18","date_gmt":"2019-04-25T12:37:18","guid":{"rendered":"https:\/\/www.cinelerra-gg.org\/rechercher-dans-les-archives-des-courriels\/"},"modified":"2020-10-09T20:10:50","modified_gmt":"2020-10-09T20:10:50","slug":"rechercher-dans-les-archives-des-courriels","status":"publish","type":"page","link":"https:\/\/cinelerra-gg.org\/fr\/rechercher-dans-les-archives-des-courriels\/","title":{"rendered":"Rechercher dans les archives des courriels"},"content":{"rendered":"<p>[et_pb_section fb_built=\u00a0\u00bb1&Prime; _builder_version=\u00a0\u00bb3.22&Prime; background_color=\u00a0\u00bb#e0d5be\u00a0\u00bb custom_padding=\u00a0\u00bb16px|0px|25px|0px|false|false\u00a0\u00bb][et_pb_row custom_padding=\u00a0\u00bb6px|0px|9px|0px|false|false\u00a0\u00bb _builder_version=\u00a0\u00bb3.22&Prime;][et_pb_column type=\u00a0\u00bb4_4&Prime; _builder_version=\u00a0\u00bb3.19.18&Prime;][et_pb_image src=\u00a0\u00bbhttps:\/\/cinelerra-gg.org\/wp-content\/uploads\/2019\/03\/cinelerra-gg-mail-archives-search-400px.jpg.png\u00a0\u00bb align=\u00a0\u00bbcenter\u00a0\u00bb _builder_version=\u00a0\u00bb3.19.18&Prime;][\/et_pb_image][\/et_pb_column][\/et_pb_row][\/et_pb_section][et_pb_section fb_built=\u00a0\u00bb1&Prime; _builder_version=\u00a0\u00bb3.22&Prime;][et_pb_row _builder_version=\u00a0\u00bb3.22&Prime;][et_pb_column type=\u00a0\u00bb4_4&Prime; _builder_version=\u00a0\u00bb3.19.18&Prime;][et_pb_text _builder_version=\u00a0\u00bb3.22.1&Prime;]<\/p>\n<h1 style=\"text-align: center\">Rechercher dans les archives des courriels Cin-GG<\/h1>\n<p>&nbsp;<\/p>\n<p>[\/et_pb_text][\/et_pb_column][\/et_pb_row][et_pb_row _builder_version=\u00a0\u00bb3.22&Prime;][et_pb_column type=\u00a0\u00bb1_5&Prime; _builder_version=\u00a0\u00bb3.19.18&Prime;][et_pb_blurb title=\u00a0\u00bbArchives de courriels consultables par fil de discussion\u00a0\u00bb image=\u00a0\u00bbhttps:\/\/cinelerra-gg.org\/wp-content\/uploads\/2019\/04\/search-engine-64px.png\u00a0\u00bb _builder_version=\u00a0\u00bb3.22.1&Prime; url=\u00a0\u00bbhttps:\/\/www.mail-archive.com\/cin@lists.cinelerra-gg.org\/index.html\u00a0\u00bb link_option_url=\u00a0\u00bbhttps:\/\/www.mail-archive.com\/cin@lists.cinelerra-gg.org\/index.html\u00a0\u00bb]<\/p>\n<p>Ici, vous trouverez l&rsquo;archive de courriels consultable par fil de discussion. Tous les courriels \u00e0 partir d&rsquo;avril 2019 seront stock\u00e9s ici.<\/p>\n<p>[\/et_pb_blurb][\/et_pb_column][et_pb_column type=\u00a0\u00bb1_5&Prime; _builder_version=\u00a0\u00bb3.19.18&Prime;][et_pb_blurb title=\u00a0\u00bbArchives de courriels consultables par date\u00a0\u00bb image=\u00a0\u00bbhttps:\/\/cinelerra-gg.org\/wp-content\/uploads\/2019\/04\/search-engine-64px.png\u00a0\u00bb _builder_version=\u00a0\u00bb3.22.1&Prime; url=\u00a0\u00bbhttps:\/\/www.mail-archive.com\/cin@lists.cinelerra-gg.org\/index.html\u00a0\u00bb link_option_url=\u00a0\u00bbhttps:\/\/www.mail-archive.com\/cin@lists.cinelerra-gg.org\/index.html\u00a0\u00bb]<\/p>\n<p>Ici, vous trouverez l&rsquo;archive de courriels consultable par date. Tous les courriels \u00e0 partir d&rsquo;avril 2019 seront stock\u00e9s ici.<\/p>\n<p>[\/et_pb_blurb][\/et_pb_column][et_pb_column type=\u00a0\u00bb1_5&Prime; _builder_version=\u00a0\u00bb3.19.18&Prime;][et_pb_blurb title=\u00a0\u00bbArchive courriel compl\u00e8te de Cin-GG\u00a0\u00bb image=\u00a0\u00bbhttps:\/\/cinelerra-gg.org\/wp-content\/uploads\/2018\/11\/email-icon-64.png\u00a0\u00bb _builder_version=\u00a0\u00bb3.22.1&Prime; url=\u00a0\u00bbhttps:\/\/lists.cinelerra-gg.org\/pipermail\/cin\/\u00a0\u00bb link_option_url=\u00a0\u00bbhttps:\/\/lists.cinelerra-gg.org\/pipermail\/cin\/\u00a0\u00bb]<\/p>\n<p>Ici, vous trouverez l&rsquo;archive compl\u00e8te des courriels de Cinelerra-GG depuis le d\u00e9but de cette page, mais sans fonction de recherche.<\/p>\n<p>[\/et_pb_blurb][\/et_pb_column][et_pb_column type=\u00a0\u00bb1_5&Prime; _builder_version=\u00a0\u00bb3.19.18&Prime;][et_pb_blurb title=\u00a0\u00bbArchive courriel compl\u00e8te de Cin-CV\u00a0\u00bb image=\u00a0\u00bbhttps:\/\/cinelerra-gg.org\/wp-content\/uploads\/2018\/11\/email-icon-64.png\u00a0\u00bb _builder_version=\u00a0\u00bb3.22.1&Prime; url=\u00a0\u00bbhttps:\/\/lists.cinelerra-cv.org\/pipermail\/cinelerra\/\u00a0\u00bb link_option_url=\u00a0\u00bbhttps:\/\/lists.cinelerra-cv.org\/pipermail\/cinelerra\/\u00a0\u00bb]<\/p>\n<p>Ici, vous trouverez l&rsquo;archive compl\u00e8te des courriels de Cinelerra-CV.<\/p>\n<p>[\/et_pb_blurb][\/et_pb_column][et_pb_column type=\u00a0\u00bb1_5&Prime; _builder_version=\u00a0\u00bb3.19.18&Prime;][et_pb_blurb title=\u00a0\u00bbListe de diffusion\u00a0\u00bb image=\u00a0\u00bbhttps:\/\/cinelerra-gg.org\/wp-content\/uploads\/2019\/04\/write-email-64px.png\u00a0\u00bb _builder_version=\u00a0\u00bb3.22.1&Prime; url=\u00a0\u00bbhttps:\/\/lists.cinelerra-gg.org\/mailman\/listinfo\/cin\u00a0\u00bb link_option_url=\u00a0\u00bbhttps:\/\/lists.cinelerra-gg.org\/mailman\/listinfo\/cin\u00a0\u00bb]<\/p>\n<p>Ici, vous pouvez vous inscrire \u00e0 notre liste de diffusion.<\/p>\n<p>[\/et_pb_blurb][\/et_pb_column][\/et_pb_row][\/et_pb_section]<\/p>\n","protected":false},"excerpt":{"rendered":"<p>Rechercher dans les archives des courriels Cin-GG &nbsp; Ici, vous trouverez l&rsquo;archive de courriels consultable par fil de discussion. Tous les courriels \u00e0 partir d&rsquo;avril 2019 seront stock\u00e9s ici.Ici, vous trouverez l&rsquo;archive de courriels consultable par date. Tous les courriels \u00e0 partir d&rsquo;avril 2019 seront stock\u00e9s ici.Ici, vous trouverez l&rsquo;archive compl\u00e8te des courriels de Cinelerra-GG [&hellip;]<\/p>\n","protected":false},"author":1,"featured_media":0,"parent":0,"menu_order":0,"comment_status":"closed","ping_status":"closed","template":"","meta":{"_et_pb_use_builder":"on","_et_pb_old_content":"","_et_gb_content_width":"","footnotes":""},"class_list":["post-4387","page","type-page","status-publish","hentry"],"yoast_head":"<!-- This site is optimized with the Yoast SEO plugin v27.0 - https:\/\/yoast.com\/product\/yoast-seo-wordpress\/ -->\n<title>Rechercher dans les archives des courriels - Cinelerra GG<\/title>\n<meta name=\"robots\" content=\"index, follow, max-snippet:-1, max-image-preview:large, max-video-preview:-1\" \/>\n<link rel=\"canonical\" href=\"https:\/\/cinelerra-gg.org\/fr\/rechercher-dans-les-archives-des-courriels\/\" \/>\n<meta property=\"og:locale\" content=\"fr_FR\" \/>\n<meta property=\"og:type\" content=\"article\" \/>\n<meta property=\"og:title\" content=\"Rechercher dans les archives des courriels - Cinelerra GG\" \/>\n<meta property=\"og:description\" content=\"Rechercher dans les archives des courriels Cin-GG &nbsp; Ici, vous trouverez l&#039;archive de courriels consultable par fil de discussion. Tous les courriels \u00e0 partir d&#039;avril 2019 seront stock\u00e9s ici.Ici, vous trouverez l&#039;archive de courriels consultable par date. Tous les courriels \u00e0 partir d&#039;avril 2019 seront stock\u00e9s ici.Ici, vous trouverez l&#039;archive compl\u00e8te des courriels de Cinelerra-GG [&hellip;]\" \/>\n<meta property=\"og:url\" content=\"https:\/\/cinelerra-gg.org\/fr\/rechercher-dans-les-archives-des-courriels\/\" \/>\n<meta property=\"og:site_name\" content=\"Cinelerra GG\" \/>\n<meta property=\"article:modified_time\" content=\"2020-10-09T20:10:50+00:00\" \/>\n<meta name=\"twitter:card\" content=\"summary_large_image\" \/>\n<meta name=\"twitter:label1\" content=\"Dur\u00e9e de lecture estim\u00e9e\" \/>\n\t<meta name=\"twitter:data1\" content=\"2 minutes\" \/>\n<script type=\"application\/ld+json\" class=\"yoast-schema-graph\">{\"@context\":\"https:\/\/schema.org\",\"@graph\":[{\"@type\":\"WebPage\",\"@id\":\"https:\/\/cinelerra-gg.org\/fr\/rechercher-dans-les-archives-des-courriels\/\",\"url\":\"https:\/\/cinelerra-gg.org\/fr\/rechercher-dans-les-archives-des-courriels\/\",\"name\":\"Rechercher dans les archives des courriels - Cinelerra GG\",\"isPartOf\":{\"@id\":\"https:\/\/cinelerra-gg.org\/fr\/#website\"},\"datePublished\":\"2019-04-25T12:37:18+00:00\",\"dateModified\":\"2020-10-09T20:10:50+00:00\",\"breadcrumb\":{\"@id\":\"https:\/\/cinelerra-gg.org\/fr\/rechercher-dans-les-archives-des-courriels\/#breadcrumb\"},\"inLanguage\":\"fr-FR\",\"potentialAction\":[{\"@type\":\"ReadAction\",\"target\":[\"https:\/\/cinelerra-gg.org\/fr\/rechercher-dans-les-archives-des-courriels\/\"]}]},{\"@type\":\"BreadcrumbList\",\"@id\":\"https:\/\/cinelerra-gg.org\/fr\/rechercher-dans-les-archives-des-courriels\/#breadcrumb\",\"itemListElement\":[{\"@type\":\"ListItem\",\"position\":1,\"name\":\"Home\",\"item\":\"https:\/\/cinelerra-gg.org\/fr\/\"},{\"@type\":\"ListItem\",\"position\":2,\"name\":\"Rechercher dans les archives des courriels\"}]},{\"@type\":\"WebSite\",\"@id\":\"https:\/\/cinelerra-gg.org\/fr\/#website\",\"url\":\"https:\/\/cinelerra-gg.org\/fr\/\",\"name\":\"Cinelerra GG\",\"description\":\"Cinelerra GG free video editing software\",\"potentialAction\":[{\"@type\":\"SearchAction\",\"target\":{\"@type\":\"EntryPoint\",\"urlTemplate\":\"https:\/\/cinelerra-gg.org\/fr\/?s={search_term_string}\"},\"query-input\":{\"@type\":\"PropertyValueSpecification\",\"valueRequired\":true,\"valueName\":\"search_term_string\"}}],\"inLanguage\":\"fr-FR\"}]}<\/script>\n<!-- \/ Yoast SEO plugin. -->","yoast_head_json":{"title":"Rechercher dans les archives des courriels - Cinelerra GG","robots":{"index":"index","follow":"follow","max-snippet":"max-snippet:-1","max-image-preview":"max-image-preview:large","max-video-preview":"max-video-preview:-1"},"canonical":"https:\/\/cinelerra-gg.org\/fr\/rechercher-dans-les-archives-des-courriels\/","og_locale":"fr_FR","og_type":"article","og_title":"Rechercher dans les archives des courriels - Cinelerra GG","og_description":"Rechercher dans les archives des courriels Cin-GG &nbsp; Ici, vous trouverez l'archive de courriels consultable par fil de discussion. Tous les courriels \u00e0 partir d'avril 2019 seront stock\u00e9s ici.Ici, vous trouverez l'archive de courriels consultable par date. Tous les courriels \u00e0 partir d'avril 2019 seront stock\u00e9s ici.Ici, vous trouverez l'archive compl\u00e8te des courriels de Cinelerra-GG [&hellip;]","og_url":"https:\/\/cinelerra-gg.org\/fr\/rechercher-dans-les-archives-des-courriels\/","og_site_name":"Cinelerra GG","article_modified_time":"2020-10-09T20:10:50+00:00","twitter_card":"summary_large_image","twitter_misc":{"Dur\u00e9e de lecture estim\u00e9e":"2 minutes"},"schema":{"@context":"https:\/\/schema.org","@graph":[{"@type":"WebPage","@id":"https:\/\/cinelerra-gg.org\/fr\/rechercher-dans-les-archives-des-courriels\/","url":"https:\/\/cinelerra-gg.org\/fr\/rechercher-dans-les-archives-des-courriels\/","name":"Rechercher dans les archives des courriels - Cinelerra GG","isPartOf":{"@id":"https:\/\/cinelerra-gg.org\/fr\/#website"},"datePublished":"2019-04-25T12:37:18+00:00","dateModified":"2020-10-09T20:10:50+00:00","breadcrumb":{"@id":"https:\/\/cinelerra-gg.org\/fr\/rechercher-dans-les-archives-des-courriels\/#breadcrumb"},"inLanguage":"fr-FR","potentialAction":[{"@type":"ReadAction","target":["https:\/\/cinelerra-gg.org\/fr\/rechercher-dans-les-archives-des-courriels\/"]}]},{"@type":"BreadcrumbList","@id":"https:\/\/cinelerra-gg.org\/fr\/rechercher-dans-les-archives-des-courriels\/#breadcrumb","itemListElement":[{"@type":"ListItem","position":1,"name":"Home","item":"https:\/\/cinelerra-gg.org\/fr\/"},{"@type":"ListItem","position":2,"name":"Rechercher dans les archives des courriels"}]},{"@type":"WebSite","@id":"https:\/\/cinelerra-gg.org\/fr\/#website","url":"https:\/\/cinelerra-gg.org\/fr\/","name":"Cinelerra GG","description":"Cinelerra GG free video editing software","potentialAction":[{"@type":"SearchAction","target":{"@type":"EntryPoint","urlTemplate":"https:\/\/cinelerra-gg.org\/fr\/?s={search_term_string}"},"query-input":{"@type":"PropertyValueSpecification","valueRequired":true,"valueName":"search_term_string"}}],"inLanguage":"fr-FR"}]}},"_links":{"self":[{"href":"https:\/\/cinelerra-gg.org\/fr\/wp-json\/wp\/v2\/pages\/4387","targetHints":{"allow":["GET"]}}],"collection":[{"href":"https:\/\/cinelerra-gg.org\/fr\/wp-json\/wp\/v2\/pages"}],"about":[{"href":"https:\/\/cinelerra-gg.org\/fr\/wp-json\/wp\/v2\/types\/page"}],"author":[{"embeddable":true,"href":"https:\/\/cinelerra-gg.org\/fr\/wp-json\/wp\/v2\/users\/1"}],"replies":[{"embeddable":true,"href":"https:\/\/cinelerra-gg.org\/fr\/wp-json\/wp\/v2\/comments?post=4387"}],"version-history":[{"count":0,"href":"https:\/\/cinelerra-gg.org\/fr\/wp-json\/wp\/v2\/pages\/4387\/revisions"}],"wp:attachment":[{"href":"https:\/\/cinelerra-gg.org\/fr\/wp-json\/wp\/v2\/media?parent=4387"}],"curies":[{"name":"wp","href":"https:\/\/api.w.org\/{rel}","templated":true}]}}