{"id":4399,"date":"2019-04-25T17:35:50","date_gmt":"2019-04-25T17:35:50","guid":{"rendered":"https:\/\/www.cinelerra-gg.org\/traduire-le-site-web\/"},"modified":"2020-10-09T20:12:38","modified_gmt":"2020-10-09T20:12:38","slug":"traduire-le-site-web","status":"publish","type":"page","link":"https:\/\/cinelerra-gg.org\/fr\/traduire-le-site-web\/","title":{"rendered":"Traduire le site web"},"content":{"rendered":"<p>[et_pb_section fb_built=\u00a0\u00bb1&Prime; _builder_version=\u00a0\u00bb3.22&Prime; background_color=\u00a0\u00bb#75c8df\u00a0\u00bb custom_padding=\u00a0\u00bb50px|0px|0|0px|false|false\u00a0\u00bb][et_pb_row _builder_version=\u00a0\u00bb3.25&Prime; custom_padding=\u00a0\u00bb0|0px|0|0px|false|false\u00a0\u00bb][et_pb_column type=\u00a0\u00bb4_4&Prime; _builder_version=\u00a0\u00bb3.25&Prime; custom_padding=\u00a0\u00bb|||\u00a0\u00bb custom_padding__hover=\u00a0\u00bb|||\u00a0\u00bb][et_pb_image src=\u00a0\u00bbhttps:\/\/cinelerra-gg.org\/wp-content\/uploads\/2019\/03\/Languages_v1.1.png\u00a0\u00bb align=\u00a0\u00bbcenter\u00a0\u00bb align_tablet=\u00a0\u00bbcenter\u00a0\u00bb align_last_edited=\u00a0\u00bbon|desktop\u00a0\u00bb _builder_version=\u00a0\u00bb3.23&Prime;][\/et_pb_image][\/et_pb_column][\/et_pb_row][\/et_pb_section][et_pb_section fb_built=\u00a0\u00bb1&Prime; _builder_version=\u00a0\u00bb3.22&Prime; custom_padding=\u00a0\u00bb86px|0px|14px|0px|false|false\u00a0\u00bb][et_pb_row _builder_version=\u00a0\u00bb3.25&Prime;][et_pb_column type=\u00a0\u00bb4_4&Prime; _builder_version=\u00a0\u00bb3.25&Prime; custom_padding=\u00a0\u00bb|||\u00a0\u00bb custom_padding__hover=\u00a0\u00bb|||\u00a0\u00bb][et_pb_text _builder_version=\u00a0\u00bb3.27.4&Prime;]<\/p>\n<h1>Aidez-nous \u00e0 traduire le site web en plusieurs langues<\/h1>\n<p>Les gens en tireront le plus grand b\u00e9n\u00e9fice s&rsquo;ils peuvent lire et utiliser le site web dans leur propre langue. Cela les aidera \u00e0 trouver rapidement les informations les plus importantes. Nous comptons sur votre aide pour nous aider \u00e0 traduire le site web si vous comprenez raisonnablement bien l&rsquo;anglais et ma\u00eetrisez bien votre propre langue. Vous n&rsquo;avez pas besoin d&rsquo;\u00eatre un g\u00e9nie de la langue, tant que vous savez \u00e9crire raisonnablement bien, vous pouvez d\u00e9j\u00e0 participer.<\/p>\n<p>Vous pouvez faire ce qui suit :<\/p>\n<ol>\n<li>Veuillez vous inscrire \u00e0 notre <a href=\"https:\/\/lists.cinelerra-gg.org\/mailman\/listinfo\/cin\">liste de diffusion<\/a>. Envoyez-nous un message indiquant que vous souhaitez nous aider \u00e0 traduire le site web.<\/li>\n<li>Nous vous inviterons par courriel. Vous recevrez alors les liens n\u00e9cessaires.<\/li>\n<li>Les instructions d&rsquo;utilisation de notre outil se trouvent dans la vid\u00e9o ci-dessous.<\/li>\n<li>Une fois le travail termin\u00e9, un deuxi\u00e8me traducteur v\u00e9rifiera si le texte est correct.<\/li>\n<li>Si la traduction est bonne, nous la publierons et chacun pourra utiliser les nouvelles traductions.<\/li>\n<\/ol>\n<p>N&rsquo;h\u00e9sitez pas \u00e0 nous poser des questions, nous serons heureux de vous aider si vous avez des questions. Ici, vous pouvez communiquer directement avec les d\u00e9veloppeurs via la <a href=\"https:\/\/lists.cinelerra-gg.org\/mailman\/listinfo\/cin\">liste de discussion<\/a>, avec d&rsquo;autres utilisateurs, vous pouvez \u00e9changer des informations via le <a href=\"https:\/\/cinelerra-gg.org\/forum\/\">forum<\/a> et pour l&rsquo;\u00e9change avec d&rsquo;autres traducteurs, vous pouvez utiliser le <a href=\"https:\/\/cinelerra-gg.org\/bugtracker\/my_view_page.php\">logiciel de suivi<\/a>. Vous trouverez ici un <a href=\"\/fr?page_id=2479\">aper\u00e7u<\/a> de tous les sujets auxquels vous pouvez contribuer.<\/p>\n<p>[\/et_pb_text][\/et_pb_column][\/et_pb_row][\/et_pb_section][et_pb_section fb_built=\u00a0\u00bb1&Prime; _builder_version=\u00a0\u00bb3.22&Prime; custom_padding=\u00a0\u00bb13px|0px|86px|0px|false|false\u00a0\u00bb][et_pb_row _builder_version=\u00a0\u00bb3.25&Prime;][et_pb_column type=\u00a0\u00bb4_4&Prime; _builder_version=\u00a0\u00bb3.25&Prime; custom_padding=\u00a0\u00bb|||\u00a0\u00bb custom_padding__hover=\u00a0\u00bb|||\u00a0\u00bb][et_pb_text _builder_version=\u00a0\u00bb3.27.4&Prime;]<\/p>\n<h2>Vid\u00e9o d&rsquo;instruction<\/h2>\n<p>[\/et_pb_text][et_pb_video src=\u00a0\u00bbhttps:\/\/youtu.be\/iFn2nKNb83I\u00a0\u00bb _builder_version=\u00a0\u00bb3.19.18&Prime;][\/et_pb_video][\/et_pb_column][\/et_pb_row][et_pb_row _builder_version=\u00a0\u00bb3.25&Prime; custom_padding=\u00a0\u00bb74px|0px|4px|0px|false|false\u00a0\u00bb][et_pb_column type=\u00a0\u00bb4_4&Prime; _builder_version=\u00a0\u00bb3.25&Prime; custom_padding=\u00a0\u00bb|||\u00a0\u00bb custom_padding__hover=\u00a0\u00bb|||\u00a0\u00bb][et_pb_text _builder_version=\u00a0\u00bb3.27.4&Prime;]<\/p>\n<h2>Liens utiles<\/h2>\n<p>Ici, vous trouverez quelques liens utiles qui peuvent vous aider dans la traduction de ce site.<\/p>\n<h3>DeepL<\/h3>\n<p>Le meilleur traducteur automatique que nous connaissons. Il fonctionne avec l&rsquo;intelligence artificielle. <a href=\"https:\/\/www.deepl.com\/translator\" title=\"Traducteur DeepL\">Veuillez cliquer ici<\/a><a href=\"https:\/\/www.deepl.com\/translator\" title=\"Traducteur DeepL\"><\/a> pour aller sur le site web.<\/p>\n<p>&nbsp;<\/p>\n<p>[\/et_pb_text][et_pb_text _builder_version=\u00a0\u00bb3.27.4&Prime;]<\/p>\n<h2>Nos contributeurs pour la traduction du site web<\/h2>\n<p>Nous sommes tr\u00e8s reconnaissants pour le soutien actif des b\u00e9n\u00e9voles qui ont aid\u00e9 \u00e0 la traduction du site web dans diff\u00e9rentes langues.<\/p>\n<p>[\/et_pb_text][\/et_pb_column][\/et_pb_row][et_pb_row _builder_version=\u00a0\u00bb3.25&Prime; custom_padding=\u00a0\u00bb21px|0px|27px|0px|false|false\u00a0\u00bb column_structure=\u00a0\u00bb1_4,1_4,1_4,1_4&Prime;][et_pb_column type=\u00a0\u00bb1_4&Prime; _builder_version=\u00a0\u00bb3.25&Prime; custom_padding=\u00a0\u00bb|||\u00a0\u00bb custom_padding__hover=\u00a0\u00bb|||\u00a0\u00bb][et_pb_text _builder_version=\u00a0\u00bb3.27.4&Prime;]<\/p>\n<p style=\"text-align: center\">Traduction italienne :<\/p>\n<p style=\"text-align: center\"><strong>Andrea Paz et WPFilmmaker<\/strong><\/p>\n<p>[\/et_pb_text][\/et_pb_column][et_pb_column type=\u00a0\u00bb1_4&Prime; _builder_version=\u00a0\u00bb3.25&Prime; custom_padding=\u00a0\u00bb|||\u00a0\u00bb custom_padding__hover=\u00a0\u00bb|||\u00a0\u00bb][et_pb_text _builder_version=\u00a0\u00bb3.27.4&Prime;]<\/p>\n<p style=\"text-align: center\">Traduction fran\u00e7aise :<\/p>\n<p style=\"text-align: center\"><strong>Olivier Humbert<br \/><\/strong><a href=\"https:\/\/librazik.tuxfamily.org\/\" title=\"LibraZiK\"> son projet LibraZik <\/a><strong><br \/><\/strong><\/p>\n<p style=\"text-align: center\"><strong><\/strong><\/p>\n<p>[\/et_pb_text][\/et_pb_column][et_pb_column type=\u00a0\u00bb1_4&Prime; _builder_version=\u00a0\u00bb3.25&Prime; custom_padding=\u00a0\u00bb|||\u00a0\u00bb custom_padding__hover=\u00a0\u00bb|||\u00a0\u00bb][et_pb_text _builder_version=\u00a0\u00bb4.0.6&Prime; hover_enabled=\u00a0\u00bb0&Prime;]<\/p>\n<p style=\"text-align: center\">Traduction espagnole :<\/p>\n<p style=\"text-align: center\"><strong>Sergio Daniel Gomez<br \/><\/strong>sergiogomez [@] tostado [dot] com [dot] ar<strong><br \/> <\/strong><\/p>\n<p style=\"text-align: center\"><strong><\/strong><\/p>\n<p>[\/et_pb_text][\/et_pb_column][et_pb_column type=\u00a0\u00bb1_4&Prime; _builder_version=\u00a0\u00bb3.25&Prime; custom_padding=\u00a0\u00bb|||\u00a0\u00bb custom_padding__hover=\u00a0\u00bb|||\u00a0\u00bb][\/et_pb_column][\/et_pb_row][\/et_pb_section]<\/p>\n","protected":false},"excerpt":{"rendered":"<p>Aidez-nous \u00e0 traduire le site web en plusieurs langues Les gens en tireront le plus grand b\u00e9n\u00e9fice s&rsquo;ils peuvent lire et utiliser le site web dans leur propre langue. Cela les aidera \u00e0 trouver rapidement les informations les plus importantes. Nous comptons sur votre aide pour nous aider \u00e0 traduire le site web si vous [&hellip;]<\/p>\n","protected":false},"author":1,"featured_media":0,"parent":0,"menu_order":0,"comment_status":"closed","ping_status":"closed","template":"","meta":{"_et_pb_use_builder":"on","_et_pb_old_content":"","_et_gb_content_width":"","footnotes":""},"class_list":["post-4399","page","type-page","status-publish","hentry"],"yoast_head":"<!-- This site is optimized with the Yoast SEO plugin v27.4 - https:\/\/yoast.com\/product\/yoast-seo-wordpress\/ -->\n<title>Traduire le site web - Cinelerra GG<\/title>\n<meta name=\"description\" content=\"Aidez-nous \u00e0 traduire le site Cinelerra-GG dans votre langue. \u00c0 l&#039;aide de nos outils, c&#039;est tr\u00e8s facile \u00e0 traduire.\" \/>\n<meta name=\"robots\" content=\"index, follow, max-snippet:-1, max-image-preview:large, max-video-preview:-1\" \/>\n<link rel=\"canonical\" href=\"https:\/\/cinelerra-gg.org\/fr\/traduire-le-site-web\/\" \/>\n<meta property=\"og:locale\" content=\"fr_FR\" \/>\n<meta property=\"og:type\" content=\"article\" \/>\n<meta property=\"og:title\" content=\"Traduire le site web - Cinelerra GG\" \/>\n<meta property=\"og:description\" content=\"Aidez-nous \u00e0 traduire le site Cinelerra-GG dans votre langue. \u00c0 l&#039;aide de nos outils, c&#039;est tr\u00e8s facile \u00e0 traduire.\" \/>\n<meta property=\"og:url\" content=\"https:\/\/cinelerra-gg.org\/fr\/traduire-le-site-web\/\" \/>\n<meta property=\"og:site_name\" content=\"Cinelerra GG\" \/>\n<meta property=\"article:modified_time\" content=\"2020-10-09T20:12:38+00:00\" \/>\n<meta name=\"twitter:card\" content=\"summary_large_image\" \/>\n<meta name=\"twitter:label1\" content=\"Dur\u00e9e de lecture estim\u00e9e\" \/>\n\t<meta name=\"twitter:data1\" content=\"3 minutes\" \/>\n<script type=\"application\/ld+json\" class=\"yoast-schema-graph\">{\"@context\":\"https:\\\/\\\/schema.org\",\"@graph\":[{\"@type\":\"WebPage\",\"@id\":\"https:\\\/\\\/cinelerra-gg.org\\\/fr\\\/traduire-le-site-web\\\/\",\"url\":\"https:\\\/\\\/cinelerra-gg.org\\\/fr\\\/traduire-le-site-web\\\/\",\"name\":\"Traduire le site web - Cinelerra GG\",\"isPartOf\":{\"@id\":\"https:\\\/\\\/cinelerra-gg.org\\\/fr\\\/#website\"},\"datePublished\":\"2019-04-25T17:35:50+00:00\",\"dateModified\":\"2020-10-09T20:12:38+00:00\",\"description\":\"Aidez-nous \u00e0 traduire le site Cinelerra-GG dans votre langue. \u00c0 l'aide de nos outils, c'est tr\u00e8s facile \u00e0 traduire.\",\"breadcrumb\":{\"@id\":\"https:\\\/\\\/cinelerra-gg.org\\\/fr\\\/traduire-le-site-web\\\/#breadcrumb\"},\"inLanguage\":\"fr-FR\",\"potentialAction\":[{\"@type\":\"ReadAction\",\"target\":[\"https:\\\/\\\/cinelerra-gg.org\\\/fr\\\/traduire-le-site-web\\\/\"]}]},{\"@type\":\"BreadcrumbList\",\"@id\":\"https:\\\/\\\/cinelerra-gg.org\\\/fr\\\/traduire-le-site-web\\\/#breadcrumb\",\"itemListElement\":[{\"@type\":\"ListItem\",\"position\":1,\"name\":\"Home\",\"item\":\"https:\\\/\\\/cinelerra-gg.org\\\/fr\\\/\"},{\"@type\":\"ListItem\",\"position\":2,\"name\":\"Traduire le site web\"}]},{\"@type\":\"WebSite\",\"@id\":\"https:\\\/\\\/cinelerra-gg.org\\\/fr\\\/#website\",\"url\":\"https:\\\/\\\/cinelerra-gg.org\\\/fr\\\/\",\"name\":\"Cinelerra GG\",\"description\":\"Cinelerra GG free video editing software\",\"potentialAction\":[{\"@type\":\"SearchAction\",\"target\":{\"@type\":\"EntryPoint\",\"urlTemplate\":\"https:\\\/\\\/cinelerra-gg.org\\\/fr\\\/?s={search_term_string}\"},\"query-input\":{\"@type\":\"PropertyValueSpecification\",\"valueRequired\":true,\"valueName\":\"search_term_string\"}}],\"inLanguage\":\"fr-FR\"}]}<\/script>\n<!-- \/ Yoast SEO plugin. -->","yoast_head_json":{"title":"Traduire le site web - Cinelerra GG","description":"Aidez-nous \u00e0 traduire le site Cinelerra-GG dans votre langue. \u00c0 l'aide de nos outils, c'est tr\u00e8s facile \u00e0 traduire.","robots":{"index":"index","follow":"follow","max-snippet":"max-snippet:-1","max-image-preview":"max-image-preview:large","max-video-preview":"max-video-preview:-1"},"canonical":"https:\/\/cinelerra-gg.org\/fr\/traduire-le-site-web\/","og_locale":"fr_FR","og_type":"article","og_title":"Traduire le site web - Cinelerra GG","og_description":"Aidez-nous \u00e0 traduire le site Cinelerra-GG dans votre langue. \u00c0 l'aide de nos outils, c'est tr\u00e8s facile \u00e0 traduire.","og_url":"https:\/\/cinelerra-gg.org\/fr\/traduire-le-site-web\/","og_site_name":"Cinelerra GG","article_modified_time":"2020-10-09T20:12:38+00:00","twitter_card":"summary_large_image","twitter_misc":{"Dur\u00e9e de lecture estim\u00e9e":"3 minutes"},"schema":{"@context":"https:\/\/schema.org","@graph":[{"@type":"WebPage","@id":"https:\/\/cinelerra-gg.org\/fr\/traduire-le-site-web\/","url":"https:\/\/cinelerra-gg.org\/fr\/traduire-le-site-web\/","name":"Traduire le site web - Cinelerra GG","isPartOf":{"@id":"https:\/\/cinelerra-gg.org\/fr\/#website"},"datePublished":"2019-04-25T17:35:50+00:00","dateModified":"2020-10-09T20:12:38+00:00","description":"Aidez-nous \u00e0 traduire le site Cinelerra-GG dans votre langue. \u00c0 l'aide de nos outils, c'est tr\u00e8s facile \u00e0 traduire.","breadcrumb":{"@id":"https:\/\/cinelerra-gg.org\/fr\/traduire-le-site-web\/#breadcrumb"},"inLanguage":"fr-FR","potentialAction":[{"@type":"ReadAction","target":["https:\/\/cinelerra-gg.org\/fr\/traduire-le-site-web\/"]}]},{"@type":"BreadcrumbList","@id":"https:\/\/cinelerra-gg.org\/fr\/traduire-le-site-web\/#breadcrumb","itemListElement":[{"@type":"ListItem","position":1,"name":"Home","item":"https:\/\/cinelerra-gg.org\/fr\/"},{"@type":"ListItem","position":2,"name":"Traduire le site web"}]},{"@type":"WebSite","@id":"https:\/\/cinelerra-gg.org\/fr\/#website","url":"https:\/\/cinelerra-gg.org\/fr\/","name":"Cinelerra GG","description":"Cinelerra GG free video editing software","potentialAction":[{"@type":"SearchAction","target":{"@type":"EntryPoint","urlTemplate":"https:\/\/cinelerra-gg.org\/fr\/?s={search_term_string}"},"query-input":{"@type":"PropertyValueSpecification","valueRequired":true,"valueName":"search_term_string"}}],"inLanguage":"fr-FR"}]}},"_links":{"self":[{"href":"https:\/\/cinelerra-gg.org\/fr\/wp-json\/wp\/v2\/pages\/4399","targetHints":{"allow":["GET"]}}],"collection":[{"href":"https:\/\/cinelerra-gg.org\/fr\/wp-json\/wp\/v2\/pages"}],"about":[{"href":"https:\/\/cinelerra-gg.org\/fr\/wp-json\/wp\/v2\/types\/page"}],"author":[{"embeddable":true,"href":"https:\/\/cinelerra-gg.org\/fr\/wp-json\/wp\/v2\/users\/1"}],"replies":[{"embeddable":true,"href":"https:\/\/cinelerra-gg.org\/fr\/wp-json\/wp\/v2\/comments?post=4399"}],"version-history":[{"count":0,"href":"https:\/\/cinelerra-gg.org\/fr\/wp-json\/wp\/v2\/pages\/4399\/revisions"}],"wp:attachment":[{"href":"https:\/\/cinelerra-gg.org\/fr\/wp-json\/wp\/v2\/media?parent=4399"}],"curies":[{"name":"wp","href":"https:\/\/api.w.org\/{rel}","templated":true}]}}