{"id":4476,"date":"2019-04-26T08:38:33","date_gmt":"2019-04-26T08:38:33","guid":{"rendered":"https:\/\/www.cinelerra-gg.org\/av-linux\/"},"modified":"2021-01-27T22:44:04","modified_gmt":"2021-01-27T22:44:04","slug":"av-linux","status":"publish","type":"page","link":"https:\/\/cinelerra-gg.org\/fr\/av-linux\/","title":{"rendered":"AV Linux"},"content":{"rendered":"<p>[et_pb_section fb_built=\u00a0\u00bb1&Prime; _builder_version=\u00a0\u00bb3.17.6&Prime;][et_pb_row _builder_version=\u00a0\u00bb3.17.6&Prime;][et_pb_column type=\u00a0\u00bb4_4&Prime; _builder_version=\u00a0\u00bb3.17.6&Prime; parallax=\u00a0\u00bboff\u00a0\u00bb parallax_method=\u00a0\u00bbon\u00a0\u00bb][et_pb_text _builder_version=\u00a0\u00bb3.17.6&Prime;]<\/p>\n<h1>AV Linux<\/h1>\n<p>&nbsp;<\/p>\n<p>AV Linux est une image ISO instantan\u00e9e partag\u00e9e t\u00e9l\u00e9chargeable\/installable bas\u00e9e sur Debian. Il fournit \u00e0 l&rsquo;utilisateur une m\u00e9thode facile pour obtenir une station de production audio et vid\u00e9o <br \/>sans avoir \u00e0 essayer de trouver et d&rsquo;installer eux-m\u00eames tous les composants habituels. Bien s\u00fbr, il inclut Cinelerra-GG !<\/p>\n<p>Vous pouvez tout lire et t\u00e9l\u00e9charger AVLinux <a href=\"http:\/\/www.bandshed.net\/avlinux\/\">ici<\/a>.<\/p>\n<p><strong><\/strong><\/p>\n<p>&nbsp;<\/p>\n<p>[\/et_pb_text][\/et_pb_column][\/et_pb_row][\/et_pb_section]<\/p>\n","protected":false},"excerpt":{"rendered":"<p>AV Linux &nbsp; AV Linux est une image ISO instantan\u00e9e partag\u00e9e t\u00e9l\u00e9chargeable\/installable bas\u00e9e sur Debian. Il fournit \u00e0 l&rsquo;utilisateur une m\u00e9thode facile pour obtenir une station de production audio et vid\u00e9o sans avoir \u00e0 essayer de trouver et d&rsquo;installer eux-m\u00eames tous les composants habituels. Bien s\u00fbr, il inclut Cinelerra-GG ! Vous pouvez tout lire et [&hellip;]<\/p>\n","protected":false},"author":3,"featured_media":0,"parent":0,"menu_order":0,"comment_status":"closed","ping_status":"closed","template":"","meta":{"_et_pb_use_builder":"on","_et_pb_old_content":"","_et_gb_content_width":"","footnotes":""},"class_list":["post-4476","page","type-page","status-publish","hentry"],"yoast_head":"<!-- This site is optimized with the Yoast SEO plugin v27.0 - https:\/\/yoast.com\/product\/yoast-seo-wordpress\/ -->\n<title>AV Linux - Cinelerra GG<\/title>\n<meta name=\"robots\" content=\"index, follow, max-snippet:-1, max-image-preview:large, max-video-preview:-1\" \/>\n<link rel=\"canonical\" href=\"https:\/\/cinelerra-gg.org\/fr\/av-linux\/\" \/>\n<meta property=\"og:locale\" content=\"fr_FR\" \/>\n<meta property=\"og:type\" content=\"article\" \/>\n<meta property=\"og:title\" content=\"AV Linux - Cinelerra GG\" \/>\n<meta property=\"og:description\" content=\"AV Linux &nbsp; AV Linux est une image ISO instantan\u00e9e partag\u00e9e t\u00e9l\u00e9chargeable\/installable bas\u00e9e sur Debian. Il fournit \u00e0 l&#039;utilisateur une m\u00e9thode facile pour obtenir une station de production audio et vid\u00e9o sans avoir \u00e0 essayer de trouver et d&#039;installer eux-m\u00eames tous les composants habituels. Bien s\u00fbr, il inclut Cinelerra-GG ! Vous pouvez tout lire et [&hellip;]\" \/>\n<meta property=\"og:url\" content=\"https:\/\/cinelerra-gg.org\/fr\/av-linux\/\" \/>\n<meta property=\"og:site_name\" content=\"Cinelerra GG\" \/>\n<meta property=\"article:modified_time\" content=\"2021-01-27T22:44:04+00:00\" \/>\n<meta name=\"twitter:card\" content=\"summary_large_image\" \/>\n<meta name=\"twitter:label1\" content=\"Dur\u00e9e de lecture estim\u00e9e\" \/>\n\t<meta name=\"twitter:data1\" content=\"1 minute\" \/>\n<script type=\"application\/ld+json\" class=\"yoast-schema-graph\">{\"@context\":\"https:\/\/schema.org\",\"@graph\":[{\"@type\":\"WebPage\",\"@id\":\"https:\/\/cinelerra-gg.org\/fr\/av-linux\/\",\"url\":\"https:\/\/cinelerra-gg.org\/fr\/av-linux\/\",\"name\":\"AV Linux - Cinelerra GG\",\"isPartOf\":{\"@id\":\"https:\/\/cinelerra-gg.org\/fr\/#website\"},\"datePublished\":\"2019-04-26T08:38:33+00:00\",\"dateModified\":\"2021-01-27T22:44:04+00:00\",\"breadcrumb\":{\"@id\":\"https:\/\/cinelerra-gg.org\/fr\/av-linux\/#breadcrumb\"},\"inLanguage\":\"fr-FR\",\"potentialAction\":[{\"@type\":\"ReadAction\",\"target\":[\"https:\/\/cinelerra-gg.org\/fr\/av-linux\/\"]}]},{\"@type\":\"BreadcrumbList\",\"@id\":\"https:\/\/cinelerra-gg.org\/fr\/av-linux\/#breadcrumb\",\"itemListElement\":[{\"@type\":\"ListItem\",\"position\":1,\"name\":\"Home\",\"item\":\"https:\/\/cinelerra-gg.org\/fr\/\"},{\"@type\":\"ListItem\",\"position\":2,\"name\":\"AV Linux\"}]},{\"@type\":\"WebSite\",\"@id\":\"https:\/\/cinelerra-gg.org\/fr\/#website\",\"url\":\"https:\/\/cinelerra-gg.org\/fr\/\",\"name\":\"Cinelerra GG\",\"description\":\"Cinelerra GG free video editing software\",\"potentialAction\":[{\"@type\":\"SearchAction\",\"target\":{\"@type\":\"EntryPoint\",\"urlTemplate\":\"https:\/\/cinelerra-gg.org\/fr\/?s={search_term_string}\"},\"query-input\":{\"@type\":\"PropertyValueSpecification\",\"valueRequired\":true,\"valueName\":\"search_term_string\"}}],\"inLanguage\":\"fr-FR\"}]}<\/script>\n<!-- \/ Yoast SEO plugin. -->","yoast_head_json":{"title":"AV Linux - Cinelerra GG","robots":{"index":"index","follow":"follow","max-snippet":"max-snippet:-1","max-image-preview":"max-image-preview:large","max-video-preview":"max-video-preview:-1"},"canonical":"https:\/\/cinelerra-gg.org\/fr\/av-linux\/","og_locale":"fr_FR","og_type":"article","og_title":"AV Linux - Cinelerra GG","og_description":"AV Linux &nbsp; AV Linux est une image ISO instantan\u00e9e partag\u00e9e t\u00e9l\u00e9chargeable\/installable bas\u00e9e sur Debian. Il fournit \u00e0 l'utilisateur une m\u00e9thode facile pour obtenir une station de production audio et vid\u00e9o sans avoir \u00e0 essayer de trouver et d'installer eux-m\u00eames tous les composants habituels. Bien s\u00fbr, il inclut Cinelerra-GG ! Vous pouvez tout lire et [&hellip;]","og_url":"https:\/\/cinelerra-gg.org\/fr\/av-linux\/","og_site_name":"Cinelerra GG","article_modified_time":"2021-01-27T22:44:04+00:00","twitter_card":"summary_large_image","twitter_misc":{"Dur\u00e9e de lecture estim\u00e9e":"1 minute"},"schema":{"@context":"https:\/\/schema.org","@graph":[{"@type":"WebPage","@id":"https:\/\/cinelerra-gg.org\/fr\/av-linux\/","url":"https:\/\/cinelerra-gg.org\/fr\/av-linux\/","name":"AV Linux - Cinelerra GG","isPartOf":{"@id":"https:\/\/cinelerra-gg.org\/fr\/#website"},"datePublished":"2019-04-26T08:38:33+00:00","dateModified":"2021-01-27T22:44:04+00:00","breadcrumb":{"@id":"https:\/\/cinelerra-gg.org\/fr\/av-linux\/#breadcrumb"},"inLanguage":"fr-FR","potentialAction":[{"@type":"ReadAction","target":["https:\/\/cinelerra-gg.org\/fr\/av-linux\/"]}]},{"@type":"BreadcrumbList","@id":"https:\/\/cinelerra-gg.org\/fr\/av-linux\/#breadcrumb","itemListElement":[{"@type":"ListItem","position":1,"name":"Home","item":"https:\/\/cinelerra-gg.org\/fr\/"},{"@type":"ListItem","position":2,"name":"AV Linux"}]},{"@type":"WebSite","@id":"https:\/\/cinelerra-gg.org\/fr\/#website","url":"https:\/\/cinelerra-gg.org\/fr\/","name":"Cinelerra GG","description":"Cinelerra GG free video editing software","potentialAction":[{"@type":"SearchAction","target":{"@type":"EntryPoint","urlTemplate":"https:\/\/cinelerra-gg.org\/fr\/?s={search_term_string}"},"query-input":{"@type":"PropertyValueSpecification","valueRequired":true,"valueName":"search_term_string"}}],"inLanguage":"fr-FR"}]}},"_links":{"self":[{"href":"https:\/\/cinelerra-gg.org\/fr\/wp-json\/wp\/v2\/pages\/4476","targetHints":{"allow":["GET"]}}],"collection":[{"href":"https:\/\/cinelerra-gg.org\/fr\/wp-json\/wp\/v2\/pages"}],"about":[{"href":"https:\/\/cinelerra-gg.org\/fr\/wp-json\/wp\/v2\/types\/page"}],"author":[{"embeddable":true,"href":"https:\/\/cinelerra-gg.org\/fr\/wp-json\/wp\/v2\/users\/3"}],"replies":[{"embeddable":true,"href":"https:\/\/cinelerra-gg.org\/fr\/wp-json\/wp\/v2\/comments?post=4476"}],"version-history":[{"count":0,"href":"https:\/\/cinelerra-gg.org\/fr\/wp-json\/wp\/v2\/pages\/4476\/revisions"}],"wp:attachment":[{"href":"https:\/\/cinelerra-gg.org\/fr\/wp-json\/wp\/v2\/media?parent=4476"}],"curies":[{"name":"wp","href":"https:\/\/api.w.org\/{rel}","templated":true}]}}