{"id":4478,"date":"2019-04-26T08:51:27","date_gmt":"2019-04-26T08:51:27","guid":{"rendered":"https:\/\/www.cinelerra-gg.org\/tar-mono-utilisateur\/"},"modified":"2021-01-27T22:44:11","modified_gmt":"2021-01-27T22:44:11","slug":"tar-mono-utilisateur","status":"publish","type":"page","link":"https:\/\/cinelerra-gg.org\/fr\/tar-mono-utilisateur\/","title":{"rendered":"Tar mono-utilisateur"},"content":{"rendered":"<p>[et_pb_section fb_built=\u00a0\u00bb1&Prime; _builder_version=\u00a0\u00bb3.17.6&Prime;][et_pb_row _builder_version=\u00a0\u00bb3.17.6&Prime;][et_pb_column type=\u00a0\u00bb4_4&Prime; _builder_version=\u00a0\u00bb3.17.6&Prime; parallax=\u00a0\u00bboff\u00a0\u00bb parallax_method=\u00a0\u00bbon\u00a0\u00bb][et_pb_text _builder_version=\u00a0\u00bb3.17.6&Prime;]<\/p>\n<h1>Tar mono-utilisateur &#8211; statique ou partag\u00e9<\/h1>\n<p>Il existe des r\u00e9pertoires qui incluent des constructions de Cinelerra Unify pour diff\u00e9rentes distributions.<br \/>Les archives compil\u00e9es pour un mono-utilisateur sont stock\u00e9es <a href=\"https:\/\/cinelerra-gg.org\/download\/tars\/\">ici<\/a>.<br \/>Les paquets syst\u00e8me compil\u00e9s multi-utilisateurs sont stock\u00e9s <a href=\"https:\/\/cinelerra-gg.org\/download\/pkgs\/\">ici<\/a>.<br \/>Pour ajouter la version syst\u00e8me \u00e0 votre SE, reportez-vous aux instructions dans pkgs\/README.pkgs, <a href=\"https:\/\/cinelerra-gg.org\/download\/pkgs\/README.pkgs\">ici<\/a>.<\/p>\n<p>Les versions 32 bits incluent i686 ubuntu 14.04, Debian 9 et Slackware.<br \/>Ne t\u00e9l\u00e9chargez PAS la version 10 bits sauf si vous utilisez h264\/h265 (ils ne peuvent pas faire de rendu 8 bits).<\/p>\n<p>Pour utiliser les constructions mono-utilisateur, t\u00e9l\u00e9chargez l&rsquo;archive et d\u00e9compressez comme indiqu\u00e9 :<\/p>\n<p><strong><\/strong><\/p>\n<p>[\/et_pb_text][et_pb_text _builder_version=\u00a0\u00bb3.17.6&Prime; text_font=\u00a0\u00bb||||||||\u00a0\u00bb background_color=\u00a0\u00bb#f2f2f2&Prime; border_radii=\u00a0\u00bbon|11px|11px|11px|11px\u00a0\u00bb custom_margin=\u00a0\u00bb|||20px\u00a0\u00bb custom_padding=\u00a0\u00bb10px|5px|10px|20px\u00a0\u00bb]<\/p>\n<p>cd \/path<br \/> mkdir cin<br \/> cd cin<br \/> tar -xJf \/src\/path\/cinelerra-5.1-*.txz # comme montr\u00e9 dans .\/tars pour la distro<\/p>\n<p>[\/et_pb_text][\/et_pb_column][\/et_pb_row][\/et_pb_section]<\/p>\n","protected":false},"excerpt":{"rendered":"<p>Tar mono-utilisateur &#8211; statique ou partag\u00e9 Il existe des r\u00e9pertoires qui incluent des constructions de Cinelerra Unify pour diff\u00e9rentes distributions.Les archives compil\u00e9es pour un mono-utilisateur sont stock\u00e9es ici.Les paquets syst\u00e8me compil\u00e9s multi-utilisateurs sont stock\u00e9s ici.Pour ajouter la version syst\u00e8me \u00e0 votre SE, reportez-vous aux instructions dans pkgs\/README.pkgs, ici. Les versions 32 bits incluent i686 ubuntu [&hellip;]<\/p>\n","protected":false},"author":3,"featured_media":0,"parent":0,"menu_order":0,"comment_status":"closed","ping_status":"closed","template":"","meta":{"_et_pb_use_builder":"on","_et_pb_old_content":"","_et_gb_content_width":"","footnotes":""},"class_list":["post-4478","page","type-page","status-publish","hentry"],"yoast_head":"<!-- This site is optimized with the Yoast SEO plugin v27.4 - https:\/\/yoast.com\/product\/yoast-seo-wordpress\/ -->\n<title>Tar mono-utilisateur - Cinelerra GG<\/title>\n<meta name=\"robots\" content=\"index, follow, max-snippet:-1, max-image-preview:large, max-video-preview:-1\" \/>\n<link rel=\"canonical\" href=\"https:\/\/cinelerra-gg.org\/fr\/tar-mono-utilisateur\/\" \/>\n<meta property=\"og:locale\" content=\"fr_FR\" \/>\n<meta property=\"og:type\" content=\"article\" \/>\n<meta property=\"og:title\" content=\"Tar mono-utilisateur - Cinelerra GG\" \/>\n<meta property=\"og:description\" content=\"Tar mono-utilisateur - statique ou partag\u00e9 Il existe des r\u00e9pertoires qui incluent des constructions de Cinelerra Unify pour diff\u00e9rentes distributions.Les archives compil\u00e9es pour un mono-utilisateur sont stock\u00e9es ici.Les paquets syst\u00e8me compil\u00e9s multi-utilisateurs sont stock\u00e9s ici.Pour ajouter la version syst\u00e8me \u00e0 votre SE, reportez-vous aux instructions dans pkgs\/README.pkgs, ici. Les versions 32 bits incluent i686 ubuntu [&hellip;]\" \/>\n<meta property=\"og:url\" content=\"https:\/\/cinelerra-gg.org\/fr\/tar-mono-utilisateur\/\" \/>\n<meta property=\"og:site_name\" content=\"Cinelerra GG\" \/>\n<meta property=\"article:modified_time\" content=\"2021-01-27T22:44:11+00:00\" \/>\n<meta name=\"twitter:card\" content=\"summary_large_image\" \/>\n<meta name=\"twitter:label1\" content=\"Dur\u00e9e de lecture estim\u00e9e\" \/>\n\t<meta name=\"twitter:data1\" content=\"1 minute\" \/>\n<script type=\"application\/ld+json\" class=\"yoast-schema-graph\">{\"@context\":\"https:\\\/\\\/schema.org\",\"@graph\":[{\"@type\":\"WebPage\",\"@id\":\"https:\\\/\\\/cinelerra-gg.org\\\/fr\\\/tar-mono-utilisateur\\\/\",\"url\":\"https:\\\/\\\/cinelerra-gg.org\\\/fr\\\/tar-mono-utilisateur\\\/\",\"name\":\"Tar mono-utilisateur - Cinelerra GG\",\"isPartOf\":{\"@id\":\"https:\\\/\\\/cinelerra-gg.org\\\/fr\\\/#website\"},\"datePublished\":\"2019-04-26T08:51:27+00:00\",\"dateModified\":\"2021-01-27T22:44:11+00:00\",\"breadcrumb\":{\"@id\":\"https:\\\/\\\/cinelerra-gg.org\\\/fr\\\/tar-mono-utilisateur\\\/#breadcrumb\"},\"inLanguage\":\"fr-FR\",\"potentialAction\":[{\"@type\":\"ReadAction\",\"target\":[\"https:\\\/\\\/cinelerra-gg.org\\\/fr\\\/tar-mono-utilisateur\\\/\"]}]},{\"@type\":\"BreadcrumbList\",\"@id\":\"https:\\\/\\\/cinelerra-gg.org\\\/fr\\\/tar-mono-utilisateur\\\/#breadcrumb\",\"itemListElement\":[{\"@type\":\"ListItem\",\"position\":1,\"name\":\"Home\",\"item\":\"https:\\\/\\\/cinelerra-gg.org\\\/fr\\\/\"},{\"@type\":\"ListItem\",\"position\":2,\"name\":\"Tar mono-utilisateur\"}]},{\"@type\":\"WebSite\",\"@id\":\"https:\\\/\\\/cinelerra-gg.org\\\/fr\\\/#website\",\"url\":\"https:\\\/\\\/cinelerra-gg.org\\\/fr\\\/\",\"name\":\"Cinelerra GG\",\"description\":\"Cinelerra GG free video editing software\",\"potentialAction\":[{\"@type\":\"SearchAction\",\"target\":{\"@type\":\"EntryPoint\",\"urlTemplate\":\"https:\\\/\\\/cinelerra-gg.org\\\/fr\\\/?s={search_term_string}\"},\"query-input\":{\"@type\":\"PropertyValueSpecification\",\"valueRequired\":true,\"valueName\":\"search_term_string\"}}],\"inLanguage\":\"fr-FR\"}]}<\/script>\n<!-- \/ Yoast SEO plugin. -->","yoast_head_json":{"title":"Tar mono-utilisateur - Cinelerra GG","robots":{"index":"index","follow":"follow","max-snippet":"max-snippet:-1","max-image-preview":"max-image-preview:large","max-video-preview":"max-video-preview:-1"},"canonical":"https:\/\/cinelerra-gg.org\/fr\/tar-mono-utilisateur\/","og_locale":"fr_FR","og_type":"article","og_title":"Tar mono-utilisateur - Cinelerra GG","og_description":"Tar mono-utilisateur - statique ou partag\u00e9 Il existe des r\u00e9pertoires qui incluent des constructions de Cinelerra Unify pour diff\u00e9rentes distributions.Les archives compil\u00e9es pour un mono-utilisateur sont stock\u00e9es ici.Les paquets syst\u00e8me compil\u00e9s multi-utilisateurs sont stock\u00e9s ici.Pour ajouter la version syst\u00e8me \u00e0 votre SE, reportez-vous aux instructions dans pkgs\/README.pkgs, ici. Les versions 32 bits incluent i686 ubuntu [&hellip;]","og_url":"https:\/\/cinelerra-gg.org\/fr\/tar-mono-utilisateur\/","og_site_name":"Cinelerra GG","article_modified_time":"2021-01-27T22:44:11+00:00","twitter_card":"summary_large_image","twitter_misc":{"Dur\u00e9e de lecture estim\u00e9e":"1 minute"},"schema":{"@context":"https:\/\/schema.org","@graph":[{"@type":"WebPage","@id":"https:\/\/cinelerra-gg.org\/fr\/tar-mono-utilisateur\/","url":"https:\/\/cinelerra-gg.org\/fr\/tar-mono-utilisateur\/","name":"Tar mono-utilisateur - Cinelerra GG","isPartOf":{"@id":"https:\/\/cinelerra-gg.org\/fr\/#website"},"datePublished":"2019-04-26T08:51:27+00:00","dateModified":"2021-01-27T22:44:11+00:00","breadcrumb":{"@id":"https:\/\/cinelerra-gg.org\/fr\/tar-mono-utilisateur\/#breadcrumb"},"inLanguage":"fr-FR","potentialAction":[{"@type":"ReadAction","target":["https:\/\/cinelerra-gg.org\/fr\/tar-mono-utilisateur\/"]}]},{"@type":"BreadcrumbList","@id":"https:\/\/cinelerra-gg.org\/fr\/tar-mono-utilisateur\/#breadcrumb","itemListElement":[{"@type":"ListItem","position":1,"name":"Home","item":"https:\/\/cinelerra-gg.org\/fr\/"},{"@type":"ListItem","position":2,"name":"Tar mono-utilisateur"}]},{"@type":"WebSite","@id":"https:\/\/cinelerra-gg.org\/fr\/#website","url":"https:\/\/cinelerra-gg.org\/fr\/","name":"Cinelerra GG","description":"Cinelerra GG free video editing software","potentialAction":[{"@type":"SearchAction","target":{"@type":"EntryPoint","urlTemplate":"https:\/\/cinelerra-gg.org\/fr\/?s={search_term_string}"},"query-input":{"@type":"PropertyValueSpecification","valueRequired":true,"valueName":"search_term_string"}}],"inLanguage":"fr-FR"}]}},"_links":{"self":[{"href":"https:\/\/cinelerra-gg.org\/fr\/wp-json\/wp\/v2\/pages\/4478","targetHints":{"allow":["GET"]}}],"collection":[{"href":"https:\/\/cinelerra-gg.org\/fr\/wp-json\/wp\/v2\/pages"}],"about":[{"href":"https:\/\/cinelerra-gg.org\/fr\/wp-json\/wp\/v2\/types\/page"}],"author":[{"embeddable":true,"href":"https:\/\/cinelerra-gg.org\/fr\/wp-json\/wp\/v2\/users\/3"}],"replies":[{"embeddable":true,"href":"https:\/\/cinelerra-gg.org\/fr\/wp-json\/wp\/v2\/comments?post=4478"}],"version-history":[{"count":0,"href":"https:\/\/cinelerra-gg.org\/fr\/wp-json\/wp\/v2\/pages\/4478\/revisions"}],"wp:attachment":[{"href":"https:\/\/cinelerra-gg.org\/fr\/wp-json\/wp\/v2\/media?parent=4478"}],"curies":[{"name":"wp","href":"https:\/\/api.w.org\/{rel}","templated":true}]}}