{"id":4480,"date":"2019-04-26T08:55:54","date_gmt":"2019-04-26T08:55:54","guid":{"rendered":"https:\/\/www.cinelerra-gg.org\/slackware\/"},"modified":"2020-10-09T20:12:37","modified_gmt":"2020-10-09T20:12:37","slug":"slackware","status":"publish","type":"page","link":"https:\/\/cinelerra-gg.org\/fr\/slackware\/","title":{"rendered":"Slackware"},"content":{"rendered":"<p>[et_pb_section fb_built=\u00a0\u00bb1&Prime; _builder_version=\u00a0\u00bb3.22&Prime;][et_pb_row _builder_version=\u00a0\u00bb3.25&Prime;][et_pb_column type=\u00a0\u00bb4_4&Prime; _builder_version=\u00a0\u00bb3.25&Prime; custom_padding=\u00a0\u00bb|||\u00a0\u00bb custom_padding__hover=\u00a0\u00bb|||\u00a0\u00bb][et_pb_text _builder_version=\u00a0\u00bb3.17.6&Prime;]<\/p>\n<h1>Slackware<\/h1>\n<p><strong><\/strong>Actuellement, l&rsquo;acc\u00e8s au site n&rsquo;est pas configur\u00e9. Pour installer cinelerra-gg, t\u00e9l\u00e9chargez la construction de paquet slackware cin_5.1*.txz <a href=\"https:\/\/cinelerra-gg.org\/download\/pkgs\/\">ici<\/a>. Puis ex\u00e9cutez :<\/p>\n<p>[\/et_pb_text][et_pb_text _builder_version=\u00a0\u00bb3.17.6&Prime; text_font=\u00a0\u00bb||||||||\u00a0\u00bb background_color=\u00a0\u00bb#f2f2f2&Prime; border_radii=\u00a0\u00bbon|11px|11px|11px|11px\u00a0\u00bb custom_margin=\u00a0\u00bb|||20px\u00a0\u00bb custom_padding=\u00a0\u00bb10px|5px|10px|20px\u00a0\u00bb]<\/p>\n<p>installpkg \/path\/cin_5.1*.txz<\/p>\n<p>[\/et_pb_text][et_pb_text _builder_version=\u00a0\u00bb3.17.6&Prime;]<\/p>\n<p>Pour mettre \u00e0 jour une installation pr\u00e9c\u00e9dente :<\/p>\n<p>[\/et_pb_text][et_pb_text _builder_version=\u00a0\u00bb3.17.6&Prime; text_font=\u00a0\u00bb||||||||\u00a0\u00bb background_color=\u00a0\u00bb#f2f2f2&Prime; border_radii=\u00a0\u00bbon|11px|11px|11px|11px\u00a0\u00bb custom_margin=\u00a0\u00bb|||20px\u00a0\u00bb custom_padding=\u00a0\u00bb10px|5px|10px|20px\u00a0\u00bb]<\/p>\n<p>upgradepkg \/path\/cin&#8230;<\/p>\n<p>[\/et_pb_text][et_pb_text _builder_version=\u00a0\u00bb3.17.6&Prime;]<\/p>\n<p>Supprimer-le avec :<\/p>\n<p>[\/et_pb_text][et_pb_text _builder_version=\u00a0\u00bb3.17.6&Prime; text_font=\u00a0\u00bb||||||||\u00a0\u00bb background_color=\u00a0\u00bb#f2f2f2&Prime; border_radii=\u00a0\u00bbon|11px|11px|11px|11px\u00a0\u00bb custom_margin=\u00a0\u00bb|||20px\u00a0\u00bb custom_padding=\u00a0\u00bb10px|5px|10px|20px\u00a0\u00bb]<\/p>\n<p>removepkg cin<\/p>\n<p>[\/et_pb_text][et_pb_text _builder_version=\u00a0\u00bb3.17.6&Prime;]<\/p>\n<p>Constructions Slackware 32\/64 :<\/p>\n<p>Pour l&rsquo;\u00e9dition 32 bits de Slackware, recherchez-la <a href=\"https:\/\/cinelerra-gg.org\/download\/tars\/\">ici<\/a>.<\/p>\n<p>Rechercher un fichier avec la syntaxe <i>cinelerra-5.1-<b>slk32<\/b>-14.2-i686-DATE.txz<\/i>. Extrayez-le et lancez le binaire \u00ab\u00a0cin\u00a0\u00bb.<\/p>\n<p>Pour l&rsquo;\u00e9dition 64 bits de Slackware, recherchez-la <a href=\"https:\/\/cinelerra-gg.org\/download\/tars\/\">ici<\/a>.<\/p>\n<p>Rechercher un fichier avec la syntaxe <i>cinelerra-5.1-<b>slk64<\/b>-14.2-x86_64-DATE.txz<\/i>. Extrayez-le et lancez le binaire \u00ab\u00a0cin\u00a0\u00bb.<\/p>\n<p>Si vous voulez construire Cinelerra-GG \u00e0 partir de z\u00e9ro, un SlackBuild est disponible sur notre d\u00e9p\u00f4t GIT dans \u00ab\u00a0blds\/cin.SlackBuild\u00a0\u00bb.<\/p>\n<p>[\/et_pb_text][\/et_pb_column][\/et_pb_row][\/et_pb_section]<\/p>\n","protected":false},"excerpt":{"rendered":"<p>Slackware Actuellement, l&rsquo;acc\u00e8s au site n&rsquo;est pas configur\u00e9. Pour installer cinelerra-gg, t\u00e9l\u00e9chargez la construction de paquet slackware cin_5.1*.txz ici. Puis ex\u00e9cutez :installpkg \/path\/cin_5.1*.txzPour mettre \u00e0 jour une installation pr\u00e9c\u00e9dente :upgradepkg \/path\/cin&#8230;Supprimer-le avec :removepkg cinConstructions Slackware 32\/64 : Pour l&rsquo;\u00e9dition 32 bits de Slackware, recherchez-la ici. Rechercher un fichier avec la syntaxe cinelerra-5.1-slk32-14.2-i686-DATE.txz. Extrayez-le et lancez [&hellip;]<\/p>\n","protected":false},"author":3,"featured_media":0,"parent":0,"menu_order":0,"comment_status":"closed","ping_status":"closed","template":"","meta":{"_et_pb_use_builder":"on","_et_pb_old_content":"<!-- wp:divi\/placeholder \/-->","_et_gb_content_width":"","footnotes":""},"class_list":["post-4480","page","type-page","status-publish","hentry"],"yoast_head":"<!-- This site is optimized with the Yoast SEO plugin v27.0 - https:\/\/yoast.com\/product\/yoast-seo-wordpress\/ -->\n<title>Slackware - Cinelerra GG<\/title>\n<meta name=\"robots\" content=\"index, follow, max-snippet:-1, max-image-preview:large, max-video-preview:-1\" \/>\n<link rel=\"canonical\" href=\"https:\/\/cinelerra-gg.org\/fr\/slackware\/\" \/>\n<meta property=\"og:locale\" content=\"fr_FR\" \/>\n<meta property=\"og:type\" content=\"article\" \/>\n<meta property=\"og:title\" content=\"Slackware - Cinelerra GG\" \/>\n<meta property=\"og:description\" content=\"Slackware Actuellement, l&#039;acc\u00e8s au site n&#039;est pas configur\u00e9. Pour installer cinelerra-gg, t\u00e9l\u00e9chargez la construction de paquet slackware cin_5.1*.txz ici. Puis ex\u00e9cutez :installpkg \/path\/cin_5.1*.txzPour mettre \u00e0 jour une installation pr\u00e9c\u00e9dente :upgradepkg \/path\/cin...Supprimer-le avec :removepkg cinConstructions Slackware 32\/64 : Pour l&#039;\u00e9dition 32 bits de Slackware, recherchez-la ici. Rechercher un fichier avec la syntaxe cinelerra-5.1-slk32-14.2-i686-DATE.txz. Extrayez-le et lancez [&hellip;]\" \/>\n<meta property=\"og:url\" content=\"https:\/\/cinelerra-gg.org\/fr\/slackware\/\" \/>\n<meta property=\"og:site_name\" content=\"Cinelerra GG\" \/>\n<meta property=\"article:modified_time\" content=\"2020-10-09T20:12:37+00:00\" \/>\n<meta name=\"twitter:card\" content=\"summary_large_image\" \/>\n<meta name=\"twitter:label1\" content=\"Dur\u00e9e de lecture estim\u00e9e\" \/>\n\t<meta name=\"twitter:data1\" content=\"1 minute\" \/>\n<script type=\"application\/ld+json\" class=\"yoast-schema-graph\">{\"@context\":\"https:\/\/schema.org\",\"@graph\":[{\"@type\":\"WebPage\",\"@id\":\"https:\/\/cinelerra-gg.org\/fr\/slackware\/\",\"url\":\"https:\/\/cinelerra-gg.org\/fr\/slackware\/\",\"name\":\"Slackware - Cinelerra GG\",\"isPartOf\":{\"@id\":\"https:\/\/cinelerra-gg.org\/fr\/#website\"},\"datePublished\":\"2019-04-26T08:55:54+00:00\",\"dateModified\":\"2020-10-09T20:12:37+00:00\",\"breadcrumb\":{\"@id\":\"https:\/\/cinelerra-gg.org\/fr\/slackware\/#breadcrumb\"},\"inLanguage\":\"fr-FR\",\"potentialAction\":[{\"@type\":\"ReadAction\",\"target\":[\"https:\/\/cinelerra-gg.org\/fr\/slackware\/\"]}]},{\"@type\":\"BreadcrumbList\",\"@id\":\"https:\/\/cinelerra-gg.org\/fr\/slackware\/#breadcrumb\",\"itemListElement\":[{\"@type\":\"ListItem\",\"position\":1,\"name\":\"Home\",\"item\":\"https:\/\/cinelerra-gg.org\/fr\/\"},{\"@type\":\"ListItem\",\"position\":2,\"name\":\"Slackware\"}]},{\"@type\":\"WebSite\",\"@id\":\"https:\/\/cinelerra-gg.org\/fr\/#website\",\"url\":\"https:\/\/cinelerra-gg.org\/fr\/\",\"name\":\"Cinelerra GG\",\"description\":\"Cinelerra GG free video editing software\",\"potentialAction\":[{\"@type\":\"SearchAction\",\"target\":{\"@type\":\"EntryPoint\",\"urlTemplate\":\"https:\/\/cinelerra-gg.org\/fr\/?s={search_term_string}\"},\"query-input\":{\"@type\":\"PropertyValueSpecification\",\"valueRequired\":true,\"valueName\":\"search_term_string\"}}],\"inLanguage\":\"fr-FR\"}]}<\/script>\n<!-- \/ Yoast SEO plugin. -->","yoast_head_json":{"title":"Slackware - Cinelerra GG","robots":{"index":"index","follow":"follow","max-snippet":"max-snippet:-1","max-image-preview":"max-image-preview:large","max-video-preview":"max-video-preview:-1"},"canonical":"https:\/\/cinelerra-gg.org\/fr\/slackware\/","og_locale":"fr_FR","og_type":"article","og_title":"Slackware - Cinelerra GG","og_description":"Slackware Actuellement, l'acc\u00e8s au site n'est pas configur\u00e9. Pour installer cinelerra-gg, t\u00e9l\u00e9chargez la construction de paquet slackware cin_5.1*.txz ici. Puis ex\u00e9cutez :installpkg \/path\/cin_5.1*.txzPour mettre \u00e0 jour une installation pr\u00e9c\u00e9dente :upgradepkg \/path\/cin...Supprimer-le avec :removepkg cinConstructions Slackware 32\/64 : Pour l'\u00e9dition 32 bits de Slackware, recherchez-la ici. Rechercher un fichier avec la syntaxe cinelerra-5.1-slk32-14.2-i686-DATE.txz. Extrayez-le et lancez [&hellip;]","og_url":"https:\/\/cinelerra-gg.org\/fr\/slackware\/","og_site_name":"Cinelerra GG","article_modified_time":"2020-10-09T20:12:37+00:00","twitter_card":"summary_large_image","twitter_misc":{"Dur\u00e9e de lecture estim\u00e9e":"1 minute"},"schema":{"@context":"https:\/\/schema.org","@graph":[{"@type":"WebPage","@id":"https:\/\/cinelerra-gg.org\/fr\/slackware\/","url":"https:\/\/cinelerra-gg.org\/fr\/slackware\/","name":"Slackware - Cinelerra GG","isPartOf":{"@id":"https:\/\/cinelerra-gg.org\/fr\/#website"},"datePublished":"2019-04-26T08:55:54+00:00","dateModified":"2020-10-09T20:12:37+00:00","breadcrumb":{"@id":"https:\/\/cinelerra-gg.org\/fr\/slackware\/#breadcrumb"},"inLanguage":"fr-FR","potentialAction":[{"@type":"ReadAction","target":["https:\/\/cinelerra-gg.org\/fr\/slackware\/"]}]},{"@type":"BreadcrumbList","@id":"https:\/\/cinelerra-gg.org\/fr\/slackware\/#breadcrumb","itemListElement":[{"@type":"ListItem","position":1,"name":"Home","item":"https:\/\/cinelerra-gg.org\/fr\/"},{"@type":"ListItem","position":2,"name":"Slackware"}]},{"@type":"WebSite","@id":"https:\/\/cinelerra-gg.org\/fr\/#website","url":"https:\/\/cinelerra-gg.org\/fr\/","name":"Cinelerra GG","description":"Cinelerra GG free video editing software","potentialAction":[{"@type":"SearchAction","target":{"@type":"EntryPoint","urlTemplate":"https:\/\/cinelerra-gg.org\/fr\/?s={search_term_string}"},"query-input":{"@type":"PropertyValueSpecification","valueRequired":true,"valueName":"search_term_string"}}],"inLanguage":"fr-FR"}]}},"_links":{"self":[{"href":"https:\/\/cinelerra-gg.org\/fr\/wp-json\/wp\/v2\/pages\/4480","targetHints":{"allow":["GET"]}}],"collection":[{"href":"https:\/\/cinelerra-gg.org\/fr\/wp-json\/wp\/v2\/pages"}],"about":[{"href":"https:\/\/cinelerra-gg.org\/fr\/wp-json\/wp\/v2\/types\/page"}],"author":[{"embeddable":true,"href":"https:\/\/cinelerra-gg.org\/fr\/wp-json\/wp\/v2\/users\/3"}],"replies":[{"embeddable":true,"href":"https:\/\/cinelerra-gg.org\/fr\/wp-json\/wp\/v2\/comments?post=4480"}],"version-history":[{"count":0,"href":"https:\/\/cinelerra-gg.org\/fr\/wp-json\/wp\/v2\/pages\/4480\/revisions"}],"wp:attachment":[{"href":"https:\/\/cinelerra-gg.org\/fr\/wp-json\/wp\/v2\/media?parent=4480"}],"curies":[{"name":"wp","href":"https:\/\/api.w.org\/{rel}","templated":true}]}}