{"id":4482,"date":"2019-04-26T08:58:54","date_gmt":"2019-04-26T08:58:54","guid":{"rendered":"https:\/\/www.cinelerra-gg.org\/arch\/"},"modified":"2020-10-09T20:10:49","modified_gmt":"2020-10-09T20:10:49","slug":"instructions-dinstallation-de-cinelerra-sous-arch-linux","status":"publish","type":"page","link":"https:\/\/cinelerra-gg.org\/fr\/instructions-dinstallation-de-cinelerra-sous-arch-linux\/","title":{"rendered":"Instructions d&rsquo;installation de Cinelerra sous Arch Linux"},"content":{"rendered":"<p>[et_pb_section fb_built=\u00a0\u00bb1&Prime; _builder_version=\u00a0\u00bb3.22&Prime; custom_padding=\u00a0\u00bb||19px|||\u00a0\u00bb][et_pb_row _builder_version=\u00a0\u00bb3.25&Prime; custom_padding=\u00a0\u00bb||22px|||\u00a0\u00bb][et_pb_column type=\u00a0\u00bb4_4&Prime; _builder_version=\u00a0\u00bb3.25&Prime; custom_padding=\u00a0\u00bb|||\u00a0\u00bb custom_padding__hover=\u00a0\u00bb|||\u00a0\u00bb][et_pb_text _builder_version=\u00a0\u00bb3.27.4&Prime;]<\/p>\n<h1>Installation de Cinelerra sous Arch Linux<\/h1>\n<p>Dans cette section, vous trouverez les instructions d&rsquo;installation de Cinelerra sous Arch Linux \u00e0 l&rsquo;aide des commandes de la console. Alternativement, vous pouvez \u00e9galement utiliser des constructions pr\u00e9-compil\u00e9es que vous pouvez trouver sur la page de t\u00e9l\u00e9chargement. Une liste de paquets vaguement d\u00e9finis, incluant les sp\u00e9cificit\u00e9s de <strong>Manjaro<\/strong> et <strong>EndeavorOS<\/strong> Manjaro et EndeavorOS vers le bas, que vous devriez est list\u00e9e dans ce fichier :<\/p>\n<p><a href=\"https:\/\/cinelerra-gg.org\/download\/README.arch\">https:\/\/cinelerra-gg.org\/download\/README.arch<\/a><\/p>\n<p>Instructions d&rsquo;installation de Cinelerra sous Arch Linux :<\/p>\n<p>Pour l&rsquo;installation du paquetage Arch, \u00e9ditez d&rsquo;abord le fichier <em>\/etc\/pacman.conf<\/em>, pour inclure ce qui suit :<strong><br \/><\/strong><\/p>\n<p>[\/et_pb_text][et_pb_text _builder_version=\u00a0\u00bb3.27.4&Prime; text_font=\u00a0\u00bb||||||||\u00a0\u00bb background_color=\u00a0\u00bb#f2f2f2&Prime; custom_margin=\u00a0\u00bb|||20px\u00a0\u00bb custom_padding=\u00a0\u00bb10px|5px|10px|20px\u00a0\u00bb border_radii=\u00a0\u00bbon|11px|11px|11px|11px\u00a0\u00bb]<\/p>\n<p>[cingg]<br \/>SigLevel = Optional TrustAll<br \/>Server = https:\/\/cinelerra-gg.org\/download\/pkgs\/arch<br \/># end of cingg<\/p>\n<p>[\/et_pb_text][et_pb_text _builder_version=\u00a0\u00bb3.27.4&Prime;]<\/p>\n<p>Puis ex\u00e9cutez ces commandes pour l&rsquo;installer :<\/p>\n<p>[\/et_pb_text][et_pb_text _builder_version=\u00a0\u00bb3.27.4&Prime; text_font=\u00a0\u00bb||||||||\u00a0\u00bb background_color=\u00a0\u00bb#f2f2f2&Prime; custom_margin=\u00a0\u00bb|||20px\u00a0\u00bb custom_padding=\u00a0\u00bb10px|5px|10px|20px\u00a0\u00bb border_radii=\u00a0\u00bbon|11px|11px|11px|11px\u00a0\u00bb]<\/p>\n<p>pacman -Syu<br \/> pacman -S cin<\/p>\n<p>NOTE : la premi\u00e8re ligne met \u00e0 jour votre syst\u00e8me Arch \u00e0 la version roulante actuelle et la deuxi\u00e8me ligne met \u00e0 jour Cinelerra-GG sur la base de la version roulante qui \u00e9tait en vigueur le dernier jour du mois. Veuillez suivre ces deux \u00e9tapes dans l&rsquo;ordre, l&rsquo;une apr\u00e8s l&rsquo;autre, pour \u00e9viter le risque d&rsquo;une mise \u00e0 niveau partielle. En raison de l&rsquo;impr\u00e9visibilit\u00e9 du moment o\u00f9 les biblioth\u00e8ques Arch sont mises \u00e0 jour, effectuer une installation de Cinelerra \u00e0 un moment autre que peu apr\u00e8s le dernier jour du mois o\u00f9 le nouveau paquet de construction est cr\u00e9\u00e9, pourrait conduire \u00e0 des incompatibilit\u00e9s entre biblioth\u00e8ques. Dans ce cas, veuillez plut\u00f4t envisager d&rsquo;utiliser le fichier tar statique d&rsquo;Arch pour l&rsquo;installation.<\/p>\n<p>&nbsp;<\/p>\n<p>[\/et_pb_text][et_pb_text _builder_version=\u00a0\u00bb3.27.4&Prime;]<\/p>\n<p>Pour supprimer Cinelerra-GG, lancez :<\/p>\n<p>[\/et_pb_text][et_pb_text _builder_version=\u00a0\u00bb3.27.4&Prime; text_font=\u00a0\u00bb||||||||\u00a0\u00bb background_color=\u00a0\u00bb#f2f2f2&Prime; custom_margin=\u00a0\u00bb|||20px\u00a0\u00bb custom_padding=\u00a0\u00bb10px|5px|10px|20px\u00a0\u00bb border_radii=\u00a0\u00bbon|11px|11px|11px|11px\u00a0\u00bb]<\/p>\n<p>pacman -R cin<\/p>\n<p>[\/et_pb_text][\/et_pb_column][\/et_pb_row][\/et_pb_section][et_pb_section fb_built=\u00a0\u00bb1&Prime; _builder_version=\u00a0\u00bb3.22&Prime; custom_padding=\u00a0\u00bb28px||16px|||\u00a0\u00bb][et_pb_row _builder_version=\u00a0\u00bb3.25&Prime; custom_padding=\u00a0\u00bb14px||20px|||\u00a0\u00bb][et_pb_column type=\u00a0\u00bb4_4&Prime; _builder_version=\u00a0\u00bb3.25&Prime; custom_padding=\u00a0\u00bb|||\u00a0\u00bb custom_padding__hover=\u00a0\u00bb|||\u00a0\u00bb][et_pb_text _builder_version=\u00a0\u00bb3.27.4&Prime;]<\/p>\n<h2>Qu&rsquo;est-ce qu&rsquo;Arch Linux ?<\/h2>\n<p>Arch Linux est une distribution Linux avec des mises \u00e0 jour r\u00e9guli\u00e8res. L&rsquo;\u00e9quipe de d\u00e9veloppement suit le principe KISS (\u00ab\u00a0Keep it simple, stupid\u00a0\u00bb). L&rsquo;objectif est la simplicit\u00e9, ce qui signifie que l&rsquo;installation graphique et les aides \u00e0 la configuration ne sont pas n\u00e9cessaires. Arch Linux est recommand\u00e9e pour les utilisateurs avanc\u00e9s en raison de ses rares interfaces graphiques d&rsquo;installation.<\/p>\n<p>Elle est con\u00e7ue pour utiliser des paquets binaires. Les paquets Arch sont organis\u00e9s avec le gestionnaire de paquets Pacman. Le syst\u00e8me de construction Arch (Arch Build System = ABS) peut \u00e9galement \u00eatre utilis\u00e9 pour cr\u00e9er de nouveaux paquets qui ne sont disponibles qu&rsquo;en code source. Il existe plusieurs distributions qui s&rsquo;appuient directement sur Arch Linux ou utilisent ses programmes. Le d\u00e9riv\u00e9 le plus connu est Manjaro Linux. Contrairement \u00e0 d&rsquo;autres grandes distributions, Arch Linux ne cr\u00e9e pas ses versions \u00e0 des dates sp\u00e9cifiques, mais fonctionne selon le principe du rolling release.<\/p>\n<h2>O\u00f9 puis-je trouver des informations sur Arch Linux ?<\/h2>\n<p>Vous trouverez des informations plus d\u00e9taill\u00e9es \u00e0 propos d&rsquo;<a title=\"Arch Linux sur Wikipedia\" href=\"https:\/\/en.wikipedia.org\/wiki\/Arch_Linux\">Arch Linux sur le site ou\u00e8be de Wikipedia<\/a> et sur la <a title=\"page de projet d'Arch Linux\" href=\"https:\/\/www.archlinux.org\/\">page du projet Arch Linux<\/a>.<\/p>\n<p>[\/et_pb_text][\/et_pb_column][\/et_pb_row][\/et_pb_section]<\/p>\n","protected":false},"excerpt":{"rendered":"<p>Installation de Cinelerra sous Arch Linux Dans cette section, vous trouverez les instructions d&rsquo;installation de Cinelerra sous Arch Linux \u00e0 l&rsquo;aide des commandes de la console. Alternativement, vous pouvez \u00e9galement utiliser des constructions pr\u00e9-compil\u00e9es que vous pouvez trouver sur la page de t\u00e9l\u00e9chargement. Une liste de paquets vaguement d\u00e9finis, incluant les sp\u00e9cificit\u00e9s de Manjaro et [&hellip;]<\/p>\n","protected":false},"author":3,"featured_media":0,"parent":0,"menu_order":0,"comment_status":"closed","ping_status":"closed","template":"","meta":{"_et_pb_use_builder":"on","_et_pb_old_content":"","_et_gb_content_width":"","footnotes":""},"class_list":["post-4482","page","type-page","status-publish","hentry"],"yoast_head":"<!-- This site is optimized with the Yoast SEO plugin v27.0 - https:\/\/yoast.com\/product\/yoast-seo-wordpress\/ -->\n<title>Instructions d&#039;installation de Cinelerra sous Arch Linux - Cinelerra GG<\/title>\n<meta name=\"description\" content=\"Instructions d&#039;installation de Cinelerra sous Arch Linux. Vous trouverez ici les instructions d&#039;installation de Cinelerra GG sous Arch Linux.\" \/>\n<meta name=\"robots\" content=\"index, follow, max-snippet:-1, max-image-preview:large, max-video-preview:-1\" \/>\n<link rel=\"canonical\" href=\"https:\/\/cinelerra-gg.org\/fr\/instructions-dinstallation-de-cinelerra-sous-arch-linux\/\" \/>\n<meta property=\"og:locale\" content=\"fr_FR\" \/>\n<meta property=\"og:type\" content=\"article\" \/>\n<meta property=\"og:title\" content=\"Instructions d&#039;installation de Cinelerra sous Arch Linux - Cinelerra GG\" \/>\n<meta property=\"og:description\" content=\"Instructions d&#039;installation de Cinelerra sous Arch Linux. Vous trouverez ici les instructions d&#039;installation de Cinelerra GG sous Arch Linux.\" \/>\n<meta property=\"og:url\" content=\"https:\/\/cinelerra-gg.org\/fr\/instructions-dinstallation-de-cinelerra-sous-arch-linux\/\" \/>\n<meta property=\"og:site_name\" content=\"Cinelerra GG\" \/>\n<meta property=\"article:modified_time\" content=\"2020-10-09T20:10:49+00:00\" \/>\n<meta name=\"twitter:card\" content=\"summary_large_image\" \/>\n<meta name=\"twitter:label1\" content=\"Dur\u00e9e de lecture estim\u00e9e\" \/>\n\t<meta name=\"twitter:data1\" content=\"3 minutes\" \/>\n<script type=\"application\/ld+json\" class=\"yoast-schema-graph\">{\"@context\":\"https:\/\/schema.org\",\"@graph\":[{\"@type\":\"WebPage\",\"@id\":\"https:\/\/cinelerra-gg.org\/fr\/instructions-dinstallation-de-cinelerra-sous-arch-linux\/\",\"url\":\"https:\/\/cinelerra-gg.org\/fr\/instructions-dinstallation-de-cinelerra-sous-arch-linux\/\",\"name\":\"Instructions d'installation de Cinelerra sous Arch Linux - Cinelerra GG\",\"isPartOf\":{\"@id\":\"https:\/\/cinelerra-gg.org\/fr\/#website\"},\"datePublished\":\"2019-04-26T08:58:54+00:00\",\"dateModified\":\"2020-10-09T20:10:49+00:00\",\"description\":\"Instructions d'installation de Cinelerra sous Arch Linux. Vous trouverez ici les instructions d'installation de Cinelerra GG sous Arch Linux.\",\"breadcrumb\":{\"@id\":\"https:\/\/cinelerra-gg.org\/fr\/instructions-dinstallation-de-cinelerra-sous-arch-linux\/#breadcrumb\"},\"inLanguage\":\"fr-FR\",\"potentialAction\":[{\"@type\":\"ReadAction\",\"target\":[\"https:\/\/cinelerra-gg.org\/fr\/instructions-dinstallation-de-cinelerra-sous-arch-linux\/\"]}]},{\"@type\":\"BreadcrumbList\",\"@id\":\"https:\/\/cinelerra-gg.org\/fr\/instructions-dinstallation-de-cinelerra-sous-arch-linux\/#breadcrumb\",\"itemListElement\":[{\"@type\":\"ListItem\",\"position\":1,\"name\":\"Home\",\"item\":\"https:\/\/cinelerra-gg.org\/fr\/\"},{\"@type\":\"ListItem\",\"position\":2,\"name\":\"Instructions d&rsquo;installation de Cinelerra sous Arch Linux\"}]},{\"@type\":\"WebSite\",\"@id\":\"https:\/\/cinelerra-gg.org\/fr\/#website\",\"url\":\"https:\/\/cinelerra-gg.org\/fr\/\",\"name\":\"Cinelerra GG\",\"description\":\"Cinelerra GG free video editing software\",\"potentialAction\":[{\"@type\":\"SearchAction\",\"target\":{\"@type\":\"EntryPoint\",\"urlTemplate\":\"https:\/\/cinelerra-gg.org\/fr\/?s={search_term_string}\"},\"query-input\":{\"@type\":\"PropertyValueSpecification\",\"valueRequired\":true,\"valueName\":\"search_term_string\"}}],\"inLanguage\":\"fr-FR\"}]}<\/script>\n<!-- \/ Yoast SEO plugin. -->","yoast_head_json":{"title":"Instructions d'installation de Cinelerra sous Arch Linux - Cinelerra GG","description":"Instructions d'installation de Cinelerra sous Arch Linux. Vous trouverez ici les instructions d'installation de Cinelerra GG sous Arch Linux.","robots":{"index":"index","follow":"follow","max-snippet":"max-snippet:-1","max-image-preview":"max-image-preview:large","max-video-preview":"max-video-preview:-1"},"canonical":"https:\/\/cinelerra-gg.org\/fr\/instructions-dinstallation-de-cinelerra-sous-arch-linux\/","og_locale":"fr_FR","og_type":"article","og_title":"Instructions d'installation de Cinelerra sous Arch Linux - Cinelerra GG","og_description":"Instructions d'installation de Cinelerra sous Arch Linux. Vous trouverez ici les instructions d'installation de Cinelerra GG sous Arch Linux.","og_url":"https:\/\/cinelerra-gg.org\/fr\/instructions-dinstallation-de-cinelerra-sous-arch-linux\/","og_site_name":"Cinelerra GG","article_modified_time":"2020-10-09T20:10:49+00:00","twitter_card":"summary_large_image","twitter_misc":{"Dur\u00e9e de lecture estim\u00e9e":"3 minutes"},"schema":{"@context":"https:\/\/schema.org","@graph":[{"@type":"WebPage","@id":"https:\/\/cinelerra-gg.org\/fr\/instructions-dinstallation-de-cinelerra-sous-arch-linux\/","url":"https:\/\/cinelerra-gg.org\/fr\/instructions-dinstallation-de-cinelerra-sous-arch-linux\/","name":"Instructions d'installation de Cinelerra sous Arch Linux - Cinelerra GG","isPartOf":{"@id":"https:\/\/cinelerra-gg.org\/fr\/#website"},"datePublished":"2019-04-26T08:58:54+00:00","dateModified":"2020-10-09T20:10:49+00:00","description":"Instructions d'installation de Cinelerra sous Arch Linux. Vous trouverez ici les instructions d'installation de Cinelerra GG sous Arch Linux.","breadcrumb":{"@id":"https:\/\/cinelerra-gg.org\/fr\/instructions-dinstallation-de-cinelerra-sous-arch-linux\/#breadcrumb"},"inLanguage":"fr-FR","potentialAction":[{"@type":"ReadAction","target":["https:\/\/cinelerra-gg.org\/fr\/instructions-dinstallation-de-cinelerra-sous-arch-linux\/"]}]},{"@type":"BreadcrumbList","@id":"https:\/\/cinelerra-gg.org\/fr\/instructions-dinstallation-de-cinelerra-sous-arch-linux\/#breadcrumb","itemListElement":[{"@type":"ListItem","position":1,"name":"Home","item":"https:\/\/cinelerra-gg.org\/fr\/"},{"@type":"ListItem","position":2,"name":"Instructions d&rsquo;installation de Cinelerra sous Arch Linux"}]},{"@type":"WebSite","@id":"https:\/\/cinelerra-gg.org\/fr\/#website","url":"https:\/\/cinelerra-gg.org\/fr\/","name":"Cinelerra GG","description":"Cinelerra GG free video editing software","potentialAction":[{"@type":"SearchAction","target":{"@type":"EntryPoint","urlTemplate":"https:\/\/cinelerra-gg.org\/fr\/?s={search_term_string}"},"query-input":{"@type":"PropertyValueSpecification","valueRequired":true,"valueName":"search_term_string"}}],"inLanguage":"fr-FR"}]}},"_links":{"self":[{"href":"https:\/\/cinelerra-gg.org\/fr\/wp-json\/wp\/v2\/pages\/4482","targetHints":{"allow":["GET"]}}],"collection":[{"href":"https:\/\/cinelerra-gg.org\/fr\/wp-json\/wp\/v2\/pages"}],"about":[{"href":"https:\/\/cinelerra-gg.org\/fr\/wp-json\/wp\/v2\/types\/page"}],"author":[{"embeddable":true,"href":"https:\/\/cinelerra-gg.org\/fr\/wp-json\/wp\/v2\/users\/3"}],"replies":[{"embeddable":true,"href":"https:\/\/cinelerra-gg.org\/fr\/wp-json\/wp\/v2\/comments?post=4482"}],"version-history":[{"count":0,"href":"https:\/\/cinelerra-gg.org\/fr\/wp-json\/wp\/v2\/pages\/4482\/revisions"}],"wp:attachment":[{"href":"https:\/\/cinelerra-gg.org\/fr\/wp-json\/wp\/v2\/media?parent=4482"}],"curies":[{"name":"wp","href":"https:\/\/api.w.org\/{rel}","templated":true}]}}