{"id":4484,"date":"2019-04-26T09:01:27","date_gmt":"2019-04-26T09:01:27","guid":{"rendered":"https:\/\/www.cinelerra-gg.org\/mint\/"},"modified":"2020-10-09T20:10:50","modified_gmt":"2020-10-09T20:10:50","slug":"mint","status":"publish","type":"page","link":"https:\/\/cinelerra-gg.org\/fr\/mint\/","title":{"rendered":"Mint"},"content":{"rendered":"<p>[et_pb_section fb_built=\u00a0\u00bb1&Prime; _builder_version=\u00a0\u00bb3.22&Prime;][et_pb_row _builder_version=\u00a0\u00bb3.25&Prime;][et_pb_column type=\u00a0\u00bb4_4&Prime; _builder_version=\u00a0\u00bb3.25&Prime; custom_padding=\u00a0\u00bb|||\u00a0\u00bb custom_padding__hover=\u00a0\u00bb|||\u00a0\u00bb][et_pb_text _builder_version=\u00a0\u00bb3.27.4&Prime;]<\/p>\n<h1>Linux Mint<\/h1>\n<p>Pour installer le paquet Mint, aller \u00e0 :<strong><br \/> Administration<b>-&gt;Sources logiciels-&gt;D\u00e9p\u00f4ts additionels-&gt;Ajouter un nouveau d\u00e9p\u00f4t<\/b> <br \/><\/strong>(sur certaines versions de Mint, vous pourriez avoir \u00e0 substituer <strong>Syst\u00e8me<\/strong> par Administration) et entrer la ligne suivante :<\/p>\n<p>[\/et_pb_text][et_pb_text _builder_version=\u00a0\u00bb3.27.4&Prime;]<\/p>\n<p>Pour Mint 18<\/p>\n<p>[\/et_pb_text][et_pb_text _builder_version=\u00a0\u00bb3.27.4&Prime; text_font=\u00a0\u00bb||||||||\u00a0\u00bb background_color=\u00a0\u00bb#f2f2f2&Prime; custom_margin=\u00a0\u00bb|||20px\u00a0\u00bb custom_padding=\u00a0\u00bb10px|5px|10px|20px\u00a0\u00bb border_radii=\u00a0\u00bbon|11px|11px|11px|11px\u00a0\u00bb]<\/p>\n<p>deb [trusted=yes] https:\/\/cinelerra-gg.org\/download\/pkgs\/mint18 xenial main<\/p>\n<p>NOTE IMPORTANTE : si vous obtenez l&rsquo;erreur \u00ab\u00a0malformed input\u00a0\u00bb, vous devrez cr\u00e9er un fichier en tapant la commande :<\/p>\n<p> sudo touch \/etc\/apt\/sources.list.d\/additional-repositories.list<br \/>Ensuite, attendez une dizaine de minutes et essayez \u00e0 nouveau d&rsquo;utiliser le gestionnaire graphique de mise \u00e0 jour.<\/p>\n<p>[\/et_pb_text][et_pb_text _builder_version=\u00a0\u00bb3.27.4&Prime;]<\/p>\n<p>Pour Mint 19<\/p>\n<p>[\/et_pb_text][et_pb_text _builder_version=\u00a0\u00bb3.27.4&Prime; text_font=\u00a0\u00bb||||||||\u00a0\u00bb background_color=\u00a0\u00bb#f2f2f2&Prime; custom_margin=\u00a0\u00bb|||20px\u00a0\u00bb custom_padding=\u00a0\u00bb10px|5px|10px|20px\u00a0\u00bb border_radii=\u00a0\u00bbon|11px|11px|11px|11px\u00a0\u00bb locked=\u00a0\u00bboff\u00a0\u00bb]<\/p>\n<p>deb [trusted=yes] https:\/\/cinelerra-gg.org\/download\/pkgs\/mint19 bionic main<\/p>\n<p>NOTE IMPORTANTE : si vous obtenez l&rsquo;erreur \u00ab\u00a0malformed input\u00a0\u00bb, vous devrez cr\u00e9er un fichier en tapant la commande :<\/p>\n<p> sudo touch \/etc\/apt\/sources.list.d\/additional-repositories.list<br \/>Ensuite, attendez une dizaine de minutes et essayez \u00e0 nouveau d&rsquo;utiliser le gestionnaire graphique de mise \u00e0 jour.<\/p>\n<p>[\/et_pb_text][et_pb_text _builder_version=\u00a0\u00bb3.27.4&Prime; locked=\u00a0\u00bboff\u00a0\u00bb custom_padding=\u00a0\u00bb0px||13px|||\u00a0\u00bb custom_margin=\u00a0\u00bb||13px|||\u00a0\u00bb min_height=\u00a0\u00bb17px\u00a0\u00bb]<\/p>\n<p>Pour Mint 20<\/p>\n<p>[\/et_pb_text][et_pb_text _builder_version=\u00a0\u00bb3.27.4&Prime; text_font=\u00a0\u00bb||||||||\u00a0\u00bb background_color=\u00a0\u00bb#f2f2f2&Prime; custom_margin=\u00a0\u00bb|||20px\u00a0\u00bb custom_padding=\u00a0\u00bb10px|5px|10px|20px\u00a0\u00bb border_radii=\u00a0\u00bbon|11px|11px|11px|11px\u00a0\u00bb min_height=\u00a0\u00bb134px\u00a0\u00bb]<\/p>\n<p>deb [trusted=yes] <a href=\"https:\/\/cinelerra-gg.org\/download\/pkgs\/mint20\">https:\/\/cinelerra-gg.org\/download\/pkgs\/mint20<\/a> focal main<\/p>\n<p>NOTE IMPORTANTE : si vous obtenez l&rsquo;erreur \u00ab\u00a0malformed input\u00a0\u00bb, vous devrez cr\u00e9er un fichier en tapant la commande :<\/p>\n<p> sudo touch \/etc\/apt\/sources.list.d\/additional-repositories.list<br \/>Ensuite, attendez une dizaine de minutes et essayez \u00e0 nouveau d&rsquo;utiliser le gestionnaire graphique de mise \u00e0 jour.<\/p>\n<p>[\/et_pb_text][et_pb_text _builder_version=\u00a0\u00bb3.27.4&Prime;]<\/p>\n<p>Ex\u00e9cutez ensuite ces commandes \u00e0 partir d&rsquo;un terminal pour installer :<\/p>\n<p>[\/et_pb_text][et_pb_text _builder_version=\u00a0\u00bb3.27.4&Prime; text_font=\u00a0\u00bb||||||||\u00a0\u00bb background_color=\u00a0\u00bb#f2f2f2&Prime; custom_margin=\u00a0\u00bb|||20px\u00a0\u00bb custom_padding=\u00a0\u00bb10px|5px|10px|20px\u00a0\u00bb border_radii=\u00a0\u00bbon|11px|11px|11px|11px\u00a0\u00bb]<\/p>\n<p>sudo apt update<br \/> sudo apt install cin<\/p>\n<p>[\/et_pb_text][et_pb_text _builder_version=\u00a0\u00bb3.27.4&Prime;]<\/p>\n<p>Pour mettre \u00e0 jour une installation pr\u00e9c\u00e9dente, lancez :<\/p>\n<p>[\/et_pb_text][et_pb_text _builder_version=\u00a0\u00bb3.27.4&Prime; text_font=\u00a0\u00bb||||||||\u00a0\u00bb background_color=\u00a0\u00bb#f2f2f2&Prime; custom_margin=\u00a0\u00bb|||20px\u00a0\u00bb custom_padding=\u00a0\u00bb10px|5px|10px|20px\u00a0\u00bb border_radii=\u00a0\u00bbon|11px|11px|11px|11px\u00a0\u00bb]<\/p>\n<p>sudo apt update<br \/> sudo apt upgrade cin<\/p>\n<p>[\/et_pb_text][et_pb_text _builder_version=\u00a0\u00bb3.27.4&Prime;]<\/p>\n<p>Pour supprimer Cinelerra-GG, lancez :<\/p>\n<p>[\/et_pb_text][et_pb_text _builder_version=\u00a0\u00bb3.27.4&Prime; text_font=\u00a0\u00bb||||||||\u00a0\u00bb background_color=\u00a0\u00bb#f2f2f2&Prime; custom_margin=\u00a0\u00bb|||20px\u00a0\u00bb custom_padding=\u00a0\u00bb10px|5px|10px|20px\u00a0\u00bb border_radii=\u00a0\u00bbon|11px|11px|11px|11px\u00a0\u00bb]<\/p>\n<p>sudo apt remove cin<\/p>\n<p>[\/et_pb_text][\/et_pb_column][\/et_pb_row][\/et_pb_section]<\/p>\n","protected":false},"excerpt":{"rendered":"<p>Linux Mint Pour installer le paquet Mint, aller \u00e0 : Administration-&gt;Sources logiciels-&gt;D\u00e9p\u00f4ts additionels-&gt;Ajouter un nouveau d\u00e9p\u00f4t (sur certaines versions de Mint, vous pourriez avoir \u00e0 substituer Syst\u00e8me par Administration) et entrer la ligne suivante :Pour Mint 18deb [trusted=yes] https:\/\/cinelerra-gg.org\/download\/pkgs\/mint18 xenial main NOTE IMPORTANTE : si vous obtenez l&rsquo;erreur \u00ab\u00a0malformed input\u00a0\u00bb, vous devrez cr\u00e9er un fichier [&hellip;]<\/p>\n","protected":false},"author":3,"featured_media":0,"parent":0,"menu_order":0,"comment_status":"closed","ping_status":"closed","template":"","meta":{"_et_pb_use_builder":"on","_et_pb_old_content":"","_et_gb_content_width":"","footnotes":""},"class_list":["post-4484","page","type-page","status-publish","hentry"],"yoast_head":"<!-- This site is optimized with the Yoast SEO plugin v27.4 - https:\/\/yoast.com\/product\/yoast-seo-wordpress\/ -->\n<title>Mint - Cinelerra GG<\/title>\n<meta name=\"robots\" content=\"index, follow, max-snippet:-1, max-image-preview:large, max-video-preview:-1\" \/>\n<link rel=\"canonical\" href=\"https:\/\/cinelerra-gg.org\/fr\/mint\/\" \/>\n<meta property=\"og:locale\" content=\"fr_FR\" \/>\n<meta property=\"og:type\" content=\"article\" \/>\n<meta property=\"og:title\" content=\"Mint - Cinelerra GG\" \/>\n<meta property=\"og:description\" content=\"Linux Mint Pour installer le paquet Mint, aller \u00e0 : Administration-&gt;Sources logiciels-&gt;D\u00e9p\u00f4ts additionels-&gt;Ajouter un nouveau d\u00e9p\u00f4t (sur certaines versions de Mint, vous pourriez avoir \u00e0 substituer Syst\u00e8me par Administration) et entrer la ligne suivante :Pour Mint 18deb [trusted=yes] https:\/\/cinelerra-gg.org\/download\/pkgs\/mint18 xenial main NOTE IMPORTANTE : si vous obtenez l&#039;erreur &quot;malformed input&quot;, vous devrez cr\u00e9er un fichier [&hellip;]\" \/>\n<meta property=\"og:url\" content=\"https:\/\/cinelerra-gg.org\/fr\/mint\/\" \/>\n<meta property=\"og:site_name\" content=\"Cinelerra GG\" \/>\n<meta property=\"article:modified_time\" content=\"2020-10-09T20:10:50+00:00\" \/>\n<meta name=\"twitter:card\" content=\"summary_large_image\" \/>\n<meta name=\"twitter:label1\" content=\"Dur\u00e9e de lecture estim\u00e9e\" \/>\n\t<meta name=\"twitter:data1\" content=\"3 minutes\" \/>\n<script type=\"application\/ld+json\" class=\"yoast-schema-graph\">{\"@context\":\"https:\\\/\\\/schema.org\",\"@graph\":[{\"@type\":\"WebPage\",\"@id\":\"https:\\\/\\\/cinelerra-gg.org\\\/fr\\\/mint\\\/\",\"url\":\"https:\\\/\\\/cinelerra-gg.org\\\/fr\\\/mint\\\/\",\"name\":\"Mint - Cinelerra GG\",\"isPartOf\":{\"@id\":\"https:\\\/\\\/cinelerra-gg.org\\\/fr\\\/#website\"},\"datePublished\":\"2019-04-26T09:01:27+00:00\",\"dateModified\":\"2020-10-09T20:10:50+00:00\",\"breadcrumb\":{\"@id\":\"https:\\\/\\\/cinelerra-gg.org\\\/fr\\\/mint\\\/#breadcrumb\"},\"inLanguage\":\"fr-FR\",\"potentialAction\":[{\"@type\":\"ReadAction\",\"target\":[\"https:\\\/\\\/cinelerra-gg.org\\\/fr\\\/mint\\\/\"]}]},{\"@type\":\"BreadcrumbList\",\"@id\":\"https:\\\/\\\/cinelerra-gg.org\\\/fr\\\/mint\\\/#breadcrumb\",\"itemListElement\":[{\"@type\":\"ListItem\",\"position\":1,\"name\":\"Home\",\"item\":\"https:\\\/\\\/cinelerra-gg.org\\\/fr\\\/\"},{\"@type\":\"ListItem\",\"position\":2,\"name\":\"Mint\"}]},{\"@type\":\"WebSite\",\"@id\":\"https:\\\/\\\/cinelerra-gg.org\\\/fr\\\/#website\",\"url\":\"https:\\\/\\\/cinelerra-gg.org\\\/fr\\\/\",\"name\":\"Cinelerra GG\",\"description\":\"Cinelerra GG free video editing software\",\"potentialAction\":[{\"@type\":\"SearchAction\",\"target\":{\"@type\":\"EntryPoint\",\"urlTemplate\":\"https:\\\/\\\/cinelerra-gg.org\\\/fr\\\/?s={search_term_string}\"},\"query-input\":{\"@type\":\"PropertyValueSpecification\",\"valueRequired\":true,\"valueName\":\"search_term_string\"}}],\"inLanguage\":\"fr-FR\"}]}<\/script>\n<!-- \/ Yoast SEO plugin. -->","yoast_head_json":{"title":"Mint - Cinelerra GG","robots":{"index":"index","follow":"follow","max-snippet":"max-snippet:-1","max-image-preview":"max-image-preview:large","max-video-preview":"max-video-preview:-1"},"canonical":"https:\/\/cinelerra-gg.org\/fr\/mint\/","og_locale":"fr_FR","og_type":"article","og_title":"Mint - Cinelerra GG","og_description":"Linux Mint Pour installer le paquet Mint, aller \u00e0 : Administration-&gt;Sources logiciels-&gt;D\u00e9p\u00f4ts additionels-&gt;Ajouter un nouveau d\u00e9p\u00f4t (sur certaines versions de Mint, vous pourriez avoir \u00e0 substituer Syst\u00e8me par Administration) et entrer la ligne suivante :Pour Mint 18deb [trusted=yes] https:\/\/cinelerra-gg.org\/download\/pkgs\/mint18 xenial main NOTE IMPORTANTE : si vous obtenez l'erreur \"malformed input\", vous devrez cr\u00e9er un fichier [&hellip;]","og_url":"https:\/\/cinelerra-gg.org\/fr\/mint\/","og_site_name":"Cinelerra GG","article_modified_time":"2020-10-09T20:10:50+00:00","twitter_card":"summary_large_image","twitter_misc":{"Dur\u00e9e de lecture estim\u00e9e":"3 minutes"},"schema":{"@context":"https:\/\/schema.org","@graph":[{"@type":"WebPage","@id":"https:\/\/cinelerra-gg.org\/fr\/mint\/","url":"https:\/\/cinelerra-gg.org\/fr\/mint\/","name":"Mint - Cinelerra GG","isPartOf":{"@id":"https:\/\/cinelerra-gg.org\/fr\/#website"},"datePublished":"2019-04-26T09:01:27+00:00","dateModified":"2020-10-09T20:10:50+00:00","breadcrumb":{"@id":"https:\/\/cinelerra-gg.org\/fr\/mint\/#breadcrumb"},"inLanguage":"fr-FR","potentialAction":[{"@type":"ReadAction","target":["https:\/\/cinelerra-gg.org\/fr\/mint\/"]}]},{"@type":"BreadcrumbList","@id":"https:\/\/cinelerra-gg.org\/fr\/mint\/#breadcrumb","itemListElement":[{"@type":"ListItem","position":1,"name":"Home","item":"https:\/\/cinelerra-gg.org\/fr\/"},{"@type":"ListItem","position":2,"name":"Mint"}]},{"@type":"WebSite","@id":"https:\/\/cinelerra-gg.org\/fr\/#website","url":"https:\/\/cinelerra-gg.org\/fr\/","name":"Cinelerra GG","description":"Cinelerra GG free video editing software","potentialAction":[{"@type":"SearchAction","target":{"@type":"EntryPoint","urlTemplate":"https:\/\/cinelerra-gg.org\/fr\/?s={search_term_string}"},"query-input":{"@type":"PropertyValueSpecification","valueRequired":true,"valueName":"search_term_string"}}],"inLanguage":"fr-FR"}]}},"_links":{"self":[{"href":"https:\/\/cinelerra-gg.org\/fr\/wp-json\/wp\/v2\/pages\/4484","targetHints":{"allow":["GET"]}}],"collection":[{"href":"https:\/\/cinelerra-gg.org\/fr\/wp-json\/wp\/v2\/pages"}],"about":[{"href":"https:\/\/cinelerra-gg.org\/fr\/wp-json\/wp\/v2\/types\/page"}],"author":[{"embeddable":true,"href":"https:\/\/cinelerra-gg.org\/fr\/wp-json\/wp\/v2\/users\/3"}],"replies":[{"embeddable":true,"href":"https:\/\/cinelerra-gg.org\/fr\/wp-json\/wp\/v2\/comments?post=4484"}],"version-history":[{"count":0,"href":"https:\/\/cinelerra-gg.org\/fr\/wp-json\/wp\/v2\/pages\/4484\/revisions"}],"wp:attachment":[{"href":"https:\/\/cinelerra-gg.org\/fr\/wp-json\/wp\/v2\/media?parent=4484"}],"curies":[{"name":"wp","href":"https:\/\/api.w.org\/{rel}","templated":true}]}}