{"id":4486,"date":"2019-04-26T09:12:07","date_gmt":"2019-04-26T09:12:07","guid":{"rendered":"https:\/\/www.cinelerra-gg.org\/opensuse\/"},"modified":"2020-10-09T20:10:50","modified_gmt":"2020-10-09T20:10:50","slug":"opensuse","status":"publish","type":"page","link":"https:\/\/cinelerra-gg.org\/fr\/opensuse\/","title":{"rendered":"OpenSuse"},"content":{"rendered":"<p>[et_pb_section fb_built=\u00a0\u00bb1&Prime; _builder_version=\u00a0\u00bb3.22&Prime;][et_pb_row _builder_version=\u00a0\u00bb3.25&Prime;][et_pb_column type=\u00a0\u00bb4_4&Prime; _builder_version=\u00a0\u00bb3.25&Prime; custom_padding=\u00a0\u00bb|||\u00a0\u00bb custom_padding__hover=\u00a0\u00bb|||\u00a0\u00bb][et_pb_text _builder_version=\u00a0\u00bb3.27.4&Prime;]<\/p>\n<h1>OpenSuse<\/h1>\n<p>For openSuse Leap install, run the following commands in a terminal.\u00a0\u00a0 Note: you may have to zypper libavc and libiec versions if not already installed. And cinelerra packages are unsigned so you will have to ignore: Package is not signed! message.<\/p>\n<p>For Leap 15.1, run:<\/p>\n<p>[\/et_pb_text][et_pb_text _builder_version=\u00a0\u00bb3.27.4&Prime; text_font=\u00a0\u00bb||||||||\u00a0\u00bb background_color=\u00a0\u00bb#f2f2f2&Prime; custom_margin=\u00a0\u00bb|||20px\u00a0\u00bb custom_padding=\u00a0\u00bb10px|5px|10px|20px\u00a0\u00bb border_radii=\u00a0\u00bbon|11px|11px|11px|11px\u00a0\u00bb]<\/p>\n<p>sudo zypper ar -f https:\/\/cinelerra-gg.org\/download\/pkgs\/leap15.1\/ cingg<br \/> sudo zypper install -r cingg cinelerra<\/p>\n<p>[\/et_pb_text][et_pb_text _builder_version=\u00a0\u00bb3.27.4&Prime; min_height=\u00a0\u00bb26px\u00a0\u00bb custom_margin=\u00a0\u00bb||15px|||\u00a0\u00bb custom_padding=\u00a0\u00bb1px||11px|||\u00a0\u00bb]<\/p>\n<p>For Leap 15.2, run:<\/p>\n<p>[\/et_pb_text][et_pb_text _builder_version=\u00a0\u00bb3.27.4&Prime; text_font=\u00a0\u00bb||||||||\u00a0\u00bb background_color=\u00a0\u00bb#f2f2f2&Prime; custom_margin=\u00a0\u00bb|||20px\u00a0\u00bb custom_padding=\u00a0\u00bb10px|5px|10px|20px\u00a0\u00bb border_radii=\u00a0\u00bbon|11px|11px|11px|11px\u00a0\u00bb]<\/p>\n<p>sudo zypper ar -f https:\/\/cinelerra-gg.org\/download\/pkgs\/leap15.2\/ cingg<br \/> sudo zypper install -r cingg cinelerra<\/p>\n<p>[\/et_pb_text][et_pb_text _builder_version=\u00a0\u00bb3.27.4&Prime; min_height=\u00a0\u00bb26px\u00a0\u00bb custom_margin=\u00a0\u00bb||15px|||\u00a0\u00bb custom_padding=\u00a0\u00bb1px||0px|||\u00a0\u00bb]<\/p>\n<p>Pour OpenSUSE Tumbleweed, ex\u00e9cutez :<\/p>\n<p>[\/et_pb_text][et_pb_text _builder_version=\u00a0\u00bb3.27.4&Prime; text_font=\u00a0\u00bb||||||||\u00a0\u00bb background_color=\u00a0\u00bb#f2f2f2&Prime; custom_margin=\u00a0\u00bb|||20px\u00a0\u00bb custom_padding=\u00a0\u00bb10px|5px|10px|20px\u00a0\u00bb border_radii=\u00a0\u00bbon|11px|11px|11px|11px\u00a0\u00bb]<\/p>\n<p>sudo zypper ar -f https:\/\/cinelerra-gg.org\/download\/pkgs\/tweed\/ cingg<\/p>\n<p>[\/et_pb_text][et_pb_text _builder_version=\u00a0\u00bb3.27.4&Prime; min_height=\u00a0\u00bb44px\u00a0\u00bb custom_margin=\u00a0\u00bb10px||9px|||\u00a0\u00bb custom_padding=\u00a0\u00bb11px|||||\u00a0\u00bb]<\/p>\n<p><strong>NOTE :<\/strong> pour certaines versions, avant d&rsquo;ex\u00e9cuter l&rsquo;installation pour OpenSUSE, vous devrez peut-\u00eatre d&rsquo;abord supprimer la v\u00e9rification GPG :<\/p>\n<p>[\/et_pb_text][et_pb_text _builder_version=\u00a0\u00bb3.27.4&Prime; text_font=\u00a0\u00bb||||||||\u00a0\u00bb background_color=\u00a0\u00bb#f2f2f2&Prime; custom_margin=\u00a0\u00bb|||20px\u00a0\u00bb custom_padding=\u00a0\u00bb10px|5px|10px|20px\u00a0\u00bb border_radii=\u00a0\u00bbon|11px|11px|11px|11px\u00a0\u00bb]<\/p>\n<p>sudo zypper mr -G cingg<br \/> sudo zypper install -r cingg cinelerra<\/p>\n<p>[\/et_pb_text][et_pb_text _builder_version=\u00a0\u00bb3.27.4&Prime;]<\/p>\n<p>Pour mettre \u00e0 jour une installation pr\u00e9c\u00e9dente, lancez :<\/p>\n<p>[\/et_pb_text][et_pb_text _builder_version=\u00a0\u00bb3.27.4&Prime; text_font=\u00a0\u00bb||||||||\u00a0\u00bb background_color=\u00a0\u00bb#f2f2f2&Prime; custom_margin=\u00a0\u00bb|||20px\u00a0\u00bb custom_padding=\u00a0\u00bb10px|5px|10px|20px\u00a0\u00bb border_radii=\u00a0\u00bbon|11px|11px|11px|11px\u00a0\u00bb]<\/p>\n<p>sudo zypper refresh cingg<br \/> sudo zypper up cinelerra<\/p>\n<p>[\/et_pb_text][et_pb_text _builder_version=\u00a0\u00bb3.27.4&Prime;]<\/p>\n<p>Pour supprimer Cinelerra-GG, lancez :<\/p>\n<p>[\/et_pb_text][et_pb_text _builder_version=\u00a0\u00bb3.27.4&Prime; text_font=\u00a0\u00bb||||||||\u00a0\u00bb background_color=\u00a0\u00bb#f2f2f2&Prime; custom_margin=\u00a0\u00bb|||20px\u00a0\u00bb custom_padding=\u00a0\u00bb10px|5px|10px|20px\u00a0\u00bb border_radii=\u00a0\u00bbon|11px|11px|11px|11px\u00a0\u00bb]<\/p>\n<p>sudo zypper remove cinelerra<\/p>\n<p>[\/et_pb_text][et_pb_text _builder_version=\u00a0\u00bb3.27.4&Prime;]<\/p>\n<p><strong>Attention:<\/strong><\/p>\n<p>A special version with 10bit color support is also available (for 15.1 only).\u00a0 This can not be used with 8bit color files!<\/p>\n<p>To install Cinelerra-GG <span style=\"text-decoration: underline;\">10bit<\/span>, replace the install command with:<\/p>\n<p>[\/et_pb_text][et_pb_text _builder_version=\u00a0\u00bb3.27.4&Prime; text_font=\u00a0\u00bb||||||||\u00a0\u00bb background_color=\u00a0\u00bb#f2f2f2&Prime; custom_margin=\u00a0\u00bb|||20px\u00a0\u00bb custom_padding=\u00a0\u00bb10px|5px|10px|20px\u00a0\u00bb border_radii=\u00a0\u00bbon|11px|11px|11px|11px\u00a0\u00bb]<\/p>\n<p>sudo zypper install -r cingg cinelerra10bit<\/p>\n<p>[\/et_pb_text][et_pb_text _builder_version=\u00a0\u00bb3.27.4&Prime;]<\/p>\n<p>Pour mettre \u00e0 jour une installation pr\u00e9c\u00e9dente, lancez :<\/p>\n<p>[\/et_pb_text][et_pb_text _builder_version=\u00a0\u00bb3.27.4&Prime; text_font=\u00a0\u00bb||||||||\u00a0\u00bb background_color=\u00a0\u00bb#f2f2f2&Prime; custom_margin=\u00a0\u00bb|||20px\u00a0\u00bb custom_padding=\u00a0\u00bb10px|5px|10px|20px\u00a0\u00bb border_radii=\u00a0\u00bbon|11px|11px|11px|11px\u00a0\u00bb]<\/p>\n<p>zypper refresh cinelerra10bit<br \/> zypper up cinelerra10bit<\/p>\n<p>[\/et_pb_text][et_pb_text _builder_version=\u00a0\u00bb3.27.4&Prime;]<\/p>\n<p>Pour supprimer Cinelerra-GG <span style=\"text-decoration: underline;\">10bit<\/span>, ex\u00e9cutez :<\/p>\n<p>[\/et_pb_text][et_pb_text _builder_version=\u00a0\u00bb3.27.4&Prime; text_font=\u00a0\u00bb||||||||\u00a0\u00bb background_color=\u00a0\u00bb#f2f2f2&Prime; custom_margin=\u00a0\u00bb|||20px\u00a0\u00bb custom_padding=\u00a0\u00bb10px|5px|10px|20px\u00a0\u00bb border_radii=\u00a0\u00bbon|11px|11px|11px|11px\u00a0\u00bb]<\/p>\n<p>sudo zypper remove cinelerra10bit<\/p>\n<p>[\/et_pb_text][\/et_pb_column][\/et_pb_row][\/et_pb_section]<\/p>\n","protected":false},"excerpt":{"rendered":"<p>OpenSuse For openSuse Leap install, run the following commands in a terminal.\u00a0\u00a0 Note: you may have to zypper libavc and libiec versions if not already installed. And cinelerra packages are unsigned so you will have to ignore: Package is not signed! message. For Leap 15.1, run:sudo zypper ar -f https:\/\/cinelerra-gg.org\/download\/pkgs\/leap15.1\/ cingg sudo zypper install -r [&hellip;]<\/p>\n","protected":false},"author":3,"featured_media":0,"parent":0,"menu_order":0,"comment_status":"closed","ping_status":"closed","template":"","meta":{"_et_pb_use_builder":"on","_et_pb_old_content":"","_et_gb_content_width":"","footnotes":""},"class_list":["post-4486","page","type-page","status-publish","hentry"],"yoast_head":"<!-- This site is optimized with the Yoast SEO plugin v27.4 - https:\/\/yoast.com\/product\/yoast-seo-wordpress\/ -->\n<title>OpenSuse - Cinelerra GG<\/title>\n<meta name=\"robots\" content=\"index, follow, max-snippet:-1, max-image-preview:large, max-video-preview:-1\" \/>\n<link rel=\"canonical\" href=\"https:\/\/cinelerra-gg.org\/fr\/opensuse\/\" \/>\n<meta property=\"og:locale\" content=\"fr_FR\" \/>\n<meta property=\"og:type\" content=\"article\" \/>\n<meta property=\"og:title\" content=\"OpenSuse - Cinelerra GG\" \/>\n<meta property=\"og:description\" content=\"OpenSuse For openSuse Leap install, run the following commands in a terminal.\u00a0\u00a0 Note: you may have to zypper libavc and libiec versions if not already installed. And cinelerra packages are unsigned so you will have to ignore: Package is not signed! message. For Leap 15.1, run:sudo zypper ar -f https:\/\/cinelerra-gg.org\/download\/pkgs\/leap15.1\/ cingg sudo zypper install -r [&hellip;]\" \/>\n<meta property=\"og:url\" content=\"https:\/\/cinelerra-gg.org\/fr\/opensuse\/\" \/>\n<meta property=\"og:site_name\" content=\"Cinelerra GG\" \/>\n<meta property=\"article:modified_time\" content=\"2020-10-09T20:10:50+00:00\" \/>\n<meta name=\"twitter:card\" content=\"summary_large_image\" \/>\n<meta name=\"twitter:label1\" content=\"Dur\u00e9e de lecture estim\u00e9e\" \/>\n\t<meta name=\"twitter:data1\" content=\"3 minutes\" \/>\n<script type=\"application\/ld+json\" class=\"yoast-schema-graph\">{\"@context\":\"https:\\\/\\\/schema.org\",\"@graph\":[{\"@type\":\"WebPage\",\"@id\":\"https:\\\/\\\/cinelerra-gg.org\\\/fr\\\/opensuse\\\/\",\"url\":\"https:\\\/\\\/cinelerra-gg.org\\\/fr\\\/opensuse\\\/\",\"name\":\"OpenSuse - Cinelerra GG\",\"isPartOf\":{\"@id\":\"https:\\\/\\\/cinelerra-gg.org\\\/fr\\\/#website\"},\"datePublished\":\"2019-04-26T09:12:07+00:00\",\"dateModified\":\"2020-10-09T20:10:50+00:00\",\"breadcrumb\":{\"@id\":\"https:\\\/\\\/cinelerra-gg.org\\\/fr\\\/opensuse\\\/#breadcrumb\"},\"inLanguage\":\"fr-FR\",\"potentialAction\":[{\"@type\":\"ReadAction\",\"target\":[\"https:\\\/\\\/cinelerra-gg.org\\\/fr\\\/opensuse\\\/\"]}]},{\"@type\":\"BreadcrumbList\",\"@id\":\"https:\\\/\\\/cinelerra-gg.org\\\/fr\\\/opensuse\\\/#breadcrumb\",\"itemListElement\":[{\"@type\":\"ListItem\",\"position\":1,\"name\":\"Home\",\"item\":\"https:\\\/\\\/cinelerra-gg.org\\\/fr\\\/\"},{\"@type\":\"ListItem\",\"position\":2,\"name\":\"OpenSuse\"}]},{\"@type\":\"WebSite\",\"@id\":\"https:\\\/\\\/cinelerra-gg.org\\\/fr\\\/#website\",\"url\":\"https:\\\/\\\/cinelerra-gg.org\\\/fr\\\/\",\"name\":\"Cinelerra GG\",\"description\":\"Cinelerra GG free video editing software\",\"potentialAction\":[{\"@type\":\"SearchAction\",\"target\":{\"@type\":\"EntryPoint\",\"urlTemplate\":\"https:\\\/\\\/cinelerra-gg.org\\\/fr\\\/?s={search_term_string}\"},\"query-input\":{\"@type\":\"PropertyValueSpecification\",\"valueRequired\":true,\"valueName\":\"search_term_string\"}}],\"inLanguage\":\"fr-FR\"}]}<\/script>\n<!-- \/ Yoast SEO plugin. -->","yoast_head_json":{"title":"OpenSuse - Cinelerra GG","robots":{"index":"index","follow":"follow","max-snippet":"max-snippet:-1","max-image-preview":"max-image-preview:large","max-video-preview":"max-video-preview:-1"},"canonical":"https:\/\/cinelerra-gg.org\/fr\/opensuse\/","og_locale":"fr_FR","og_type":"article","og_title":"OpenSuse - Cinelerra GG","og_description":"OpenSuse For openSuse Leap install, run the following commands in a terminal.\u00a0\u00a0 Note: you may have to zypper libavc and libiec versions if not already installed. And cinelerra packages are unsigned so you will have to ignore: Package is not signed! message. For Leap 15.1, run:sudo zypper ar -f https:\/\/cinelerra-gg.org\/download\/pkgs\/leap15.1\/ cingg sudo zypper install -r [&hellip;]","og_url":"https:\/\/cinelerra-gg.org\/fr\/opensuse\/","og_site_name":"Cinelerra GG","article_modified_time":"2020-10-09T20:10:50+00:00","twitter_card":"summary_large_image","twitter_misc":{"Dur\u00e9e de lecture estim\u00e9e":"3 minutes"},"schema":{"@context":"https:\/\/schema.org","@graph":[{"@type":"WebPage","@id":"https:\/\/cinelerra-gg.org\/fr\/opensuse\/","url":"https:\/\/cinelerra-gg.org\/fr\/opensuse\/","name":"OpenSuse - Cinelerra GG","isPartOf":{"@id":"https:\/\/cinelerra-gg.org\/fr\/#website"},"datePublished":"2019-04-26T09:12:07+00:00","dateModified":"2020-10-09T20:10:50+00:00","breadcrumb":{"@id":"https:\/\/cinelerra-gg.org\/fr\/opensuse\/#breadcrumb"},"inLanguage":"fr-FR","potentialAction":[{"@type":"ReadAction","target":["https:\/\/cinelerra-gg.org\/fr\/opensuse\/"]}]},{"@type":"BreadcrumbList","@id":"https:\/\/cinelerra-gg.org\/fr\/opensuse\/#breadcrumb","itemListElement":[{"@type":"ListItem","position":1,"name":"Home","item":"https:\/\/cinelerra-gg.org\/fr\/"},{"@type":"ListItem","position":2,"name":"OpenSuse"}]},{"@type":"WebSite","@id":"https:\/\/cinelerra-gg.org\/fr\/#website","url":"https:\/\/cinelerra-gg.org\/fr\/","name":"Cinelerra GG","description":"Cinelerra GG free video editing software","potentialAction":[{"@type":"SearchAction","target":{"@type":"EntryPoint","urlTemplate":"https:\/\/cinelerra-gg.org\/fr\/?s={search_term_string}"},"query-input":{"@type":"PropertyValueSpecification","valueRequired":true,"valueName":"search_term_string"}}],"inLanguage":"fr-FR"}]}},"_links":{"self":[{"href":"https:\/\/cinelerra-gg.org\/fr\/wp-json\/wp\/v2\/pages\/4486","targetHints":{"allow":["GET"]}}],"collection":[{"href":"https:\/\/cinelerra-gg.org\/fr\/wp-json\/wp\/v2\/pages"}],"about":[{"href":"https:\/\/cinelerra-gg.org\/fr\/wp-json\/wp\/v2\/types\/page"}],"author":[{"embeddable":true,"href":"https:\/\/cinelerra-gg.org\/fr\/wp-json\/wp\/v2\/users\/3"}],"replies":[{"embeddable":true,"href":"https:\/\/cinelerra-gg.org\/fr\/wp-json\/wp\/v2\/comments?post=4486"}],"version-history":[{"count":0,"href":"https:\/\/cinelerra-gg.org\/fr\/wp-json\/wp\/v2\/pages\/4486\/revisions"}],"wp:attachment":[{"href":"https:\/\/cinelerra-gg.org\/fr\/wp-json\/wp\/v2\/media?parent=4486"}],"curies":[{"name":"wp","href":"https:\/\/api.w.org\/{rel}","templated":true}]}}