{"id":4489,"date":"2019-04-26T09:16:50","date_gmt":"2019-04-26T09:16:50","guid":{"rendered":"https:\/\/www.cinelerra-gg.org\/freebsd\/"},"modified":"2020-10-09T20:10:49","modified_gmt":"2020-10-09T20:10:49","slug":"freebsd","status":"publish","type":"page","link":"https:\/\/cinelerra-gg.org\/fr\/freebsd\/","title":{"rendered":"FreeBSD"},"content":{"rendered":"<p>[et_pb_section fb_built=\u00a0\u00bb1&Prime; _builder_version=\u00a0\u00bb3.22&Prime;][et_pb_row _builder_version=\u00a0\u00bb3.25&Prime;][et_pb_column type=\u00a0\u00bb4_4&Prime; _builder_version=\u00a0\u00bb3.25&Prime; custom_padding=\u00a0\u00bb|||\u00a0\u00bb custom_padding__hover=\u00a0\u00bb|||\u00a0\u00bb][et_pb_text _builder_version=\u00a0\u00bb3.27.4&Prime;]<\/p>\n<h1>FreeBSD<\/h1>\n<p>Pour FreeBSD, il y a une construction tarball disponible sur ce lien :<strong><br \/><\/strong><\/p>\n<p>[\/et_pb_text][et_pb_text _builder_version=\u00a0\u00bb3.27.4&Prime; text_font=\u00a0\u00bb||||||||\u00a0\u00bb background_color=\u00a0\u00bb#f2f2f2&Prime; custom_margin=\u00a0\u00bb|||20px\u00a0\u00bb custom_padding=\u00a0\u00bb10px|5px|10px|20px\u00a0\u00bb border_radii=\u00a0\u00bbon|11px|11px|11px|11px\u00a0\u00bb min_height=\u00a0\u00bb42px\u00a0\u00bb]<\/p>\n<p><a href=\"https:\/\/cinelerra-gg.org\/download\/testing\/bsdcin.tar.xz\">https:\/\/cinelerra-gg.org\/download\/testing\/bsdcin.tar.xz<\/a>  <\/p>\n<p>[\/et_pb_text][et_pb_text _builder_version=\u00a0\u00bb3.27.4&Prime; min_height=\u00a0\u00bb31px\u00a0\u00bb custom_margin=\u00a0\u00bb-25px|||||\u00a0\u00bb custom_padding=\u00a0\u00bb4px||0px|||\u00a0\u00bb]<\/p>\n<p>Pour utiliser cette construction sur la version 12.1 de FreeBSD, apr\u00e8s t\u00e9l\u00e9chargement, d\u00e9paqueter le tarball :<\/p>\n<p>[\/et_pb_text][et_pb_text _builder_version=\u00a0\u00bb3.27.4&Prime; text_font=\u00a0\u00bb||||||||\u00a0\u00bb background_color=\u00a0\u00bb#f2f2f2&Prime; custom_margin=\u00a0\u00bb|||20px\u00a0\u00bb custom_padding=\u00a0\u00bb10px|5px|10px|20px\u00a0\u00bb border_radii=\u00a0\u00bbon|11px|11px|11px|11px\u00a0\u00bb]<\/p>\n<p>cd \/votre_chemin_choisi<\/p>\n<p>mkdir cin<\/p>\n<p>cd cin<\/p>\n<p>tar -xJf \/src\/chemin\/bsdcin.tar.xz<\/p>\n<p>[\/et_pb_text][et_pb_text _builder_version=\u00a0\u00bb3.27.4&Prime; min_height=\u00a0\u00bb38px\u00a0\u00bb custom_padding=\u00a0\u00bb8px||0px|||\u00a0\u00bb]<\/p>\n<p>Puis, pour d\u00e9marrer Cinelerra, il suffit de taper ce qui suit \u00e0 partir d&rsquo;une fen\u00eatre dans le chemin de ce r\u00e9pertoire :<\/p>\n<p>[\/et_pb_text][et_pb_text _builder_version=\u00a0\u00bb3.27.4&Prime; text_font=\u00a0\u00bb||||||||\u00a0\u00bb background_color=\u00a0\u00bb#f2f2f2&Prime; custom_margin=\u00a0\u00bb|||20px\u00a0\u00bb custom_padding=\u00a0\u00bb10px|5px|10px|20px\u00a0\u00bb border_radii=\u00a0\u00bbon|11px|11px|11px|11px\u00a0\u00bb]<\/p>\n<p>.\/cin<\/p>\n<p>[\/et_pb_text][\/et_pb_column][\/et_pb_row][\/et_pb_section]<\/p>\n","protected":false},"excerpt":{"rendered":"<p>FreeBSD Pour FreeBSD, il y a une construction tarball disponible sur ce lien :https:\/\/cinelerra-gg.org\/download\/testing\/bsdcin.tar.xz Pour utiliser cette construction sur la version 12.1 de FreeBSD, apr\u00e8s t\u00e9l\u00e9chargement, d\u00e9paqueter le tarball :cd \/votre_chemin_choisi mkdir cin cd cin tar -xJf \/src\/chemin\/bsdcin.tar.xzPuis, pour d\u00e9marrer Cinelerra, il suffit de taper ce qui suit \u00e0 partir d&rsquo;une fen\u00eatre dans le chemin [&hellip;]<\/p>\n","protected":false},"author":3,"featured_media":0,"parent":0,"menu_order":0,"comment_status":"closed","ping_status":"closed","template":"","meta":{"_et_pb_use_builder":"on","_et_pb_old_content":"<!-- wp:divi\/placeholder \/-->","_et_gb_content_width":"","footnotes":""},"class_list":["post-4489","page","type-page","status-publish","hentry"],"yoast_head":"<!-- This site is optimized with the Yoast SEO plugin v27.0 - https:\/\/yoast.com\/product\/yoast-seo-wordpress\/ -->\n<title>FreeBSD - Cinelerra GG<\/title>\n<meta name=\"robots\" content=\"index, follow, max-snippet:-1, max-image-preview:large, max-video-preview:-1\" \/>\n<link rel=\"canonical\" href=\"https:\/\/cinelerra-gg.org\/fr\/freebsd\/\" \/>\n<meta property=\"og:locale\" content=\"fr_FR\" \/>\n<meta property=\"og:type\" content=\"article\" \/>\n<meta property=\"og:title\" content=\"FreeBSD - Cinelerra GG\" \/>\n<meta property=\"og:description\" content=\"FreeBSD Pour FreeBSD, il y a une construction tarball disponible sur ce lien :https:\/\/cinelerra-gg.org\/download\/testing\/bsdcin.tar.xz Pour utiliser cette construction sur la version 12.1 de FreeBSD, apr\u00e8s t\u00e9l\u00e9chargement, d\u00e9paqueter le tarball :cd \/votre_chemin_choisi mkdir cin cd cin tar -xJf \/src\/chemin\/bsdcin.tar.xzPuis, pour d\u00e9marrer Cinelerra, il suffit de taper ce qui suit \u00e0 partir d&#039;une fen\u00eatre dans le chemin [&hellip;]\" \/>\n<meta property=\"og:url\" content=\"https:\/\/cinelerra-gg.org\/fr\/freebsd\/\" \/>\n<meta property=\"og:site_name\" content=\"Cinelerra GG\" \/>\n<meta property=\"article:modified_time\" content=\"2020-10-09T20:10:49+00:00\" \/>\n<meta name=\"twitter:card\" content=\"summary_large_image\" \/>\n<meta name=\"twitter:label1\" content=\"Dur\u00e9e de lecture estim\u00e9e\" \/>\n\t<meta name=\"twitter:data1\" content=\"1 minute\" \/>\n<script type=\"application\/ld+json\" class=\"yoast-schema-graph\">{\"@context\":\"https:\/\/schema.org\",\"@graph\":[{\"@type\":\"WebPage\",\"@id\":\"https:\/\/cinelerra-gg.org\/fr\/freebsd\/\",\"url\":\"https:\/\/cinelerra-gg.org\/fr\/freebsd\/\",\"name\":\"FreeBSD - Cinelerra GG\",\"isPartOf\":{\"@id\":\"https:\/\/cinelerra-gg.org\/fr\/#website\"},\"datePublished\":\"2019-04-26T09:16:50+00:00\",\"dateModified\":\"2020-10-09T20:10:49+00:00\",\"breadcrumb\":{\"@id\":\"https:\/\/cinelerra-gg.org\/fr\/freebsd\/#breadcrumb\"},\"inLanguage\":\"fr-FR\",\"potentialAction\":[{\"@type\":\"ReadAction\",\"target\":[\"https:\/\/cinelerra-gg.org\/fr\/freebsd\/\"]}]},{\"@type\":\"BreadcrumbList\",\"@id\":\"https:\/\/cinelerra-gg.org\/fr\/freebsd\/#breadcrumb\",\"itemListElement\":[{\"@type\":\"ListItem\",\"position\":1,\"name\":\"Home\",\"item\":\"https:\/\/cinelerra-gg.org\/fr\/\"},{\"@type\":\"ListItem\",\"position\":2,\"name\":\"FreeBSD\"}]},{\"@type\":\"WebSite\",\"@id\":\"https:\/\/cinelerra-gg.org\/fr\/#website\",\"url\":\"https:\/\/cinelerra-gg.org\/fr\/\",\"name\":\"Cinelerra GG\",\"description\":\"Cinelerra GG free video editing software\",\"potentialAction\":[{\"@type\":\"SearchAction\",\"target\":{\"@type\":\"EntryPoint\",\"urlTemplate\":\"https:\/\/cinelerra-gg.org\/fr\/?s={search_term_string}\"},\"query-input\":{\"@type\":\"PropertyValueSpecification\",\"valueRequired\":true,\"valueName\":\"search_term_string\"}}],\"inLanguage\":\"fr-FR\"}]}<\/script>\n<!-- \/ Yoast SEO plugin. -->","yoast_head_json":{"title":"FreeBSD - Cinelerra GG","robots":{"index":"index","follow":"follow","max-snippet":"max-snippet:-1","max-image-preview":"max-image-preview:large","max-video-preview":"max-video-preview:-1"},"canonical":"https:\/\/cinelerra-gg.org\/fr\/freebsd\/","og_locale":"fr_FR","og_type":"article","og_title":"FreeBSD - Cinelerra GG","og_description":"FreeBSD Pour FreeBSD, il y a une construction tarball disponible sur ce lien :https:\/\/cinelerra-gg.org\/download\/testing\/bsdcin.tar.xz Pour utiliser cette construction sur la version 12.1 de FreeBSD, apr\u00e8s t\u00e9l\u00e9chargement, d\u00e9paqueter le tarball :cd \/votre_chemin_choisi mkdir cin cd cin tar -xJf \/src\/chemin\/bsdcin.tar.xzPuis, pour d\u00e9marrer Cinelerra, il suffit de taper ce qui suit \u00e0 partir d'une fen\u00eatre dans le chemin [&hellip;]","og_url":"https:\/\/cinelerra-gg.org\/fr\/freebsd\/","og_site_name":"Cinelerra GG","article_modified_time":"2020-10-09T20:10:49+00:00","twitter_card":"summary_large_image","twitter_misc":{"Dur\u00e9e de lecture estim\u00e9e":"1 minute"},"schema":{"@context":"https:\/\/schema.org","@graph":[{"@type":"WebPage","@id":"https:\/\/cinelerra-gg.org\/fr\/freebsd\/","url":"https:\/\/cinelerra-gg.org\/fr\/freebsd\/","name":"FreeBSD - Cinelerra GG","isPartOf":{"@id":"https:\/\/cinelerra-gg.org\/fr\/#website"},"datePublished":"2019-04-26T09:16:50+00:00","dateModified":"2020-10-09T20:10:49+00:00","breadcrumb":{"@id":"https:\/\/cinelerra-gg.org\/fr\/freebsd\/#breadcrumb"},"inLanguage":"fr-FR","potentialAction":[{"@type":"ReadAction","target":["https:\/\/cinelerra-gg.org\/fr\/freebsd\/"]}]},{"@type":"BreadcrumbList","@id":"https:\/\/cinelerra-gg.org\/fr\/freebsd\/#breadcrumb","itemListElement":[{"@type":"ListItem","position":1,"name":"Home","item":"https:\/\/cinelerra-gg.org\/fr\/"},{"@type":"ListItem","position":2,"name":"FreeBSD"}]},{"@type":"WebSite","@id":"https:\/\/cinelerra-gg.org\/fr\/#website","url":"https:\/\/cinelerra-gg.org\/fr\/","name":"Cinelerra GG","description":"Cinelerra GG free video editing software","potentialAction":[{"@type":"SearchAction","target":{"@type":"EntryPoint","urlTemplate":"https:\/\/cinelerra-gg.org\/fr\/?s={search_term_string}"},"query-input":{"@type":"PropertyValueSpecification","valueRequired":true,"valueName":"search_term_string"}}],"inLanguage":"fr-FR"}]}},"_links":{"self":[{"href":"https:\/\/cinelerra-gg.org\/fr\/wp-json\/wp\/v2\/pages\/4489","targetHints":{"allow":["GET"]}}],"collection":[{"href":"https:\/\/cinelerra-gg.org\/fr\/wp-json\/wp\/v2\/pages"}],"about":[{"href":"https:\/\/cinelerra-gg.org\/fr\/wp-json\/wp\/v2\/types\/page"}],"author":[{"embeddable":true,"href":"https:\/\/cinelerra-gg.org\/fr\/wp-json\/wp\/v2\/users\/3"}],"replies":[{"embeddable":true,"href":"https:\/\/cinelerra-gg.org\/fr\/wp-json\/wp\/v2\/comments?post=4489"}],"version-history":[{"count":0,"href":"https:\/\/cinelerra-gg.org\/fr\/wp-json\/wp\/v2\/pages\/4489\/revisions"}],"wp:attachment":[{"href":"https:\/\/cinelerra-gg.org\/fr\/wp-json\/wp\/v2\/media?parent=4489"}],"curies":[{"name":"wp","href":"https:\/\/api.w.org\/{rel}","templated":true}]}}