{"id":4491,"date":"2019-04-26T09:22:10","date_gmt":"2019-04-26T09:22:10","guid":{"rendered":"https:\/\/www.cinelerra-gg.org\/fedora\/"},"modified":"2020-10-09T20:10:48","modified_gmt":"2020-10-09T20:10:48","slug":"fedora","status":"publish","type":"page","link":"https:\/\/cinelerra-gg.org\/fr\/fedora\/","title":{"rendered":"Fedora"},"content":{"rendered":"<p>[et_pb_section fb_built=\u00a0\u00bb1&Prime; _builder_version=\u00a0\u00bb3.22&Prime;][et_pb_row _builder_version=\u00a0\u00bb3.25&Prime;][et_pb_column type=\u00a0\u00bb4_4&Prime; _builder_version=\u00a0\u00bb3.25&Prime; custom_padding=\u00a0\u00bb|||\u00a0\u00bb custom_padding__hover=\u00a0\u00bb|||\u00a0\u00bb][et_pb_text _builder_version=\u00a0\u00bb3.27.4&Prime;]<\/p>\n<h1>Fedora<\/h1>\n<p>Pour l&rsquo;installation de paquets Fedora, ex\u00e9cutez la commande suivante dans un terminal apr\u00e8s avoir substitu\u00e9 votre num\u00e9ro de version (par exemple 32) \u00e0 <strong>XX <\/strong>et substitu\u00e9 2 tirets au tiret long devant nogpgcheck et repofrompath :<\/p>\n<p>[\/et_pb_text][et_pb_text _builder_version=\u00a0\u00bb3.27.4&Prime; text_font=\u00a0\u00bb||||||||\u00a0\u00bb background_color=\u00a0\u00bb#f2f2f2&Prime; custom_margin=\u00a0\u00bb|||20px\u00a0\u00bb custom_padding=\u00a0\u00bb10px|5px|10px|20px\u00a0\u00bb border_radii=\u00a0\u00bbon|11px|11px|11px|11px\u00a0\u00bb]sudo dnf install cinelerra &#8211;nogpgcheck &#8211;repofrompath cingg,<a href=\"https:\/\/cinelerra-gg.org\/download\/pkgs\/fedoraXX\/\">https:\/\/cinelerra-gg.org\/download\/pkgs\/fedoraXX\/<\/a><br \/>\n[\/et_pb_text][et_pb_text _builder_version=\u00a0\u00bb3.27.4&Prime;]Pour supprimer Cinelerra-GG, lancez :<br \/>\n[\/et_pb_text][et_pb_text _builder_version=\u00a0\u00bb3.27.4&Prime; text_font=\u00a0\u00bb||||||||\u00a0\u00bb background_color=\u00a0\u00bb#f2f2f2&Prime; custom_margin=\u00a0\u00bb|||20px\u00a0\u00bb custom_padding=\u00a0\u00bb10px|5px|10px|20px\u00a0\u00bb border_radii=\u00a0\u00bbon|11px|11px|11px|11px\u00a0\u00bb]dnf erase cinelerra<br \/>\n[\/et_pb_text][\/et_pb_column][\/et_pb_row][\/et_pb_section]<\/p>\n","protected":false},"excerpt":{"rendered":"<p>Fedora Pour l&rsquo;installation de paquets Fedora, ex\u00e9cutez la commande suivante dans un terminal apr\u00e8s avoir substitu\u00e9 votre num\u00e9ro de version (par exemple 32) \u00e0 XX et substitu\u00e9 2 tirets au tiret long devant nogpgcheck et repofrompath :sudo dnf install cinelerra &#8211;nogpgcheck &#8211;repofrompath cingg,https:\/\/cinelerra-gg.org\/download\/pkgs\/fedoraXX\/ Pour supprimer Cinelerra-GG, lancez : dnf erase cinelerra<\/p>\n","protected":false},"author":3,"featured_media":0,"parent":0,"menu_order":0,"comment_status":"closed","ping_status":"closed","template":"","meta":{"_et_pb_use_builder":"on","_et_pb_old_content":"","_et_gb_content_width":"","footnotes":""},"class_list":["post-4491","page","type-page","status-publish","hentry"],"yoast_head":"<!-- This site is optimized with the Yoast SEO plugin v27.0 - https:\/\/yoast.com\/product\/yoast-seo-wordpress\/ -->\n<title>Fedora - Cinelerra GG<\/title>\n<meta name=\"robots\" content=\"index, follow, max-snippet:-1, max-image-preview:large, max-video-preview:-1\" \/>\n<link rel=\"canonical\" href=\"https:\/\/cinelerra-gg.org\/fr\/fedora\/\" \/>\n<meta property=\"og:locale\" content=\"fr_FR\" \/>\n<meta property=\"og:type\" content=\"article\" \/>\n<meta property=\"og:title\" content=\"Fedora - Cinelerra GG\" \/>\n<meta property=\"og:description\" content=\"Fedora Pour l&#039;installation de paquets Fedora, ex\u00e9cutez la commande suivante dans un terminal apr\u00e8s avoir substitu\u00e9 votre num\u00e9ro de version (par exemple 32) \u00e0 XX et substitu\u00e9 2 tirets au tiret long devant nogpgcheck et repofrompath :sudo dnf install cinelerra --nogpgcheck --repofrompath cingg,https:\/\/cinelerra-gg.org\/download\/pkgs\/fedoraXX\/ Pour supprimer Cinelerra-GG, lancez : dnf erase cinelerra\" \/>\n<meta property=\"og:url\" content=\"https:\/\/cinelerra-gg.org\/fr\/fedora\/\" \/>\n<meta property=\"og:site_name\" content=\"Cinelerra GG\" \/>\n<meta property=\"article:modified_time\" content=\"2020-10-09T20:10:48+00:00\" \/>\n<meta name=\"twitter:card\" content=\"summary_large_image\" \/>\n<meta name=\"twitter:label1\" content=\"Dur\u00e9e de lecture estim\u00e9e\" \/>\n\t<meta name=\"twitter:data1\" content=\"1 minute\" \/>\n<script type=\"application\/ld+json\" class=\"yoast-schema-graph\">{\"@context\":\"https:\/\/schema.org\",\"@graph\":[{\"@type\":\"WebPage\",\"@id\":\"https:\/\/cinelerra-gg.org\/fr\/fedora\/\",\"url\":\"https:\/\/cinelerra-gg.org\/fr\/fedora\/\",\"name\":\"Fedora - Cinelerra GG\",\"isPartOf\":{\"@id\":\"https:\/\/cinelerra-gg.org\/fr\/#website\"},\"datePublished\":\"2019-04-26T09:22:10+00:00\",\"dateModified\":\"2020-10-09T20:10:48+00:00\",\"breadcrumb\":{\"@id\":\"https:\/\/cinelerra-gg.org\/fr\/fedora\/#breadcrumb\"},\"inLanguage\":\"fr-FR\",\"potentialAction\":[{\"@type\":\"ReadAction\",\"target\":[\"https:\/\/cinelerra-gg.org\/fr\/fedora\/\"]}]},{\"@type\":\"BreadcrumbList\",\"@id\":\"https:\/\/cinelerra-gg.org\/fr\/fedora\/#breadcrumb\",\"itemListElement\":[{\"@type\":\"ListItem\",\"position\":1,\"name\":\"Home\",\"item\":\"https:\/\/cinelerra-gg.org\/fr\/\"},{\"@type\":\"ListItem\",\"position\":2,\"name\":\"Fedora\"}]},{\"@type\":\"WebSite\",\"@id\":\"https:\/\/cinelerra-gg.org\/fr\/#website\",\"url\":\"https:\/\/cinelerra-gg.org\/fr\/\",\"name\":\"Cinelerra GG\",\"description\":\"Cinelerra GG free video editing software\",\"potentialAction\":[{\"@type\":\"SearchAction\",\"target\":{\"@type\":\"EntryPoint\",\"urlTemplate\":\"https:\/\/cinelerra-gg.org\/fr\/?s={search_term_string}\"},\"query-input\":{\"@type\":\"PropertyValueSpecification\",\"valueRequired\":true,\"valueName\":\"search_term_string\"}}],\"inLanguage\":\"fr-FR\"}]}<\/script>\n<!-- \/ Yoast SEO plugin. -->","yoast_head_json":{"title":"Fedora - Cinelerra GG","robots":{"index":"index","follow":"follow","max-snippet":"max-snippet:-1","max-image-preview":"max-image-preview:large","max-video-preview":"max-video-preview:-1"},"canonical":"https:\/\/cinelerra-gg.org\/fr\/fedora\/","og_locale":"fr_FR","og_type":"article","og_title":"Fedora - Cinelerra GG","og_description":"Fedora Pour l'installation de paquets Fedora, ex\u00e9cutez la commande suivante dans un terminal apr\u00e8s avoir substitu\u00e9 votre num\u00e9ro de version (par exemple 32) \u00e0 XX et substitu\u00e9 2 tirets au tiret long devant nogpgcheck et repofrompath :sudo dnf install cinelerra --nogpgcheck --repofrompath cingg,https:\/\/cinelerra-gg.org\/download\/pkgs\/fedoraXX\/ Pour supprimer Cinelerra-GG, lancez : dnf erase cinelerra","og_url":"https:\/\/cinelerra-gg.org\/fr\/fedora\/","og_site_name":"Cinelerra GG","article_modified_time":"2020-10-09T20:10:48+00:00","twitter_card":"summary_large_image","twitter_misc":{"Dur\u00e9e de lecture estim\u00e9e":"1 minute"},"schema":{"@context":"https:\/\/schema.org","@graph":[{"@type":"WebPage","@id":"https:\/\/cinelerra-gg.org\/fr\/fedora\/","url":"https:\/\/cinelerra-gg.org\/fr\/fedora\/","name":"Fedora - Cinelerra GG","isPartOf":{"@id":"https:\/\/cinelerra-gg.org\/fr\/#website"},"datePublished":"2019-04-26T09:22:10+00:00","dateModified":"2020-10-09T20:10:48+00:00","breadcrumb":{"@id":"https:\/\/cinelerra-gg.org\/fr\/fedora\/#breadcrumb"},"inLanguage":"fr-FR","potentialAction":[{"@type":"ReadAction","target":["https:\/\/cinelerra-gg.org\/fr\/fedora\/"]}]},{"@type":"BreadcrumbList","@id":"https:\/\/cinelerra-gg.org\/fr\/fedora\/#breadcrumb","itemListElement":[{"@type":"ListItem","position":1,"name":"Home","item":"https:\/\/cinelerra-gg.org\/fr\/"},{"@type":"ListItem","position":2,"name":"Fedora"}]},{"@type":"WebSite","@id":"https:\/\/cinelerra-gg.org\/fr\/#website","url":"https:\/\/cinelerra-gg.org\/fr\/","name":"Cinelerra GG","description":"Cinelerra GG free video editing software","potentialAction":[{"@type":"SearchAction","target":{"@type":"EntryPoint","urlTemplate":"https:\/\/cinelerra-gg.org\/fr\/?s={search_term_string}"},"query-input":{"@type":"PropertyValueSpecification","valueRequired":true,"valueName":"search_term_string"}}],"inLanguage":"fr-FR"}]}},"_links":{"self":[{"href":"https:\/\/cinelerra-gg.org\/fr\/wp-json\/wp\/v2\/pages\/4491","targetHints":{"allow":["GET"]}}],"collection":[{"href":"https:\/\/cinelerra-gg.org\/fr\/wp-json\/wp\/v2\/pages"}],"about":[{"href":"https:\/\/cinelerra-gg.org\/fr\/wp-json\/wp\/v2\/types\/page"}],"author":[{"embeddable":true,"href":"https:\/\/cinelerra-gg.org\/fr\/wp-json\/wp\/v2\/users\/3"}],"replies":[{"embeddable":true,"href":"https:\/\/cinelerra-gg.org\/fr\/wp-json\/wp\/v2\/comments?post=4491"}],"version-history":[{"count":0,"href":"https:\/\/cinelerra-gg.org\/fr\/wp-json\/wp\/v2\/pages\/4491\/revisions"}],"wp:attachment":[{"href":"https:\/\/cinelerra-gg.org\/fr\/wp-json\/wp\/v2\/media?parent=4491"}],"curies":[{"name":"wp","href":"https:\/\/api.w.org\/{rel}","templated":true}]}}