{"id":4495,"date":"2019-04-26T09:36:38","date_gmt":"2019-04-26T09:36:38","guid":{"rendered":"https:\/\/www.cinelerra-gg.org\/ubuntu\/"},"modified":"2020-10-09T20:12:38","modified_gmt":"2020-10-09T20:12:38","slug":"ubuntu","status":"publish","type":"page","link":"https:\/\/cinelerra-gg.org\/fr\/ubuntu\/","title":{"rendered":"Ubuntu"},"content":{"rendered":"<p>[et_pb_section fb_built=\u00a0\u00bb1&Prime; _builder_version=\u00a0\u00bb3.22&Prime;][et_pb_row _builder_version=\u00a0\u00bb3.25&Prime;][et_pb_column type=\u00a0\u00bb4_4&Prime; _builder_version=\u00a0\u00bb3.25&Prime; custom_padding=\u00a0\u00bb|||\u00a0\u00bb custom_padding__hover=\u00a0\u00bb|||\u00a0\u00bb][et_pb_text _builder_version=\u00a0\u00bb3.27.4&Prime;]<\/p>\n<h1>Ubuntu<\/h1>\n<p>Pour installer un paquet Ubuntu, ex\u00e9cutez les commandes suivantes dans un terminal :<\/p>\n<p>[\/et_pb_text][et_pb_text _builder_version=\u00a0\u00bb3.27.4&Prime; text_font=\u00a0\u00bb||||||||\u00a0\u00bb background_color=\u00a0\u00bb#f2f2f2&Prime; custom_margin=\u00a0\u00bb|||20px\u00a0\u00bb custom_padding=\u00a0\u00bb10px|5px|10px|20px\u00a0\u00bb border_radii=\u00a0\u00bbon|11px|11px|11px|11px\u00a0\u00bb]<\/p>\n<p>sudo apt install software-properties-common apt-transport-https<\/p>\n<p>[\/et_pb_text][et_pb_text _builder_version=\u00a0\u00bb3.27.4&Prime;]<\/p>\n<p>Pour Ubuntu 14.04 (Trusty Tahr), ex\u00e9cutez :<\/p>\n<p>[\/et_pb_text][et_pb_text _builder_version=\u00a0\u00bb3.27.4&Prime; text_font=\u00a0\u00bb||||||||\u00a0\u00bb background_color=\u00a0\u00bb#f2f2f2&Prime; custom_margin=\u00a0\u00bb|||20px\u00a0\u00bb custom_padding=\u00a0\u00bb10px|5px|10px|20px\u00a0\u00bb border_radii=\u00a0\u00bbon|11px|11px|11px|11px\u00a0\u00bb]<\/p>\n<p>sudo apt-add-repository https:\/\/cinelerra-gg.org\/download\/pkgs\/ub14<\/p>\n<p>[\/et_pb_text][et_pb_text _builder_version=\u00a0\u00bb3.27.4&Prime;]<\/p>\n<p>Puis ex\u00e9cutez ces commandes pour l&rsquo;installer :<\/p>\n<p>[\/et_pb_text][et_pb_text _builder_version=\u00a0\u00bb3.27.4&Prime; text_font=\u00a0\u00bb||||||||\u00a0\u00bb background_color=\u00a0\u00bb#f2f2f2&Prime; custom_margin=\u00a0\u00bb|||20px\u00a0\u00bb custom_padding=\u00a0\u00bb10px|5px|10px|20px\u00a0\u00bb border_radii=\u00a0\u00bbon|11px|11px|11px|11px\u00a0\u00bb]<\/p>\n<p>sudo apt update<br \/> sudo apt install cin<\/p>\n<p>[\/et_pb_text][et_pb_text _builder_version=\u00a0\u00bb3.27.4&Prime;]<\/p>\n<p><strong>Ubuntu 14 dispose \u00e9galement d&rsquo;un paquet 32 bits.<\/strong> Suivez les m\u00eames instructions que pour Ubuntu 14.04 ci-dessus.<\/p>\n<p><em><\/em><strong><\/strong><\/p>\n<p>[\/et_pb_text][et_pb_text _builder_version=\u00a0\u00bb3.27.4&Prime; min_height=\u00a0\u00bb94px\u00a0\u00bb custom_padding=\u00a0\u00bb2px||0px|||\u00a0\u00bb]<\/p>\n<p>Pour Ubuntu 16.04 (Xenial Main), ex\u00e9cutez la premi\u00e8re ligne dans les lignes ci-dessous :<\/p>\n<p>Pour Ubuntu 18.04 (Bionic Beaver), ex\u00e9cutez la deuxi\u00e8me s\u00e9rie de lignes ci-dessous :<\/p>\n<p>Pour Ubuntu 20.04 (Focal Fossa), ex\u00e9cutez la troisi\u00e8me s\u00e9rie de lignes ci-dessous :<\/p>\n<p>[\/et_pb_text][et_pb_text _builder_version=\u00a0\u00bb3.27.4&Prime; text_font=\u00a0\u00bb||||||||\u00a0\u00bb background_color=\u00a0\u00bb#f2f2f2&Prime; min_height=\u00a0\u00bb22px\u00a0\u00bb custom_margin=\u00a0\u00bb|||20px\u00a0\u00bb custom_padding=\u00a0\u00bb10px|5px|10px|20px\u00a0\u00bb border_radii=\u00a0\u00bbon|11px|11px|11px|11px\u00a0\u00bb]<\/p>\n<p>sudo apt-add-repository https:\/\/cinelerra-gg.org\/download\/pkgs\/ub16<\/p>\n<p>sudo apt-add-repository https:\/\/cinelerra-gg.org\/download\/pkgs\/ub18<\/p>\n<p>sudo apt-add-repository https:\/\/cinelerra-gg.org\/download\/pkgs\/ub20<\/p>\n<p>&nbsp;<\/p>\n<p>[\/et_pb_text][et_pb_text _builder_version=\u00a0\u00bb3.27.4&Prime;]<\/p>\n<p>Ensuite, modifiez le fichier<em> \/etc\/apt\/sources.list<\/em> pour vous assurer que la ligne ajout\u00e9e contient [trusted=yes] comme indiqu\u00e9 ci-dessous :<\/p>\n<p>[\/et_pb_text][et_pb_text _builder_version=\u00a0\u00bb3.27.4&Prime; text_font=\u00a0\u00bb||||||||\u00a0\u00bb background_color=\u00a0\u00bb#f2f2f2&Prime; custom_margin=\u00a0\u00bb|||20px\u00a0\u00bb custom_padding=\u00a0\u00bb10px|5px|10px|20px\u00a0\u00bb border_radii=\u00a0\u00bbon|11px|11px|11px|11px\u00a0\u00bb]<\/p>\n<p>deb [trusted=yes] https:\/\/cnelerra-gg.org\/download\/pkgs\/ub16 xenial main<\/p>\n<p>deb [trusted=yes] https:\/\/cinelerra-gg.org\/download\/pkgs\/ub18 bionic main<\/p>\n<p>deb [trusted=yes] https:\/\/cinelerra-gg.org\/download\/pkgs\/ub20 focal main<\/p>\n<p>[\/et_pb_text][et_pb_text _builder_version=\u00a0\u00bb3.27.4&Prime;]<\/p>\n<p>Puis ex\u00e9cutez ces commandes pour l&rsquo;installer :<\/p>\n<p>[\/et_pb_text][et_pb_text _builder_version=\u00a0\u00bb3.27.4&Prime; text_font=\u00a0\u00bb||||||||\u00a0\u00bb background_color=\u00a0\u00bb#f2f2f2&Prime; custom_margin=\u00a0\u00bb|||20px\u00a0\u00bb custom_padding=\u00a0\u00bb10px|5px|10px|20px\u00a0\u00bb border_radii=\u00a0\u00bbon|11px|11px|11px|11px\u00a0\u00bb]<\/p>\n<p>sudo apt update<br \/> sudo apt install cin<\/p>\n<p>[\/et_pb_text][et_pb_text _builder_version=\u00a0\u00bb3.27.4&Prime;]<\/p>\n<p>Pour mettre \u00e0 jour une installation pr\u00e9c\u00e9dente, lancez :<\/p>\n<p>[\/et_pb_text][et_pb_text _builder_version=\u00a0\u00bb3.27.4&Prime; text_font=\u00a0\u00bb||||||||\u00a0\u00bb background_color=\u00a0\u00bb#f2f2f2&Prime; custom_margin=\u00a0\u00bb|||20px\u00a0\u00bb custom_padding=\u00a0\u00bb10px|5px|10px|20px\u00a0\u00bb border_radii=\u00a0\u00bbon|11px|11px|11px|11px\u00a0\u00bb]<\/p>\n<p>sudo apt update<br \/> sudo apt upgrade cin<\/p>\n<p>[\/et_pb_text][et_pb_text _builder_version=\u00a0\u00bb3.27.4&Prime;]<\/p>\n<p>Pour supprimer Cinelerra-GG, lancez :<\/p>\n<p>[\/et_pb_text][et_pb_text _builder_version=\u00a0\u00bb3.27.4&Prime; text_font=\u00a0\u00bb||||||||\u00a0\u00bb background_color=\u00a0\u00bb#f2f2f2&Prime; custom_margin=\u00a0\u00bb|||20px\u00a0\u00bb custom_padding=\u00a0\u00bb10px|5px|10px|20px\u00a0\u00bb border_radii=\u00a0\u00bbon|11px|11px|11px|11px\u00a0\u00bb]<\/p>\n<p>sudo apt remove cin<\/p>\n<p>[\/et_pb_text][\/et_pb_column][\/et_pb_row][\/et_pb_section]<\/p>\n","protected":false},"excerpt":{"rendered":"<p>Ubuntu Pour installer un paquet Ubuntu, ex\u00e9cutez les commandes suivantes dans un terminal :sudo apt install software-properties-common apt-transport-httpsPour Ubuntu 14.04 (Trusty Tahr), ex\u00e9cutez :sudo apt-add-repository https:\/\/cinelerra-gg.org\/download\/pkgs\/ub14Puis ex\u00e9cutez ces commandes pour l&rsquo;installer :sudo apt update sudo apt install cinUbuntu 14 dispose \u00e9galement d&rsquo;un paquet 32 bits. Suivez les m\u00eames instructions que pour Ubuntu 14.04 ci-dessus. Pour [&hellip;]<\/p>\n","protected":false},"author":1,"featured_media":0,"parent":0,"menu_order":0,"comment_status":"closed","ping_status":"closed","template":"","meta":{"_et_pb_use_builder":"on","_et_pb_old_content":"","_et_gb_content_width":"","footnotes":""},"class_list":["post-4495","page","type-page","status-publish","hentry"],"yoast_head":"<!-- This site is optimized with the Yoast SEO plugin v27.0 - https:\/\/yoast.com\/product\/yoast-seo-wordpress\/ -->\n<title>Ubuntu - Cinelerra GG<\/title>\n<meta name=\"robots\" content=\"index, follow, max-snippet:-1, max-image-preview:large, max-video-preview:-1\" \/>\n<link rel=\"canonical\" href=\"https:\/\/cinelerra-gg.org\/fr\/ubuntu\/\" \/>\n<meta property=\"og:locale\" content=\"fr_FR\" \/>\n<meta property=\"og:type\" content=\"article\" \/>\n<meta property=\"og:title\" content=\"Ubuntu - Cinelerra GG\" \/>\n<meta property=\"og:description\" content=\"Ubuntu Pour installer un paquet Ubuntu, ex\u00e9cutez les commandes suivantes dans un terminal :sudo apt install software-properties-common apt-transport-httpsPour Ubuntu 14.04 (Trusty Tahr), ex\u00e9cutez :sudo apt-add-repository https:\/\/cinelerra-gg.org\/download\/pkgs\/ub14Puis ex\u00e9cutez ces commandes pour l&#039;installer :sudo apt update sudo apt install cinUbuntu 14 dispose \u00e9galement d&#039;un paquet 32 bits. Suivez les m\u00eames instructions que pour Ubuntu 14.04 ci-dessus. Pour [&hellip;]\" \/>\n<meta property=\"og:url\" content=\"https:\/\/cinelerra-gg.org\/fr\/ubuntu\/\" \/>\n<meta property=\"og:site_name\" content=\"Cinelerra GG\" \/>\n<meta property=\"article:modified_time\" content=\"2020-10-09T20:12:38+00:00\" \/>\n<meta name=\"twitter:card\" content=\"summary_large_image\" \/>\n<meta name=\"twitter:label1\" content=\"Dur\u00e9e de lecture estim\u00e9e\" \/>\n\t<meta name=\"twitter:data1\" content=\"3 minutes\" \/>\n<script type=\"application\/ld+json\" class=\"yoast-schema-graph\">{\"@context\":\"https:\/\/schema.org\",\"@graph\":[{\"@type\":\"WebPage\",\"@id\":\"https:\/\/cinelerra-gg.org\/fr\/ubuntu\/\",\"url\":\"https:\/\/cinelerra-gg.org\/fr\/ubuntu\/\",\"name\":\"Ubuntu - Cinelerra GG\",\"isPartOf\":{\"@id\":\"https:\/\/cinelerra-gg.org\/fr\/#website\"},\"datePublished\":\"2019-04-26T09:36:38+00:00\",\"dateModified\":\"2020-10-09T20:12:38+00:00\",\"breadcrumb\":{\"@id\":\"https:\/\/cinelerra-gg.org\/fr\/ubuntu\/#breadcrumb\"},\"inLanguage\":\"fr-FR\",\"potentialAction\":[{\"@type\":\"ReadAction\",\"target\":[\"https:\/\/cinelerra-gg.org\/fr\/ubuntu\/\"]}]},{\"@type\":\"BreadcrumbList\",\"@id\":\"https:\/\/cinelerra-gg.org\/fr\/ubuntu\/#breadcrumb\",\"itemListElement\":[{\"@type\":\"ListItem\",\"position\":1,\"name\":\"Home\",\"item\":\"https:\/\/cinelerra-gg.org\/fr\/\"},{\"@type\":\"ListItem\",\"position\":2,\"name\":\"Ubuntu\"}]},{\"@type\":\"WebSite\",\"@id\":\"https:\/\/cinelerra-gg.org\/fr\/#website\",\"url\":\"https:\/\/cinelerra-gg.org\/fr\/\",\"name\":\"Cinelerra GG\",\"description\":\"Cinelerra GG free video editing software\",\"potentialAction\":[{\"@type\":\"SearchAction\",\"target\":{\"@type\":\"EntryPoint\",\"urlTemplate\":\"https:\/\/cinelerra-gg.org\/fr\/?s={search_term_string}\"},\"query-input\":{\"@type\":\"PropertyValueSpecification\",\"valueRequired\":true,\"valueName\":\"search_term_string\"}}],\"inLanguage\":\"fr-FR\"}]}<\/script>\n<!-- \/ Yoast SEO plugin. -->","yoast_head_json":{"title":"Ubuntu - Cinelerra GG","robots":{"index":"index","follow":"follow","max-snippet":"max-snippet:-1","max-image-preview":"max-image-preview:large","max-video-preview":"max-video-preview:-1"},"canonical":"https:\/\/cinelerra-gg.org\/fr\/ubuntu\/","og_locale":"fr_FR","og_type":"article","og_title":"Ubuntu - Cinelerra GG","og_description":"Ubuntu Pour installer un paquet Ubuntu, ex\u00e9cutez les commandes suivantes dans un terminal :sudo apt install software-properties-common apt-transport-httpsPour Ubuntu 14.04 (Trusty Tahr), ex\u00e9cutez :sudo apt-add-repository https:\/\/cinelerra-gg.org\/download\/pkgs\/ub14Puis ex\u00e9cutez ces commandes pour l'installer :sudo apt update sudo apt install cinUbuntu 14 dispose \u00e9galement d'un paquet 32 bits. Suivez les m\u00eames instructions que pour Ubuntu 14.04 ci-dessus. Pour [&hellip;]","og_url":"https:\/\/cinelerra-gg.org\/fr\/ubuntu\/","og_site_name":"Cinelerra GG","article_modified_time":"2020-10-09T20:12:38+00:00","twitter_card":"summary_large_image","twitter_misc":{"Dur\u00e9e de lecture estim\u00e9e":"3 minutes"},"schema":{"@context":"https:\/\/schema.org","@graph":[{"@type":"WebPage","@id":"https:\/\/cinelerra-gg.org\/fr\/ubuntu\/","url":"https:\/\/cinelerra-gg.org\/fr\/ubuntu\/","name":"Ubuntu - Cinelerra GG","isPartOf":{"@id":"https:\/\/cinelerra-gg.org\/fr\/#website"},"datePublished":"2019-04-26T09:36:38+00:00","dateModified":"2020-10-09T20:12:38+00:00","breadcrumb":{"@id":"https:\/\/cinelerra-gg.org\/fr\/ubuntu\/#breadcrumb"},"inLanguage":"fr-FR","potentialAction":[{"@type":"ReadAction","target":["https:\/\/cinelerra-gg.org\/fr\/ubuntu\/"]}]},{"@type":"BreadcrumbList","@id":"https:\/\/cinelerra-gg.org\/fr\/ubuntu\/#breadcrumb","itemListElement":[{"@type":"ListItem","position":1,"name":"Home","item":"https:\/\/cinelerra-gg.org\/fr\/"},{"@type":"ListItem","position":2,"name":"Ubuntu"}]},{"@type":"WebSite","@id":"https:\/\/cinelerra-gg.org\/fr\/#website","url":"https:\/\/cinelerra-gg.org\/fr\/","name":"Cinelerra GG","description":"Cinelerra GG free video editing software","potentialAction":[{"@type":"SearchAction","target":{"@type":"EntryPoint","urlTemplate":"https:\/\/cinelerra-gg.org\/fr\/?s={search_term_string}"},"query-input":{"@type":"PropertyValueSpecification","valueRequired":true,"valueName":"search_term_string"}}],"inLanguage":"fr-FR"}]}},"_links":{"self":[{"href":"https:\/\/cinelerra-gg.org\/fr\/wp-json\/wp\/v2\/pages\/4495","targetHints":{"allow":["GET"]}}],"collection":[{"href":"https:\/\/cinelerra-gg.org\/fr\/wp-json\/wp\/v2\/pages"}],"about":[{"href":"https:\/\/cinelerra-gg.org\/fr\/wp-json\/wp\/v2\/types\/page"}],"author":[{"embeddable":true,"href":"https:\/\/cinelerra-gg.org\/fr\/wp-json\/wp\/v2\/users\/1"}],"replies":[{"embeddable":true,"href":"https:\/\/cinelerra-gg.org\/fr\/wp-json\/wp\/v2\/comments?post=4495"}],"version-history":[{"count":0,"href":"https:\/\/cinelerra-gg.org\/fr\/wp-json\/wp\/v2\/pages\/4495\/revisions"}],"wp:attachment":[{"href":"https:\/\/cinelerra-gg.org\/fr\/wp-json\/wp\/v2\/media?parent=4495"}],"curies":[{"name":"wp","href":"https:\/\/api.w.org\/{rel}","templated":true}]}}