{"id":4497,"date":"2019-04-26T10:23:07","date_gmt":"2019-04-26T10:23:07","guid":{"rendered":"https:\/\/www.cinelerra-gg.org\/avis-de-non-responsabilite-et-notes-juridiques\/"},"modified":"2020-10-09T20:10:48","modified_gmt":"2020-10-09T20:10:48","slug":"avis-de-non-responsabilite-et-notes-juridiques","status":"publish","type":"page","link":"https:\/\/cinelerra-gg.org\/fr\/avis-de-non-responsabilite-et-notes-juridiques\/","title":{"rendered":"Avis de non-responsabilit\u00e9 et notes juridiques"},"content":{"rendered":"<p>[et_pb_section fb_built=\u00a0\u00bb1&Prime; _builder_version=\u00a0\u00bb3.22&Prime;][et_pb_row _builder_version=\u00a0\u00bb3.25&Prime; custom_padding=\u00a0\u00bb56px|0px|52px|0px|false|false\u00a0\u00bb][et_pb_column type=\u00a0\u00bb4_4&Prime; _builder_version=\u00a0\u00bb3.25&Prime; custom_padding=\u00a0\u00bb|||\u00a0\u00bb custom_padding__hover=\u00a0\u00bb|||\u00a0\u00bb][et_pb_text _builder_version=\u00a0\u00bb3.27.4&Prime;]<\/p>\n<h1>Avis de non-responsabilit\u00e9 et notes juridiques<\/h1>\n<p>&nbsp;<\/p>\n<h2>Objet de ce site web<\/h2>\n<p>Le site est g\u00e9r\u00e9 par des b\u00e9n\u00e9voles artistes, cin\u00e9astes, designers, blogueurs et d\u00e9veloppeurs \u00e0 des fins purement personnelles et priv\u00e9es pour \u00e9changer des \u0153uvres d&rsquo;art vid\u00e9o priv\u00e9es avec d&rsquo;autres amis, <span>coll\u00e8gues<\/span>, supporteurs, fans et les parties int\u00e9ress\u00e9es par les logiciels libres, <span>sp\u00e9cialement<\/span> en ce qui concerne la post-production vid\u00e9o \u00e0 source ouverte, et de contribuer au d\u00e9veloppement conjoint de Cinelerra GG. Il sert de plate-forme pour l&rsquo;\u00e9change d&rsquo;opinions, d&rsquo;id\u00e9es et la possibilit\u00e9 de sugg\u00e9rer des am\u00e9liorations au logiciel de montage vid\u00e9o et \u00e0 la pr\u00e9sentation d&rsquo;\u0153uvres vid\u00e9o artistiques priv\u00e9es. Nous ne poursuivons aucun but financier ou commercial et finan\u00e7ons ce projet priv\u00e9 \u00e0 partir de fonds personnels. Nous sommes personnellement attach\u00e9s \u00e0 l&rsquo;id\u00e9e de l&rsquo;Open Source, qui vise l&rsquo;acc\u00e8s libre et gratuit au logiciel. L&rsquo;utilisation de ce site web et de ses services et produits logiciels est faite sans aucune garantie de bon fonctionnement. L&rsquo;utilisation de ce site web et des services est \u00e0 vos propres risques. En outre, l&rsquo;utilisation est sans engagement et gratuite. Le logiciel de montage vid\u00e9o sur ce site web est sous licence GNU General Public License, veuillez lire le contrat de licence, et la plupart des m\u00e9dias sont sous licence CC BY-SA 3.0, CC BY-SA 4.0 ou CC0. Certaines \u0153uvres de ce site peuvent encore \u00eatre prot\u00e9g\u00e9es par le droit d&rsquo;auteur et n\u00e9cessitent donc l&rsquo;autorisation de l&rsquo;auteur pour leur utilisation. Pour en savoir plus \u00e0 ce sujet, reportez-vous \u00e0 la section inf\u00e9rieure. Par les am\u00e9liorations du logiciel nous profitons en priv\u00e9 aussi bien que les am\u00e9liorations profitent au bien commun.<\/p>\n<p>Les auteurs fournissent des r\u00e9f\u00e9rences et des liens vers des informations s\u00e9lectionn\u00e9es et d&rsquo;autres sujets dans le domaine de la post-production vid\u00e9o, de la r\u00e9alisation de films, de l&rsquo;art vid\u00e9o, ainsi que des informations dans le cadre de questions communautaires qui ne sont qu&rsquo;indicatives et ne repr\u00e9sentent pas une offre ou une recommandation. Toutes les nouvelles, opinions, recherches, donn\u00e9es et autres informations sur ce site web sont des explications g\u00e9n\u00e9rales ou des opinions personnelles de l&rsquo;auteur respectif et ne repr\u00e9sentent donc pas un article ou un caract\u00e8re \u00e9ditorial.<\/p>\n<p>[\/et_pb_text][\/et_pb_column][\/et_pb_row][et_pb_row _builder_version=\u00a0\u00bb3.25&Prime; custom_padding=\u00a0\u00bb10px|0px|16px|0px|false|false\u00a0\u00bb][et_pb_column type=\u00a0\u00bb4_4&Prime; _builder_version=\u00a0\u00bb3.25&Prime; custom_padding=\u00a0\u00bb|||\u00a0\u00bb custom_padding__hover=\u00a0\u00bb|||\u00a0\u00bb][et_pb_text _builder_version=\u00a0\u00bb3.27.4&Prime;]<\/p>\n<h2>Contenu de l&rsquo;offre en ligne<\/h2>\n<p>Les contenus de ce site web ont \u00e9t\u00e9 cr\u00e9\u00e9s avec le plus grand soin et au meilleur de nos connaissances. N\u00e9anmoins, l&rsquo;auteur d\u00e9cline toute responsabilit\u00e9 quant \u00e0 l&rsquo;actualit\u00e9, l&rsquo;exactitude, l&rsquo;exhaustivit\u00e9 ou la qualit\u00e9 des informations mises \u00e0 disposition. Toute revendication de responsabilit\u00e9 \u00e0 l&rsquo;encontre de l&rsquo;auteur concernant des dommages mat\u00e9riels ou immat\u00e9riels caus\u00e9s par l&rsquo;utilisation ou la non-utilisation des informations fournies ou par l&rsquo;utilisation d&rsquo;informations erron\u00e9es ou incompl\u00e8tes est exclue, sauf en cas de pr\u00e9m\u00e9ditation ou de n\u00e9gligence grave de la part de l&rsquo;auteur. <br \/>Toutes les offres sont sujettes \u00e0 modification et sans engagement. L&rsquo;auteur se r\u00e9serve express\u00e9ment le droit de modifier, de compl\u00e9ter ou d&rsquo;effacer des parties des pages ou l&rsquo;ensemble de l&rsquo;offre sans avis pr\u00e9alable ou d&rsquo;en suspendre temporairement ou d\u00e9finitivement la publication.<\/p>\n<h3>R\u00e9f\u00e9rences et liens<\/h3>\n<p>L&rsquo;auteur n&rsquo;est pas responsable des contenus li\u00e9s ou r\u00e9f\u00e9renc\u00e9s \u00e0 partir de ses pages &#8211; \u00e0 moins qu&rsquo;il ne connaisse parfaitement les contenus ill\u00e9gaux et qu&rsquo;il soit en mesure d&#8217;emp\u00eacher les visiteurs de son site de consulter ces pages. <br \/>L&rsquo;auteur d\u00e9clare express\u00e9ment qu&rsquo;au moment de la cr\u00e9ation des liens, aucun contenu ill\u00e9gal n&rsquo;\u00e9tait reconnaissable sur les pages li\u00e9es. L&rsquo;auteur n&rsquo;a aucune influence sur la conception actuelle et future, les contenus ou la paternit\u00e9 des pages li\u00e9es. C&rsquo;est pourquoi l&rsquo;auteur se distancie express\u00e9ment de tous les contenus de toutes les pages li\u00e9es qui ont \u00e9t\u00e9 modifi\u00e9es depuis la cr\u00e9ation des liens. Cette d\u00e9claration s&rsquo;applique \u00e0 tous les liens et renvois figurant sur le site web de l&rsquo;auteur ainsi qu&rsquo;aux entr\u00e9es de tiers dans les livres d&rsquo;or, les forums de discussion, r\u00e9pertoires de liens, listes de diffusion et dans toutes les autres formes de bases de donn\u00e9es de l&rsquo;auteur auxquelles un acc\u00e8s externe en \u00e9criture est possible. Pour les contenus ill\u00e9gaux, erron\u00e9s ou incomplets et en particulier pour les dommages r\u00e9sultant de l&rsquo;utilisation ou de la non-utilisation de ces informations, seul le fournisseur de la page \u00e0 laquelle il est renvoy\u00e9 est responsable, et non celui qui renvoie simplement \u00e0 la publication concern\u00e9e par des liens.<\/p>\n<h3>Droit d&rsquo;auteur et droit des marques<\/h3>\n<p>L&rsquo;auteur s&rsquo;efforce de respecter les droits d&rsquo;auteur des graphiques, documents sonores, s\u00e9quences vid\u00e9o et textes utilis\u00e9s dans toutes les publications, d&rsquo;utiliser des graphiques, documents sonores, s\u00e9quences vid\u00e9o et textes cr\u00e9\u00e9s par lui-m\u00eame ou d&rsquo;utiliser des graphiques, documents sonores, s\u00e9quences vid\u00e9o et textes libre de licence. <br \/>Toutes les marques et marques d\u00e9pos\u00e9es mentionn\u00e9es dans l&rsquo;offre Internet et \u00e9ventuellement prot\u00e9g\u00e9es par des tiers sont soumises sans restriction aux dispositions du droit des marques en vigueur et aux droits de propri\u00e9t\u00e9 des propri\u00e9taires enregistr\u00e9s respectifs. Le simple fait qu&rsquo;une marque soit mentionn\u00e9e ne doit pas conduire \u00e0 la conclusion qu&rsquo;elle n&rsquo;est pas prot\u00e9g\u00e9e par les droits des tiers ! <br \/>Les droits d&rsquo;auteur pour les objets publi\u00e9s cr\u00e9\u00e9s par l&rsquo;auteur lui-m\u00eame restent la propri\u00e9t\u00e9 exclusive de l&rsquo;auteur des pages. Toute reproduction ou utilisation d&rsquo;objets tels que diagrammes, sons ou textes dans d&rsquo;autres publications \u00e9lectroniques ou imprim\u00e9es est interdite sans l&rsquo;accord de l&rsquo;auteur. <\/p>\n<h3>Validit\u00e9 juridique de cette clause de non-responsabilit\u00e9<\/h3>\n<p>Cette clause de non-responsabilit\u00e9 doit \u00eatre consid\u00e9r\u00e9e comme faisant partie de la publication Internet \u00e0 laquelle vous avez \u00e9t\u00e9 renvoy\u00e9. Si des parties ou des termes individuels de cette d\u00e9claration ne sont pas l\u00e9gaux ou corrects, le contenu ou la validit\u00e9 des autres parties n&rsquo;en sont pas affect\u00e9s.<\/p>\n<p>[\/et_pb_text][\/et_pb_column][\/et_pb_row][et_pb_row _builder_version=\u00a0\u00bb3.25&Prime; custom_padding=\u00a0\u00bb15px|0px|27px|0px|false|false\u00a0\u00bb][et_pb_column type=\u00a0\u00bb4_4&Prime; _builder_version=\u00a0\u00bb3.25&Prime; custom_padding=\u00a0\u00bb|||\u00a0\u00bb custom_padding__hover=\u00a0\u00bb|||\u00a0\u00bb][et_pb_text _builder_version=\u00a0\u00bb3.27.4&Prime;]<\/p>\n<p>Si vous avez des questions ou des probl\u00e8mes avec le site web, veuillez \u00e9crire un courriel. <br \/>webmaster [at] cinelerra-gg [dot] org<\/p>\n<p>[\/et_pb_text][\/et_pb_column][\/et_pb_row][et_pb_row _builder_version=\u00a0\u00bb3.25&Prime; custom_padding=\u00a0\u00bb38px|0px|7px|0px|false|false\u00a0\u00bb][et_pb_column type=\u00a0\u00bb4_4&Prime; _builder_version=\u00a0\u00bb3.25&Prime; custom_padding=\u00a0\u00bb|||\u00a0\u00bb custom_padding__hover=\u00a0\u00bb|||\u00a0\u00bb][et_pb_text _builder_version=\u00a0\u00bb3.27.4&Prime;]<\/p>\n<h2>R\u00e9f\u00e9rences m\u00e9dias<\/h2>\n<p>[\/et_pb_text][\/et_pb_column][\/et_pb_row][et_pb_row _builder_version=\u00a0\u00bb3.25&Prime; custom_padding=\u00a0\u00bb12px|0px|27px|0px|false|false\u00a0\u00bb][et_pb_column type=\u00a0\u00bb4_4&Prime; _builder_version=\u00a0\u00bb3.25&Prime; custom_padding=\u00a0\u00bb|||\u00a0\u00bb custom_padding__hover=\u00a0\u00bb|||\u00a0\u00bb][et_pb_text _builder_version=\u00a0\u00bb3.27.4&Prime;]<\/p>\n<div>Les ic\u00f4nes faites par <a href=\"https:\/\/www.freepik.com\/\" title=\"Freepik\">Freepik<\/a> de <a href=\"https:\/\/www.flaticon.com\/\" title=\"Flaticon\">www.flaticon.com<\/a> sont sous licence <a href=\"http:\/\/creativecommons.org\/licenses\/by\/3.0\/\" title=\"Creative Commons BY 3.0\" target=\"_blank\" rel=\"noopener noreferrer\">CC 3.0 BY<\/a><\/div>\n<div style=\"text-align: center\"><\/div>\n<div style=\"text-align: left\"><img loading=\"lazy\" decoding=\"async\" src=\"https:\/\/cinelerra-gg.org\/wp-content\/uploads\/2018\/11\/git_red_32-1.png\" alt=\"\" class=\"wp-image-880 alignnone size-full\" width=\"32\" height=\"32\"> <img loading=\"lazy\" decoding=\"async\" src=\"https:\/\/cinelerra-gg.org\/wp-content\/uploads\/2018\/11\/pdf_32.png\" alt=\"\" class=\"wp-image-845 alignnone size-full\" width=\"32\" height=\"32\"><img loading=\"lazy\" decoding=\"async\" src=\"https:\/\/cinelerra-gg.org\/wp-content\/uploads\/2018\/11\/language-global-32.png\" alt=\"\" class=\"wp-image-1195 alignnone size-full\" width=\"32\" height=\"32\"><img loading=\"lazy\" decoding=\"async\" src=\"https:\/\/cinelerra-gg.org\/wp-content\/uploads\/2018\/11\/doc-icon-32.png\" alt=\"\" class=\"wp-image-1201 alignnone size-full\" width=\"32\" height=\"32\"><img loading=\"lazy\" decoding=\"async\" src=\"https:\/\/cinelerra-gg.org\/wp-content\/uploads\/2018\/11\/idea-icon-32.png\" alt=\"\" class=\"wp-image-1229 alignnone size-full\" width=\"32\" height=\"32\"><img loading=\"lazy\" decoding=\"async\" src=\"https:\/\/cinelerra-gg.org\/wp-content\/uploads\/2019\/01\/computer_32px.png\" alt=\"\" class=\"wp-image-2084 alignnone size-full\" width=\"32\" height=\"32\"><\/div>\n<p>[\/et_pb_text][et_pb_text _builder_version=\u00a0\u00bb3.27.4&Prime;]<\/p>\n<div>Les ic\u00f4nes faites par <a href=\"https:\/\/www.flaticon.com\/authors\/prettycons\" title=\"prettycons\">prettycons<\/a> de <a href=\"https:\/\/www.flaticon.com\/\" title=\"Flaticon\">www.flaticon.com<\/a> de <a href=\"http:\/\/creativecommons.org\/licenses\/by\/3.0\/\" title=\"Creative Commons BY 3.0\" target=\"_blank\" rel=\"noopener noreferrer\">CC 3.0 BY<\/a><\/div>\n<div style=\"text-align: left\"><img loading=\"lazy\" decoding=\"async\" src=\"https:\/\/cinelerra-gg.org\/wp-content\/uploads\/2018\/11\/code-terminal_01.png\" alt=\"\" class=\"wp-image-841 alignnone size-full\" width=\"32\" height=\"32\"><\/div>\n<p>[\/et_pb_text][et_pb_text _builder_version=\u00a0\u00bb3.27.4&Prime;]<\/p>\n<div>Les ic\u00f4nes faites par <a href=\"https:\/\/www.flaticon.com\/authors\/smashicons\" title=\"Smashicons\">Smashicons<\/a> de <a href=\"https:\/\/www.flaticon.com\/\" title=\"Flaticon\">www.flaticon.com<\/a> sont sous licence <a href=\"http:\/\/creativecommons.org\/licenses\/by\/3.0\/\" title=\"Creative Commons BY 3.0\" target=\"_blank\" rel=\"noopener noreferrer\">CC 3.0 BY<\/a><\/div>\n<div><img loading=\"lazy\" decoding=\"async\" src=\"https:\/\/cinelerra-gg.org\/wp-content\/uploads\/2018\/11\/video-camera-icon-32.png\" alt=\"\" class=\"wp-image-1209 alignnone size-full\" width=\"32\" height=\"32\"><\/div>\n<p>[\/et_pb_text][et_pb_text _builder_version=\u00a0\u00bb3.27.4&Prime;]<\/p>\n<div>Les ic\u00f4nes faites par <a href=\"https:\/\/www.flaticon.com\/authors\/smashicons\" title=\"Smashicons\">Smashicons<\/a> de <a href=\"https:\/\/www.flaticon.com\/\" title=\"Flaticon\">www.flaticon.com<\/a> sont sous licence <a href=\"http:\/\/creativecommons.org\/licenses\/by\/3.0\/\" title=\"Creative Commons BY 3.0\" target=\"_blank\" rel=\"noopener noreferrer\">CC 3.0 BY<\/a><\/div>\n<div><img loading=\"lazy\" decoding=\"async\" src=\"https:\/\/cinelerra-gg.org\/wp-content\/uploads\/2018\/11\/development-icon-32.png\" alt=\"\" class=\"wp-image-1221 alignnone size-full\" width=\"32\" height=\"32\"><\/div>\n<p>[\/et_pb_text][et_pb_text _builder_version=\u00a0\u00bb3.27.4&Prime;]<\/p>\n<div>Les ic\u00f4nes faites par <a href=\"https:\/\/www.flaticon.com\/authors\/alfredo-hernandez\" title=\"Alfredo Hernandez\">Alfredo Hernandez<\/a> de <a href=\"https:\/\/www.flaticon.com\/\" title=\"Flaticon\">www.flaticon.com<\/a> sont sous licence <a href=\"http:\/\/creativecommons.org\/licenses\/by\/3.0\/\" title=\"Creative Commons BY 3.0\" target=\"_blank\" rel=\"noopener noreferrer\">CC 3.0 BY<\/a><\/div>\n<div><img loading=\"lazy\" decoding=\"async\" src=\"https:\/\/cinelerra-gg.org\/wp-content\/uploads\/2018\/11\/bug-icon-32.png\" alt=\"\" class=\"wp-image-1215 alignnone size-full\" width=\"32\" height=\"32\"><\/div>\n<p>[\/et_pb_text][et_pb_text _builder_version=\u00a0\u00bb3.27.4&Prime;]<\/p>\n<div>Les ic\u00f4nes faites par <a href=\"https:\/\/www.flaticon.com\/authors\/pixel-buddha\" title=\"Pixel Buddha\">Pixel Buddha<\/a> de <a href=\"https:\/\/www.flaticon.com\/\" title=\"Flaticon\">www.flaticon.com<\/a> sont sous licence <a href=\"http:\/\/creativecommons.org\/licenses\/by\/3.0\/\" title=\"Creative Commons BY 3.0\" target=\"_blank\" rel=\"noopener noreferrer\">CC 3.0 BY<\/a><\/div>\n<div><img loading=\"lazy\" decoding=\"async\" src=\"https:\/\/cinelerra-gg.org\/wp-content\/uploads\/2019\/01\/help_32px.png\" alt=\"\" class=\"wp-image-2079 alignnone size-full\" width=\"32\" height=\"32\"><\/div>\n<p>[\/et_pb_text][et_pb_text _builder_version=\u00a0\u00bb4.4.2&Prime; hover_enabled=\u00a0\u00bb0&Prime;]<\/p>\n<p>Le mat\u00e9riel vid\u00e9o utilis\u00e9 dans la capture d&rsquo;\u00e9cran du multi-\u00e9cran provient : <a href=\"https:\/\/peach.blender.org\/about\/\">https:\/\/peach.blender.org\/about\/<\/a> et est licenci\u00e9 sous <a href=\"http:\/\/creativecommons.org\/licenses\/by\/3.0\/\">http:\/\/creativecommons.org\/licenses\/by\/3.0\/<\/a>.<\/p>\n<p>[\/et_pb_text][\/et_pb_column][\/et_pb_row][\/et_pb_section]<\/p>\n","protected":false},"excerpt":{"rendered":"<p>Avis de non-responsabilit\u00e9 et notes juridiques &nbsp; Objet de ce site web Le site est g\u00e9r\u00e9 par des b\u00e9n\u00e9voles artistes, cin\u00e9astes, designers, blogueurs et d\u00e9veloppeurs \u00e0 des fins purement personnelles et priv\u00e9es pour \u00e9changer des \u0153uvres d&rsquo;art vid\u00e9o priv\u00e9es avec d&rsquo;autres amis, coll\u00e8gues, supporteurs, fans et les parties int\u00e9ress\u00e9es par les logiciels libres, sp\u00e9cialement en [&hellip;]<\/p>\n","protected":false},"author":1,"featured_media":0,"parent":0,"menu_order":0,"comment_status":"closed","ping_status":"closed","template":"","meta":{"_et_pb_use_builder":"on","_et_pb_old_content":"","_et_gb_content_width":"","footnotes":""},"class_list":["post-4497","page","type-page","status-publish","hentry"],"yoast_head":"<!-- This site is optimized with the Yoast SEO plugin v27.0 - https:\/\/yoast.com\/product\/yoast-seo-wordpress\/ -->\n<title>Avis de non-responsabilit\u00e9 et notes juridiques - Cinelerra GG<\/title>\n<meta name=\"robots\" content=\"noindex, nofollow\" \/>\n<meta property=\"og:locale\" content=\"fr_FR\" \/>\n<meta property=\"og:type\" content=\"article\" \/>\n<meta property=\"og:title\" content=\"Avis de non-responsabilit\u00e9 et notes juridiques - Cinelerra GG\" \/>\n<meta property=\"og:description\" content=\"Avis de non-responsabilit\u00e9 et notes juridiques &nbsp; Objet de ce site web Le site est g\u00e9r\u00e9 par des b\u00e9n\u00e9voles artistes, cin\u00e9astes, designers, blogueurs et d\u00e9veloppeurs \u00e0 des fins purement personnelles et priv\u00e9es pour \u00e9changer des \u0153uvres d&#039;art vid\u00e9o priv\u00e9es avec d&#039;autres amis, coll\u00e8gues, supporteurs, fans et les parties int\u00e9ress\u00e9es par les logiciels libres, sp\u00e9cialement en [&hellip;]\" \/>\n<meta property=\"og:url\" content=\"https:\/\/cinelerra-gg.org\/fr\/avis-de-non-responsabilite-et-notes-juridiques\/\" \/>\n<meta property=\"og:site_name\" content=\"Cinelerra GG\" \/>\n<meta property=\"article:modified_time\" content=\"2020-10-09T20:10:48+00:00\" \/>\n<meta property=\"og:image\" content=\"https:\/\/cinelerra-gg.org\/wp-content\/uploads\/2018\/11\/git_red_32-1.png\" \/>\n<meta name=\"twitter:card\" content=\"summary_large_image\" \/>\n<meta name=\"twitter:label1\" content=\"Dur\u00e9e de lecture estim\u00e9e\" \/>\n\t<meta name=\"twitter:data1\" content=\"7 minutes\" \/>\n<script type=\"application\/ld+json\" class=\"yoast-schema-graph\">{\"@context\":\"https:\/\/schema.org\",\"@graph\":[{\"@type\":\"WebPage\",\"@id\":\"https:\/\/cinelerra-gg.org\/fr\/avis-de-non-responsabilite-et-notes-juridiques\/\",\"url\":\"https:\/\/cinelerra-gg.org\/fr\/avis-de-non-responsabilite-et-notes-juridiques\/\",\"name\":\"Avis de non-responsabilit\u00e9 et notes juridiques - Cinelerra GG\",\"isPartOf\":{\"@id\":\"https:\/\/cinelerra-gg.org\/fr\/#website\"},\"primaryImageOfPage\":{\"@id\":\"https:\/\/cinelerra-gg.org\/fr\/avis-de-non-responsabilite-et-notes-juridiques\/#primaryimage\"},\"image\":{\"@id\":\"https:\/\/cinelerra-gg.org\/fr\/avis-de-non-responsabilite-et-notes-juridiques\/#primaryimage\"},\"thumbnailUrl\":\"https:\/\/cinelerra-gg.org\/wp-content\/uploads\/2018\/11\/git_red_32-1.png\",\"datePublished\":\"2019-04-26T10:23:07+00:00\",\"dateModified\":\"2020-10-09T20:10:48+00:00\",\"breadcrumb\":{\"@id\":\"https:\/\/cinelerra-gg.org\/fr\/avis-de-non-responsabilite-et-notes-juridiques\/#breadcrumb\"},\"inLanguage\":\"fr-FR\",\"potentialAction\":[{\"@type\":\"ReadAction\",\"target\":[\"https:\/\/cinelerra-gg.org\/fr\/avis-de-non-responsabilite-et-notes-juridiques\/\"]}]},{\"@type\":\"ImageObject\",\"inLanguage\":\"fr-FR\",\"@id\":\"https:\/\/cinelerra-gg.org\/fr\/avis-de-non-responsabilite-et-notes-juridiques\/#primaryimage\",\"url\":\"https:\/\/cinelerra-gg.org\/wp-content\/uploads\/2018\/11\/git_red_32-1.png\",\"contentUrl\":\"https:\/\/cinelerra-gg.org\/wp-content\/uploads\/2018\/11\/git_red_32-1.png\"},{\"@type\":\"BreadcrumbList\",\"@id\":\"https:\/\/cinelerra-gg.org\/fr\/avis-de-non-responsabilite-et-notes-juridiques\/#breadcrumb\",\"itemListElement\":[{\"@type\":\"ListItem\",\"position\":1,\"name\":\"Home\",\"item\":\"https:\/\/cinelerra-gg.org\/fr\/\"},{\"@type\":\"ListItem\",\"position\":2,\"name\":\"Avis de non-responsabilit\u00e9 et notes juridiques\"}]},{\"@type\":\"WebSite\",\"@id\":\"https:\/\/cinelerra-gg.org\/fr\/#website\",\"url\":\"https:\/\/cinelerra-gg.org\/fr\/\",\"name\":\"Cinelerra GG\",\"description\":\"Cinelerra GG free video editing software\",\"potentialAction\":[{\"@type\":\"SearchAction\",\"target\":{\"@type\":\"EntryPoint\",\"urlTemplate\":\"https:\/\/cinelerra-gg.org\/fr\/?s={search_term_string}\"},\"query-input\":{\"@type\":\"PropertyValueSpecification\",\"valueRequired\":true,\"valueName\":\"search_term_string\"}}],\"inLanguage\":\"fr-FR\"}]}<\/script>\n<!-- \/ Yoast SEO plugin. -->","yoast_head_json":{"title":"Avis de non-responsabilit\u00e9 et notes juridiques - Cinelerra GG","robots":{"index":"noindex","follow":"nofollow"},"og_locale":"fr_FR","og_type":"article","og_title":"Avis de non-responsabilit\u00e9 et notes juridiques - Cinelerra GG","og_description":"Avis de non-responsabilit\u00e9 et notes juridiques &nbsp; Objet de ce site web Le site est g\u00e9r\u00e9 par des b\u00e9n\u00e9voles artistes, cin\u00e9astes, designers, blogueurs et d\u00e9veloppeurs \u00e0 des fins purement personnelles et priv\u00e9es pour \u00e9changer des \u0153uvres d'art vid\u00e9o priv\u00e9es avec d'autres amis, coll\u00e8gues, supporteurs, fans et les parties int\u00e9ress\u00e9es par les logiciels libres, sp\u00e9cialement en [&hellip;]","og_url":"https:\/\/cinelerra-gg.org\/fr\/avis-de-non-responsabilite-et-notes-juridiques\/","og_site_name":"Cinelerra GG","article_modified_time":"2020-10-09T20:10:48+00:00","og_image":[{"url":"https:\/\/cinelerra-gg.org\/wp-content\/uploads\/2018\/11\/git_red_32-1.png","type":"","width":"","height":""}],"twitter_card":"summary_large_image","twitter_misc":{"Dur\u00e9e de lecture estim\u00e9e":"7 minutes"},"schema":{"@context":"https:\/\/schema.org","@graph":[{"@type":"WebPage","@id":"https:\/\/cinelerra-gg.org\/fr\/avis-de-non-responsabilite-et-notes-juridiques\/","url":"https:\/\/cinelerra-gg.org\/fr\/avis-de-non-responsabilite-et-notes-juridiques\/","name":"Avis de non-responsabilit\u00e9 et notes juridiques - Cinelerra GG","isPartOf":{"@id":"https:\/\/cinelerra-gg.org\/fr\/#website"},"primaryImageOfPage":{"@id":"https:\/\/cinelerra-gg.org\/fr\/avis-de-non-responsabilite-et-notes-juridiques\/#primaryimage"},"image":{"@id":"https:\/\/cinelerra-gg.org\/fr\/avis-de-non-responsabilite-et-notes-juridiques\/#primaryimage"},"thumbnailUrl":"https:\/\/cinelerra-gg.org\/wp-content\/uploads\/2018\/11\/git_red_32-1.png","datePublished":"2019-04-26T10:23:07+00:00","dateModified":"2020-10-09T20:10:48+00:00","breadcrumb":{"@id":"https:\/\/cinelerra-gg.org\/fr\/avis-de-non-responsabilite-et-notes-juridiques\/#breadcrumb"},"inLanguage":"fr-FR","potentialAction":[{"@type":"ReadAction","target":["https:\/\/cinelerra-gg.org\/fr\/avis-de-non-responsabilite-et-notes-juridiques\/"]}]},{"@type":"ImageObject","inLanguage":"fr-FR","@id":"https:\/\/cinelerra-gg.org\/fr\/avis-de-non-responsabilite-et-notes-juridiques\/#primaryimage","url":"https:\/\/cinelerra-gg.org\/wp-content\/uploads\/2018\/11\/git_red_32-1.png","contentUrl":"https:\/\/cinelerra-gg.org\/wp-content\/uploads\/2018\/11\/git_red_32-1.png"},{"@type":"BreadcrumbList","@id":"https:\/\/cinelerra-gg.org\/fr\/avis-de-non-responsabilite-et-notes-juridiques\/#breadcrumb","itemListElement":[{"@type":"ListItem","position":1,"name":"Home","item":"https:\/\/cinelerra-gg.org\/fr\/"},{"@type":"ListItem","position":2,"name":"Avis de non-responsabilit\u00e9 et notes juridiques"}]},{"@type":"WebSite","@id":"https:\/\/cinelerra-gg.org\/fr\/#website","url":"https:\/\/cinelerra-gg.org\/fr\/","name":"Cinelerra GG","description":"Cinelerra GG free video editing software","potentialAction":[{"@type":"SearchAction","target":{"@type":"EntryPoint","urlTemplate":"https:\/\/cinelerra-gg.org\/fr\/?s={search_term_string}"},"query-input":{"@type":"PropertyValueSpecification","valueRequired":true,"valueName":"search_term_string"}}],"inLanguage":"fr-FR"}]}},"_links":{"self":[{"href":"https:\/\/cinelerra-gg.org\/fr\/wp-json\/wp\/v2\/pages\/4497","targetHints":{"allow":["GET"]}}],"collection":[{"href":"https:\/\/cinelerra-gg.org\/fr\/wp-json\/wp\/v2\/pages"}],"about":[{"href":"https:\/\/cinelerra-gg.org\/fr\/wp-json\/wp\/v2\/types\/page"}],"author":[{"embeddable":true,"href":"https:\/\/cinelerra-gg.org\/fr\/wp-json\/wp\/v2\/users\/1"}],"replies":[{"embeddable":true,"href":"https:\/\/cinelerra-gg.org\/fr\/wp-json\/wp\/v2\/comments?post=4497"}],"version-history":[{"count":0,"href":"https:\/\/cinelerra-gg.org\/fr\/wp-json\/wp\/v2\/pages\/4497\/revisions"}],"wp:attachment":[{"href":"https:\/\/cinelerra-gg.org\/fr\/wp-json\/wp\/v2\/media?parent=4497"}],"curies":[{"name":"wp","href":"https:\/\/api.w.org\/{rel}","templated":true}]}}