{"id":4533,"date":"2019-04-26T12:06:47","date_gmt":"2019-04-26T12:06:47","guid":{"rendered":"https:\/\/www.cinelerra-gg.org\/a-propos\/"},"modified":"2021-01-27T22:44:13","modified_gmt":"2021-01-27T22:44:13","slug":"a-propos","status":"publish","type":"page","link":"https:\/\/cinelerra-gg.org\/fr\/a-propos\/","title":{"rendered":"\u00c0 propos"},"content":{"rendered":"<p>[et_pb_section fb_built=\u00a0\u00bb1&Prime; _builder_version=\u00a0\u00bb3.22&Prime; use_background_color_gradient=\u00a0\u00bbon\u00a0\u00bb background_color_gradient_start=\u00a0\u00bb#383838&Prime; background_color_gradient_end=\u00a0\u00bb#828282&Prime; background_color_gradient_start_position=\u00a0\u00bb71%\u00a0\u00bb custom_margin=\u00a0\u00bb0px||\u00a0\u00bb custom_padding=\u00a0\u00bb39px|0px|16px|0px|false|false\u00a0\u00bb][et_pb_row _builder_version=\u00a0\u00bb3.25&Prime; custom_padding=\u00a0\u00bb11px|0px|14px|0px|false|false\u00a0\u00bb][et_pb_column type=\u00a0\u00bb4_4&Prime; _builder_version=\u00a0\u00bb3.25&Prime; custom_padding=\u00a0\u00bb|||\u00a0\u00bb custom_padding__hover=\u00a0\u00bb|||\u00a0\u00bb][et_pb_image src=\u00a0\u00bbhttps:\/\/cinelerra-gg.org\/wp-content\/uploads\/2018\/11\/About-Cinelerra-GG-850-02.png\u00a0\u00bb align=\u00a0\u00bbcenter\u00a0\u00bb align_tablet=\u00a0\u00bbcenter\u00a0\u00bb align_phone=\u00a0\u00bb\u00a0\u00bb align_last_edited=\u00a0\u00bbon|desktop\u00a0\u00bb _builder_version=\u00a0\u00bb3.23&Prime;][\/et_pb_image][\/et_pb_column][\/et_pb_row][\/et_pb_section][et_pb_section fb_built=\u00a0\u00bb1&Prime; _builder_version=\u00a0\u00bb3.22&Prime;][et_pb_row _builder_version=\u00a0\u00bb3.25&Prime;][et_pb_column type=\u00a0\u00bb4_4&Prime; _builder_version=\u00a0\u00bb3.25&Prime; custom_padding=\u00a0\u00bb|||\u00a0\u00bb custom_padding__hover=\u00a0\u00bb|||\u00a0\u00bb][et_pb_text _builder_version=\u00a0\u00bb3.27.4&Prime;]<\/p>\n<h1>\u00c0 propos<\/h1>\n<p>Cinelerra est un \u00e9diteur NLE &#8211; Non-Linear Editor (\u00e9diteur non lin\u00e9aire) &#8211; pour Linux qui permet de composer des m\u00e9dias audio et vid\u00e9o. En plus du montage, il peut \u00eatre utilis\u00e9 comme un lecteur audio\/vid\u00e9o, pour enregistrer audio ou vid\u00e9o d&rsquo;\u00e9missions de t\u00e9l\u00e9vision diffus\u00e9es, pour cr\u00e9er des m\u00e9dias dvd\/bluray, et pour retoucher des vieilles photos. \u00c9tant donn\u00e9 que cinelerra poss\u00e8de de nombreuses fonctionnalit\u00e9s pour le contenu non compress\u00e9, le traitement haute r\u00e9solution et la composition, l&rsquo;utilisation de cinelerra peut s&rsquo;av\u00e9rer assez complexe. Cependant, avec seulement un peu d&rsquo;introduction, m\u00eame un novice sera capable de cr\u00e9er des vid\u00e9os simples et artistiques.<\/p>\n<p>Cinelerra-gg est sous licence GNU General Public License (GNU GPL ou GPL) qui est une licence de logiciel libre donnant aux utilisateurs la possibilit\u00e9 d&rsquo;ex\u00e9cuter, partager et modifier le logiciel. Toutes les biblioth\u00e8ques incluses, telles que Ffmpeg, sont \u00e9galement sous licence GPL. Cinelerra-gg a utilis\u00e9 le logiciel original de Cinelerra (Heroine Virtual) comme base, a incorpor\u00e9 le travail et les modifications apport\u00e9es par de nombreux d\u00e9veloppeurs au fil des ann\u00e9es (Community Version), a ajout\u00e9 de nombreuses am\u00e9liorations au fil des ann\u00e9es, et est en constante am\u00e9lioration. Actuellement, de nouvelles versions pr\u00e9-construites pour de nombreuses distributions sont publi\u00e9es mensuellement.<\/p>\n<p>[\/et_pb_text][\/et_pb_column][\/et_pb_row][et_pb_row _builder_version=\u00a0\u00bb3.25&Prime;][et_pb_column type=\u00a0\u00bb4_4&Prime; _builder_version=\u00a0\u00bb3.25&Prime; custom_padding=\u00a0\u00bb|||\u00a0\u00bb custom_padding__hover=\u00a0\u00bb|||\u00a0\u00bb][et_pb_text _builder_version=\u00a0\u00bb3.27.4&Prime; text_font=\u00a0\u00bb||||||||\u00a0\u00bb]<\/p>\n<h2>Informations additionnelles<\/h2>\n<p>&nbsp;<\/p>\n<h3>Qu&rsquo;est-il arriv\u00e9 \u00e0 l&rsquo;ancien site Cinelerra-CV ?<\/h3>\n<p>Apr\u00e8s le d\u00e9part de quelques b\u00e9n\u00e9voles de Cinelerra-CV.org, il n&rsquo;y a malheureusement pas eu beaucoup d&rsquo;int\u00e9r\u00eat pour maintenir le site ou\u00e8be en vie en tant que projet ind\u00e9pendant. Cela s&rsquo;explique probablement par un d\u00e9placement accru des activit\u00e9s des utilisateurs vers Cinelerra-GG au cours des derniers mois. En raison de l&rsquo;inactivit\u00e9 de la communaut\u00e9 Cinelerra-CV.org, le serveur de Cinelerra-CV.org a \u00e9t\u00e9 d\u00e9sactiv\u00e9 et le contenu a \u00e9t\u00e9 supprim\u00e9. Selon l&rsquo;\u00e9tat actuel, le d\u00e9veloppement de Cinelerra-CV est gel\u00e9. Afin que les anciens utilisateurs de Cinelerra-CV puissent \u00eatre inform\u00e9s des changements et que le domaine ne m\u00e8ne pas \u00e0 une impasse, une redirection sur le site de Cinelerra-GG a \u00e9t\u00e9 mise en place. Nous avons regrett\u00e9 que les anciennes informations sur Cinelerra-CV soient perdues, c&rsquo;est pourquoi nous avons copi\u00e9 les anciens <a href=\"https:\/\/github.com\/cinelerra-gg?tab=repositories\" title=\"D\u00e9p\u00f4ts Cinelerra-CV\">d\u00e9p\u00f4ts Cinelerra-CV<\/a> sur Github \u00e0 des fins d&rsquo;archivage et de documentation et celles-ci peuvent y \u00eatre consult\u00e9es \u00e0 tout moment. Nous avons \u00e9galement ajout\u00e9 un lien vers l&rsquo;ancienne <a href=\"\/?page_id=4387\" title=\"liste de discussion de Cinelerra-CV\">liste de discussion de Cinelerra-CV<\/a> pour qu&rsquo;elle soit disponible \u00e0 des fins de recherche. Si vous cherchez une alternative \u00e0 Cinelerra-CV, vous pouvez <a href=\"https:\/\/cinelerra-gg.org\/de\/?page_id=3803\" title=\"t\u00e9l\u00e9chargement de Cinelerra-GG\">essayer Cinelerra-GG<\/a> ou le Cinelerra originel (HV) ou <a href=\"https:\/\/github.com\/vanakala\/cinelerra-cve\" title=\"github Cinelerra-CVE\">Cinelerra-CVE<\/a>. Pour en savoir plus sur les autres d\u00e9veloppements, voir ci-dessous. <strong>Mise \u00e0 jour :<\/strong> entre-temps, le d\u00e9veloppeur Einar et un supporter ont cr\u00e9\u00e9 un nouveau site ou\u00e8be http:\/\/cinelerra-cv.wikidot.com\/. Mais le statut du d\u00e9veloppement est toujours gel\u00e9. <\/p>\n<h3>Pourquoi y a-t-il plusieurs branches de Cinelerra ?<\/h3>\n<p>Les go\u00fbts sont diff\u00e9rents. Tout comme il existe d&rsquo;innombrables environnements de bureau diff\u00e9rents pour Linux, comme GNOME, KDE, Cinnamon, etc., il y a maintenant aussi diff\u00e9rentes branches de Cinelerra. En raison de pr\u00e9f\u00e9rences diff\u00e9rentes et des id\u00e9es des d\u00e9veloppeurs aussi, diff\u00e9rentes versions de Cinelerra ont vu le jour.<\/p>\n<h3>Quelle version de Cinelerra recommandez-vous ?<\/h3>\n<p>La r\u00e9ponse est relativement simple : essayez-les !<\/p>\n<p>De la m\u00eame fa\u00e7on qu&rsquo;il y a des pr\u00e9f\u00e9rences diff\u00e9rentes pour les environnements de bureau Linux, il y a certainement aussi des go\u00fbts et des pr\u00e9f\u00e9rences diff\u00e9rents chez Cinelerra. Les autres versions poss\u00e8dent aussi leurs points forts et c&rsquo;est pourquoi nous vous recommandons de simplement les essayer. Voici quelques petits conseils sur les diff\u00e9rentes versions.<\/p>\n<p><strong>Cinelerra-GG :<\/strong> poss\u00e8de un cycle de d\u00e9veloppement rapide et fonctionne principalement selon le mod\u00e8le Scrum, c&rsquo;est \u00e0 dire qu&rsquo;il sort une nouvelle version tous les mois, il s&rsquo;agit d&rsquo;une version \u00e9volutive, et prend en compte et met en \u0153uvre rapidement les retours des utilisateurs. Cette version met l&rsquo;accent sur les nouvelles fonctionnalit\u00e9s, l&rsquo;am\u00e9lioration de la stabilit\u00e9, la correction rapide des bogues et l&rsquo;expansion de la base de codec.<\/p>\n<p><strong>Cinelerra-CV :<\/strong> cette version se concentre sur la stabilit\u00e9. La philosophie de d\u00e9veloppement est donc plut\u00f4t conservatrice et plus lente que les autres branches. Le d\u00e9veloppement de cette version est gel\u00e9.<\/p>\n<p><strong>Cinelerra-CVE :<\/strong> c&rsquo;est le d\u00e9veloppement personnel du d\u00e9veloppeur Einar. Le but d&rsquo;Einar et de ses supporteurs est d&rsquo;am\u00e9liorer durablement la base de code de Cinelerra-CV et d&rsquo;ajouter de nouvelles fonctionnalit\u00e9s. Il travaille sans rel\u00e2che \u00e0 la sortie d&rsquo;une version consid\u00e9rablement am\u00e9lior\u00e9e de Cinelerra. Cette version n&rsquo;est pas encore termin\u00e9e, mais promet un grand potentiel pour l&rsquo;avenir. Si vous voulez jeter un coup d&rsquo;\u0153il \u00e0 cette version en avance, vous pouvez <a href=\"https:\/\/github.com\/vanakala\/cinelerra-cve\" title=\"github Cinelerra-CV\">la compiler vous-m\u00eame<\/a>.<\/p>\n<p><strong>Cinelerra : <\/strong>c&rsquo;est le Cinelerra original de l&rsquo;inventeur Adam Williams. C&rsquo;est devenu une pratique courante parmi les membres de la communaut\u00e9 d&rsquo;ajouter l&rsquo;abr\u00e9viation HV (Heroine Virtual Ltd.) au Cinelerra original, c&rsquo;est-\u00e0-dire Cinelerra-HV, afin que les branches d\u00e9riv\u00e9es puissent \u00eatre mieux s\u00e9par\u00e9es, mais \u00e7a ne fait pas partie du nom officiel. Adam a cr\u00e9\u00e9 Cinelerra et le d\u00e9veloppe actuellement, selon notre opinion personnelle, principalement pour ses besoins priv\u00e9s. Habituellement, une nouvelle mise \u00e0 jour vient une fois par an, ce qui apporte toujours de nouvelles fonctionnalit\u00e9s et des am\u00e9liorations importantes. Le <a href=\"http:\/\/www.heroinewarrior.com\/cinelerra.php\">Cinelerra<\/a> (HV) originel n&rsquo;offre pas de soutien aux d\u00e9veloppeurs ou \u00e0 la communaut\u00e9.<\/p>\n<p><strong>Lumiera :<\/strong> cette variante n&rsquo;est pas bas\u00e9e sur le code de Cinelerra et n&rsquo;est donc pas un d\u00e9riv\u00e9 de Cinelerra. Cependant, il a \u00e9t\u00e9 largement inspir\u00e9 par Cinelerra et n&rsquo;est mentionn\u00e9 ici que par souci d&rsquo;exhaustivit\u00e9. Lumiera est \u00e9crit en GTK+ et est encore au stade pr\u00e9-alpha. Pour le moment, il n&rsquo;y a pas d&rsquo;application utilisable disponible. Plus d&rsquo;informations peuvent \u00eatre trouv\u00e9es sur <a href=\"https:\/\/en.wikipedia.org\/wiki\/Cinelerra#Lumiera_rewrite\" title=\"Wikipedia Lumiera\" target=\"_blank\" rel=\"noopener noreferrer\">Wikipedia<\/a> ou sur <a href=\"https:\/\/lumiera.org\/\" title=\"Site ou\u00e8ve de Lumiera\" target=\"_blank\" rel=\"noopener noreferrer\">la page de projet de Lumiera<\/a>.<\/p>\n<p style=\"margin-bottom: 0cm;line-height: 100%\">\n<p>[\/et_pb_text][\/et_pb_column][\/et_pb_row][et_pb_row _builder_version=\u00a0\u00bb3.25&Prime;][et_pb_column type=\u00a0\u00bb4_4&Prime; _builder_version=\u00a0\u00bb3.25&Prime; custom_padding=\u00a0\u00bb|||\u00a0\u00bb custom_padding__hover=\u00a0\u00bb|||\u00a0\u00bb][et_pb_text _builder_version=\u00a0\u00bb3.27.4&Prime; text_font=\u00a0\u00bb||||||||\u00a0\u00bb text_font_size=\u00a0\u00bb16px\u00a0\u00bb]<\/p>\n<p>Si vous voulez voir les diff\u00e9rences exactes avec les autres branches en un coup d&rsquo;\u0153il, vous trouverez un document PDF ici :<\/p>\n<p>[\/et_pb_text][\/et_pb_column][\/et_pb_row][et_pb_row _builder_version=\u00a0\u00bb3.25&Prime;][et_pb_column type=\u00a0\u00bb4_4&Prime; _builder_version=\u00a0\u00bb3.25&Prime; custom_padding=\u00a0\u00bb|||\u00a0\u00bb custom_padding__hover=\u00a0\u00bb|||\u00a0\u00bb][et_pb_blurb title=\u00a0\u00bbDiff\u00e9rences\u00a0\u00bb url=\u00a0\u00bbhttps:\/\/cinelerra-gg.org\/download\/differences.pdf\u00a0\u00bb url_new_window=\u00a0\u00bbon\u00a0\u00bb image=\u00a0\u00bbhttps:\/\/cinelerra-gg.org\/wp-content\/uploads\/2018\/11\/pdf.png\u00a0\u00bb _builder_version=\u00a0\u00bb3.17.6&Prime; header_font=\u00a0\u00bb||||||||\u00a0\u00bb header_text_align=\u00a0\u00bbcenter\u00a0\u00bb header_font_size=\u00a0\u00bb22px\u00a0\u00bb text_orientation=\u00a0\u00bbcenter\u00a0\u00bb link_option_url=\u00a0\u00bbhttps:\/\/cinelerra-gg.org\/download\/differences.pdf\u00a0\u00bb link_option_url_new_window=\u00a0\u00bbon\u00a0\u00bb][\/et_pb_blurb][\/et_pb_column][\/et_pb_row][\/et_pb_section]<\/p>\n","protected":false},"excerpt":{"rendered":"<p>\u00c0 propos Cinelerra est un \u00e9diteur NLE &#8211; Non-Linear Editor (\u00e9diteur non lin\u00e9aire) &#8211; pour Linux qui permet de composer des m\u00e9dias audio et vid\u00e9o. En plus du montage, il peut \u00eatre utilis\u00e9 comme un lecteur audio\/vid\u00e9o, pour enregistrer audio ou vid\u00e9o d&rsquo;\u00e9missions de t\u00e9l\u00e9vision diffus\u00e9es, pour cr\u00e9er des m\u00e9dias dvd\/bluray, et pour retoucher des [&hellip;]<\/p>\n","protected":false},"author":1,"featured_media":0,"parent":0,"menu_order":0,"comment_status":"closed","ping_status":"closed","template":"","meta":{"_et_pb_use_builder":"on","_et_pb_old_content":"","_et_gb_content_width":"","footnotes":""},"class_list":["post-4533","page","type-page","status-publish","hentry"],"yoast_head":"<!-- This site is optimized with the Yoast SEO plugin v27.0 - https:\/\/yoast.com\/product\/yoast-seo-wordpress\/ -->\n<title>\u00c0 propos - Cinelerra GG<\/title>\n<meta name=\"description\" content=\"D\u00e9couvrez imm\u00e9diatement sur la page \u00c0 propos de Cinelerra qui nous sommes, ce que nous faisons et comprenez les diff\u00e9rences avec les autres branches de Cinelerra.\" \/>\n<meta name=\"robots\" content=\"index, follow, max-snippet:-1, max-image-preview:large, max-video-preview:-1\" \/>\n<link rel=\"canonical\" href=\"https:\/\/cinelerra-gg.org\/fr\/a-propos\/\" \/>\n<meta property=\"og:locale\" content=\"fr_FR\" \/>\n<meta property=\"og:type\" content=\"article\" \/>\n<meta property=\"og:title\" content=\"\u00c0 propos - Cinelerra GG\" \/>\n<meta property=\"og:description\" content=\"D\u00e9couvrez imm\u00e9diatement sur la page \u00c0 propos de Cinelerra qui nous sommes, ce que nous faisons et comprenez les diff\u00e9rences avec les autres branches de Cinelerra.\" \/>\n<meta property=\"og:url\" content=\"https:\/\/cinelerra-gg.org\/fr\/a-propos\/\" \/>\n<meta property=\"og:site_name\" content=\"Cinelerra GG\" \/>\n<meta property=\"article:modified_time\" content=\"2021-01-27T22:44:13+00:00\" \/>\n<meta name=\"twitter:card\" content=\"summary_large_image\" \/>\n<meta name=\"twitter:label1\" content=\"Dur\u00e9e de lecture estim\u00e9e\" \/>\n\t<meta name=\"twitter:data1\" content=\"7 minutes\" \/>\n<script type=\"application\/ld+json\" class=\"yoast-schema-graph\">{\"@context\":\"https:\/\/schema.org\",\"@graph\":[{\"@type\":\"WebPage\",\"@id\":\"https:\/\/cinelerra-gg.org\/fr\/a-propos\/\",\"url\":\"https:\/\/cinelerra-gg.org\/fr\/a-propos\/\",\"name\":\"\u00c0 propos - Cinelerra GG\",\"isPartOf\":{\"@id\":\"https:\/\/cinelerra-gg.org\/fr\/#website\"},\"datePublished\":\"2019-04-26T12:06:47+00:00\",\"dateModified\":\"2021-01-27T22:44:13+00:00\",\"description\":\"D\u00e9couvrez imm\u00e9diatement sur la page \u00c0 propos de Cinelerra qui nous sommes, ce que nous faisons et comprenez les diff\u00e9rences avec les autres branches de Cinelerra.\",\"breadcrumb\":{\"@id\":\"https:\/\/cinelerra-gg.org\/fr\/a-propos\/#breadcrumb\"},\"inLanguage\":\"fr-FR\",\"potentialAction\":[{\"@type\":\"ReadAction\",\"target\":[\"https:\/\/cinelerra-gg.org\/fr\/a-propos\/\"]}]},{\"@type\":\"BreadcrumbList\",\"@id\":\"https:\/\/cinelerra-gg.org\/fr\/a-propos\/#breadcrumb\",\"itemListElement\":[{\"@type\":\"ListItem\",\"position\":1,\"name\":\"Home\",\"item\":\"https:\/\/cinelerra-gg.org\/fr\/\"},{\"@type\":\"ListItem\",\"position\":2,\"name\":\"\u00c0 propos\"}]},{\"@type\":\"WebSite\",\"@id\":\"https:\/\/cinelerra-gg.org\/fr\/#website\",\"url\":\"https:\/\/cinelerra-gg.org\/fr\/\",\"name\":\"Cinelerra GG\",\"description\":\"Cinelerra GG free video editing software\",\"potentialAction\":[{\"@type\":\"SearchAction\",\"target\":{\"@type\":\"EntryPoint\",\"urlTemplate\":\"https:\/\/cinelerra-gg.org\/fr\/?s={search_term_string}\"},\"query-input\":{\"@type\":\"PropertyValueSpecification\",\"valueRequired\":true,\"valueName\":\"search_term_string\"}}],\"inLanguage\":\"fr-FR\"}]}<\/script>\n<!-- \/ Yoast SEO plugin. -->","yoast_head_json":{"title":"\u00c0 propos - Cinelerra GG","description":"D\u00e9couvrez imm\u00e9diatement sur la page \u00c0 propos de Cinelerra qui nous sommes, ce que nous faisons et comprenez les diff\u00e9rences avec les autres branches de Cinelerra.","robots":{"index":"index","follow":"follow","max-snippet":"max-snippet:-1","max-image-preview":"max-image-preview:large","max-video-preview":"max-video-preview:-1"},"canonical":"https:\/\/cinelerra-gg.org\/fr\/a-propos\/","og_locale":"fr_FR","og_type":"article","og_title":"\u00c0 propos - Cinelerra GG","og_description":"D\u00e9couvrez imm\u00e9diatement sur la page \u00c0 propos de Cinelerra qui nous sommes, ce que nous faisons et comprenez les diff\u00e9rences avec les autres branches de Cinelerra.","og_url":"https:\/\/cinelerra-gg.org\/fr\/a-propos\/","og_site_name":"Cinelerra GG","article_modified_time":"2021-01-27T22:44:13+00:00","twitter_card":"summary_large_image","twitter_misc":{"Dur\u00e9e de lecture estim\u00e9e":"7 minutes"},"schema":{"@context":"https:\/\/schema.org","@graph":[{"@type":"WebPage","@id":"https:\/\/cinelerra-gg.org\/fr\/a-propos\/","url":"https:\/\/cinelerra-gg.org\/fr\/a-propos\/","name":"\u00c0 propos - Cinelerra GG","isPartOf":{"@id":"https:\/\/cinelerra-gg.org\/fr\/#website"},"datePublished":"2019-04-26T12:06:47+00:00","dateModified":"2021-01-27T22:44:13+00:00","description":"D\u00e9couvrez imm\u00e9diatement sur la page \u00c0 propos de Cinelerra qui nous sommes, ce que nous faisons et comprenez les diff\u00e9rences avec les autres branches de Cinelerra.","breadcrumb":{"@id":"https:\/\/cinelerra-gg.org\/fr\/a-propos\/#breadcrumb"},"inLanguage":"fr-FR","potentialAction":[{"@type":"ReadAction","target":["https:\/\/cinelerra-gg.org\/fr\/a-propos\/"]}]},{"@type":"BreadcrumbList","@id":"https:\/\/cinelerra-gg.org\/fr\/a-propos\/#breadcrumb","itemListElement":[{"@type":"ListItem","position":1,"name":"Home","item":"https:\/\/cinelerra-gg.org\/fr\/"},{"@type":"ListItem","position":2,"name":"\u00c0 propos"}]},{"@type":"WebSite","@id":"https:\/\/cinelerra-gg.org\/fr\/#website","url":"https:\/\/cinelerra-gg.org\/fr\/","name":"Cinelerra GG","description":"Cinelerra GG free video editing software","potentialAction":[{"@type":"SearchAction","target":{"@type":"EntryPoint","urlTemplate":"https:\/\/cinelerra-gg.org\/fr\/?s={search_term_string}"},"query-input":{"@type":"PropertyValueSpecification","valueRequired":true,"valueName":"search_term_string"}}],"inLanguage":"fr-FR"}]}},"_links":{"self":[{"href":"https:\/\/cinelerra-gg.org\/fr\/wp-json\/wp\/v2\/pages\/4533","targetHints":{"allow":["GET"]}}],"collection":[{"href":"https:\/\/cinelerra-gg.org\/fr\/wp-json\/wp\/v2\/pages"}],"about":[{"href":"https:\/\/cinelerra-gg.org\/fr\/wp-json\/wp\/v2\/types\/page"}],"author":[{"embeddable":true,"href":"https:\/\/cinelerra-gg.org\/fr\/wp-json\/wp\/v2\/users\/1"}],"replies":[{"embeddable":true,"href":"https:\/\/cinelerra-gg.org\/fr\/wp-json\/wp\/v2\/comments?post=4533"}],"version-history":[{"count":0,"href":"https:\/\/cinelerra-gg.org\/fr\/wp-json\/wp\/v2\/pages\/4533\/revisions"}],"wp:attachment":[{"href":"https:\/\/cinelerra-gg.org\/fr\/wp-json\/wp\/v2\/media?parent=4533"}],"curies":[{"name":"wp","href":"https:\/\/api.w.org\/{rel}","templated":true}]}}