{"id":8512,"date":"2020-03-10T13:43:05","date_gmt":"2020-03-10T13:43:05","guid":{"rendered":"https:\/\/www.cinelerra-gg.org\/gentoo\/"},"modified":"2020-10-09T20:10:49","modified_gmt":"2020-10-09T20:10:49","slug":"gentoo","status":"publish","type":"page","link":"https:\/\/cinelerra-gg.org\/fr\/gentoo\/","title":{"rendered":"Gentoo"},"content":{"rendered":"\n[et_pb_section fb_built=\u00a0\u00bb1&Prime; _builder_version=\u00a0\u00bb3.22&Prime;][et_pb_row _builder_version=\u00a0\u00bb3.25&Prime;][et_pb_column type=\u00a0\u00bb4_4&Prime; _builder_version=\u00a0\u00bb3.25&Prime; custom_padding=\u00a0\u00bb|||\u00a0\u00bb custom_padding__hover=\u00a0\u00bb|||\u00a0\u00bb][et_pb_text _builder_version=\u00a0\u00bb3.27.4&Prime; custom_padding=\u00a0\u00bb||21px|||\u00a0\u00bb min_height=\u00a0\u00bb44px\u00a0\u00bb]<h1>Gentoo<\/h1>\n<p>Pour Gentoo, il existe une construction tarball statique et dynamique disponible sur le lien :<strong><br><\/strong><\/p>[\/et_pb_text][et_pb_text _builder_version=\u00a0\u00bb3.27.4&Prime; text_font=\u00a0\u00bb||||||||\u00a0\u00bb background_color=\u00a0\u00bb#f2f2f2&Prime; min_height=\u00a0\u00bb42px\u00a0\u00bb custom_margin=\u00a0\u00bb|||20px\u00a0\u00bb custom_padding=\u00a0\u00bb10px|5px|10px|20px\u00a0\u00bb border_radii=\u00a0\u00bbon|11px|11px|11px|11px\u00a0\u00bb]<p>https:\/\/cinelerra-gg.org\/download\/tars\/cinelerra-5.1-gentoo-20200202.x86_64-static.txz<br>https:\/\/cinelerra-gg.org\/download\/tars\/cinelerra-5.1-gentoo-20200202.x86_64.txz<\/p>[\/et_pb_text][et_pb_text _builder_version=\u00a0\u00bb3.27.4&Prime; min_height=\u00a0\u00bb28px\u00a0\u00bb custom_margin=\u00a0\u00bb-7px|||||\u00a0\u00bb custom_padding=\u00a0\u00bb4px||0px|||\u00a0\u00bb]<p>Pour utiliser cette construction sur la version 2.6 de Gentoo Base, apr\u00e8s le t\u00e9l\u00e9chargement, d\u00e9compressez le tarball :<\/p>[\/et_pb_text][et_pb_text _builder_version=\u00a0\u00bb3.27.4&Prime; text_font=\u00a0\u00bb||||||||\u00a0\u00bb background_color=\u00a0\u00bb#f2f2f2&Prime; custom_margin=\u00a0\u00bb|||20px\u00a0\u00bb custom_padding=\u00a0\u00bb10px|5px|10px|20px\u00a0\u00bb border_radii=\u00a0\u00bbon|11px|11px|11px|11px\u00a0\u00bb]<p>cd \/votre_chemin_choisi<\/p>\n<p>mkdir cin<\/p>\n<p>cd cin<\/p>\n<p>tar -xJf \/src\/path\/\/cinelerra-5.1-gentoo-20200202.x86_64-static.txz<br>OU<br>tar -xJf \/src\/path\/cinelerra-5.1-gentoo-20200202.x86_64.txz<\/p>[\/et_pb_text][et_pb_text _builder_version=\u00a0\u00bb3.27.4&Prime; min_height=\u00a0\u00bb38px\u00a0\u00bb custom_padding=\u00a0\u00bb8px||0px|||\u00a0\u00bb]<p>Puis, pour d\u00e9marrer Cinelerra, il suffit de taper ce qui suit \u00e0 partir d&rsquo;une fen\u00eatre dans le chemin de ce r\u00e9pertoire :<\/p>[\/et_pb_text][et_pb_text _builder_version=\u00a0\u00bb3.27.4&Prime; text_font=\u00a0\u00bb||||||||\u00a0\u00bb background_color=\u00a0\u00bb#f2f2f2&Prime; custom_margin=\u00a0\u00bb|||20px\u00a0\u00bb custom_padding=\u00a0\u00bb10px|5px|10px|20px\u00a0\u00bb border_radii=\u00a0\u00bbon|11px|11px|11px|11px\u00a0\u00bb]<p>.\/cin<\/p>[\/et_pb_text][\/et_pb_column][\/et_pb_row][\/et_pb_section]\n","protected":false},"excerpt":{"rendered":"<p>Gentoo Pour Gentoo, il existe une construction tarball statique et dynamique disponible sur le lien :https:\/\/cinelerra-gg.org\/download\/tars\/cinelerra-5.1-gentoo-20200202.x86_64-static.txzhttps:\/\/cinelerra-gg.org\/download\/tars\/cinelerra-5.1-gentoo-20200202.x86_64.txzPour utiliser cette construction sur la version 2.6 de Gentoo Base, apr\u00e8s le t\u00e9l\u00e9chargement, d\u00e9compressez le tarball :cd \/votre_chemin_choisi mkdir cin cd cin tar -xJf \/src\/path\/\/cinelerra-5.1-gentoo-20200202.x86_64-static.txzOUtar -xJf \/src\/path\/cinelerra-5.1-gentoo-20200202.x86_64.txzPuis, pour d\u00e9marrer Cinelerra, il suffit de taper ce qui suit \u00e0 partir [&hellip;]<\/p>\n","protected":false},"author":3,"featured_media":0,"parent":0,"menu_order":0,"comment_status":"closed","ping_status":"closed","template":"","meta":{"_et_pb_use_builder":"on","_et_pb_old_content":"","_et_gb_content_width":"","footnotes":""},"class_list":["post-8512","page","type-page","status-publish","hentry"],"yoast_head":"<!-- This site is optimized with the Yoast SEO plugin v27.0 - https:\/\/yoast.com\/product\/yoast-seo-wordpress\/ -->\n<title>Gentoo - Cinelerra GG<\/title>\n<meta name=\"robots\" content=\"index, follow, max-snippet:-1, max-image-preview:large, max-video-preview:-1\" \/>\n<link rel=\"canonical\" href=\"https:\/\/cinelerra-gg.org\/fr\/gentoo\/\" \/>\n<meta property=\"og:locale\" content=\"fr_FR\" \/>\n<meta property=\"og:type\" content=\"article\" \/>\n<meta property=\"og:title\" content=\"Gentoo - Cinelerra GG\" \/>\n<meta property=\"og:description\" content=\"Gentoo Pour Gentoo, il existe une construction tarball statique et dynamique disponible sur le lien :https:\/\/cinelerra-gg.org\/download\/tars\/cinelerra-5.1-gentoo-20200202.x86_64-static.txzhttps:\/\/cinelerra-gg.org\/download\/tars\/cinelerra-5.1-gentoo-20200202.x86_64.txzPour utiliser cette construction sur la version 2.6 de Gentoo Base, apr\u00e8s le t\u00e9l\u00e9chargement, d\u00e9compressez le tarball :cd \/votre_chemin_choisi mkdir cin cd cin tar -xJf \/src\/path\/\/cinelerra-5.1-gentoo-20200202.x86_64-static.txzOUtar -xJf \/src\/path\/cinelerra-5.1-gentoo-20200202.x86_64.txzPuis, pour d\u00e9marrer Cinelerra, il suffit de taper ce qui suit \u00e0 partir [&hellip;]\" \/>\n<meta property=\"og:url\" content=\"https:\/\/cinelerra-gg.org\/fr\/gentoo\/\" \/>\n<meta property=\"og:site_name\" content=\"Cinelerra GG\" \/>\n<meta property=\"article:modified_time\" content=\"2020-10-09T20:10:49+00:00\" \/>\n<meta name=\"twitter:card\" content=\"summary_large_image\" \/>\n<meta name=\"twitter:label1\" content=\"Dur\u00e9e de lecture estim\u00e9e\" \/>\n\t<meta name=\"twitter:data1\" content=\"1 minute\" \/>\n<script type=\"application\/ld+json\" class=\"yoast-schema-graph\">{\"@context\":\"https:\/\/schema.org\",\"@graph\":[{\"@type\":\"WebPage\",\"@id\":\"https:\/\/cinelerra-gg.org\/fr\/gentoo\/\",\"url\":\"https:\/\/cinelerra-gg.org\/fr\/gentoo\/\",\"name\":\"Gentoo - Cinelerra GG\",\"isPartOf\":{\"@id\":\"https:\/\/cinelerra-gg.org\/fr\/#website\"},\"datePublished\":\"2020-03-10T13:43:05+00:00\",\"dateModified\":\"2020-10-09T20:10:49+00:00\",\"breadcrumb\":{\"@id\":\"https:\/\/cinelerra-gg.org\/fr\/gentoo\/#breadcrumb\"},\"inLanguage\":\"fr-FR\",\"potentialAction\":[{\"@type\":\"ReadAction\",\"target\":[\"https:\/\/cinelerra-gg.org\/fr\/gentoo\/\"]}]},{\"@type\":\"BreadcrumbList\",\"@id\":\"https:\/\/cinelerra-gg.org\/fr\/gentoo\/#breadcrumb\",\"itemListElement\":[{\"@type\":\"ListItem\",\"position\":1,\"name\":\"Home\",\"item\":\"https:\/\/cinelerra-gg.org\/fr\/\"},{\"@type\":\"ListItem\",\"position\":2,\"name\":\"Gentoo\"}]},{\"@type\":\"WebSite\",\"@id\":\"https:\/\/cinelerra-gg.org\/fr\/#website\",\"url\":\"https:\/\/cinelerra-gg.org\/fr\/\",\"name\":\"Cinelerra GG\",\"description\":\"Cinelerra GG free video editing software\",\"potentialAction\":[{\"@type\":\"SearchAction\",\"target\":{\"@type\":\"EntryPoint\",\"urlTemplate\":\"https:\/\/cinelerra-gg.org\/fr\/?s={search_term_string}\"},\"query-input\":{\"@type\":\"PropertyValueSpecification\",\"valueRequired\":true,\"valueName\":\"search_term_string\"}}],\"inLanguage\":\"fr-FR\"}]}<\/script>\n<!-- \/ Yoast SEO plugin. -->","yoast_head_json":{"title":"Gentoo - Cinelerra GG","robots":{"index":"index","follow":"follow","max-snippet":"max-snippet:-1","max-image-preview":"max-image-preview:large","max-video-preview":"max-video-preview:-1"},"canonical":"https:\/\/cinelerra-gg.org\/fr\/gentoo\/","og_locale":"fr_FR","og_type":"article","og_title":"Gentoo - Cinelerra GG","og_description":"Gentoo Pour Gentoo, il existe une construction tarball statique et dynamique disponible sur le lien :https:\/\/cinelerra-gg.org\/download\/tars\/cinelerra-5.1-gentoo-20200202.x86_64-static.txzhttps:\/\/cinelerra-gg.org\/download\/tars\/cinelerra-5.1-gentoo-20200202.x86_64.txzPour utiliser cette construction sur la version 2.6 de Gentoo Base, apr\u00e8s le t\u00e9l\u00e9chargement, d\u00e9compressez le tarball :cd \/votre_chemin_choisi mkdir cin cd cin tar -xJf \/src\/path\/\/cinelerra-5.1-gentoo-20200202.x86_64-static.txzOUtar -xJf \/src\/path\/cinelerra-5.1-gentoo-20200202.x86_64.txzPuis, pour d\u00e9marrer Cinelerra, il suffit de taper ce qui suit \u00e0 partir [&hellip;]","og_url":"https:\/\/cinelerra-gg.org\/fr\/gentoo\/","og_site_name":"Cinelerra GG","article_modified_time":"2020-10-09T20:10:49+00:00","twitter_card":"summary_large_image","twitter_misc":{"Dur\u00e9e de lecture estim\u00e9e":"1 minute"},"schema":{"@context":"https:\/\/schema.org","@graph":[{"@type":"WebPage","@id":"https:\/\/cinelerra-gg.org\/fr\/gentoo\/","url":"https:\/\/cinelerra-gg.org\/fr\/gentoo\/","name":"Gentoo - Cinelerra GG","isPartOf":{"@id":"https:\/\/cinelerra-gg.org\/fr\/#website"},"datePublished":"2020-03-10T13:43:05+00:00","dateModified":"2020-10-09T20:10:49+00:00","breadcrumb":{"@id":"https:\/\/cinelerra-gg.org\/fr\/gentoo\/#breadcrumb"},"inLanguage":"fr-FR","potentialAction":[{"@type":"ReadAction","target":["https:\/\/cinelerra-gg.org\/fr\/gentoo\/"]}]},{"@type":"BreadcrumbList","@id":"https:\/\/cinelerra-gg.org\/fr\/gentoo\/#breadcrumb","itemListElement":[{"@type":"ListItem","position":1,"name":"Home","item":"https:\/\/cinelerra-gg.org\/fr\/"},{"@type":"ListItem","position":2,"name":"Gentoo"}]},{"@type":"WebSite","@id":"https:\/\/cinelerra-gg.org\/fr\/#website","url":"https:\/\/cinelerra-gg.org\/fr\/","name":"Cinelerra GG","description":"Cinelerra GG free video editing software","potentialAction":[{"@type":"SearchAction","target":{"@type":"EntryPoint","urlTemplate":"https:\/\/cinelerra-gg.org\/fr\/?s={search_term_string}"},"query-input":{"@type":"PropertyValueSpecification","valueRequired":true,"valueName":"search_term_string"}}],"inLanguage":"fr-FR"}]}},"_links":{"self":[{"href":"https:\/\/cinelerra-gg.org\/fr\/wp-json\/wp\/v2\/pages\/8512","targetHints":{"allow":["GET"]}}],"collection":[{"href":"https:\/\/cinelerra-gg.org\/fr\/wp-json\/wp\/v2\/pages"}],"about":[{"href":"https:\/\/cinelerra-gg.org\/fr\/wp-json\/wp\/v2\/types\/page"}],"author":[{"embeddable":true,"href":"https:\/\/cinelerra-gg.org\/fr\/wp-json\/wp\/v2\/users\/3"}],"replies":[{"embeddable":true,"href":"https:\/\/cinelerra-gg.org\/fr\/wp-json\/wp\/v2\/comments?post=8512"}],"version-history":[{"count":0,"href":"https:\/\/cinelerra-gg.org\/fr\/wp-json\/wp\/v2\/pages\/8512\/revisions"}],"wp:attachment":[{"href":"https:\/\/cinelerra-gg.org\/fr\/wp-json\/wp\/v2\/media?parent=8512"}],"curies":[{"name":"wp","href":"https:\/\/api.w.org\/{rel}","templated":true}]}}