{"id":2467,"date":"2019-02-07T20:22:00","date_gmt":"2019-02-07T20:22:00","guid":{"rendered":"https:\/\/www.cinelerra-gg.org\/supporto\/"},"modified":"2020-10-09T20:13:15","modified_gmt":"2020-10-09T20:13:15","slug":"supporto","status":"publish","type":"page","link":"https:\/\/cinelerra-gg.org\/it\/supporto\/","title":{"rendered":"Supporto per Cinelerra"},"content":{"rendered":"<p>[et_pb_section fb_built=&#8221;1&#8243; _builder_version=&#8221;3.22&#8243; use_background_color_gradient=&#8221;on&#8221; background_color_gradient_start=&#8221;#000000&#8243; background_color_gradient_end=&#8221;#2b87da&#8221; background_color_gradient_start_position=&#8221;73%&#8221;][et_pb_row _builder_version=&#8221;3.25&#8243; custom_padding=&#8221;166px|0px|0|0px|false|false&#8221;][et_pb_column type=&#8221;4_4&#8243; _builder_version=&#8221;3.25&#8243; custom_padding=&#8221;|||&#8221; custom_padding__hover=&#8221;|||&#8221;][et_pb_image src=&#8221;https:\/\/cinelerra-gg.org\/wp-content\/uploads\/2018\/11\/support-v08.png&#8221; align_tablet=&#8221;center&#8221; align_phone=&#8221;&#8221; align_last_edited=&#8221;on|desktop&#8221; _builder_version=&#8221;3.26.4&#8243;][\/et_pb_image][\/et_pb_column][\/et_pb_row][\/et_pb_section][et_pb_section fb_built=&#8221;1&#8243; _builder_version=&#8221;3.22&#8243; custom_padding=&#8221;56px|0px|54px|0px|false|false&#8221;][et_pb_row _builder_version=&#8221;3.25&#8243; custom_padding=&#8221;27px|0px|27px|0px|false|false&#8221;][et_pb_column type=&#8221;4_4&#8243; _builder_version=&#8221;3.25&#8243; custom_padding=&#8221;|||&#8221; custom_padding__hover=&#8221;|||&#8221;][et_pb_text _builder_version=&#8221;3.27.4&#8243;]<\/p>\n<h1>Supporto<\/h1>\n<p>Cinelerra-GG \u00e8 supportato dai membri della Comunit\u00e0 e dai programmatori attuali. Il supporto pu\u00f2 essere ottenuto inviando un&#8217;email a cin [@] lists.cinelerra-gg.org. Per un supporto continuo, si prega di iscriversi alla mailing list in modo da avere un facile accesso ai problemi correnti. Per iscriverti, clicca <a href=\"https:\/\/lists.cinelerra-gg.org\/mailman\/listinfo\/cin\" target=\"_blank\" rel=\"noopener noreferrer\">qui<\/a>. Questa mailing list \u00e8 archiviata per letture future in modo che possa essere sempre a disposizione tramite <a title=\"Mailing list\" href=\"https:\/\/lists.cinelerra-gg.org\/pipermail\/cin\/\">https:\/\/lists.cinelerra-gg.org\/pipermail\/cin\/<\/a> .<\/p>\n<p>Il supporto della community \u00e8 continuo e bastano requisiti minimi per la fornitura di patch, correzioni di bug, modifiche o aiuto sulla codifica da chiunque \u00e8 in linea con la filosofia della comunit\u00e0. Test da parte di membri attivi della comunit\u00e0 sui rilasci iniziali, in genere si traducono in un rilascio della &#8216;fine del mese&#8217; abbastanza stabile. Dal momento che molte caratteristiche sono derivate da ffmpeg, anche la documentazione propria di ffmpeg e il suo forum possono essere utili.<\/p>\n<p>Siccome i nostri utenti arrivano da tutto il mondo, abbiamo scelto l&#8217;Inglese come lingua di comunicazione. Se hai bisogno di aiuto e il tuo inglese non \u00e8 buono abbastanza, raccomandiamo l&#8217;uso di <a href=\"https:\/\/www.deepl.com\/translator\">DeepL translator<\/a>. Diversi utenti ottengono buoni risultati con questo traduttore e cos\u00ec possono comunicare con noi con facilit\u00e0.<\/p>\n<p>&nbsp;<\/p>\n<p>[\/et_pb_text][\/et_pb_column][\/et_pb_row][et_pb_row _builder_version=&#8221;3.26.4&#8243;][et_pb_column type=&#8221;4_4&#8243; _builder_version=&#8221;3.26.4&#8243;][et_pb_text _builder_version=&#8221;3.27.4&#8243;]<\/p>\n<h2>Tipi di supporto<\/h2>\n<p>[\/et_pb_text][\/et_pb_column][\/et_pb_row][et_pb_row column_structure=&#8221;1_3,1_3,1_3&#8243; _builder_version=&#8221;3.25&#8243; custom_padding=&#8221;27px|0px|13px|0px|false|false&#8221;][et_pb_column type=&#8221;1_3&#8243; _builder_version=&#8221;3.25&#8243; custom_padding=&#8221;|||&#8221; custom_padding__hover=&#8221;|||&#8221;][et_pb_blurb title=&#8221;Ottieni aiuto (Issue Tracker)&#8221; url=&#8221;https:\/\/cinelerra-gg.org\/bugtracker\/my_view_page.php&#8221; image=&#8221;https:\/\/cinelerra-gg.org\/wp-content\/uploads\/2018\/11\/bug-icon-64.png&#8221; _builder_version=&#8221;3.17.6&#8243; link_option_url=&#8221;https:\/\/cinelerra-gg.org\/bugtracker\/my_view_page.php&#8221;]<\/p>\n<p>A volte i bug capitano, ma non preoccuparti, siamo felici di aiutarti a risolverli. Basta segnalare un bug e tutti noi otterremo un Cinelerra-GG pi\u00f9 stabile.<br \/> Si prega di leggere attentamente le istruzioni sulla pagina del bug tracker e fornire tutte le informazioni necessarie.<br \/>registrati al nostro bug tracker per ottenere aiuto direttamente dai nostri pi\u00f9 che amichevoli sviluppatori e dagli altri membri della Comunit\u00e0. Fai clic sul testo.<\/p>\n<p>[\/et_pb_blurb][\/et_pb_column][et_pb_column type=&#8221;1_3&#8243; _builder_version=&#8221;3.25&#8243; custom_padding=&#8221;|||&#8221; custom_padding__hover=&#8221;|||&#8221;][et_pb_blurb title=&#8221;Mettiti in contatto con noi (mailing list)&#8221; url=&#8221;https:\/\/lists.cinelerra-gg.org\/mailman\/listinfo\/cin&#8221; image=&#8221;https:\/\/cinelerra-gg.org\/wp-content\/uploads\/2018\/11\/email-icon-64.png&#8221; _builder_version=&#8221;3.17.6&#8243; link_option_url=&#8221;https:\/\/lists.cinelerra-gg.org\/mailman\/listinfo\/cin&#8221;]<\/p>\n<p>Iscriviti alla nostra mailing list per gli ultimi sviluppi e per scambiare idee con i nostri sviluppatori e gli altri membri della Comunit\u00e0.<br \/>Per i bug rilevati o le richieste di nuove funzionalit\u00e0, ti consigliamo di utilizzare il bug tracker. Se hai domande su qualsiasi argomento, sentiti libero di contattarci attraverso la mailing list. per favore clicca qui.<\/p>\n<p>[\/et_pb_blurb][\/et_pb_column][et_pb_column type=&#8221;1_3&#8243; _builder_version=&#8221;3.25&#8243; custom_padding=&#8221;|||&#8221; custom_padding__hover=&#8221;|||&#8221;][et_pb_blurb title=&#8221;Archivio ricerche&#8221; url=&#8221;https:\/\/cinelerra-gg.org\/it\/cerca-negli-archivi-delle-mail\/&#8221; image=&#8221;https:\/\/cinelerra-gg.org\/wp-content\/uploads\/2019\/04\/search-engine-64px.png&#8221; _builder_version=&#8221;3.22.1&#8243; link_option_url=&#8221;https:\/\/cinelerra-gg.org\/it\/cerca-negli-archivi-delle-mail\/&#8221;]<\/p>\n<p>Abbiamo aggiunto la possibilit\u00e0 di fare ricerche su specifiche voci nel nostro archivio email. Questa opzione \u00e8 attiva da Aprile 2019, per date precedenti si dovranno fare ricerche manuali. Tutti i messaggi dopo questa data sono inclusi nel database per le ricerche.<\/p>\n<p>[\/et_pb_blurb][\/et_pb_column][\/et_pb_row][et_pb_row column_structure=&#8221;1_3,1_3,1_3&#8243; _builder_version=&#8221;3.25&#8243; custom_padding=&#8221;27px|0px|13px|0px|false|false&#8221;][et_pb_column type=&#8221;1_3&#8243; _builder_version=&#8221;3.25&#8243; custom_padding=&#8221;|||&#8221; custom_padding__hover=&#8221;|||&#8221;][et_pb_blurb title=&#8221;Documentazione&#8221; url=&#8221;https:\/\/cinelerra-gg.org\/it\/download\/#documentation&#8221; image=&#8221;https:\/\/cinelerra-gg.org\/wp-content\/uploads\/2018\/11\/doc-icon-64.png&#8221; _builder_version=&#8221;3.17.6&#8243; link_option_url=&#8221;https:\/\/cinelerra-gg.org\/it\/download\/#documentation&#8221;]<\/p>\n<p>Siete alla ricerca di documentazione e ulteriori informazioni su Cinelerra-GG?<\/p>\n<p>Abbiamo creato una serie di documenti in PDF per aiutarvi a iniziare con Cinelerra-GG.<\/p>\n<p>Tutorials creati dagli utenti possono essere trovati nel forum.<\/p>\n<p>Fai clic sul testo.<\/p>\n<p>[\/et_pb_blurb][\/et_pb_column][et_pb_column type=&#8221;1_3&#8243; _builder_version=&#8221;3.25&#8243; custom_padding=&#8221;|||&#8221; custom_padding__hover=&#8221;|||&#8221;][et_pb_blurb title=&#8221;Forum&#8221; url=&#8221;https:\/\/cinelerra-gg.org\/forum\/&#8221; image=&#8221;https:\/\/cinelerra-gg.org\/wp-content\/uploads\/2018\/11\/video-camera-icon-64.png&#8221; _builder_version=&#8221;3.17.6&#8243; link_option_url=&#8221;https:\/\/cinelerra-gg.org\/forum\/&#8221;]<\/p>\n<p>Nel nostro forum puoi parlare con altri utenti e condividere i tuoi lavori creativi, perch\u00e9 \u00e8 il nostro angolo dell&#8217;artista. vi troverai diversi <a href=\"https:\/\/cinelerra-gg.org\/forum\/forum-lern\/\"><strong>tutorials<\/strong><\/a> creati dagli utenti.<\/p>\n<p><em><strong>Se avete domande, altri utenti vi aiuteranno sicuramente; invece l&#8217;aiuto diretto da parte degli sviluppatori pu\u00f2 essere trovato sulla nostra mailing list. Iscriviti alla mailing list per il supporto tecnico.<\/strong><\/em><\/p>\n<p>Clicca qui.<\/p>\n<p>[\/et_pb_blurb][\/et_pb_column][et_pb_column type=&#8221;1_3&#8243; _builder_version=&#8221;3.25&#8243; custom_padding=&#8221;|||&#8221; custom_padding__hover=&#8221;|||&#8221;][et_pb_blurb title=&#8221;Canale YouTube di Cinelerra-GG&#8221; url=&#8221;https:\/\/www.youtube.com\/channel\/UCW97mOMN_tAqVCn8k4Euf1w\/&#8221; image=&#8221;https:\/\/cinelerra-gg.org\/wp-content\/uploads\/2020\/06\/YouTube_brand_dark_64px_v1.2.png&#8221; _builder_version=&#8221;4.4.7&#8243; link_option_url=&#8221;https:\/\/www.youtube.com\/channel\/UCW97mOMN_tAqVCn8k4Euf1w\/&#8221; hover_enabled=&#8221;0&#8243; alt=&#8221;YouTube Logo dark 64px&#8221; title_text=&#8221;YouTube_brand_dark_64px_v1.2&#8243;]<\/p>\n<p>Qui troverai il nostro canale YouTube, con alcuni tutorials su Cinelerra-GG fatti da membri della comunit\u00e0.. Anche nel forum abbiamo molti video, compresi quelli presenti nel canale YouTube. se vuoi pubblicare un video su Cinelerra-GG sul nostro canale, puoi contattarci attraverso il forum.<\/p>\n<p>[\/et_pb_blurb][\/et_pb_column][\/et_pb_row][\/et_pb_section]<\/p>\n","protected":false},"excerpt":{"rendered":"<p>Supporto Cinelerra-GG \u00e8 supportato dai membri della Comunit\u00e0 e dai programmatori attuali. Il supporto pu\u00f2 essere ottenuto inviando un&#8217;email a cin [@] lists.cinelerra-gg.org. Per un supporto continuo, si prega di iscriversi alla mailing list in modo da avere un facile accesso ai problemi correnti. Per iscriverti, clicca qui. Questa mailing list \u00e8 archiviata per letture [&hellip;]<\/p>\n","protected":false},"author":1,"featured_media":0,"parent":0,"menu_order":0,"comment_status":"closed","ping_status":"closed","template":"","meta":{"_et_pb_use_builder":"on","_et_pb_old_content":"","_et_gb_content_width":"","footnotes":""},"class_list":["post-2467","page","type-page","status-publish","hentry"],"yoast_head":"<!-- This site is optimized with the Yoast SEO plugin v27.0 - https:\/\/yoast.com\/product\/yoast-seo-wordpress\/ -->\n<title>Supporto per Cinelerra - Cinelerra GG<\/title>\n<meta name=\"description\" content=\"Qui troverai una panoramica del nostro supporto. Hai bisogno di aiuto per Cinelerra? Hai un problema e stai cercando una soluzione? Di seguito presentiamo un utile quadro generale.\" \/>\n<meta name=\"robots\" content=\"index, follow, max-snippet:-1, max-image-preview:large, max-video-preview:-1\" \/>\n<link rel=\"canonical\" href=\"https:\/\/cinelerra-gg.org\/it\/supporto\/\" \/>\n<meta property=\"og:locale\" content=\"it_IT\" \/>\n<meta property=\"og:type\" content=\"article\" \/>\n<meta property=\"og:title\" content=\"Supporto per Cinelerra - Cinelerra GG\" \/>\n<meta property=\"og:description\" content=\"Qui troverai una panoramica del nostro supporto. Hai bisogno di aiuto per Cinelerra? Hai un problema e stai cercando una soluzione? Di seguito presentiamo un utile quadro generale.\" \/>\n<meta property=\"og:url\" content=\"https:\/\/cinelerra-gg.org\/it\/supporto\/\" \/>\n<meta property=\"og:site_name\" content=\"Cinelerra GG\" \/>\n<meta property=\"article:modified_time\" content=\"2020-10-09T20:13:15+00:00\" \/>\n<meta name=\"twitter:card\" content=\"summary_large_image\" \/>\n<meta name=\"twitter:label1\" content=\"Tempo di lettura stimato\" \/>\n\t<meta name=\"twitter:data1\" content=\"5 minuti\" \/>\n<script type=\"application\/ld+json\" class=\"yoast-schema-graph\">{\"@context\":\"https:\/\/schema.org\",\"@graph\":[{\"@type\":\"WebPage\",\"@id\":\"https:\/\/cinelerra-gg.org\/it\/supporto\/\",\"url\":\"https:\/\/cinelerra-gg.org\/it\/supporto\/\",\"name\":\"Supporto per Cinelerra - Cinelerra GG\",\"isPartOf\":{\"@id\":\"https:\/\/cinelerra-gg.org\/it\/#website\"},\"datePublished\":\"2019-02-07T20:22:00+00:00\",\"dateModified\":\"2020-10-09T20:13:15+00:00\",\"description\":\"Qui troverai una panoramica del nostro supporto. Hai bisogno di aiuto per Cinelerra? Hai un problema e stai cercando una soluzione? Di seguito presentiamo un utile quadro generale.\",\"breadcrumb\":{\"@id\":\"https:\/\/cinelerra-gg.org\/it\/supporto\/#breadcrumb\"},\"inLanguage\":\"it-IT\",\"potentialAction\":[{\"@type\":\"ReadAction\",\"target\":[\"https:\/\/cinelerra-gg.org\/it\/supporto\/\"]}]},{\"@type\":\"BreadcrumbList\",\"@id\":\"https:\/\/cinelerra-gg.org\/it\/supporto\/#breadcrumb\",\"itemListElement\":[{\"@type\":\"ListItem\",\"position\":1,\"name\":\"Home\",\"item\":\"https:\/\/cinelerra-gg.org\/it\/\"},{\"@type\":\"ListItem\",\"position\":2,\"name\":\"Supporto per Cinelerra\"}]},{\"@type\":\"WebSite\",\"@id\":\"https:\/\/cinelerra-gg.org\/it\/#website\",\"url\":\"https:\/\/cinelerra-gg.org\/it\/\",\"name\":\"Cinelerra GG\",\"description\":\"Cinelerra GG free video editing software\",\"potentialAction\":[{\"@type\":\"SearchAction\",\"target\":{\"@type\":\"EntryPoint\",\"urlTemplate\":\"https:\/\/cinelerra-gg.org\/it\/?s={search_term_string}\"},\"query-input\":{\"@type\":\"PropertyValueSpecification\",\"valueRequired\":true,\"valueName\":\"search_term_string\"}}],\"inLanguage\":\"it-IT\"}]}<\/script>\n<!-- \/ Yoast SEO plugin. -->","yoast_head_json":{"title":"Supporto per Cinelerra - Cinelerra GG","description":"Qui troverai una panoramica del nostro supporto. Hai bisogno di aiuto per Cinelerra? Hai un problema e stai cercando una soluzione? Di seguito presentiamo un utile quadro generale.","robots":{"index":"index","follow":"follow","max-snippet":"max-snippet:-1","max-image-preview":"max-image-preview:large","max-video-preview":"max-video-preview:-1"},"canonical":"https:\/\/cinelerra-gg.org\/it\/supporto\/","og_locale":"it_IT","og_type":"article","og_title":"Supporto per Cinelerra - Cinelerra GG","og_description":"Qui troverai una panoramica del nostro supporto. Hai bisogno di aiuto per Cinelerra? Hai un problema e stai cercando una soluzione? Di seguito presentiamo un utile quadro generale.","og_url":"https:\/\/cinelerra-gg.org\/it\/supporto\/","og_site_name":"Cinelerra GG","article_modified_time":"2020-10-09T20:13:15+00:00","twitter_card":"summary_large_image","twitter_misc":{"Tempo di lettura stimato":"5 minuti"},"schema":{"@context":"https:\/\/schema.org","@graph":[{"@type":"WebPage","@id":"https:\/\/cinelerra-gg.org\/it\/supporto\/","url":"https:\/\/cinelerra-gg.org\/it\/supporto\/","name":"Supporto per Cinelerra - Cinelerra GG","isPartOf":{"@id":"https:\/\/cinelerra-gg.org\/it\/#website"},"datePublished":"2019-02-07T20:22:00+00:00","dateModified":"2020-10-09T20:13:15+00:00","description":"Qui troverai una panoramica del nostro supporto. Hai bisogno di aiuto per Cinelerra? Hai un problema e stai cercando una soluzione? Di seguito presentiamo un utile quadro generale.","breadcrumb":{"@id":"https:\/\/cinelerra-gg.org\/it\/supporto\/#breadcrumb"},"inLanguage":"it-IT","potentialAction":[{"@type":"ReadAction","target":["https:\/\/cinelerra-gg.org\/it\/supporto\/"]}]},{"@type":"BreadcrumbList","@id":"https:\/\/cinelerra-gg.org\/it\/supporto\/#breadcrumb","itemListElement":[{"@type":"ListItem","position":1,"name":"Home","item":"https:\/\/cinelerra-gg.org\/it\/"},{"@type":"ListItem","position":2,"name":"Supporto per Cinelerra"}]},{"@type":"WebSite","@id":"https:\/\/cinelerra-gg.org\/it\/#website","url":"https:\/\/cinelerra-gg.org\/it\/","name":"Cinelerra GG","description":"Cinelerra GG free video editing software","potentialAction":[{"@type":"SearchAction","target":{"@type":"EntryPoint","urlTemplate":"https:\/\/cinelerra-gg.org\/it\/?s={search_term_string}"},"query-input":{"@type":"PropertyValueSpecification","valueRequired":true,"valueName":"search_term_string"}}],"inLanguage":"it-IT"}]}},"_links":{"self":[{"href":"https:\/\/cinelerra-gg.org\/it\/wp-json\/wp\/v2\/pages\/2467","targetHints":{"allow":["GET"]}}],"collection":[{"href":"https:\/\/cinelerra-gg.org\/it\/wp-json\/wp\/v2\/pages"}],"about":[{"href":"https:\/\/cinelerra-gg.org\/it\/wp-json\/wp\/v2\/types\/page"}],"author":[{"embeddable":true,"href":"https:\/\/cinelerra-gg.org\/it\/wp-json\/wp\/v2\/users\/1"}],"replies":[{"embeddable":true,"href":"https:\/\/cinelerra-gg.org\/it\/wp-json\/wp\/v2\/comments?post=2467"}],"version-history":[{"count":0,"href":"https:\/\/cinelerra-gg.org\/it\/wp-json\/wp\/v2\/pages\/2467\/revisions"}],"wp:attachment":[{"href":"https:\/\/cinelerra-gg.org\/it\/wp-json\/wp\/v2\/media?parent=2467"}],"curies":[{"name":"wp","href":"https:\/\/api.w.org\/{rel}","templated":true}]}}