{"id":2472,"date":"2019-02-07T21:06:45","date_gmt":"2019-02-07T21:06:45","guid":{"rendered":"https:\/\/www.cinelerra-gg.org\/software-di-video-editing-compositing\/"},"modified":"2020-10-09T20:13:14","modified_gmt":"2020-10-09T20:13:14","slug":"software-di-video-editing-compositing","status":"publish","type":"page","link":"https:\/\/cinelerra-gg.org\/it\/","title":{"rendered":"Software di video editing &amp; compositing"},"content":{"rendered":"<p>[et_pb_section fb_built=&#8221;1&#8243; _builder_version=&#8221;3.22&#8243; use_background_color_gradient=&#8221;on&#8221; background_color_gradient_end=&#8221;#00ede1&#8243; background_color_gradient_direction=&#8221;181deg&#8221; background_color_gradient_start_position=&#8221;48%&#8221; custom_padding=&#8221;40px|0px|20px|0px|false|false&#8221;][et_pb_row column_structure=&#8221;2_5,3_5&#8243; _builder_version=&#8221;3.25&#8243; custom_padding=&#8221;77px|0px|18px|0px|false|false&#8221;][et_pb_column type=&#8221;2_5&#8243; _builder_version=&#8221;3.25&#8243; custom_padding=&#8221;10%|||&#8221; custom_padding__hover=&#8221;|||&#8221;][et_pb_text _builder_version=&#8221;3.27.4&#8243; text_font=&#8221;||||||||&#8221; text_text_color=&#8221;#ffffff&#8221; text_font_size=&#8221;16px&#8221; header_font=&#8221;||||||||&#8221; header_2_font=&#8221;||||||||&#8221; header_2_text_align=&#8221;center&#8221; header_2_text_color=&#8221;#ffffff&#8221; text_orientation=&#8221;center&#8221; background_layout=&#8221;dark&#8221; custom_margin=&#8221;||&#8221; animation_direction=&#8221;left&#8221;]<\/p>\n<h1 style=\"text-align: left;\">Cinelerra GG Infinity <\/h1>\n<p style=\"text-align: justify;\">Cinelerra GG Infinity \u00e8 un software di editing video libero e open source per Linux. Gestisce rendering, compositing, motion tracking, montaggio video e molto altro ancora. Si tratta di una rolling release mensile da cui il nome aggiuntivo Infinity. Se vuoi iniziare subito, clicca qui.<\/p>\n<p>[\/et_pb_text][et_pb_button button_url=&#8221;https:\/\/cinelerra-gg.org\/it\/download\/&#8221; button_text=&#8221;Scarica Cinelerra GG ora&#8221; button_alignment=&#8221;center&#8221; _builder_version=&#8221;3.26.4&#8243; button_bg_use_color_gradient=&#8221;on&#8221; button_bg_color_gradient_start_position=&#8221;49%&#8221; button_icon=&#8221;%%1%%&#8221; background_layout=&#8221;dark&#8221; animation_direction=&#8221;left&#8221; animation_duration_tablet=&#8221;&#8221; animation_duration_phone=&#8221;0ms&#8221; animation_duration_last_edited=&#8221;on|phone&#8221; box_shadow_style=&#8221;preset2&#8243; button_bg_color__hover_enabled=&#8221;on&#8221; button_bg_color__hover=&#8221;#050505&#8243;][\/et_pb_button][\/et_pb_column][et_pb_column type=&#8221;3_5&#8243; _builder_version=&#8221;3.25&#8243; custom_padding=&#8221;10px|||&#8221; custom_padding__hover=&#8221;|||&#8221;][et_pb_image src=&#8221;https:\/\/cinelerra-gg.org\/wp-content\/uploads\/2018\/11\/Cinelerra-gg-product-box-11.png&#8221; align_tablet=&#8221;center&#8221; align_phone=&#8221;&#8221; align_last_edited=&#8221;on|desktop&#8221; _builder_version=&#8221;3.26.4&#8243; animation_direction=&#8221;right&#8221; animation_direction_tablet=&#8221;&#8221; animation_direction_phone=&#8221;&#8221; animation_direction_last_edited=&#8221;on|desktop&#8221; animation_duration_tablet=&#8221;&#8221; animation_duration_phone=&#8221;0ms&#8221; animation_duration_last_edited=&#8221;on|phone&#8221; animation_speed_curve_tablet=&#8221;&#8221; animation_speed_curve_phone=&#8221;&#8221; animation_speed_curve_last_edited=&#8221;on|phone&#8221; animation_repeat_tablet=&#8221;&#8221; animation_repeat_phone=&#8221;&#8221; animation_repeat_last_edited=&#8221;on|desktop&#8221;][\/et_pb_image][\/et_pb_column][\/et_pb_row][\/et_pb_section][et_pb_section fb_built=&#8221;1&#8243; _builder_version=&#8221;3.22&#8243; background_color=&#8221;#000000&#8243; custom_padding=&#8221;12px|0px|18px|0px|false|false&#8221;][et_pb_row column_structure=&#8221;1_4,1_4,1_4,1_4&#8243; _builder_version=&#8221;3.25&#8243; custom_padding=&#8221;23px|0px|20px|0px|false|false&#8221;][et_pb_column type=&#8221;1_4&#8243; _builder_version=&#8221;3.25&#8243; custom_padding=&#8221;|||&#8221; custom_padding__hover=&#8221;|||&#8221;][et_pb_image src=&#8221;https:\/\/cinelerra-gg.org\/wp-content\/uploads\/2018\/11\/8K_logo_120.jpg&#8221; url=&#8221;https:\/\/cinelerra-gg.org\/it\/?page_id=2552#8k-feature&#8221; align=&#8221;center&#8221; align_tablet=&#8221;center&#8221; align_phone=&#8221;&#8221; align_last_edited=&#8221;on|desktop&#8221; _builder_version=&#8221;3.26.4&#8243; max_width=&#8221;43%&#8221; animation_duration_tablet=&#8221;&#8221; animation_duration_phone=&#8221;0ms&#8221; animation_duration_last_edited=&#8221;on|desktop&#8221;][\/et_pb_image][\/et_pb_column][et_pb_column type=&#8221;1_4&#8243; _builder_version=&#8221;3.25&#8243; custom_padding=&#8221;|||&#8221; custom_padding__hover=&#8221;|||&#8221;][et_pb_image src=&#8221;https:\/\/cinelerra-gg.org\/wp-content\/uploads\/2018\/11\/LV2-Logo_20.jpg&#8221; url=&#8221;https:\/\/cinelerra-gg.org\/it\/?page_id=2552#lv2-feature&#8221; align=&#8221;center&#8221; align_tablet=&#8221;center&#8221; align_phone=&#8221;&#8221; align_last_edited=&#8221;on|desktop&#8221; _builder_version=&#8221;3.26.4&#8243; max_width=&#8221;43%&#8221; animation_duration_tablet=&#8221;&#8221; animation_duration_phone=&#8221;0ms&#8221; animation_duration_last_edited=&#8221;on|desktop&#8221;][\/et_pb_image][\/et_pb_column][et_pb_column type=&#8221;1_4&#8243; _builder_version=&#8221;3.25&#8243; custom_padding=&#8221;|||&#8221; custom_padding__hover=&#8221;|||&#8221;][et_pb_image src=&#8221;https:\/\/cinelerra-gg.org\/wp-content\/uploads\/2018\/11\/Multicamera_05.jpg&#8221; url=&#8221;https:\/\/cinelerra-gg.org\/it\/?page_id=2552#multi-camera-feature&#8221; align=&#8221;center&#8221; align_tablet=&#8221;center&#8221; align_phone=&#8221;&#8221; align_last_edited=&#8221;on|desktop&#8221; _builder_version=&#8221;3.26.4&#8243; max_width=&#8221;51%&#8221; animation_duration_tablet=&#8221;&#8221; animation_duration_phone=&#8221;0ms&#8221; animation_duration_last_edited=&#8221;on|desktop&#8221;][\/et_pb_image][\/et_pb_column][et_pb_column type=&#8221;1_4&#8243; _builder_version=&#8221;3.25&#8243; custom_padding=&#8221;|||&#8221; custom_padding__hover=&#8221;|||&#8221;][et_pb_image src=&#8221;https:\/\/cinelerra-gg.org\/wp-content\/uploads\/2018\/11\/Proxy_02.jpg&#8221; url=&#8221;https:\/\/cinelerra-gg.org\/it\/?page_id=2552#proxy-feature&#8221; align=&#8221;center&#8221; align_tablet=&#8221;center&#8221; align_phone=&#8221;&#8221; align_last_edited=&#8221;on|desktop&#8221; _builder_version=&#8221;3.26.4&#8243; max_width=&#8221;49%&#8221; animation_duration_tablet=&#8221;&#8221; animation_duration_phone=&#8221;0ms&#8221; animation_duration_last_edited=&#8221;on|desktop&#8221;][\/et_pb_image][\/et_pb_column][\/et_pb_row][et_pb_row _builder_version=&#8221;3.26.4&#8243;][et_pb_column type=&#8221;4_4&#8243; _builder_version=&#8221;3.25&#8243; custom_padding=&#8221;|||&#8221; custom_padding__hover=&#8221;|||&#8221;][et_pb_text _builder_version=&#8221;3.27.4&#8243; text_font=&#8221;||||||||&#8221; background_layout=&#8221;dark&#8221;]<\/p>\n<h2>What features does Cinelerra have?<\/h2>\n<p>Here you see a small part of the extensive features. Cinelerra GG Infinity is an 8k editor, supports <a href=\"https:\/\/en.wikipedia.org\/wiki\/LV2\">LV2<\/a> like the audio mastering software <a href=\"https:\/\/calf-studio-gear.org\/\">Calf Studio Gear<\/a> and works with multiple cameras. It supports proxies and has a text editor for creating titles and texts for your videos. <a href=\"https:\/\/cinelerra-gg.org\/de\/?page_id=2538\">Here you will<\/a> find a more extensive feature list.<\/p>\n<p>[\/et_pb_text][\/et_pb_column][\/et_pb_row][\/et_pb_section][et_pb_section fb_built=&#8221;1&#8243; _builder_version=&#8221;3.26.4&#8243; custom_padding=&#8221;90px||92px|||&#8221;][et_pb_row _builder_version=&#8221;3.26.4&#8243;][et_pb_column type=&#8221;4_4&#8243; _builder_version=&#8221;3.25&#8243; custom_padding=&#8221;|||&#8221; custom_padding__hover=&#8221;|||&#8221;][et_pb_text _builder_version=&#8221;3.27.4&#8243;]<\/p>\n<h2>Che cos&#8217;\u00e8 Cinelerra GG Infinity?<\/h2>\n<p>Cinelerra GG \u00e8 un software di editing video libero che ti permette di montare i tuoi video e farli sembrare come un film, con transizioni, effetti e testo. Puoi usarlo per ritagliare parti non volute del tuo video, riordinare le sequenze, aggiungere incredibili transizioni, migliorare i dettagli visivi o la qualit\u00e0 audio e aggiungere musica. Renderizza il tuo nuovo progetto video direttamente con i preset per YouTube. Cinelerra GG Infinity \u00e8 progettato per i professionisti, ma \u00e8 altrettanto buono per i principianti che possono ottenere il massimo dai loro video.<\/p>\n<p>[\/et_pb_text][\/et_pb_column][\/et_pb_row][\/et_pb_section][et_pb_section fb_built=&#8221;1&#8243; fullwidth=&#8221;on&#8221; _builder_version=&#8221;4.4.2&#8243;][et_pb_fullwidth_image src=&#8221;https:\/\/cinelerra-gg.org\/wp-content\/uploads\/2020\/05\/Multi-screen-1.jpg&#8221; _builder_version=&#8221;4.4.2&#8243;][\/et_pb_fullwidth_image][\/et_pb_section][et_pb_section fb_built=&#8221;1&#8243; _builder_version=&#8221;3.22&#8243; background_color=&#8221;#fafafa&#8221; custom_padding=&#8221;164px|0px|165px|0px|false|false&#8221;][et_pb_row column_structure=&#8221;2_3,1_3&#8243; _builder_version=&#8221;3.25&#8243;][et_pb_column type=&#8221;2_3&#8243; _builder_version=&#8221;3.25&#8243; custom_padding=&#8221;|||&#8221; custom_padding__hover=&#8221;|||&#8221;][et_pb_image src=&#8221;https:\/\/cinelerra-gg.org\/wp-content\/uploads\/2018\/11\/Cin-Desktop_09.jpg&#8221; align_tablet=&#8221;center&#8221; align_phone=&#8221;&#8221; align_last_edited=&#8221;on|desktop&#8221; _builder_version=&#8221;3.26.4&#8243; animation_direction=&#8221;left&#8221; animation_duration_tablet=&#8221;&#8221; animation_duration_phone=&#8221;0ms&#8221; animation_duration_last_edited=&#8221;on|desktop&#8221;][\/et_pb_image][\/et_pb_column][et_pb_column type=&#8221;1_3&#8243; _builder_version=&#8221;3.25&#8243; custom_padding=&#8221;|||&#8221; custom_padding__hover=&#8221;|||&#8221;][et_pb_text _builder_version=&#8221;3.27.4&#8243; text_font=&#8221;||||||||&#8221; text_font_size=&#8221;16px&#8221; animation_duration_tablet=&#8221;&#8221; animation_duration_phone=&#8221;0ms&#8221; animation_duration_last_edited=&#8221;on|desktop&#8221;]<\/p>\n<h2 style=\"text-align: left;\">Software free per il montaggio video<\/h2>\n<p>&nbsp;<\/p>\n<p style=\"text-align: justify;\">Cinelerra GG Infinity \u00e8 un software libero di montaggio video per Linux che consuma poche risorse. \u00c8 caratterizzato da ampie possibilit\u00e0 di modificare i media sia video che audio. Attraverso l&#8217;integrazione del pacchetto software <a href=\"https:\/\/en.wikipedia.org\/wiki\/FFmpeg\">FFmpeg<\/a>, centinaia di estensioni e codec sono ora disponibili. Non \u00e8 certamente paragonabile con le funzionalit\u00e0 dei pi\u00f9 importanti software di editing video commerciale, ma \u00e8 pi\u00f9 che sufficiente per l&#8217;utente comune. \u00c8 gratuito e open source. Insieme a filmaker, sviluppatori e ai tanti sostenitori, perseguiamo uno sviluppo continuo, da cui il nome Infinity, che testimonia i rilasci mensili di tipo <a href=\"https:\/\/en.wikipedia.org\/wiki\/Rolling_release\">rolling release<\/a>.<\/p>\n<p>[\/et_pb_text][\/et_pb_column][\/et_pb_row][\/et_pb_section][et_pb_section fb_built=&#8221;1&#8243; _builder_version=&#8221;3.22&#8243; background_color=&#8221;#e8e8e8&#8243;][et_pb_row _builder_version=&#8221;3.25&#8243; custom_padding=&#8221;27px|0px|7px|0px|false|false&#8221;][et_pb_column type=&#8221;4_4&#8243; _builder_version=&#8221;3.25&#8243; custom_padding=&#8221;|||&#8221; custom_padding__hover=&#8221;|||&#8221;][et_pb_blog posts_number=&#8221;1&#8243; include_categories=&#8221;13&#8243; show_content=&#8221;on&#8221; _builder_version=&#8221;3.26.4&#8243; animation_duration_tablet=&#8221;&#8221; animation_duration_phone=&#8221;0ms&#8221; animation_duration_last_edited=&#8221;on|desktop&#8221;][\/et_pb_blog][\/et_pb_column][\/et_pb_row][\/et_pb_section][et_pb_section fb_built=&#8221;1&#8243; _builder_version=&#8221;3.22&#8243; background_color=&#8221;#fafafa&#8221; custom_padding=&#8221;100px|0px|103px|0px|false|false&#8221;][et_pb_row column_structure=&#8221;3_4,1_4&#8243; _builder_version=&#8221;3.25&#8243; custom_padding=&#8221;33px|0px|27px|0px|false|false&#8221;][et_pb_column type=&#8221;3_4&#8243; _builder_version=&#8221;3.25&#8243; custom_padding=&#8221;|||&#8221; custom_padding__hover=&#8221;|||&#8221;][et_pb_text disabled_on=&#8221;off|off|off&#8221; _builder_version=&#8221;3.27.4&#8243; text_font=&#8221;||||||||&#8221; text_font_size=&#8221;16px&#8221; custom_margin=&#8221;|||&#8221; custom_padding=&#8221;10%|||&#8221; animation_duration_tablet=&#8221;&#8221; animation_duration_phone=&#8221;0ms&#8221; animation_duration_last_edited=&#8221;on|desktop&#8221;]<\/p>\n<h2 style=\"text-align: left;\">ShuttlePro v2 &amp; ShuttleXpress<\/h2>\n<p>Molti esperti di video editing preferiscono lavorare con pannelli di controllo per migliorare il workflow. In risposta alla richiesta di alcuni utenti, abbiamo integrato i Jog Wheels <a href=\"https:\/\/www.contourdesign.com\/product\/shuttle\/\" title=\"ShuttlePro v2 Amazon.com\">ShuttlePROv2<\/a> e <a href=\"https:\/\/www.amazon.com\/Contour-Design-Shuttle-Xpress-Multimedia-Controller\/dp\/B0001DBEKG\/ref=sr_1_4?crid=36JTKCHPG5F9J&amp;keywords=shuttle+express&amp;qid=1551485958&amp;s=gateway&amp;sprefix=shuttle+Xpress%2Caps%2C250&amp;sr=8-4\" title=\"ShuttleXpress Amazon.com\">ShuttleXpress<\/a> dentro Cinelerra-GG per rendere pi\u00f9 intuitive alcune operazioni. Nel <a href=\"https:\/\/cinelerra-gg.org\/download\/CinelerraGG_Manual.pdf\" title=\"Cinelerra-GG Manual\">Manuale Utente<\/a> potete trovare informazioni pi\u00f9 dettagliate.<\/p>\n<p>[\/et_pb_text][\/et_pb_column][et_pb_column type=&#8221;1_4&#8243; _builder_version=&#8221;3.25&#8243; custom_padding=&#8221;|||&#8221; custom_padding__hover=&#8221;|||&#8221;][et_pb_image src=&#8221;https:\/\/cinelerra-gg.org\/wp-content\/uploads\/2019\/03\/ShuttlePro_vertical_v1.1.png&#8221; align_tablet=&#8221;center&#8221; align_phone=&#8221;&#8221; align_last_edited=&#8221;on|desktop&#8221; _builder_version=&#8221;3.26.4&#8243; animation_direction=&#8221;left&#8221; animation_duration_tablet=&#8221;&#8221; animation_duration_phone=&#8221;0ms&#8221; animation_duration_last_edited=&#8221;on|desktop&#8221;][\/et_pb_image][\/et_pb_column][\/et_pb_row][\/et_pb_section][et_pb_section fb_built=&#8221;1&#8243; _builder_version=&#8221;3.22&#8243; background_color=&#8221;#000000&#8243; parallax=&#8221;on&#8221; custom_padding=&#8221;113px|0px|135px|0px|false|false&#8221;][et_pb_row _builder_version=&#8221;3.25&#8243;][et_pb_column type=&#8221;4_4&#8243; _builder_version=&#8221;3.25&#8243; custom_padding=&#8221;|||&#8221; custom_padding__hover=&#8221;|||&#8221;][et_pb_video src=&#8221;https:\/\/youtu.be\/SRaQwm9bIVk&#8221; image_src=&#8221;\/\/i.ytimg.com\/vi\/SzP2o2OJ90g\/hqdefault.jpg&#8221; _builder_version=&#8221;4.4.7&#8243; hover_enabled=&#8221;0&#8243;][\/et_pb_video][\/et_pb_column][\/et_pb_row][\/et_pb_section][et_pb_section fb_built=&#8221;1&#8243; _builder_version=&#8221;3.22&#8243; background_color=&#8221;#fcfcfc&#8221; parallax=&#8221;on&#8221; custom_padding=&#8221;58px|0px|32px|0px|false|false&#8221;][et_pb_row _builder_version=&#8221;3.26.4&#8243;][et_pb_column type=&#8221;4_4&#8243; _builder_version=&#8221;3.25&#8243; custom_padding=&#8221;|||&#8221; custom_padding__hover=&#8221;|||&#8221;][et_pb_image src=&#8221;https:\/\/cinelerra-gg.org\/wp-content\/uploads\/2018\/11\/Cin-Desktop_04.jpg&#8221; align=&#8221;center&#8221; align_tablet=&#8221;center&#8221; align_phone=&#8221;&#8221; align_last_edited=&#8221;on|desktop&#8221; _builder_version=&#8221;3.26.4&#8243; animation_duration_tablet=&#8221;&#8221; animation_duration_phone=&#8221;0ms&#8221; animation_duration_last_edited=&#8221;on|desktop&#8221;][\/et_pb_image][\/et_pb_column][\/et_pb_row][\/et_pb_section][et_pb_section fb_built=&#8221;1&#8243; _builder_version=&#8221;3.22&#8243; background_color=&#8221;#fcfcfc&#8221; parallax=&#8221;on&#8221; custom_padding=&#8221;90px|0px|135px|0px|false|false&#8221;][et_pb_row column_structure=&#8221;3_4,1_4&#8243; _builder_version=&#8221;3.26.4&#8243; custom_padding=&#8221;46px|0px|50px|0px|false|false&#8221; animation_delay_tablet=&#8221;&#8221; animation_delay_phone=&#8221;&#8221; animation_delay_last_edited=&#8221;on|phone&#8221;][et_pb_column type=&#8221;3_4&#8243; _builder_version=&#8221;3.25&#8243; custom_padding=&#8221;|||&#8221; custom_padding__hover=&#8221;|||&#8221;][et_pb_text _builder_version=&#8221;3.27.4&#8243;]<\/p>\n<h2>Is Cinelerra GG Infinity also available for other operating systems?<\/h2>\n<p>Cinelerra GG Infinity is available for <a href=\"https:\/\/en.wikipedia.org\/wiki\/Linux\">GNU\/Linux<\/a> and <a href=\"https:\/\/en.wikipedia.org\/wiki\/FreeBSD\">FreeBSD<\/a>. Due to the lack of professional video editing applications for Linux, Cinelerra was developed for Linux. Cinelerra GG therefore serves as a replacement and for this reason there is no Windows or Mac version. We support up to nine different distributions. <a href=\"https:\/\/cinelerra-gg.org\/de\/?page_id=3803\">Click here<\/a> to go to the download overview page.<\/p>\n<p>[\/et_pb_text][\/et_pb_column][et_pb_column type=&#8221;1_4&#8243; _builder_version=&#8221;3.25&#8243; custom_padding=&#8221;|||&#8221; custom_padding__hover=&#8221;|||&#8221;][et_pb_image src=&#8221;https:\/\/cinelerra-gg.org\/wp-content\/uploads\/2019\/01\/computer_128px.png&#8221; align_tablet=&#8221;center&#8221; align_phone=&#8221;&#8221; align_last_edited=&#8221;on|desktop&#8221; _builder_version=&#8221;3.26.4&#8243;][\/et_pb_image][\/et_pb_column][\/et_pb_row][et_pb_row column_structure=&#8221;1_4,3_4&#8243; _builder_version=&#8221;3.26.4&#8243; custom_padding=&#8221;46px|0px|27px|0px|false|false&#8221; animation_delay_tablet=&#8221;&#8221; animation_delay_phone=&#8221;&#8221; animation_delay_last_edited=&#8221;on|desktop&#8221;][et_pb_column type=&#8221;1_4&#8243; _builder_version=&#8221;3.25&#8243; custom_padding=&#8221;|||&#8221; custom_padding__hover=&#8221;|||&#8221;][et_pb_image src=&#8221;https:\/\/cinelerra-gg.org\/wp-content\/uploads\/2019\/01\/help.png&#8221; align=&#8221;center&#8221; align_tablet=&#8221;center&#8221; align_phone=&#8221;&#8221; align_last_edited=&#8221;on|desktop&#8221; _builder_version=&#8221;3.23&#8243;][\/et_pb_image][\/et_pb_column][et_pb_column type=&#8221;3_4&#8243; _builder_version=&#8221;3.25&#8243; custom_padding=&#8221;|||&#8221; custom_padding__hover=&#8221;|||&#8221;][et_pb_text _builder_version=&#8221;3.27.4&#8243;]<\/p>\n<h2>I need help, who can help me?<\/h2>\n<p>We are a free community of filmmakers and developers and help each other. If you don&#8217;t know what to do and need help, our dedicated volunteers or developers will help. Here you will find a <a href=\"https:\/\/cinelerra-gg.org\/de\/?page_id=3808\">support overview<\/a> of all important contact points, from <a href=\"https:\/\/cinelerra-gg.org\/forum\/\">forums,<\/a> <a href=\"https:\/\/cinelerra-gg.org\/bugtracker\/my_view_page.php\">issue trackers<\/a> to <a href=\"https:\/\/lists.cinelerra-gg.org\/mailman\/listinfo\/cin\">mailing lists<\/a>. If you are new here, we recommend that you use the forum first. Here you will find the <a href=\"https:\/\/cinelerra-gg.org\/de\/?page_id=3803#documentation\">documentation<\/a>, try to get a small overview there.<\/p>\n<p>&nbsp;<\/p>\n<p>[\/et_pb_text][\/et_pb_column][\/et_pb_row][\/et_pb_section]<\/p>\n","protected":false},"excerpt":{"rendered":"<p>Cinelerra GG Infinity Cinelerra GG Infinity \u00e8 un software di editing video libero e open source per Linux. Gestisce rendering, compositing, motion tracking, montaggio video e molto altro ancora. Si tratta di una rolling release mensile da cui il nome aggiuntivo Infinity. Se vuoi iniziare subito, clicca qui.What features does Cinelerra have? Here you see [&hellip;]<\/p>\n","protected":false},"author":1,"featured_media":0,"parent":0,"menu_order":0,"comment_status":"closed","ping_status":"closed","template":"","meta":{"_et_pb_use_builder":"on","_et_pb_old_content":"","_et_gb_content_width":"","footnotes":""},"class_list":["post-2472","page","type-page","status-publish","hentry"],"yoast_head":"<!-- This site is optimized with the Yoast SEO plugin v27.0 - https:\/\/yoast.com\/product\/yoast-seo-wordpress\/ -->\n<title>Cinelerra GG Infinity Software di video editing gratuito per Linux<\/title>\n<meta name=\"description\" content=\"Cinelerra GG Infinity \u00e8 un software libero di video editing per Linux. Monta i tuoi video per YouTube, Facebook e Instagram come un professionista.\" \/>\n<meta name=\"robots\" content=\"index, follow, max-snippet:-1, max-image-preview:large, max-video-preview:-1\" \/>\n<link rel=\"canonical\" href=\"https:\/\/cinelerra-gg.org\/it\/\" \/>\n<meta property=\"og:locale\" content=\"it_IT\" \/>\n<meta property=\"og:type\" content=\"article\" \/>\n<meta property=\"og:title\" content=\"Cinelerra GG Infinity Software di video editing gratuito per Linux\" \/>\n<meta property=\"og:description\" content=\"Cinelerra GG Infinity \u00e8 un software libero di video editing per Linux. Monta i tuoi video per YouTube, Facebook e Instagram come un professionista.\" \/>\n<meta property=\"og:url\" content=\"https:\/\/cinelerra-gg.org\/it\/\" \/>\n<meta property=\"og:site_name\" content=\"Cinelerra GG\" \/>\n<meta property=\"article:modified_time\" content=\"2020-10-09T20:13:14+00:00\" \/>\n<meta name=\"twitter:card\" content=\"summary_large_image\" \/>\n<meta name=\"twitter:label1\" content=\"Tempo di lettura stimato\" \/>\n\t<meta name=\"twitter:data1\" content=\"10 minuti\" \/>\n<script type=\"application\/ld+json\" class=\"yoast-schema-graph\">{\"@context\":\"https:\/\/schema.org\",\"@graph\":[{\"@type\":\"WebPage\",\"@id\":\"https:\/\/cinelerra-gg.org\/it\/\",\"url\":\"https:\/\/cinelerra-gg.org\/it\/\",\"name\":\"Cinelerra GG Infinity Software di video editing gratuito per Linux\",\"isPartOf\":{\"@id\":\"https:\/\/cinelerra-gg.org\/it\/#website\"},\"datePublished\":\"2019-02-07T21:06:45+00:00\",\"dateModified\":\"2020-10-09T20:13:14+00:00\",\"description\":\"Cinelerra GG Infinity \u00e8 un software libero di video editing per Linux. Monta i tuoi video per YouTube, Facebook e Instagram come un professionista.\",\"breadcrumb\":{\"@id\":\"https:\/\/cinelerra-gg.org\/it\/#breadcrumb\"},\"inLanguage\":\"it-IT\",\"potentialAction\":[{\"@type\":\"ReadAction\",\"target\":[\"https:\/\/cinelerra-gg.org\/it\/\"]}]},{\"@type\":\"BreadcrumbList\",\"@id\":\"https:\/\/cinelerra-gg.org\/it\/#breadcrumb\",\"itemListElement\":[{\"@type\":\"ListItem\",\"position\":1,\"name\":\"Home\",\"item\":\"https:\/\/cinelerra-gg.org\/it\/\"},{\"@type\":\"ListItem\",\"position\":2,\"name\":\"Software di video editing &amp; compositing\"}]},{\"@type\":\"WebSite\",\"@id\":\"https:\/\/cinelerra-gg.org\/it\/#website\",\"url\":\"https:\/\/cinelerra-gg.org\/it\/\",\"name\":\"Cinelerra GG\",\"description\":\"Cinelerra GG free video editing software\",\"potentialAction\":[{\"@type\":\"SearchAction\",\"target\":{\"@type\":\"EntryPoint\",\"urlTemplate\":\"https:\/\/cinelerra-gg.org\/it\/?s={search_term_string}\"},\"query-input\":{\"@type\":\"PropertyValueSpecification\",\"valueRequired\":true,\"valueName\":\"search_term_string\"}}],\"inLanguage\":\"it-IT\"}]}<\/script>\n<!-- \/ Yoast SEO plugin. -->","yoast_head_json":{"title":"Cinelerra GG Infinity Software di video editing gratuito per Linux","description":"Cinelerra GG Infinity \u00e8 un software libero di video editing per Linux. Monta i tuoi video per YouTube, Facebook e Instagram come un professionista.","robots":{"index":"index","follow":"follow","max-snippet":"max-snippet:-1","max-image-preview":"max-image-preview:large","max-video-preview":"max-video-preview:-1"},"canonical":"https:\/\/cinelerra-gg.org\/it\/","og_locale":"it_IT","og_type":"article","og_title":"Cinelerra GG Infinity Software di video editing gratuito per Linux","og_description":"Cinelerra GG Infinity \u00e8 un software libero di video editing per Linux. Monta i tuoi video per YouTube, Facebook e Instagram come un professionista.","og_url":"https:\/\/cinelerra-gg.org\/it\/","og_site_name":"Cinelerra GG","article_modified_time":"2020-10-09T20:13:14+00:00","twitter_card":"summary_large_image","twitter_misc":{"Tempo di lettura stimato":"10 minuti"},"schema":{"@context":"https:\/\/schema.org","@graph":[{"@type":"WebPage","@id":"https:\/\/cinelerra-gg.org\/it\/","url":"https:\/\/cinelerra-gg.org\/it\/","name":"Cinelerra GG Infinity Software di video editing gratuito per Linux","isPartOf":{"@id":"https:\/\/cinelerra-gg.org\/it\/#website"},"datePublished":"2019-02-07T21:06:45+00:00","dateModified":"2020-10-09T20:13:14+00:00","description":"Cinelerra GG Infinity \u00e8 un software libero di video editing per Linux. Monta i tuoi video per YouTube, Facebook e Instagram come un professionista.","breadcrumb":{"@id":"https:\/\/cinelerra-gg.org\/it\/#breadcrumb"},"inLanguage":"it-IT","potentialAction":[{"@type":"ReadAction","target":["https:\/\/cinelerra-gg.org\/it\/"]}]},{"@type":"BreadcrumbList","@id":"https:\/\/cinelerra-gg.org\/it\/#breadcrumb","itemListElement":[{"@type":"ListItem","position":1,"name":"Home","item":"https:\/\/cinelerra-gg.org\/it\/"},{"@type":"ListItem","position":2,"name":"Software di video editing &amp; compositing"}]},{"@type":"WebSite","@id":"https:\/\/cinelerra-gg.org\/it\/#website","url":"https:\/\/cinelerra-gg.org\/it\/","name":"Cinelerra GG","description":"Cinelerra GG free video editing software","potentialAction":[{"@type":"SearchAction","target":{"@type":"EntryPoint","urlTemplate":"https:\/\/cinelerra-gg.org\/it\/?s={search_term_string}"},"query-input":{"@type":"PropertyValueSpecification","valueRequired":true,"valueName":"search_term_string"}}],"inLanguage":"it-IT"}]}},"_links":{"self":[{"href":"https:\/\/cinelerra-gg.org\/it\/wp-json\/wp\/v2\/pages\/2472","targetHints":{"allow":["GET"]}}],"collection":[{"href":"https:\/\/cinelerra-gg.org\/it\/wp-json\/wp\/v2\/pages"}],"about":[{"href":"https:\/\/cinelerra-gg.org\/it\/wp-json\/wp\/v2\/types\/page"}],"author":[{"embeddable":true,"href":"https:\/\/cinelerra-gg.org\/it\/wp-json\/wp\/v2\/users\/1"}],"replies":[{"embeddable":true,"href":"https:\/\/cinelerra-gg.org\/it\/wp-json\/wp\/v2\/comments?post=2472"}],"version-history":[{"count":0,"href":"https:\/\/cinelerra-gg.org\/it\/wp-json\/wp\/v2\/pages\/2472\/revisions"}],"wp:attachment":[{"href":"https:\/\/cinelerra-gg.org\/it\/wp-json\/wp\/v2\/media?parent=2472"}],"curies":[{"name":"wp","href":"https:\/\/api.w.org\/{rel}","templated":true}]}}