{"id":2500,"date":"2019-02-08T13:58:09","date_gmt":"2019-02-08T13:58:09","guid":{"rendered":"https:\/\/www.cinelerra-gg.org\/mantisbt-how-to\/"},"modified":"2021-01-28T08:53:56","modified_gmt":"2021-01-28T08:53:56","slug":"mantisbt-how-to","status":"publish","type":"page","link":"https:\/\/cinelerra-gg.org\/it\/mantisbt-how-to\/","title":{"rendered":"MantisBT &#8216;How to&#8217;"},"content":{"rendered":"<p>[et_pb_section fb_built=&#8221;1&#8243; _builder_version=&#8221;3.17.6&#8243; use_background_color_gradient=&#8221;on&#8221; background_color_gradient_start=&#8221;#449e00&#8243; background_color_gradient_end=&#8221;#edf000&#8243; background_color_gradient_start_position=&#8221;73%&#8221;][et_pb_row custom_padding=&#8221;61px|0px|61px|0px|true|false&#8221; _builder_version=&#8221;3.17.6&#8243;][et_pb_column type=&#8221;1_2&#8243; _builder_version=&#8221;3.17.6&#8243; parallax=&#8221;off&#8221; parallax_method=&#8221;on&#8221;][et_pb_image src=&#8221;https:\/\/cinelerra-gg.org\/wp-content\/uploads\/2018\/11\/mantisbt-logo-picture-only.png&#8221; _builder_version=&#8221;3.17.6&#8243;][\/et_pb_image][\/et_pb_column][et_pb_column type=&#8221;1_2&#8243; _builder_version=&#8221;3.17.6&#8243; parallax=&#8221;off&#8221; parallax_method=&#8221;on&#8221;][et_pb_text _builder_version=&#8221;3.17.6&#8243; text_font=&#8221;||||||||&#8221; text_font_size=&#8221;60px&#8221; text_line_height=&#8221;1.8em&#8221; background_layout=&#8221;dark&#8221;]<\/p>\n<p>Mantis Bug Tracker<\/p>\n<p>[\/et_pb_text][\/et_pb_column][\/et_pb_row][\/et_pb_section][et_pb_section fb_built=&#8221;1&#8243; _builder_version=&#8221;3.17.6&#8243;][et_pb_row custom_padding=&#8221;27px|0px|27px|0px|false|false&#8221; _builder_version=&#8221;3.17.6&#8243;][et_pb_column type=&#8221;4_4&#8243; _builder_version=&#8221;3.17.6&#8243; parallax=&#8221;off&#8221; parallax_method=&#8221;on&#8221;][et_pb_text _builder_version=&#8221;3.17.6&#8243;]<\/p>\n<h1>Mantis Bug tracker &#8216;How to&#8217;<\/h1>\n<h2><\/h2>\n<h2>Come creare un avatar<\/h2>\n<p>\u00c8 possibile creare il proprio avatar per MantisBT. Tutto ci\u00f2 che ti serve \u00e8 l&#8217;indirizzo email che hai usato per registrarti al nostro MantisBT e procedere nella pagina seguente.<\/p>\n<p><a href=\"https:\/\/en.gravatar.com\/\" target=\"_blank\" rel=\"noopener noreferrer\" title=\"Gravatar\">Clicca qui per aggiungere un avatar<\/a><\/p>\n<p>In questa pagina puoi registrarti e aggiungere un&#8217;immagine\/avatar. Sar\u00e0 quindi collegato all&#8217;indirizzo e-mail e si pu\u00f2 utilizzare in altre pagine.<\/p>\n<p>&nbsp;<\/p>\n<p>&nbsp;<\/p>\n<p>[\/et_pb_text][\/et_pb_column][\/et_pb_row][\/et_pb_section]<\/p>\n","protected":false},"excerpt":{"rendered":"<p>Mantis Bug TrackerMantis Bug tracker &#8216;How to&#8217; Come creare un avatar \u00c8 possibile creare il proprio avatar per MantisBT. Tutto ci\u00f2 che ti serve \u00e8 l&#8217;indirizzo email che hai usato per registrarti al nostro MantisBT e procedere nella pagina seguente. Clicca qui per aggiungere un avatar In questa pagina puoi registrarti e aggiungere un&#8217;immagine\/avatar. Sar\u00e0 [&hellip;]<\/p>\n","protected":false},"author":1,"featured_media":0,"parent":0,"menu_order":0,"comment_status":"closed","ping_status":"closed","template":"","meta":{"_et_pb_use_builder":"on","_et_pb_old_content":"","_et_gb_content_width":"","footnotes":""},"class_list":["post-2500","page","type-page","status-publish","hentry"],"yoast_head":"<!-- This site is optimized with the Yoast SEO plugin v27.0 - https:\/\/yoast.com\/product\/yoast-seo-wordpress\/ -->\n<title>MantisBT &#039;How to&#039; - Cinelerra GG<\/title>\n<meta name=\"robots\" content=\"index, follow, max-snippet:-1, max-image-preview:large, max-video-preview:-1\" \/>\n<link rel=\"canonical\" href=\"https:\/\/cinelerra-gg.org\/it\/mantisbt-how-to\/\" \/>\n<meta property=\"og:locale\" content=\"it_IT\" \/>\n<meta property=\"og:type\" content=\"article\" \/>\n<meta property=\"og:title\" content=\"MantisBT &#039;How to&#039; - Cinelerra GG\" \/>\n<meta property=\"og:description\" content=\"Mantis Bug TrackerMantis Bug tracker &#039;How to&#039; Come creare un avatar \u00c8 possibile creare il proprio avatar per MantisBT. Tutto ci\u00f2 che ti serve \u00e8 l&#039;indirizzo email che hai usato per registrarti al nostro MantisBT e procedere nella pagina seguente. Clicca qui per aggiungere un avatar In questa pagina puoi registrarti e aggiungere un&#039;immagine\/avatar. Sar\u00e0 [&hellip;]\" \/>\n<meta property=\"og:url\" content=\"https:\/\/cinelerra-gg.org\/it\/mantisbt-how-to\/\" \/>\n<meta property=\"og:site_name\" content=\"Cinelerra GG\" \/>\n<meta property=\"article:modified_time\" content=\"2021-01-28T08:53:56+00:00\" \/>\n<meta name=\"twitter:card\" content=\"summary_large_image\" \/>\n<meta name=\"twitter:label1\" content=\"Tempo di lettura stimato\" \/>\n\t<meta name=\"twitter:data1\" content=\"1 minuto\" \/>\n<script type=\"application\/ld+json\" class=\"yoast-schema-graph\">{\"@context\":\"https:\/\/schema.org\",\"@graph\":[{\"@type\":\"WebPage\",\"@id\":\"https:\/\/cinelerra-gg.org\/it\/mantisbt-how-to\/\",\"url\":\"https:\/\/cinelerra-gg.org\/it\/mantisbt-how-to\/\",\"name\":\"MantisBT 'How to' - Cinelerra GG\",\"isPartOf\":{\"@id\":\"https:\/\/cinelerra-gg.org\/it\/#website\"},\"datePublished\":\"2019-02-08T13:58:09+00:00\",\"dateModified\":\"2021-01-28T08:53:56+00:00\",\"breadcrumb\":{\"@id\":\"https:\/\/cinelerra-gg.org\/it\/mantisbt-how-to\/#breadcrumb\"},\"inLanguage\":\"it-IT\",\"potentialAction\":[{\"@type\":\"ReadAction\",\"target\":[\"https:\/\/cinelerra-gg.org\/it\/mantisbt-how-to\/\"]}]},{\"@type\":\"BreadcrumbList\",\"@id\":\"https:\/\/cinelerra-gg.org\/it\/mantisbt-how-to\/#breadcrumb\",\"itemListElement\":[{\"@type\":\"ListItem\",\"position\":1,\"name\":\"Home\",\"item\":\"https:\/\/cinelerra-gg.org\/it\/\"},{\"@type\":\"ListItem\",\"position\":2,\"name\":\"MantisBT &#8216;How to&#8217;\"}]},{\"@type\":\"WebSite\",\"@id\":\"https:\/\/cinelerra-gg.org\/it\/#website\",\"url\":\"https:\/\/cinelerra-gg.org\/it\/\",\"name\":\"Cinelerra GG\",\"description\":\"Cinelerra GG free video editing software\",\"potentialAction\":[{\"@type\":\"SearchAction\",\"target\":{\"@type\":\"EntryPoint\",\"urlTemplate\":\"https:\/\/cinelerra-gg.org\/it\/?s={search_term_string}\"},\"query-input\":{\"@type\":\"PropertyValueSpecification\",\"valueRequired\":true,\"valueName\":\"search_term_string\"}}],\"inLanguage\":\"it-IT\"}]}<\/script>\n<!-- \/ Yoast SEO plugin. -->","yoast_head_json":{"title":"MantisBT 'How to' - Cinelerra GG","robots":{"index":"index","follow":"follow","max-snippet":"max-snippet:-1","max-image-preview":"max-image-preview:large","max-video-preview":"max-video-preview:-1"},"canonical":"https:\/\/cinelerra-gg.org\/it\/mantisbt-how-to\/","og_locale":"it_IT","og_type":"article","og_title":"MantisBT 'How to' - Cinelerra GG","og_description":"Mantis Bug TrackerMantis Bug tracker 'How to' Come creare un avatar \u00c8 possibile creare il proprio avatar per MantisBT. Tutto ci\u00f2 che ti serve \u00e8 l'indirizzo email che hai usato per registrarti al nostro MantisBT e procedere nella pagina seguente. Clicca qui per aggiungere un avatar In questa pagina puoi registrarti e aggiungere un'immagine\/avatar. Sar\u00e0 [&hellip;]","og_url":"https:\/\/cinelerra-gg.org\/it\/mantisbt-how-to\/","og_site_name":"Cinelerra GG","article_modified_time":"2021-01-28T08:53:56+00:00","twitter_card":"summary_large_image","twitter_misc":{"Tempo di lettura stimato":"1 minuto"},"schema":{"@context":"https:\/\/schema.org","@graph":[{"@type":"WebPage","@id":"https:\/\/cinelerra-gg.org\/it\/mantisbt-how-to\/","url":"https:\/\/cinelerra-gg.org\/it\/mantisbt-how-to\/","name":"MantisBT 'How to' - Cinelerra GG","isPartOf":{"@id":"https:\/\/cinelerra-gg.org\/it\/#website"},"datePublished":"2019-02-08T13:58:09+00:00","dateModified":"2021-01-28T08:53:56+00:00","breadcrumb":{"@id":"https:\/\/cinelerra-gg.org\/it\/mantisbt-how-to\/#breadcrumb"},"inLanguage":"it-IT","potentialAction":[{"@type":"ReadAction","target":["https:\/\/cinelerra-gg.org\/it\/mantisbt-how-to\/"]}]},{"@type":"BreadcrumbList","@id":"https:\/\/cinelerra-gg.org\/it\/mantisbt-how-to\/#breadcrumb","itemListElement":[{"@type":"ListItem","position":1,"name":"Home","item":"https:\/\/cinelerra-gg.org\/it\/"},{"@type":"ListItem","position":2,"name":"MantisBT &#8216;How to&#8217;"}]},{"@type":"WebSite","@id":"https:\/\/cinelerra-gg.org\/it\/#website","url":"https:\/\/cinelerra-gg.org\/it\/","name":"Cinelerra GG","description":"Cinelerra GG free video editing software","potentialAction":[{"@type":"SearchAction","target":{"@type":"EntryPoint","urlTemplate":"https:\/\/cinelerra-gg.org\/it\/?s={search_term_string}"},"query-input":{"@type":"PropertyValueSpecification","valueRequired":true,"valueName":"search_term_string"}}],"inLanguage":"it-IT"}]}},"_links":{"self":[{"href":"https:\/\/cinelerra-gg.org\/it\/wp-json\/wp\/v2\/pages\/2500","targetHints":{"allow":["GET"]}}],"collection":[{"href":"https:\/\/cinelerra-gg.org\/it\/wp-json\/wp\/v2\/pages"}],"about":[{"href":"https:\/\/cinelerra-gg.org\/it\/wp-json\/wp\/v2\/types\/page"}],"author":[{"embeddable":true,"href":"https:\/\/cinelerra-gg.org\/it\/wp-json\/wp\/v2\/users\/1"}],"replies":[{"embeddable":true,"href":"https:\/\/cinelerra-gg.org\/it\/wp-json\/wp\/v2\/comments?post=2500"}],"version-history":[{"count":0,"href":"https:\/\/cinelerra-gg.org\/it\/wp-json\/wp\/v2\/pages\/2500\/revisions"}],"wp:attachment":[{"href":"https:\/\/cinelerra-gg.org\/it\/wp-json\/wp\/v2\/media?parent=2500"}],"curies":[{"name":"wp","href":"https:\/\/api.w.org\/{rel}","templated":true}]}}