{"id":2503,"date":"2019-02-08T14:13:14","date_gmt":"2019-02-08T14:13:14","guid":{"rendered":"https:\/\/www.cinelerra-gg.org\/partecipare\/"},"modified":"2021-01-28T08:52:17","modified_gmt":"2021-01-28T08:52:17","slug":"partecipare","status":"publish","type":"page","link":"https:\/\/cinelerra-gg.org\/it\/partecipare\/","title":{"rendered":"Partecipare"},"content":{"rendered":"<p>[et_pb_section fb_built=&#8221;1&#8243; _builder_version=&#8221;3.22&#8243; background_color=&#8221;#41b0c2&#8243; custom_padding=&#8221;50px|0px|0|0px|false|false&#8221;][et_pb_row custom_padding=&#8221;0|0px|0|0px|false|false&#8221; _builder_version=&#8221;3.22&#8243;][et_pb_column type=&#8221;4_4&#8243; _builder_version=&#8221;3.17.6&#8243;][et_pb_image src=&#8221;https:\/\/cinelerra-gg.org\/wp-content\/uploads\/2018\/11\/teamwork-image-850-v01.jpg&#8221; align=&#8221;center&#8221; _builder_version=&#8221;3.17.6&#8243;][\/et_pb_image][\/et_pb_column][\/et_pb_row][\/et_pb_section][et_pb_section fb_built=&#8221;1&#8243; _builder_version=&#8221;3.22&#8243; custom_padding=&#8221;86px|0px|31px|0px|false|false&#8221;][et_pb_row _builder_version=&#8221;3.22&#8243;][et_pb_column type=&#8221;4_4&#8243; _builder_version=&#8221;3.17.6&#8243;][et_pb_text _builder_version=&#8221;3.17.6&#8243;]<\/p>\n<h1>Partecipare<\/h1>\n<p>In quanto libera comunit\u00e0 open source, accogliamo con favore qualsiasi contributo volto al miglioramento di cinelerra-GG, anche i piccoli contributi. Molti piccoli passi portano al successo. Qui vi mostriamo come si pu\u00f2 partecipare alla comunit\u00e0 di Cinelerra-GG.<\/p>\n<p>I nostri utenti provengono da ogni parte del mondo, cos\u00ec la lingua scelta per comunicare fra di noi \u00e8 l&#8217;Inglese. Per coloro che non capiscono bene l&#8217;Inglese raccomandiamo l&#8217;uso di <a href=\"https:\/\/www.deepl.com\/translator\">DeepL Translator<\/a>. Questo traduttore automatico usa l&#8217;intelligenza artificiale e ottiene risultati migliori di qualsiasi altro tool, per questo raccomandiamo di usare DeepL.<\/p>\n<p>[\/et_pb_text][\/et_pb_column][\/et_pb_row][\/et_pb_section][et_pb_section fb_built=&#8221;1&#8243; _builder_version=&#8221;3.22&#8243;][et_pb_row _builder_version=&#8221;3.22&#8243;][et_pb_column type=&#8221;1_3&#8243; _builder_version=&#8221;3.17.6&#8243;][et_pb_blurb title=&#8221;Traduci&#8221; url=&#8221;https:\/\/cinelerra-gg.org\/it\/traduci-app\/&#8221; image=&#8221;https:\/\/cinelerra-gg.org\/wp-content\/uploads\/2018\/11\/language-global.png&#8221; _builder_version=&#8221;3.22.1&#8243; header_font=&#8221;||||||||&#8221; header_text_align=&#8221;left&#8221; link_option_url=&#8221;https:\/\/cinelerra-gg.org\/it\/traduci-app\/&#8221;]<\/p>\n<p>Aiutaci a tradurre il programma Cinelerra-GG nella tua lingua. Qui troverete alcune informazioni su come \u00e8 possibile partecipare attivamente. Clicca qui.<\/p>\n<p>[\/et_pb_blurb][\/et_pb_column][et_pb_column type=&#8221;1_3&#8243; _builder_version=&#8221;3.17.6&#8243;][et_pb_blurb title=&#8221;Traduci il sito web&#8221; url=&#8221;https:\/\/cinelerra-gg.org\/it\/traduci-il-sito-web\/&#8221; image=&#8221;https:\/\/cinelerra-gg.org\/wp-content\/uploads\/2019\/03\/translate-64px.png&#8221; _builder_version=&#8221;3.22.1&#8243; header_font=&#8221;||||||||&#8221; header_text_align=&#8221;left&#8221; link_option_url=&#8221;https:\/\/cinelerra-gg.org\/it\/traduci-il-sito-web\/&#8221;]<\/p>\n<p>Per favore, aiutateci a tradurre il sito web. Non \u00e8 difficile come si potrebbe pensare! Con solo un piccolo aiuto puoi riuscire a tradurre il sito web nella tua lingua cos\u00ec che molte altre persone potranno usufruirne. Clicca qui per avere pi\u00f9 informazioni e guardare un video tutorial.<\/p>\n<p>[\/et_pb_blurb][\/et_pb_column][et_pb_column type=&#8221;1_3&#8243; _builder_version=&#8221;3.17.6&#8243;][et_pb_blurb title=&#8221;Migliora la documentazione&#8221; url=&#8221;https:\/\/lists.cinelerra-gg.org\/mailman\/listinfo\/cin&#8221; image=&#8221;https:\/\/cinelerra-gg.org\/wp-content\/uploads\/2018\/11\/doc-icon-64.png&#8221; _builder_version=&#8221;3.17.6&#8243; header_font=&#8221;||||||||&#8221; header_text_align=&#8221;left&#8221; link_option_url=&#8221;https:\/\/lists.cinelerra-gg.org\/mailman\/listinfo\/cin&#8221;]<\/p>\n<p>Hai proposte su come migliorare la documentazione? Scrivici segnalando i punti da perfezionare.<br \/> cin [@] lists.cinelerra-gg [dot] org<br \/>Iscriviti subito alla mailing list.<\/p>\n<p>[\/et_pb_blurb][\/et_pb_column][\/et_pb_row][et_pb_row _builder_version=&#8221;3.22&#8243;][et_pb_column type=&#8221;1_3&#8243; _builder_version=&#8221;3.17.6&#8243;][et_pb_blurb title=&#8221;Condividi le tue opere (forum)&#8221; url=&#8221;https:\/\/cinelerra-gg.org\/forum\/&#8221; image=&#8221;https:\/\/cinelerra-gg.org\/wp-content\/uploads\/2018\/11\/video-camera-icon-64.png&#8221; _builder_version=&#8221;3.17.6&#8243; header_font=&#8221;||||||||&#8221; header_text_align=&#8221;left&#8221; link_option_url=&#8221;https:\/\/cinelerra-gg.org\/forum\/&#8221;]<\/p>\n<p>Nel nostro forum di artisti siete invitati a condividere le vostre esperienze con altri utenti e contribuire ad aprire agli altri partecipanti il mondo del filmaking creativo e della post produzione. <br \/>Clicca qui per il forum degli artisti<a href=\"https:\/\/cinelerra-gg.org\/forum\/\" title=\"Artists Forum\"><\/a><\/p>\n<p>[\/et_pb_blurb][\/et_pb_column][et_pb_column type=&#8221;1_3&#8243; _builder_version=&#8221;3.17.6&#8243;][et_pb_blurb title=&#8221;Segnala un bug (Issue Tracker)&#8221; url=&#8221;https:\/\/cinelerra-gg.org\/bugtracker\/my_view_page.php&#8221; image=&#8221;https:\/\/cinelerra-gg.org\/wp-content\/uploads\/2018\/11\/bug-icon-64.png&#8221; _builder_version=&#8221;3.17.6&#8243; header_font=&#8221;||||||||&#8221; header_text_align=&#8221;left&#8221; link_option_url=&#8221;https:\/\/cinelerra-gg.org\/bugtracker\/my_view_page.php&#8221;]<\/p>\n<p>Tutti commettiamo degli errori. Anche se il bug \u00e8 piccolo segnalatelo, abbiamo piacere di qualsiasi feedback da parte vostra. Con il nostro Mantis Bugtracker si pu\u00f2 segnalare il bug in pochi minuti, in modo da renderlo tracciabile e ottenere un feedback immediatamente.<br \/>Clicca qui per il bug tracker.<a href=\"https:\/\/cinelerra-gg.org\/bugtracker\/login_page.php\" title=\"Bugtracker\"><\/a><\/p>\n<p>[\/et_pb_blurb][\/et_pb_column][et_pb_column type=&#8221;1_3&#8243; _builder_version=&#8221;3.17.6&#8243;][et_pb_blurb title=&#8221;Suggerisci nuove funzionalit\u00e0 (Issue Tracker)&#8221; url=&#8221;https:\/\/cinelerra-gg.org\/bugtracker\/&#8221; image=&#8221;https:\/\/cinelerra-gg.org\/wp-content\/uploads\/2018\/11\/idea-icon-64.png&#8221; _builder_version=&#8221;3.17.6&#8243; header_font=&#8221;||||||||&#8221; header_text_align=&#8221;left&#8221; link_option_url=&#8221;https:\/\/cinelerra-gg.org\/bugtracker\/&#8221;]<\/p>\n<p>Solo attraverso il feedback degli utenti siamo in grado di migliorare Cinelerra. Qualsiasi suggerimento o richiesta di nuove funzionalit\u00e0, non importa quanto piccola, \u00e8 sempre la benvenuta. Perch\u00e9 ne beneficiamo tutti. Il bug tracker, chiamato anche issue tracker, cattura tali richieste con semplicit\u00e0. Questo ci permette di tenerne traccia. Fai clic qui per l&#8217; issue tracker.<\/p>\n<p>[\/et_pb_blurb][\/et_pb_column][\/et_pb_row][et_pb_row _builder_version=&#8221;3.22&#8243;][et_pb_column type=&#8221;1_3&#8243; _builder_version=&#8221;3.17.6&#8243;][et_pb_blurb title=&#8221;Sviluppa con noi (mailing list)&#8221; url=&#8221;https:\/\/lists.cinelerra-gg.org\/mailman\/listinfo\/cin&#8221; image=&#8221;https:\/\/cinelerra-gg.org\/wp-content\/uploads\/2018\/11\/development-icon-64.png&#8221; _builder_version=&#8221;3.17.6&#8243; header_font=&#8221;||||||||&#8221; header_text_align=&#8221;left&#8221; link_option_url=&#8221;https:\/\/lists.cinelerra-gg.org\/mailman\/listinfo\/cin&#8221;]<\/p>\n<p>Apprezziamo qualsiasi tipo di aiuto da altri sviluppatori. Aiuto per migliorare il codice, per aggiungere plugin o nuove funzionalit\u00e0. Puoi contattarci in qualsiasi momento tramite la mailing list. Clicca qui per la mailing list.<\/p>\n<p>[\/et_pb_blurb][\/et_pb_column][et_pb_column type=&#8221;1_3&#8243; _builder_version=&#8221;3.17.6&#8243;][\/et_pb_column][et_pb_column type=&#8221;1_3&#8243; _builder_version=&#8221;3.17.6&#8243;][\/et_pb_column][\/et_pb_row][\/et_pb_section]<\/p>\n","protected":false},"excerpt":{"rendered":"<p>Partecipare In quanto libera comunit\u00e0 open source, accogliamo con favore qualsiasi contributo volto al miglioramento di cinelerra-GG, anche i piccoli contributi. Molti piccoli passi portano al successo. Qui vi mostriamo come si pu\u00f2 partecipare alla comunit\u00e0 di Cinelerra-GG. I nostri utenti provengono da ogni parte del mondo, cos\u00ec la lingua scelta per comunicare fra di [&hellip;]<\/p>\n","protected":false},"author":1,"featured_media":0,"parent":0,"menu_order":0,"comment_status":"closed","ping_status":"closed","template":"","meta":{"_et_pb_use_builder":"on","_et_pb_old_content":"","_et_gb_content_width":"","footnotes":""},"class_list":["post-2503","page","type-page","status-publish","hentry"],"yoast_head":"<!-- This site is optimized with the Yoast SEO plugin v27.4 - https:\/\/yoast.com\/product\/yoast-seo-wordpress\/ -->\n<title>Partecipare - Cinelerra GG<\/title>\n<meta name=\"robots\" content=\"index, follow, max-snippet:-1, max-image-preview:large, max-video-preview:-1\" \/>\n<link rel=\"canonical\" href=\"https:\/\/cinelerra-gg.org\/it\/partecipare\/\" \/>\n<meta property=\"og:locale\" content=\"it_IT\" \/>\n<meta property=\"og:type\" content=\"article\" \/>\n<meta property=\"og:title\" content=\"Partecipare - Cinelerra GG\" \/>\n<meta property=\"og:description\" content=\"Partecipare In quanto libera comunit\u00e0 open source, accogliamo con favore qualsiasi contributo volto al miglioramento di cinelerra-GG, anche i piccoli contributi. Molti piccoli passi portano al successo. Qui vi mostriamo come si pu\u00f2 partecipare alla comunit\u00e0 di Cinelerra-GG. I nostri utenti provengono da ogni parte del mondo, cos\u00ec la lingua scelta per comunicare fra di [&hellip;]\" \/>\n<meta property=\"og:url\" content=\"https:\/\/cinelerra-gg.org\/it\/partecipare\/\" \/>\n<meta property=\"og:site_name\" content=\"Cinelerra GG\" \/>\n<meta property=\"article:modified_time\" content=\"2021-01-28T08:52:17+00:00\" \/>\n<meta name=\"twitter:card\" content=\"summary_large_image\" \/>\n<meta name=\"twitter:label1\" content=\"Tempo di lettura stimato\" \/>\n\t<meta name=\"twitter:data1\" content=\"4 minuti\" \/>\n<script type=\"application\/ld+json\" class=\"yoast-schema-graph\">{\"@context\":\"https:\\\/\\\/schema.org\",\"@graph\":[{\"@type\":\"WebPage\",\"@id\":\"https:\\\/\\\/cinelerra-gg.org\\\/it\\\/partecipare\\\/\",\"url\":\"https:\\\/\\\/cinelerra-gg.org\\\/it\\\/partecipare\\\/\",\"name\":\"Partecipare - Cinelerra GG\",\"isPartOf\":{\"@id\":\"https:\\\/\\\/cinelerra-gg.org\\\/it\\\/#website\"},\"datePublished\":\"2019-02-08T14:13:14+00:00\",\"dateModified\":\"2021-01-28T08:52:17+00:00\",\"breadcrumb\":{\"@id\":\"https:\\\/\\\/cinelerra-gg.org\\\/it\\\/partecipare\\\/#breadcrumb\"},\"inLanguage\":\"it-IT\",\"potentialAction\":[{\"@type\":\"ReadAction\",\"target\":[\"https:\\\/\\\/cinelerra-gg.org\\\/it\\\/partecipare\\\/\"]}]},{\"@type\":\"BreadcrumbList\",\"@id\":\"https:\\\/\\\/cinelerra-gg.org\\\/it\\\/partecipare\\\/#breadcrumb\",\"itemListElement\":[{\"@type\":\"ListItem\",\"position\":1,\"name\":\"Home\",\"item\":\"https:\\\/\\\/cinelerra-gg.org\\\/it\\\/\"},{\"@type\":\"ListItem\",\"position\":2,\"name\":\"Partecipare\"}]},{\"@type\":\"WebSite\",\"@id\":\"https:\\\/\\\/cinelerra-gg.org\\\/it\\\/#website\",\"url\":\"https:\\\/\\\/cinelerra-gg.org\\\/it\\\/\",\"name\":\"Cinelerra GG\",\"description\":\"Cinelerra GG free video editing software\",\"potentialAction\":[{\"@type\":\"SearchAction\",\"target\":{\"@type\":\"EntryPoint\",\"urlTemplate\":\"https:\\\/\\\/cinelerra-gg.org\\\/it\\\/?s={search_term_string}\"},\"query-input\":{\"@type\":\"PropertyValueSpecification\",\"valueRequired\":true,\"valueName\":\"search_term_string\"}}],\"inLanguage\":\"it-IT\"}]}<\/script>\n<!-- \/ Yoast SEO plugin. -->","yoast_head_json":{"title":"Partecipare - Cinelerra GG","robots":{"index":"index","follow":"follow","max-snippet":"max-snippet:-1","max-image-preview":"max-image-preview:large","max-video-preview":"max-video-preview:-1"},"canonical":"https:\/\/cinelerra-gg.org\/it\/partecipare\/","og_locale":"it_IT","og_type":"article","og_title":"Partecipare - Cinelerra GG","og_description":"Partecipare In quanto libera comunit\u00e0 open source, accogliamo con favore qualsiasi contributo volto al miglioramento di cinelerra-GG, anche i piccoli contributi. Molti piccoli passi portano al successo. Qui vi mostriamo come si pu\u00f2 partecipare alla comunit\u00e0 di Cinelerra-GG. I nostri utenti provengono da ogni parte del mondo, cos\u00ec la lingua scelta per comunicare fra di [&hellip;]","og_url":"https:\/\/cinelerra-gg.org\/it\/partecipare\/","og_site_name":"Cinelerra GG","article_modified_time":"2021-01-28T08:52:17+00:00","twitter_card":"summary_large_image","twitter_misc":{"Tempo di lettura stimato":"4 minuti"},"schema":{"@context":"https:\/\/schema.org","@graph":[{"@type":"WebPage","@id":"https:\/\/cinelerra-gg.org\/it\/partecipare\/","url":"https:\/\/cinelerra-gg.org\/it\/partecipare\/","name":"Partecipare - Cinelerra GG","isPartOf":{"@id":"https:\/\/cinelerra-gg.org\/it\/#website"},"datePublished":"2019-02-08T14:13:14+00:00","dateModified":"2021-01-28T08:52:17+00:00","breadcrumb":{"@id":"https:\/\/cinelerra-gg.org\/it\/partecipare\/#breadcrumb"},"inLanguage":"it-IT","potentialAction":[{"@type":"ReadAction","target":["https:\/\/cinelerra-gg.org\/it\/partecipare\/"]}]},{"@type":"BreadcrumbList","@id":"https:\/\/cinelerra-gg.org\/it\/partecipare\/#breadcrumb","itemListElement":[{"@type":"ListItem","position":1,"name":"Home","item":"https:\/\/cinelerra-gg.org\/it\/"},{"@type":"ListItem","position":2,"name":"Partecipare"}]},{"@type":"WebSite","@id":"https:\/\/cinelerra-gg.org\/it\/#website","url":"https:\/\/cinelerra-gg.org\/it\/","name":"Cinelerra GG","description":"Cinelerra GG free video editing software","potentialAction":[{"@type":"SearchAction","target":{"@type":"EntryPoint","urlTemplate":"https:\/\/cinelerra-gg.org\/it\/?s={search_term_string}"},"query-input":{"@type":"PropertyValueSpecification","valueRequired":true,"valueName":"search_term_string"}}],"inLanguage":"it-IT"}]}},"_links":{"self":[{"href":"https:\/\/cinelerra-gg.org\/it\/wp-json\/wp\/v2\/pages\/2503","targetHints":{"allow":["GET"]}}],"collection":[{"href":"https:\/\/cinelerra-gg.org\/it\/wp-json\/wp\/v2\/pages"}],"about":[{"href":"https:\/\/cinelerra-gg.org\/it\/wp-json\/wp\/v2\/types\/page"}],"author":[{"embeddable":true,"href":"https:\/\/cinelerra-gg.org\/it\/wp-json\/wp\/v2\/users\/1"}],"replies":[{"embeddable":true,"href":"https:\/\/cinelerra-gg.org\/it\/wp-json\/wp\/v2\/comments?post=2503"}],"version-history":[{"count":0,"href":"https:\/\/cinelerra-gg.org\/it\/wp-json\/wp\/v2\/pages\/2503\/revisions"}],"wp:attachment":[{"href":"https:\/\/cinelerra-gg.org\/it\/wp-json\/wp\/v2\/media?parent=2503"}],"curies":[{"name":"wp","href":"https:\/\/api.w.org\/{rel}","templated":true}]}}