{"id":2507,"date":"2019-02-08T14:29:50","date_gmt":"2019-02-08T14:29:50","guid":{"rendered":"https:\/\/www.cinelerra-gg.org\/tar-per-utente-singolo\/"},"modified":"2021-03-05T07:45:17","modified_gmt":"2021-03-05T07:45:17","slug":"tar-per-utente-singolo","status":"publish","type":"page","link":"https:\/\/cinelerra-gg.org\/it\/tar-per-utente-singolo\/","title":{"rendered":"Tar per utente singolo"},"content":{"rendered":"<p>[et_pb_section fb_built=&#8221;1&#8243; _builder_version=&#8221;3.22&#8243;][et_pb_row _builder_version=&#8221;3.25&#8243;][et_pb_column type=&#8221;4_4&#8243; _builder_version=&#8221;3.25&#8243; custom_padding=&#8221;|||&#8221; custom_padding__hover=&#8221;|||&#8221;][et_pb_text _builder_version=&#8221;3.27.4&#8243;]<\/p>\n<h1>Singolo utente tar &#8211; statico o condiviso<\/h1>\n<p><strong>Aggiornamento IMPORTANTE<\/strong> &#8211; CinelerraGG \u00e8 passata dal fornire Pacchetti o Tar al solo di <strong>AppImage<\/strong>. L&#8217;ultima versione di AppImage \u00e8 disponibile <a href=\"https:\/\/cinelerra-gg.org\/download\/images\/\">qui<\/a> insieme alle istruzioni per l&#8217;utilizzo nel file README.appimage.<\/p>\n<p>\u00c8 comunque sempre possibile seguire le istruzioni riportate di seguito per utilizzare la versione Tar datata 31 ottobre 2020.<\/p>\n<p>Ci sono directory che includono build di CinelerraGG Infinity per varie distribuzioni.<br \/>I tarball compilati per l&#8217;utente singolo sono disponibili <a href=\"https:\/\/cinelerra-gg.org\/download\/tars\/\">qui<\/a>.<br \/>I pacchetti di sistema multiutente compilati vengono archiviati <a href=\"https:\/\/cinelerra-gg.org\/download\/pkgs\/\">qui<\/a>.<br \/>Per aggiungere la versione di sistema al sistema operativo, fare riferimento alle istruzioni riportate in pkgs\/README.pkgs, <a href=\"https:\/\/cinelerra-gg.org\/download\/pkgs\/README.pkgs\">vedere qui.<\/a><\/p>\n<p>versioni a 32 bit per i686 Ubuntu 14,04, Debian 9 e Slackware.<br \/>NON scaricare la versione 10bit a meno che non si utilizzi H264\/H265 a 10 bit (ma che non pu\u00f2 eseguire il rendering a 8bit).<\/p>\n<p>Per utilizzare il binario per utente singolo, scaricare il tarball e decomprimerlo come indicato:<\/p>\n<p><strong><\/strong><\/p>\n<p>[\/et_pb_text][et_pb_text _builder_version=&#8221;3.27.4&#8243; text_font=&#8221;||||||||&#8221; background_color=&#8221;#f2f2f2&#8243; custom_margin=&#8221;|||20px&#8221; custom_padding=&#8221;10px|5px|10px|20px&#8221; border_radii=&#8221;on|11px|11px|11px|11px&#8221;]<\/p>\n<p>cd \/path<br \/> mkdir cin<br \/> cd cin<br \/> tar-xJf \/src\/path\/cinelerra-5.1-*. txz # come mostrato in .\/tars per la distro<\/p>\n<p>[\/et_pb_text][\/et_pb_column][\/et_pb_row][\/et_pb_section]<\/p>\n","protected":false},"excerpt":{"rendered":"<p>Singolo utente tar &#8211; statico o condiviso Aggiornamento IMPORTANTE &#8211; CinelerraGG \u00e8 passata dal fornire Pacchetti o Tar al solo di AppImage. L&#8217;ultima versione di AppImage \u00e8 disponibile qui insieme alle istruzioni per l&#8217;utilizzo nel file README.appimage. \u00c8 comunque sempre possibile seguire le istruzioni riportate di seguito per utilizzare la versione Tar datata 31 ottobre [&hellip;]<\/p>\n","protected":false},"author":3,"featured_media":0,"parent":0,"menu_order":0,"comment_status":"closed","ping_status":"closed","template":"","meta":{"_et_pb_use_builder":"on","_et_pb_old_content":"","_et_gb_content_width":"","footnotes":""},"class_list":["post-2507","page","type-page","status-publish","hentry"],"yoast_head":"<!-- This site is optimized with the Yoast SEO plugin v27.0 - https:\/\/yoast.com\/product\/yoast-seo-wordpress\/ -->\n<title>Tar per utente singolo - Cinelerra GG<\/title>\n<meta name=\"robots\" content=\"index, follow, max-snippet:-1, max-image-preview:large, max-video-preview:-1\" \/>\n<link rel=\"canonical\" href=\"https:\/\/cinelerra-gg.org\/it\/tar-per-utente-singolo\/\" \/>\n<meta property=\"og:locale\" content=\"it_IT\" \/>\n<meta property=\"og:type\" content=\"article\" \/>\n<meta property=\"og:title\" content=\"Tar per utente singolo - Cinelerra GG\" \/>\n<meta property=\"og:description\" content=\"Singolo utente tar - statico o condiviso Aggiornamento IMPORTANTE - CinelerraGG \u00e8 passata dal fornire Pacchetti o Tar al solo di AppImage. L&#039;ultima versione di AppImage \u00e8 disponibile qui insieme alle istruzioni per l&#039;utilizzo nel file README.appimage. \u00c8 comunque sempre possibile seguire le istruzioni riportate di seguito per utilizzare la versione Tar datata 31 ottobre [&hellip;]\" \/>\n<meta property=\"og:url\" content=\"https:\/\/cinelerra-gg.org\/it\/tar-per-utente-singolo\/\" \/>\n<meta property=\"og:site_name\" content=\"Cinelerra GG\" \/>\n<meta property=\"article:modified_time\" content=\"2021-03-05T07:45:17+00:00\" \/>\n<meta name=\"twitter:card\" content=\"summary_large_image\" \/>\n<meta name=\"twitter:label1\" content=\"Tempo di lettura stimato\" \/>\n\t<meta name=\"twitter:data1\" content=\"1 minuto\" \/>\n<script type=\"application\/ld+json\" class=\"yoast-schema-graph\">{\"@context\":\"https:\/\/schema.org\",\"@graph\":[{\"@type\":\"WebPage\",\"@id\":\"https:\/\/cinelerra-gg.org\/it\/tar-per-utente-singolo\/\",\"url\":\"https:\/\/cinelerra-gg.org\/it\/tar-per-utente-singolo\/\",\"name\":\"Tar per utente singolo - Cinelerra GG\",\"isPartOf\":{\"@id\":\"https:\/\/cinelerra-gg.org\/it\/#website\"},\"datePublished\":\"2019-02-08T14:29:50+00:00\",\"dateModified\":\"2021-03-05T07:45:17+00:00\",\"breadcrumb\":{\"@id\":\"https:\/\/cinelerra-gg.org\/it\/tar-per-utente-singolo\/#breadcrumb\"},\"inLanguage\":\"it-IT\",\"potentialAction\":[{\"@type\":\"ReadAction\",\"target\":[\"https:\/\/cinelerra-gg.org\/it\/tar-per-utente-singolo\/\"]}]},{\"@type\":\"BreadcrumbList\",\"@id\":\"https:\/\/cinelerra-gg.org\/it\/tar-per-utente-singolo\/#breadcrumb\",\"itemListElement\":[{\"@type\":\"ListItem\",\"position\":1,\"name\":\"Home\",\"item\":\"https:\/\/cinelerra-gg.org\/it\/\"},{\"@type\":\"ListItem\",\"position\":2,\"name\":\"Tar per utente singolo\"}]},{\"@type\":\"WebSite\",\"@id\":\"https:\/\/cinelerra-gg.org\/it\/#website\",\"url\":\"https:\/\/cinelerra-gg.org\/it\/\",\"name\":\"Cinelerra GG\",\"description\":\"Cinelerra GG free video editing software\",\"potentialAction\":[{\"@type\":\"SearchAction\",\"target\":{\"@type\":\"EntryPoint\",\"urlTemplate\":\"https:\/\/cinelerra-gg.org\/it\/?s={search_term_string}\"},\"query-input\":{\"@type\":\"PropertyValueSpecification\",\"valueRequired\":true,\"valueName\":\"search_term_string\"}}],\"inLanguage\":\"it-IT\"}]}<\/script>\n<!-- \/ Yoast SEO plugin. -->","yoast_head_json":{"title":"Tar per utente singolo - Cinelerra GG","robots":{"index":"index","follow":"follow","max-snippet":"max-snippet:-1","max-image-preview":"max-image-preview:large","max-video-preview":"max-video-preview:-1"},"canonical":"https:\/\/cinelerra-gg.org\/it\/tar-per-utente-singolo\/","og_locale":"it_IT","og_type":"article","og_title":"Tar per utente singolo - Cinelerra GG","og_description":"Singolo utente tar - statico o condiviso Aggiornamento IMPORTANTE - CinelerraGG \u00e8 passata dal fornire Pacchetti o Tar al solo di AppImage. L'ultima versione di AppImage \u00e8 disponibile qui insieme alle istruzioni per l'utilizzo nel file README.appimage. \u00c8 comunque sempre possibile seguire le istruzioni riportate di seguito per utilizzare la versione Tar datata 31 ottobre [&hellip;]","og_url":"https:\/\/cinelerra-gg.org\/it\/tar-per-utente-singolo\/","og_site_name":"Cinelerra GG","article_modified_time":"2021-03-05T07:45:17+00:00","twitter_card":"summary_large_image","twitter_misc":{"Tempo di lettura stimato":"1 minuto"},"schema":{"@context":"https:\/\/schema.org","@graph":[{"@type":"WebPage","@id":"https:\/\/cinelerra-gg.org\/it\/tar-per-utente-singolo\/","url":"https:\/\/cinelerra-gg.org\/it\/tar-per-utente-singolo\/","name":"Tar per utente singolo - Cinelerra GG","isPartOf":{"@id":"https:\/\/cinelerra-gg.org\/it\/#website"},"datePublished":"2019-02-08T14:29:50+00:00","dateModified":"2021-03-05T07:45:17+00:00","breadcrumb":{"@id":"https:\/\/cinelerra-gg.org\/it\/tar-per-utente-singolo\/#breadcrumb"},"inLanguage":"it-IT","potentialAction":[{"@type":"ReadAction","target":["https:\/\/cinelerra-gg.org\/it\/tar-per-utente-singolo\/"]}]},{"@type":"BreadcrumbList","@id":"https:\/\/cinelerra-gg.org\/it\/tar-per-utente-singolo\/#breadcrumb","itemListElement":[{"@type":"ListItem","position":1,"name":"Home","item":"https:\/\/cinelerra-gg.org\/it\/"},{"@type":"ListItem","position":2,"name":"Tar per utente singolo"}]},{"@type":"WebSite","@id":"https:\/\/cinelerra-gg.org\/it\/#website","url":"https:\/\/cinelerra-gg.org\/it\/","name":"Cinelerra GG","description":"Cinelerra GG free video editing software","potentialAction":[{"@type":"SearchAction","target":{"@type":"EntryPoint","urlTemplate":"https:\/\/cinelerra-gg.org\/it\/?s={search_term_string}"},"query-input":{"@type":"PropertyValueSpecification","valueRequired":true,"valueName":"search_term_string"}}],"inLanguage":"it-IT"}]}},"_links":{"self":[{"href":"https:\/\/cinelerra-gg.org\/it\/wp-json\/wp\/v2\/pages\/2507","targetHints":{"allow":["GET"]}}],"collection":[{"href":"https:\/\/cinelerra-gg.org\/it\/wp-json\/wp\/v2\/pages"}],"about":[{"href":"https:\/\/cinelerra-gg.org\/it\/wp-json\/wp\/v2\/types\/page"}],"author":[{"embeddable":true,"href":"https:\/\/cinelerra-gg.org\/it\/wp-json\/wp\/v2\/users\/3"}],"replies":[{"embeddable":true,"href":"https:\/\/cinelerra-gg.org\/it\/wp-json\/wp\/v2\/comments?post=2507"}],"version-history":[{"count":0,"href":"https:\/\/cinelerra-gg.org\/it\/wp-json\/wp\/v2\/pages\/2507\/revisions"}],"wp:attachment":[{"href":"https:\/\/cinelerra-gg.org\/it\/wp-json\/wp\/v2\/media?parent=2507"}],"curies":[{"name":"wp","href":"https:\/\/api.w.org\/{rel}","templated":true}]}}