{"id":2509,"date":"2019-02-08T14:49:46","date_gmt":"2019-02-08T14:49:46","guid":{"rendered":"https:\/\/www.cinelerra-gg.org\/slackware\/"},"modified":"2021-03-05T08:40:57","modified_gmt":"2021-03-05T08:40:57","slug":"slackware","status":"publish","type":"page","link":"https:\/\/cinelerra-gg.org\/it\/slackware\/","title":{"rendered":"Slackware"},"content":{"rendered":"<p>[et_pb_section fb_built=&#8221;1&#8243; _builder_version=&#8221;3.22&#8243;][et_pb_row _builder_version=&#8221;3.25&#8243;][et_pb_column type=&#8221;4_4&#8243; _builder_version=&#8221;3.25&#8243; custom_padding=&#8221;|||&#8221; custom_padding__hover=&#8221;|||&#8221;][et_pb_text _builder_version=&#8221;3.27.4&#8243;]<\/p>\n<h1>Slackware<\/h1>\n<p><strong>Aggiornamento IMPORTANTE<\/strong> &#8211; CinelerraGG \u00e8 passata dal fornire Pacchetti o Tar alla sola fornitura di pacchetti <strong>AppImage<\/strong>. L&#8217;ultima versione di AppImage \u00e8 disponibile <a href=\"https:\/\/cinelerra-gg.org\/download\/images\/\">qui<\/a> insieme alle istruzioni per l&#8217;utilizzo nel file README.appimage.<\/p>\n<p>\u00c8 comunque sempre possibile seguire le istruzioni riportate di seguito per utilizzare la versione Tar datata 31 ottobre 2020.<\/p>\n<p>Attualmente l&#8217;accesso al sito non \u00e8 configurato. Per installare Cinelerra-GG per slackware usare il pacchetto cin_5.1*.txz <a href=\"https:\/\/cinelerra-gg.org\/download\/pkgs\/\">here<\/a>. Quindi:<\/p>\n<p>[\/et_pb_text][et_pb_text _builder_version=&#8221;3.27.4&#8243; text_font=&#8221;||||||||&#8221; background_color=&#8221;#f2f2f2&#8243; custom_margin=&#8221;|||20px&#8221; custom_padding=&#8221;10px|5px|10px|20px&#8221; border_radii=&#8221;on|11px|11px|11px|11px&#8221;]<\/p>\n<p>installpkg\/path\/cin_5.1*.txz<\/p>\n<p>[\/et_pb_text][et_pb_text _builder_version=&#8221;3.27.4&#8243;]<\/p>\n<p>Per aggiornare un&#8217;installazione precedente:<\/p>\n<p>[\/et_pb_text][et_pb_text _builder_version=&#8221;3.27.4&#8243; text_font=&#8221;||||||||&#8221; background_color=&#8221;#f2f2f2&#8243; custom_margin=&#8221;|||20px&#8221; custom_padding=&#8221;10px|5px|10px|20px&#8221; border_radii=&#8221;on|11px|11px|11px|11px&#8221;]<\/p>\n<p>upgradepkg \/path\/cin&#8230;<\/p>\n<p>[\/et_pb_text][et_pb_text _builder_version=&#8221;3.27.4&#8243;]<\/p>\n<p>Rimuoverlo con:<\/p>\n<p>[\/et_pb_text][et_pb_text _builder_version=&#8221;3.27.4&#8243; text_font=&#8221;||||||||&#8221; background_color=&#8221;#f2f2f2&#8243; custom_margin=&#8221;|||20px&#8221; custom_padding=&#8221;10px|5px|10px|20px&#8221; border_radii=&#8221;on|11px|11px|11px|11px&#8221;]<\/p>\n<p>removepkg cin<\/p>\n<p>[\/et_pb_text][et_pb_text _builder_version=&#8221;3.27.4&#8243;]<\/p>\n<p>Slackware 32\/64 builds:<\/p>\n<p>Per l&#8217;edizione a 32 bit di Slackware, vai <a href=\"https:\/\/cinelerra-gg.org\/download\/tars\/\">qui<\/a>.<\/p>\n<p>Cercare un file con la sintassi c<i>inelerra-5.1-s<b>lk32<\/b>-14.2-i686-DATE.txz<\/i>. Estrarre ed eseguire il binario &#8220;cin&#8221;.<\/p>\n<p>Per l&#8217;edizione a 64bit di Slackware, vai <a href=\"https:\/\/cinelerra-gg.org\/download\/tars\/\">qui<\/a>.<\/p>\n<p>Cercare il file con la sintassi c<i>inelerra-5.1-<b>slk64<\/b>-14.2-x86_64-date.txz<\/i>. Estrarre ed eseguire il binario &#8220;cin&#8221;.<\/p>\n<p>Se si desidera compilare Cinelerra-GG da zero, una SlackBuild \u00e8 disponibile sul nostro repository GIT in &#8220;blds\/cin.SlackBuild &#8220;.<\/p>\n<p>[\/et_pb_text][\/et_pb_column][\/et_pb_row][\/et_pb_section]<\/p>\n","protected":false},"excerpt":{"rendered":"<p>Slackware Aggiornamento IMPORTANTE &#8211; CinelerraGG \u00e8 passata dal fornire Pacchetti o Tar alla sola fornitura di pacchetti AppImage. L&#8217;ultima versione di AppImage \u00e8 disponibile qui insieme alle istruzioni per l&#8217;utilizzo nel file README.appimage. \u00c8 comunque sempre possibile seguire le istruzioni riportate di seguito per utilizzare la versione Tar datata 31 ottobre 2020. Attualmente l&#8217;accesso al [&hellip;]<\/p>\n","protected":false},"author":3,"featured_media":0,"parent":0,"menu_order":0,"comment_status":"closed","ping_status":"closed","template":"","meta":{"_et_pb_use_builder":"on","_et_pb_old_content":"","_et_gb_content_width":"","footnotes":""},"class_list":["post-2509","page","type-page","status-publish","hentry"],"yoast_head":"<!-- This site is optimized with the Yoast SEO plugin v27.0 - https:\/\/yoast.com\/product\/yoast-seo-wordpress\/ -->\n<title>Slackware - Cinelerra GG<\/title>\n<meta name=\"robots\" content=\"index, follow, max-snippet:-1, max-image-preview:large, max-video-preview:-1\" \/>\n<link rel=\"canonical\" href=\"https:\/\/cinelerra-gg.org\/it\/slackware\/\" \/>\n<meta property=\"og:locale\" content=\"it_IT\" \/>\n<meta property=\"og:type\" content=\"article\" \/>\n<meta property=\"og:title\" content=\"Slackware - Cinelerra GG\" \/>\n<meta property=\"og:description\" content=\"Slackware Aggiornamento IMPORTANTE - CinelerraGG \u00e8 passata dal fornire Pacchetti o Tar alla sola fornitura di pacchetti AppImage. L&#039;ultima versione di AppImage \u00e8 disponibile qui insieme alle istruzioni per l&#039;utilizzo nel file README.appimage. \u00c8 comunque sempre possibile seguire le istruzioni riportate di seguito per utilizzare la versione Tar datata 31 ottobre 2020. Attualmente l&#039;accesso al [&hellip;]\" \/>\n<meta property=\"og:url\" content=\"https:\/\/cinelerra-gg.org\/it\/slackware\/\" \/>\n<meta property=\"og:site_name\" content=\"Cinelerra GG\" \/>\n<meta property=\"article:modified_time\" content=\"2021-03-05T08:40:57+00:00\" \/>\n<meta name=\"twitter:card\" content=\"summary_large_image\" \/>\n<meta name=\"twitter:label1\" content=\"Tempo di lettura stimato\" \/>\n\t<meta name=\"twitter:data1\" content=\"2 minuti\" \/>\n<script type=\"application\/ld+json\" class=\"yoast-schema-graph\">{\"@context\":\"https:\/\/schema.org\",\"@graph\":[{\"@type\":\"WebPage\",\"@id\":\"https:\/\/cinelerra-gg.org\/it\/slackware\/\",\"url\":\"https:\/\/cinelerra-gg.org\/it\/slackware\/\",\"name\":\"Slackware - Cinelerra GG\",\"isPartOf\":{\"@id\":\"https:\/\/cinelerra-gg.org\/it\/#website\"},\"datePublished\":\"2019-02-08T14:49:46+00:00\",\"dateModified\":\"2021-03-05T08:40:57+00:00\",\"breadcrumb\":{\"@id\":\"https:\/\/cinelerra-gg.org\/it\/slackware\/#breadcrumb\"},\"inLanguage\":\"it-IT\",\"potentialAction\":[{\"@type\":\"ReadAction\",\"target\":[\"https:\/\/cinelerra-gg.org\/it\/slackware\/\"]}]},{\"@type\":\"BreadcrumbList\",\"@id\":\"https:\/\/cinelerra-gg.org\/it\/slackware\/#breadcrumb\",\"itemListElement\":[{\"@type\":\"ListItem\",\"position\":1,\"name\":\"Home\",\"item\":\"https:\/\/cinelerra-gg.org\/it\/\"},{\"@type\":\"ListItem\",\"position\":2,\"name\":\"Slackware\"}]},{\"@type\":\"WebSite\",\"@id\":\"https:\/\/cinelerra-gg.org\/it\/#website\",\"url\":\"https:\/\/cinelerra-gg.org\/it\/\",\"name\":\"Cinelerra GG\",\"description\":\"Cinelerra GG free video editing software\",\"potentialAction\":[{\"@type\":\"SearchAction\",\"target\":{\"@type\":\"EntryPoint\",\"urlTemplate\":\"https:\/\/cinelerra-gg.org\/it\/?s={search_term_string}\"},\"query-input\":{\"@type\":\"PropertyValueSpecification\",\"valueRequired\":true,\"valueName\":\"search_term_string\"}}],\"inLanguage\":\"it-IT\"}]}<\/script>\n<!-- \/ Yoast SEO plugin. -->","yoast_head_json":{"title":"Slackware - Cinelerra GG","robots":{"index":"index","follow":"follow","max-snippet":"max-snippet:-1","max-image-preview":"max-image-preview:large","max-video-preview":"max-video-preview:-1"},"canonical":"https:\/\/cinelerra-gg.org\/it\/slackware\/","og_locale":"it_IT","og_type":"article","og_title":"Slackware - Cinelerra GG","og_description":"Slackware Aggiornamento IMPORTANTE - CinelerraGG \u00e8 passata dal fornire Pacchetti o Tar alla sola fornitura di pacchetti AppImage. L'ultima versione di AppImage \u00e8 disponibile qui insieme alle istruzioni per l'utilizzo nel file README.appimage. \u00c8 comunque sempre possibile seguire le istruzioni riportate di seguito per utilizzare la versione Tar datata 31 ottobre 2020. Attualmente l'accesso al [&hellip;]","og_url":"https:\/\/cinelerra-gg.org\/it\/slackware\/","og_site_name":"Cinelerra GG","article_modified_time":"2021-03-05T08:40:57+00:00","twitter_card":"summary_large_image","twitter_misc":{"Tempo di lettura stimato":"2 minuti"},"schema":{"@context":"https:\/\/schema.org","@graph":[{"@type":"WebPage","@id":"https:\/\/cinelerra-gg.org\/it\/slackware\/","url":"https:\/\/cinelerra-gg.org\/it\/slackware\/","name":"Slackware - Cinelerra GG","isPartOf":{"@id":"https:\/\/cinelerra-gg.org\/it\/#website"},"datePublished":"2019-02-08T14:49:46+00:00","dateModified":"2021-03-05T08:40:57+00:00","breadcrumb":{"@id":"https:\/\/cinelerra-gg.org\/it\/slackware\/#breadcrumb"},"inLanguage":"it-IT","potentialAction":[{"@type":"ReadAction","target":["https:\/\/cinelerra-gg.org\/it\/slackware\/"]}]},{"@type":"BreadcrumbList","@id":"https:\/\/cinelerra-gg.org\/it\/slackware\/#breadcrumb","itemListElement":[{"@type":"ListItem","position":1,"name":"Home","item":"https:\/\/cinelerra-gg.org\/it\/"},{"@type":"ListItem","position":2,"name":"Slackware"}]},{"@type":"WebSite","@id":"https:\/\/cinelerra-gg.org\/it\/#website","url":"https:\/\/cinelerra-gg.org\/it\/","name":"Cinelerra GG","description":"Cinelerra GG free video editing software","potentialAction":[{"@type":"SearchAction","target":{"@type":"EntryPoint","urlTemplate":"https:\/\/cinelerra-gg.org\/it\/?s={search_term_string}"},"query-input":{"@type":"PropertyValueSpecification","valueRequired":true,"valueName":"search_term_string"}}],"inLanguage":"it-IT"}]}},"_links":{"self":[{"href":"https:\/\/cinelerra-gg.org\/it\/wp-json\/wp\/v2\/pages\/2509","targetHints":{"allow":["GET"]}}],"collection":[{"href":"https:\/\/cinelerra-gg.org\/it\/wp-json\/wp\/v2\/pages"}],"about":[{"href":"https:\/\/cinelerra-gg.org\/it\/wp-json\/wp\/v2\/types\/page"}],"author":[{"embeddable":true,"href":"https:\/\/cinelerra-gg.org\/it\/wp-json\/wp\/v2\/users\/3"}],"replies":[{"embeddable":true,"href":"https:\/\/cinelerra-gg.org\/it\/wp-json\/wp\/v2\/comments?post=2509"}],"version-history":[{"count":0,"href":"https:\/\/cinelerra-gg.org\/it\/wp-json\/wp\/v2\/pages\/2509\/revisions"}],"wp:attachment":[{"href":"https:\/\/cinelerra-gg.org\/it\/wp-json\/wp\/v2\/media?parent=2509"}],"curies":[{"name":"wp","href":"https:\/\/api.w.org\/{rel}","templated":true}]}}