{"id":2512,"date":"2019-02-08T14:59:09","date_gmt":"2019-02-08T14:59:09","guid":{"rendered":"https:\/\/www.cinelerra-gg.org\/arch\/"},"modified":"2021-03-05T08:25:28","modified_gmt":"2021-03-05T08:25:28","slug":"istruzioni-su-come-installare-cinelerra-in-arch-linux","status":"publish","type":"page","link":"https:\/\/cinelerra-gg.org\/it\/istruzioni-su-come-installare-cinelerra-in-arch-linux\/","title":{"rendered":"Istruzioni su come installare Cinelerra in Arch Linux"},"content":{"rendered":"<p>[et_pb_section fb_built=&#8221;1&#8243; _builder_version=&#8221;3.22&#8243; custom_padding=&#8221;||19px|||&#8221;][et_pb_row _builder_version=&#8221;3.25&#8243; custom_padding=&#8221;||22px|||&#8221;][et_pb_column type=&#8221;4_4&#8243; _builder_version=&#8221;3.25&#8243; custom_padding=&#8221;|||&#8221; custom_padding__hover=&#8221;|||&#8221;][et_pb_text _builder_version=&#8221;3.27.4&#8243;]<\/p>\n<h1>Installazione di Cinelerra in Arch Linux<\/h1>\n<p><strong>Aggiornamento IMPORTANTE<\/strong> &#8211; CinelerraGG \u00e8 passata dal fornire Pacchetti o Tar alla sola fornitura di pacchetti <strong>AppImage<\/strong>. L&#8217;ultima versione di AppImage \u00e8 disponibile <a href=\"https:\/\/cinelerra-gg.org\/download\/images\/\">qui<\/a> insieme alle istruzioni per l&#8217;utilizzo nel file README.appimage.<\/p>\n<p>Per usare l&#8217;ultima verasione del pacchetto datata 31 Ottobre 2020, puoi ancora seguire le seguenti istruzioni.<\/p>\n<p>In questa sezione troverai come installare Cinelerra su Arch Linux da linea di comando. In alternativa puoi usare il pacchetto pre-compilato che si trova nella pagina di Download. Un elenco di pacchetti specifici per <strong>Manjaro<\/strong> e <strong>EndeavorOS<\/strong> che \u00e8 necessario installare, \u00e8 elencato in questo file:<\/p>\n<p><a href=\"https:\/\/cinelerra-gg.org\/download\/README.arch\">https:\/\/cinelerra-gg.org\/download\/README.arch<\/a><\/p>\n<p>Istruzioni di installazione di Cinelerra in Arch Linux:<\/p>\n<p>Per l&#8217;installazione del pacchetto Arch, modificare prima il file <em>\/etc\/pacman.conf<\/em>, per includere quanto segue:<strong><br \/><\/strong><\/p>\n<p>[\/et_pb_text][et_pb_text _builder_version=&#8221;3.27.4&#8243; text_font=&#8221;||||||||&#8221; background_color=&#8221;#f2f2f2&#8243; custom_margin=&#8221;|||20px&#8221; custom_padding=&#8221;10px|5px|10px|20px&#8221; border_radii=&#8221;on|11px|11px|11px|11px&#8221;]<\/p>\n<p>[cingg]<br \/>SigLevel =Optional TrustAll<br \/>Server = https:\/\/cinelerra-gg.org\/download\/pkgs\/arch<br \/># end of cingg<\/p>\n<p>[\/et_pb_text][et_pb_text _builder_version=&#8221;3.27.4&#8243;]<\/p>\n<p>Quindi eseguire questi comandi per l&#8217;installazione:<\/p>\n<p>[\/et_pb_text][et_pb_text _builder_version=&#8221;3.27.4&#8243; text_font=&#8221;||||||||&#8221; background_color=&#8221;#f2f2f2&#8243; custom_margin=&#8221;|||20px&#8221; custom_padding=&#8221;10px|5px|10px|20px&#8221; border_radii=&#8221;on|11px|11px|11px|11px&#8221;]<\/p>\n<p>pacman -Syu<br \/> pacman -S cin<\/p>\n<p>NOTA: la prima riga aggiorna il sistema all&#8217;ultima versione; la seconda riga aggiorna Cinelerra-GG all&#8217;ultima versione, che esce alla fine di ogni mese. Per favore, eseguite i due passaggi nel loro giusto ordine e consecutivamente, per evitare il rischi di aggiornamenti parziali. A causa dei continui e imprevedibili aggiornamenti di Arch, specie le librerie, l&#8217;aggiornamento di Cinelerra-GG ogni mese pu\u00f2 portare a possibili incompatibilit\u00e0 delle librerie. In questo caso installare il pacchetto tar &#8220;static&#8221; .<\/p>\n<p>&nbsp;<\/p>\n<p>[\/et_pb_text][et_pb_text _builder_version=&#8221;3.27.4&#8243;]<\/p>\n<p>Per rimuovere Cinelerra-GG, eseguire:<\/p>\n<p>[\/et_pb_text][et_pb_text _builder_version=&#8221;3.27.4&#8243; text_font=&#8221;||||||||&#8221; background_color=&#8221;#f2f2f2&#8243; custom_margin=&#8221;|||20px&#8221; custom_padding=&#8221;10px|5px|10px|20px&#8221; border_radii=&#8221;on|11px|11px|11px|11px&#8221;]<\/p>\n<p>pacman -R cin<\/p>\n<p>[\/et_pb_text][\/et_pb_column][\/et_pb_row][\/et_pb_section][et_pb_section fb_built=&#8221;1&#8243; _builder_version=&#8221;3.22&#8243; custom_padding=&#8221;28px||16px|||&#8221;][et_pb_row _builder_version=&#8221;3.25&#8243; custom_padding=&#8221;14px||20px|||&#8221;][et_pb_column type=&#8221;4_4&#8243; _builder_version=&#8221;3.25&#8243; custom_padding=&#8221;|||&#8221; custom_padding__hover=&#8221;|||&#8221;][et_pb_text _builder_version=&#8221;3.27.4&#8243;]<\/p>\n<h2>Cos&#8217;\u00e8 Arch Linux?<\/h2>\n<p>Arch Linux \u00e8 una distribuzione Linux di tipo rolling release. Il team di sviluppo segue la filosofia KISS (&#8220;keep it simple, stupid&#8221;). Lo scopo \u00e8 mantenere la semplicit\u00e0, che comporta un&#8217;installazione e configurazione senza schermate grafiche. Arch Linux \u00e8 raccomandata per utenti avanzati per la sua scarna interfaccia di installazione.<\/p>\n<p>\u00c8 concepita per fare uso dei pacchetti binari. I pacchetti Arch sono gestiti dal package manager chiamato Pacman. Arch Build System (ABS) pu\u00f2 essere usato per creare nuovi pacchetti altrimenti disponibili solo come codice sorgente. Ci sono diverse distribuzioni basate su Arch Linux o che usano i suoi programmi. La derivata pi\u00f9 conosciuta \u00e8 Manjaro Linux. A differenza di altre grandi distribuzioni, Arch Linux non crea nuove versioni a intervalli di tempo precisi, ma procede in accordo con i principi delle rolling release.<\/p>\n<h2>Dove posso trovare informazioni su Arch Linux?<\/h2>\n<p>Puoi trovare dettagliate informazioni su <a title=\"Arch Linux su Wikipedia\" href=\"https:\/\/en.wikipedia.org\/wiki\/Arch_Linux\">Arch Linux in Wikipedia<\/a> e sulla pagina <a title=\"Pagina del progetto Arch Linux\" href=\"https:\/\/www.archlinux.org\/\">Arch Linux project<\/a>.<\/p>\n<p>[\/et_pb_text][\/et_pb_column][\/et_pb_row][\/et_pb_section]<\/p>\n","protected":false},"excerpt":{"rendered":"<p>Installazione di Cinelerra in Arch Linux Aggiornamento IMPORTANTE &#8211; CinelerraGG \u00e8 passata dal fornire Pacchetti o Tar alla sola fornitura di pacchetti AppImage. L&#8217;ultima versione di AppImage \u00e8 disponibile qui insieme alle istruzioni per l&#8217;utilizzo nel file README.appimage. Per usare l&#8217;ultima verasione del pacchetto datata 31 Ottobre 2020, puoi ancora seguire le seguenti istruzioni. In [&hellip;]<\/p>\n","protected":false},"author":3,"featured_media":0,"parent":0,"menu_order":0,"comment_status":"closed","ping_status":"closed","template":"","meta":{"_et_pb_use_builder":"on","_et_pb_old_content":"","_et_gb_content_width":"","footnotes":""},"class_list":["post-2512","page","type-page","status-publish","hentry"],"yoast_head":"<!-- This site is optimized with the Yoast SEO plugin v27.0 - https:\/\/yoast.com\/product\/yoast-seo-wordpress\/ -->\n<title>Istruzioni su come installare Cinelerra in Arch Linux - Cinelerra GG<\/title>\n<meta name=\"description\" content=\"Istruzioni per l&#039;installazione di Cinelerra in Arch Linux. Qui puoi trovare le istruzioni per installare Cinelerra-GG in Arch Linux.\" \/>\n<meta name=\"robots\" content=\"index, follow, max-snippet:-1, max-image-preview:large, max-video-preview:-1\" \/>\n<link rel=\"canonical\" href=\"https:\/\/cinelerra-gg.org\/it\/istruzioni-su-come-installare-cinelerra-in-arch-linux\/\" \/>\n<meta property=\"og:locale\" content=\"it_IT\" \/>\n<meta property=\"og:type\" content=\"article\" \/>\n<meta property=\"og:title\" content=\"Istruzioni su come installare Cinelerra in Arch Linux - Cinelerra GG\" \/>\n<meta property=\"og:description\" content=\"Istruzioni per l&#039;installazione di Cinelerra in Arch Linux. Qui puoi trovare le istruzioni per installare Cinelerra-GG in Arch Linux.\" \/>\n<meta property=\"og:url\" content=\"https:\/\/cinelerra-gg.org\/it\/istruzioni-su-come-installare-cinelerra-in-arch-linux\/\" \/>\n<meta property=\"og:site_name\" content=\"Cinelerra GG\" \/>\n<meta property=\"article:modified_time\" content=\"2021-03-05T08:25:28+00:00\" \/>\n<meta name=\"twitter:card\" content=\"summary_large_image\" \/>\n<meta name=\"twitter:label1\" content=\"Tempo di lettura stimato\" \/>\n\t<meta name=\"twitter:data1\" content=\"3 minuti\" \/>\n<script type=\"application\/ld+json\" class=\"yoast-schema-graph\">{\"@context\":\"https:\/\/schema.org\",\"@graph\":[{\"@type\":\"WebPage\",\"@id\":\"https:\/\/cinelerra-gg.org\/it\/istruzioni-su-come-installare-cinelerra-in-arch-linux\/\",\"url\":\"https:\/\/cinelerra-gg.org\/it\/istruzioni-su-come-installare-cinelerra-in-arch-linux\/\",\"name\":\"Istruzioni su come installare Cinelerra in Arch Linux - Cinelerra GG\",\"isPartOf\":{\"@id\":\"https:\/\/cinelerra-gg.org\/it\/#website\"},\"datePublished\":\"2019-02-08T14:59:09+00:00\",\"dateModified\":\"2021-03-05T08:25:28+00:00\",\"description\":\"Istruzioni per l'installazione di Cinelerra in Arch Linux. Qui puoi trovare le istruzioni per installare Cinelerra-GG in Arch Linux.\",\"breadcrumb\":{\"@id\":\"https:\/\/cinelerra-gg.org\/it\/istruzioni-su-come-installare-cinelerra-in-arch-linux\/#breadcrumb\"},\"inLanguage\":\"it-IT\",\"potentialAction\":[{\"@type\":\"ReadAction\",\"target\":[\"https:\/\/cinelerra-gg.org\/it\/istruzioni-su-come-installare-cinelerra-in-arch-linux\/\"]}]},{\"@type\":\"BreadcrumbList\",\"@id\":\"https:\/\/cinelerra-gg.org\/it\/istruzioni-su-come-installare-cinelerra-in-arch-linux\/#breadcrumb\",\"itemListElement\":[{\"@type\":\"ListItem\",\"position\":1,\"name\":\"Home\",\"item\":\"https:\/\/cinelerra-gg.org\/it\/\"},{\"@type\":\"ListItem\",\"position\":2,\"name\":\"Istruzioni su come installare Cinelerra in Arch Linux\"}]},{\"@type\":\"WebSite\",\"@id\":\"https:\/\/cinelerra-gg.org\/it\/#website\",\"url\":\"https:\/\/cinelerra-gg.org\/it\/\",\"name\":\"Cinelerra GG\",\"description\":\"Cinelerra GG free video editing software\",\"potentialAction\":[{\"@type\":\"SearchAction\",\"target\":{\"@type\":\"EntryPoint\",\"urlTemplate\":\"https:\/\/cinelerra-gg.org\/it\/?s={search_term_string}\"},\"query-input\":{\"@type\":\"PropertyValueSpecification\",\"valueRequired\":true,\"valueName\":\"search_term_string\"}}],\"inLanguage\":\"it-IT\"}]}<\/script>\n<!-- \/ Yoast SEO plugin. -->","yoast_head_json":{"title":"Istruzioni su come installare Cinelerra in Arch Linux - Cinelerra GG","description":"Istruzioni per l'installazione di Cinelerra in Arch Linux. Qui puoi trovare le istruzioni per installare Cinelerra-GG in Arch Linux.","robots":{"index":"index","follow":"follow","max-snippet":"max-snippet:-1","max-image-preview":"max-image-preview:large","max-video-preview":"max-video-preview:-1"},"canonical":"https:\/\/cinelerra-gg.org\/it\/istruzioni-su-come-installare-cinelerra-in-arch-linux\/","og_locale":"it_IT","og_type":"article","og_title":"Istruzioni su come installare Cinelerra in Arch Linux - Cinelerra GG","og_description":"Istruzioni per l'installazione di Cinelerra in Arch Linux. Qui puoi trovare le istruzioni per installare Cinelerra-GG in Arch Linux.","og_url":"https:\/\/cinelerra-gg.org\/it\/istruzioni-su-come-installare-cinelerra-in-arch-linux\/","og_site_name":"Cinelerra GG","article_modified_time":"2021-03-05T08:25:28+00:00","twitter_card":"summary_large_image","twitter_misc":{"Tempo di lettura stimato":"3 minuti"},"schema":{"@context":"https:\/\/schema.org","@graph":[{"@type":"WebPage","@id":"https:\/\/cinelerra-gg.org\/it\/istruzioni-su-come-installare-cinelerra-in-arch-linux\/","url":"https:\/\/cinelerra-gg.org\/it\/istruzioni-su-come-installare-cinelerra-in-arch-linux\/","name":"Istruzioni su come installare Cinelerra in Arch Linux - Cinelerra GG","isPartOf":{"@id":"https:\/\/cinelerra-gg.org\/it\/#website"},"datePublished":"2019-02-08T14:59:09+00:00","dateModified":"2021-03-05T08:25:28+00:00","description":"Istruzioni per l'installazione di Cinelerra in Arch Linux. Qui puoi trovare le istruzioni per installare Cinelerra-GG in Arch Linux.","breadcrumb":{"@id":"https:\/\/cinelerra-gg.org\/it\/istruzioni-su-come-installare-cinelerra-in-arch-linux\/#breadcrumb"},"inLanguage":"it-IT","potentialAction":[{"@type":"ReadAction","target":["https:\/\/cinelerra-gg.org\/it\/istruzioni-su-come-installare-cinelerra-in-arch-linux\/"]}]},{"@type":"BreadcrumbList","@id":"https:\/\/cinelerra-gg.org\/it\/istruzioni-su-come-installare-cinelerra-in-arch-linux\/#breadcrumb","itemListElement":[{"@type":"ListItem","position":1,"name":"Home","item":"https:\/\/cinelerra-gg.org\/it\/"},{"@type":"ListItem","position":2,"name":"Istruzioni su come installare Cinelerra in Arch Linux"}]},{"@type":"WebSite","@id":"https:\/\/cinelerra-gg.org\/it\/#website","url":"https:\/\/cinelerra-gg.org\/it\/","name":"Cinelerra GG","description":"Cinelerra GG free video editing software","potentialAction":[{"@type":"SearchAction","target":{"@type":"EntryPoint","urlTemplate":"https:\/\/cinelerra-gg.org\/it\/?s={search_term_string}"},"query-input":{"@type":"PropertyValueSpecification","valueRequired":true,"valueName":"search_term_string"}}],"inLanguage":"it-IT"}]}},"_links":{"self":[{"href":"https:\/\/cinelerra-gg.org\/it\/wp-json\/wp\/v2\/pages\/2512","targetHints":{"allow":["GET"]}}],"collection":[{"href":"https:\/\/cinelerra-gg.org\/it\/wp-json\/wp\/v2\/pages"}],"about":[{"href":"https:\/\/cinelerra-gg.org\/it\/wp-json\/wp\/v2\/types\/page"}],"author":[{"embeddable":true,"href":"https:\/\/cinelerra-gg.org\/it\/wp-json\/wp\/v2\/users\/3"}],"replies":[{"embeddable":true,"href":"https:\/\/cinelerra-gg.org\/it\/wp-json\/wp\/v2\/comments?post=2512"}],"version-history":[{"count":0,"href":"https:\/\/cinelerra-gg.org\/it\/wp-json\/wp\/v2\/pages\/2512\/revisions"}],"wp:attachment":[{"href":"https:\/\/cinelerra-gg.org\/it\/wp-json\/wp\/v2\/media?parent=2512"}],"curies":[{"name":"wp","href":"https:\/\/api.w.org\/{rel}","templated":true}]}}