{"id":2547,"date":"2019-02-08T20:13:41","date_gmt":"2019-02-08T20:13:41","guid":{"rendered":"https:\/\/www.cinelerra-gg.org\/liberatoria-note-legali\/"},"modified":"2020-10-09T20:38:25","modified_gmt":"2020-10-09T20:38:25","slug":"liberatoria-note-legali","status":"publish","type":"page","link":"https:\/\/cinelerra-gg.org\/it\/liberatoria-note-legali\/","title":{"rendered":"Liberatoria &amp; note legali"},"content":{"rendered":"<p>[et_pb_section fb_built=&#8221;1&#8243; _builder_version=&#8221;3.22&#8243;][et_pb_row _builder_version=&#8221;3.25&#8243; custom_padding=&#8221;56px|0px|52px|0px|false|false&#8221;][et_pb_column type=&#8221;4_4&#8243; _builder_version=&#8221;3.25&#8243; custom_padding=&#8221;|||&#8221; custom_padding__hover=&#8221;|||&#8221;][et_pb_text _builder_version=&#8221;3.27.4&#8243;]<\/p>\n<h1>Liberatoria &amp; Note legali<\/h1>\n<p>&nbsp;<\/p>\n<h2>Scopo di questo sito Web<\/h2>\n<p>Questo sito web \u00e8 fatto da artisti, filmmakers, designers, bloggers e programmatori con l&#8217;unico scopo, privato e personale, di scambiare privatamente i propri video artistici con altri amici, <span>colleghi<\/span>, supporters, fans e partecipanti interessati al software open source, <span>soprattutto<\/span> per quanto riguarda la post produzione di video open source, e per contribuire allo sviluppo congiunto di cinelerra GG. Funziona da piattaforma per scambiare opinioni, idee e avere la possibilit\u00e0 di suggerire miglioramenti del software di video editing e la presentazione dei propri lavori privati di video artistici. Noi non perseguiamo nessuno scopo finanziario o commerciale e finanziamo questo progetto con sovvenzioni personali Siamo personalmente impegnati a sostenere l&#8217;ideale dell&#8217;Open Source, che mira a liberare e aprire l&#8217;accesso al software. L&#8217;uso di questo sito web e dei suoi servizi e dei prodotti software connessi \u00e8 fatto senza garanzie di corretto funzionamento. L&#8217;utilizzo di questo sito Web e dei servizi \u00e8 a vostro rischio e pericolo. In pi\u00f9, l&#8217;uso \u00e8 non vincolante e soggetto a cambiamenti. Il software di video editing su questo sito \u00e8 coperto dalla GNU General Public License, per favore leggete la License Agreement (in inglese), la maggior parte del materiale \u00e8 coperto da CC BY-SA 3.0, CC BY-SA 4.0 oppure CC0. Alcuni lavori su questo sito possono essere coperti da copyright e richiedono quindi il permesso dell&#8217;autore per il loro uso. Potete leggere pi\u00f9 particolari sulle licenze nella sezione pi\u00f9 in basso. I miglioramenti del programma sono proficui a livello privato tanto quanto ne beneficia l&#8217;intera comunit\u00e0.<\/p>\n<p>Gli autori forniscono riferimenti e link a informazioni selezionate e ad altri argomenti nel campo della post produzione video, film making, video art cos\u00ec come argomenti discussi fra la comunit\u00e0 che sono solo indicazioni e non rappresentano offerte commerciali o pubblicit\u00e0. Tutte le notizie, opinioni, ricerche, dati e altre informazioni presenti nel sito sono semplicemente chiarimenti generali o opinioni personali dei rispettivi autori e quindi non rappresentano articoli editoriali ne hanno carattere editoriale.<\/p>\n<p>[\/et_pb_text][\/et_pb_column][\/et_pb_row][et_pb_row _builder_version=&#8221;3.25&#8243; custom_padding=&#8221;10px|0px|16px|0px|false|false&#8221;][et_pb_column type=&#8221;4_4&#8243; _builder_version=&#8221;3.25&#8243; custom_padding=&#8221;|||&#8221; custom_padding__hover=&#8221;|||&#8221;][et_pb_text _builder_version=&#8221;3.27.4&#8243;]<\/p>\n<h2>Contenuto dell&#8217;offerta online<\/h2>\n<p>I contenuti di questo sito sono stati creati con la massima cura possibile e al meglio delle nostre conoscenze. Tuttavia, l&#8217;autore declina ogni responsabilit\u00e0 per l&#8217;attualit\u00e0, la correttezza, la completezza o la qualit\u00e0 delle informazioni fornite. La responsabilit\u00e0 verso reclami rivolti all&#8217;autore relativi a danni materiali o immateriali causati dall&#8217;uso o non-uso di informazioni sbagliate o incomplete \u00e8 da escludersi, a meno di intento volontario o grosse negligenze da parte dell&#8217;autore. <br \/>Tutti i materiali sono soggetti a modifiche e non vincolanti. L&#8217;autore si riserva espressamente il diritto di modificare, integrare o cancellare parti delle pagine o l&#8217;intera offerta senza darne preavviso o di interrompere la pubblicazione in modo temporaneo o permanente.<\/p>\n<h3>Riferimenti e link<\/h3>\n<p>L&#8217;autore non \u00e8 responsabile per nessun contenuto collegato e citato nelle sue pagine &#8211; a meno che non abbia piena conoscenza di contenuti illegali e sia capace di impedire ai visitatori di questo sito di consultare tali pagine. <br \/>L&#8217;autore dichiara espressamente che al momento della creazione dei link, nessun contenuto illegale era riconoscibile sulle pagine collegate. L&#8217;autore non ha alcuna influenza sulla progettazione attuale e futura, sul contenuto o sulla paternit\u00e0 delle pagine collegate. L&#8217;autore si allontana quindi espressamente da tutti i contenuti di tutte le pagine collegate che sono state modificate dopo la creazione del collegamento. Questa informativa si applica a tutti i link e a tutti i riferimenti che si trovano nel sito dell&#8217;autore tanto quanto nei contributi di terze parti dovute ai visitatori, forum di discussioni, link directories, mailing list e in ogni altra forma di database configurato dall&#8217;autore che rende possibile l&#8217;accesso dall&#8217;esterno alla scrittura. Per contenuti illegali, sbagliati o incompleti e in particolare per danni causati dall&#8217;uso o non-uso di tali informazioni, l&#8217;unico responsabile \u00e8 il provider della pagina incriminata e nemmeno i partecipanti che ricorrono alla rispettiva pubblicazione via link.<\/p>\n<h3>Diritto d&#8217;autore e marchi<\/h3>\n<p>L&#8217;autore dichiara di rispettare i copyright di grafica, documenti sonori, sequenze video e testi usati in tutte le pubblicazioni; di usare grafica, documenti sonori, sequenze video e testi creati da se stesso o fatti facendo uso di licenze libere. <br \/>Tutte le marche e i marchi protetti di terze parti menzionati all&#8217;interno di Internet sono soggetti senza restrizioni a rispettare le leggi sul trademark e sui diritti dei rispettivi titolari registrati. Il semplice fatto che un marchio sia menzionato non dovrebbe portare alla conclusione che non \u00e8 protetto dai diritti di terzi! <br \/>Il copyright per i materiali pubblicati creati dallo stesso autore rimangono totalmente all&#8217;autore delle pagine. Qualsiasi duplicazione o uso di oggetti come diagrammi, suoni o testi in altre pubblicazioni elettroniche o stampate non \u00e8 consentita senza il consenso dell&#8217;autore. <\/p>\n<h3>Validit\u00e0 legale della presente dichiarazione di non responsabilit\u00e0<\/h3>\n<p>Questa dichiarazione \u00e8 da ritenersi come parte della pubblicazione in internet a cui ci riferiamo. Se sezioni o termini individuali di questa dichiarazione non sono legali o sono sbagliate, il contenuto o la validit\u00e0 delle altre parti rimane intatto.<\/p>\n<p>[\/et_pb_text][\/et_pb_column][\/et_pb_row][et_pb_row _builder_version=&#8221;3.25&#8243; custom_padding=&#8221;15px|0px|27px|0px|false|false&#8221;][et_pb_column type=&#8221;4_4&#8243; _builder_version=&#8221;3.25&#8243; custom_padding=&#8221;|||&#8221; custom_padding__hover=&#8221;|||&#8221;][et_pb_text _builder_version=&#8221;3.27.4&#8243;]<\/p>\n<p>Se avete domande o problemi con il sito Web, si prega di scrivere una e-mail. <br \/>webmaster[at]  cinelerra-gg[dot]  org<\/p>\n<p>[\/et_pb_text][\/et_pb_column][\/et_pb_row][et_pb_row _builder_version=&#8221;3.25&#8243; custom_padding=&#8221;38px|0px|7px|0px|false|false&#8221;][et_pb_column type=&#8221;4_4&#8243; _builder_version=&#8221;3.25&#8243; custom_padding=&#8221;|||&#8221; custom_padding__hover=&#8221;|||&#8221;][et_pb_text _builder_version=&#8221;3.27.4&#8243;]<\/p>\n<h2>Riferimenti multimediali<\/h2>\n<p>[\/et_pb_text][\/et_pb_column][\/et_pb_row][et_pb_row _builder_version=&#8221;3.25&#8243; custom_padding=&#8221;12px|0px|27px|0px|false|false&#8221;][et_pb_column type=&#8221;4_4&#8243; _builder_version=&#8221;3.25&#8243; custom_padding=&#8221;|||&#8221; custom_padding__hover=&#8221;|||&#8221;][et_pb_text _builder_version=&#8221;3.27.4&#8243;]<\/p>\n<div>Icone fatte da <a href=\"https:\/\/www.freepik.com\/\" title=\"Freepik\">Freepik<\/a> per <a href=\"https:\/\/www.flaticon.com\/\" title=\"Flaticon\">www.flaticon.com<\/a> sono concesse in licenza <a href=\"http:\/\/creativecommons.org\/licenses\/by\/3.0\/\" title=\"Creative Commons BY 3.0\" target=\"_blank\" rel=\"noopener noreferrer\">CC 3.0 BY<\/a><\/div>\n<div style=\"text-align: center\"><\/div>\n<div style=\"text-align: left\"><img loading=\"lazy\" decoding=\"async\" src=\"https:\/\/cinelerra-gg.org\/wp-content\/uploads\/2018\/11\/git_red_32-1.png\" alt=\"\" class=\"wp-image-880 alignnone size-full\" width=\"32\" height=\"32\"> <img loading=\"lazy\" decoding=\"async\" src=\"https:\/\/cinelerra-gg.org\/wp-content\/uploads\/2018\/11\/pdf_32.png\" alt=\"\" class=\"wp-image-845 alignnone size-full\" width=\"32\" height=\"32\"><img loading=\"lazy\" decoding=\"async\" src=\"https:\/\/cinelerra-gg.org\/wp-content\/uploads\/2018\/11\/language-global-32.png\" alt=\"\" class=\"wp-image-1195 alignnone size-full\" width=\"32\" height=\"32\"><img loading=\"lazy\" decoding=\"async\" src=\"https:\/\/cinelerra-gg.org\/wp-content\/uploads\/2018\/11\/doc-icon-32.png\" alt=\"\" class=\"wp-image-1201 alignnone size-full\" width=\"32\" height=\"32\"><img loading=\"lazy\" decoding=\"async\" src=\"https:\/\/cinelerra-gg.org\/wp-content\/uploads\/2018\/11\/idea-icon-32.png\" alt=\"\" class=\"wp-image-1229 alignnone size-full\" width=\"32\" height=\"32\"><img loading=\"lazy\" decoding=\"async\" src=\"https:\/\/cinelerra-gg.org\/wp-content\/uploads\/2019\/01\/computer_32px.png\" alt=\"\" class=\"wp-image-2084 alignnone size-full\" width=\"32\" height=\"32\"><\/div>\n<p>[\/et_pb_text][et_pb_text _builder_version=&#8221;3.27.4&#8243;]<\/p>\n<div>Icone fatte da <a href=\"https:\/\/www.flaticon.com\/authors\/prettycons\" title=\"prettycons\">prettycons<\/a> per <a href=\"https:\/\/www.flaticon.com\/\" title=\"Flaticon\">www.flaticon.com<\/a> sono concesse in licenza <a href=\"http:\/\/creativecommons.org\/licenses\/by\/3.0\/\" title=\"Creative Commons BY 3.0\" target=\"_blank\" rel=\"noopener noreferrer\">CC 3.0 BY<\/a><\/div>\n<div style=\"text-align: left\"><img loading=\"lazy\" decoding=\"async\" src=\"https:\/\/cinelerra-gg.org\/wp-content\/uploads\/2018\/11\/code-terminal_01.png\" alt=\"\" class=\"wp-image-841 alignnone size-full\" width=\"32\" height=\"32\"><\/div>\n<p>[\/et_pb_text][et_pb_text _builder_version=&#8221;3.27.4&#8243;]<\/p>\n<div>Icone fatte da <a href=\"https:\/\/www.flaticon.com\/authors\/smashicons\" title=\"Smashicons\">Smashicons<\/a> per <a href=\"https:\/\/www.flaticon.com\/\" title=\"Flaticon\">www.flaticon.com<\/a> sono concesse in licenza <a href=\"http:\/\/creativecommons.org\/licenses\/by\/3.0\/\" title=\"Creative Commons BY 3.0\" target=\"_blank\" rel=\"noopener noreferrer\">CC 3.0 BY<\/a><\/div>\n<div><img loading=\"lazy\" decoding=\"async\" src=\"https:\/\/cinelerra-gg.org\/wp-content\/uploads\/2018\/11\/video-camera-icon-32.png\" alt=\"\" class=\"wp-image-1209 alignnone size-full\" width=\"32\" height=\"32\"><\/div>\n<p>[\/et_pb_text][et_pb_text _builder_version=&#8221;3.27.4&#8243;]<\/p>\n<div>Icone fatte da <a href=\"https:\/\/www.flaticon.com\/authors\/smashicons\" title=\"Smashicons\">Smashicons<\/a> per <a href=\"https:\/\/www.flaticon.com\/\" title=\"Flaticon\">www.flaticon.com<\/a> sono concesse in licenza <a href=\"http:\/\/creativecommons.org\/licenses\/by\/3.0\/\" title=\"Creative Commons BY 3.0\" target=\"_blank\" rel=\"noopener noreferrer\">CC 3.0 BY<\/a><\/div>\n<div><img loading=\"lazy\" decoding=\"async\" src=\"https:\/\/cinelerra-gg.org\/wp-content\/uploads\/2018\/11\/development-icon-32.png\" alt=\"\" class=\"wp-image-1221 alignnone size-full\" width=\"32\" height=\"32\"><\/div>\n<p>[\/et_pb_text][et_pb_text _builder_version=&#8221;3.27.4&#8243;]<\/p>\n<div>Icone fatte da <a href=\"https:\/\/www.flaticon.com\/authors\/alfredo-hernandez\" title=\"Alfredo Hernandez\">Alfredo Hernandez<\/a> per <a href=\"https:\/\/www.flaticon.com\/\" title=\"Flaticon\">www.flaticon.com<\/a> sono concesse in licenza <a href=\"http:\/\/creativecommons.org\/licenses\/by\/3.0\/\" title=\"Creative Commons BY 3.0\" target=\"_blank\" rel=\"noopener noreferrer\">CC 3.0 BY<\/a><\/div>\n<div><img loading=\"lazy\" decoding=\"async\" src=\"https:\/\/cinelerra-gg.org\/wp-content\/uploads\/2018\/11\/bug-icon-32.png\" alt=\"\" class=\"wp-image-1215 alignnone size-full\" width=\"32\" height=\"32\"><\/div>\n<p>[\/et_pb_text][et_pb_text _builder_version=&#8221;3.27.4&#8243;]<\/p>\n<div>Icone fatte da <a href=\"https:\/\/www.flaticon.com\/authors\/pixel-buddha\" title=\"Pixel Buddha\">Pixel Buddha<\/a> per <a href=\"https:\/\/www.flaticon.com\/\" title=\"Flaticon\">www.flaticon.com<\/a> sono concesse in licenza <a href=\"http:\/\/creativecommons.org\/licenses\/by\/3.0\/\" title=\"Creative Commons BY 3.0\" target=\"_blank\" rel=\"noopener noreferrer\">CC 3.0 BY<\/a><\/div>\n<div><img loading=\"lazy\" decoding=\"async\" src=\"https:\/\/cinelerra-gg.org\/wp-content\/uploads\/2019\/01\/help_32px.png\" alt=\"\" class=\"wp-image-2079 alignnone size-full\" width=\"32\" height=\"32\"><\/div>\n<p>[\/et_pb_text][et_pb_text _builder_version=&#8221;4.4.2&#8243; hover_enabled=&#8221;0&#8243;]<\/p>\n<p>I materiali video usati nell&#8217;immagine multi-screen sono presi da: <a href=\"https:\/\/peach.blender.org\/about\/\">https:\/\/peach.blender.org\/about\/<\/a> e sono licenziati <a href=\"http:\/\/creativecommons.org\/licenses\/by\/3.0\/\">http:\/\/creativecommons.org\/licenses\/by\/3.0\/<\/a>.<\/p>\n<p>[\/et_pb_text][\/et_pb_column][\/et_pb_row][\/et_pb_section]<\/p>\n","protected":false},"excerpt":{"rendered":"<p>Liberatoria &amp; Note legali &nbsp; Scopo di questo sito Web Questo sito web \u00e8 fatto da artisti, filmmakers, designers, bloggers e programmatori con l&#8217;unico scopo, privato e personale, di scambiare privatamente i propri video artistici con altri amici, colleghi, supporters, fans e partecipanti interessati al software open source, soprattutto per quanto riguarda la post produzione [&hellip;]<\/p>\n","protected":false},"author":1,"featured_media":0,"parent":0,"menu_order":0,"comment_status":"closed","ping_status":"closed","template":"","meta":{"_et_pb_use_builder":"on","_et_pb_old_content":"","_et_gb_content_width":"","footnotes":""},"class_list":["post-2547","page","type-page","status-publish","hentry"],"yoast_head":"<!-- This site is optimized with the Yoast SEO plugin v27.0 - https:\/\/yoast.com\/product\/yoast-seo-wordpress\/ -->\n<title>Liberatoria &amp; note legali - Cinelerra GG<\/title>\n<meta name=\"robots\" content=\"noindex, nofollow\" \/>\n<meta property=\"og:locale\" content=\"it_IT\" \/>\n<meta property=\"og:type\" content=\"article\" \/>\n<meta property=\"og:title\" content=\"Liberatoria &amp; note legali - Cinelerra GG\" \/>\n<meta property=\"og:description\" content=\"Liberatoria &amp; Note legali &nbsp; Scopo di questo sito Web Questo sito web \u00e8 fatto da artisti, filmmakers, designers, bloggers e programmatori con l&#039;unico scopo, privato e personale, di scambiare privatamente i propri video artistici con altri amici, colleghi, supporters, fans e partecipanti interessati al software open source, soprattutto per quanto riguarda la post produzione [&hellip;]\" \/>\n<meta property=\"og:url\" content=\"https:\/\/cinelerra-gg.org\/it\/liberatoria-note-legali\/\" \/>\n<meta property=\"og:site_name\" content=\"Cinelerra GG\" \/>\n<meta property=\"article:modified_time\" content=\"2020-10-09T20:38:25+00:00\" \/>\n<meta property=\"og:image\" content=\"https:\/\/cinelerra-gg.org\/wp-content\/uploads\/2018\/11\/git_red_32-1.png\" \/>\n<meta name=\"twitter:card\" content=\"summary_large_image\" \/>\n<meta name=\"twitter:label1\" content=\"Tempo di lettura stimato\" \/>\n\t<meta name=\"twitter:data1\" content=\"6 minuti\" \/>\n<script type=\"application\/ld+json\" class=\"yoast-schema-graph\">{\"@context\":\"https:\/\/schema.org\",\"@graph\":[{\"@type\":\"WebPage\",\"@id\":\"https:\/\/cinelerra-gg.org\/it\/liberatoria-note-legali\/\",\"url\":\"https:\/\/cinelerra-gg.org\/it\/liberatoria-note-legali\/\",\"name\":\"Liberatoria &amp; note legali - Cinelerra GG\",\"isPartOf\":{\"@id\":\"https:\/\/cinelerra-gg.org\/it\/#website\"},\"primaryImageOfPage\":{\"@id\":\"https:\/\/cinelerra-gg.org\/it\/liberatoria-note-legali\/#primaryimage\"},\"image\":{\"@id\":\"https:\/\/cinelerra-gg.org\/it\/liberatoria-note-legali\/#primaryimage\"},\"thumbnailUrl\":\"https:\/\/cinelerra-gg.org\/wp-content\/uploads\/2018\/11\/git_red_32-1.png\",\"datePublished\":\"2019-02-08T20:13:41+00:00\",\"dateModified\":\"2020-10-09T20:38:25+00:00\",\"breadcrumb\":{\"@id\":\"https:\/\/cinelerra-gg.org\/it\/liberatoria-note-legali\/#breadcrumb\"},\"inLanguage\":\"it-IT\",\"potentialAction\":[{\"@type\":\"ReadAction\",\"target\":[\"https:\/\/cinelerra-gg.org\/it\/liberatoria-note-legali\/\"]}]},{\"@type\":\"ImageObject\",\"inLanguage\":\"it-IT\",\"@id\":\"https:\/\/cinelerra-gg.org\/it\/liberatoria-note-legali\/#primaryimage\",\"url\":\"https:\/\/cinelerra-gg.org\/wp-content\/uploads\/2018\/11\/git_red_32-1.png\",\"contentUrl\":\"https:\/\/cinelerra-gg.org\/wp-content\/uploads\/2018\/11\/git_red_32-1.png\"},{\"@type\":\"BreadcrumbList\",\"@id\":\"https:\/\/cinelerra-gg.org\/it\/liberatoria-note-legali\/#breadcrumb\",\"itemListElement\":[{\"@type\":\"ListItem\",\"position\":1,\"name\":\"Home\",\"item\":\"https:\/\/cinelerra-gg.org\/it\/\"},{\"@type\":\"ListItem\",\"position\":2,\"name\":\"Liberatoria &amp; note legali\"}]},{\"@type\":\"WebSite\",\"@id\":\"https:\/\/cinelerra-gg.org\/it\/#website\",\"url\":\"https:\/\/cinelerra-gg.org\/it\/\",\"name\":\"Cinelerra GG\",\"description\":\"Cinelerra GG free video editing software\",\"potentialAction\":[{\"@type\":\"SearchAction\",\"target\":{\"@type\":\"EntryPoint\",\"urlTemplate\":\"https:\/\/cinelerra-gg.org\/it\/?s={search_term_string}\"},\"query-input\":{\"@type\":\"PropertyValueSpecification\",\"valueRequired\":true,\"valueName\":\"search_term_string\"}}],\"inLanguage\":\"it-IT\"}]}<\/script>\n<!-- \/ Yoast SEO plugin. -->","yoast_head_json":{"title":"Liberatoria &amp; note legali - Cinelerra GG","robots":{"index":"noindex","follow":"nofollow"},"og_locale":"it_IT","og_type":"article","og_title":"Liberatoria &amp; note legali - Cinelerra GG","og_description":"Liberatoria &amp; Note legali &nbsp; Scopo di questo sito Web Questo sito web \u00e8 fatto da artisti, filmmakers, designers, bloggers e programmatori con l'unico scopo, privato e personale, di scambiare privatamente i propri video artistici con altri amici, colleghi, supporters, fans e partecipanti interessati al software open source, soprattutto per quanto riguarda la post produzione [&hellip;]","og_url":"https:\/\/cinelerra-gg.org\/it\/liberatoria-note-legali\/","og_site_name":"Cinelerra GG","article_modified_time":"2020-10-09T20:38:25+00:00","og_image":[{"url":"https:\/\/cinelerra-gg.org\/wp-content\/uploads\/2018\/11\/git_red_32-1.png","type":"","width":"","height":""}],"twitter_card":"summary_large_image","twitter_misc":{"Tempo di lettura stimato":"6 minuti"},"schema":{"@context":"https:\/\/schema.org","@graph":[{"@type":"WebPage","@id":"https:\/\/cinelerra-gg.org\/it\/liberatoria-note-legali\/","url":"https:\/\/cinelerra-gg.org\/it\/liberatoria-note-legali\/","name":"Liberatoria &amp; note legali - Cinelerra GG","isPartOf":{"@id":"https:\/\/cinelerra-gg.org\/it\/#website"},"primaryImageOfPage":{"@id":"https:\/\/cinelerra-gg.org\/it\/liberatoria-note-legali\/#primaryimage"},"image":{"@id":"https:\/\/cinelerra-gg.org\/it\/liberatoria-note-legali\/#primaryimage"},"thumbnailUrl":"https:\/\/cinelerra-gg.org\/wp-content\/uploads\/2018\/11\/git_red_32-1.png","datePublished":"2019-02-08T20:13:41+00:00","dateModified":"2020-10-09T20:38:25+00:00","breadcrumb":{"@id":"https:\/\/cinelerra-gg.org\/it\/liberatoria-note-legali\/#breadcrumb"},"inLanguage":"it-IT","potentialAction":[{"@type":"ReadAction","target":["https:\/\/cinelerra-gg.org\/it\/liberatoria-note-legali\/"]}]},{"@type":"ImageObject","inLanguage":"it-IT","@id":"https:\/\/cinelerra-gg.org\/it\/liberatoria-note-legali\/#primaryimage","url":"https:\/\/cinelerra-gg.org\/wp-content\/uploads\/2018\/11\/git_red_32-1.png","contentUrl":"https:\/\/cinelerra-gg.org\/wp-content\/uploads\/2018\/11\/git_red_32-1.png"},{"@type":"BreadcrumbList","@id":"https:\/\/cinelerra-gg.org\/it\/liberatoria-note-legali\/#breadcrumb","itemListElement":[{"@type":"ListItem","position":1,"name":"Home","item":"https:\/\/cinelerra-gg.org\/it\/"},{"@type":"ListItem","position":2,"name":"Liberatoria &amp; note legali"}]},{"@type":"WebSite","@id":"https:\/\/cinelerra-gg.org\/it\/#website","url":"https:\/\/cinelerra-gg.org\/it\/","name":"Cinelerra GG","description":"Cinelerra GG free video editing software","potentialAction":[{"@type":"SearchAction","target":{"@type":"EntryPoint","urlTemplate":"https:\/\/cinelerra-gg.org\/it\/?s={search_term_string}"},"query-input":{"@type":"PropertyValueSpecification","valueRequired":true,"valueName":"search_term_string"}}],"inLanguage":"it-IT"}]}},"_links":{"self":[{"href":"https:\/\/cinelerra-gg.org\/it\/wp-json\/wp\/v2\/pages\/2547","targetHints":{"allow":["GET"]}}],"collection":[{"href":"https:\/\/cinelerra-gg.org\/it\/wp-json\/wp\/v2\/pages"}],"about":[{"href":"https:\/\/cinelerra-gg.org\/it\/wp-json\/wp\/v2\/types\/page"}],"author":[{"embeddable":true,"href":"https:\/\/cinelerra-gg.org\/it\/wp-json\/wp\/v2\/users\/1"}],"replies":[{"embeddable":true,"href":"https:\/\/cinelerra-gg.org\/it\/wp-json\/wp\/v2\/comments?post=2547"}],"version-history":[{"count":0,"href":"https:\/\/cinelerra-gg.org\/it\/wp-json\/wp\/v2\/pages\/2547\/revisions"}],"wp:attachment":[{"href":"https:\/\/cinelerra-gg.org\/it\/wp-json\/wp\/v2\/media?parent=2547"}],"curies":[{"name":"wp","href":"https:\/\/api.w.org\/{rel}","templated":true}]}}