{"id":2584,"date":"2019-02-09T11:33:21","date_gmt":"2019-02-09T11:33:21","guid":{"rendered":"https:\/\/www.cinelerra-gg.org\/about\/"},"modified":"2021-01-28T08:49:42","modified_gmt":"2021-01-28T08:49:42","slug":"info","status":"publish","type":"page","link":"https:\/\/cinelerra-gg.org\/it\/info\/","title":{"rendered":"Info"},"content":{"rendered":"<p>[et_pb_section fb_built=&#8221;1&#8243; _builder_version=&#8221;3.22&#8243; use_background_color_gradient=&#8221;on&#8221; background_color_gradient_start=&#8221;#383838&#8243; background_color_gradient_end=&#8221;#828282&#8243; background_color_gradient_start_position=&#8221;71%&#8221; custom_margin=&#8221;0px||&#8221; custom_padding=&#8221;39px|0px|16px|0px|false|false&#8221;][et_pb_row _builder_version=&#8221;3.25&#8243; custom_padding=&#8221;11px|0px|14px|0px|false|false&#8221;][et_pb_column type=&#8221;4_4&#8243; _builder_version=&#8221;3.25&#8243; custom_padding=&#8221;|||&#8221; custom_padding__hover=&#8221;|||&#8221;][et_pb_image src=&#8221;https:\/\/cinelerra-gg.org\/wp-content\/uploads\/2018\/11\/About-Cinelerra-GG-850-02.png&#8221; align=&#8221;center&#8221; align_tablet=&#8221;center&#8221; align_phone=&#8221;&#8221; align_last_edited=&#8221;on|desktop&#8221; _builder_version=&#8221;3.23&#8243;][\/et_pb_image][\/et_pb_column][\/et_pb_row][\/et_pb_section][et_pb_section fb_built=&#8221;1&#8243; _builder_version=&#8221;3.22&#8243;][et_pb_row _builder_version=&#8221;3.25&#8243;][et_pb_column type=&#8221;4_4&#8243; _builder_version=&#8221;3.25&#8243; custom_padding=&#8221;|||&#8221; custom_padding__hover=&#8221;|||&#8221;][et_pb_text _builder_version=&#8221;3.27.4&#8243;]<\/p>\n<h1>Info<\/h1>\n<p>Cinelerra-gg \u00e8 un NLE \u2013 Non-Linear Editor \u2013 per Linux che offre gli strumenti per montare media audio e video. Oltre all&#8217;editing, pu\u00f2 essere usato per riprodurre e registrare audio e video, incluse trasmissioni televisive, creare DVD\/Bluray e ritoccare vecchie foto. Poich\u00e9 Cinelerra ha molte funzionalit\u00e0 per contenuti non compressi, lavori ad alta risoluzione e compositing, l&#8217;uso di Cinelerra pu\u00f2 rivelarsi complesso. Comunque, con solo poche nozioni introduttive, anche un principiante sar\u00e0 capace di creare piccoli video artistici.<\/p>\n<p>Cinelerra-gg \u00e8 coperto dalla GNU General Public License (GNU GPL or GPL) che \u00e8 una licenza software libera che da all&#8217;utente l&#8217;opportunit\u00e0 di usare, condividere e modificare il programma. Ogni libreria inclusa, come Ffmpeg, sono anch&#8217;esse sotto licenza GPL. Cinelerra-gg si basa sull&#8217;originale Cinelerra (Heroine Virtual), incorporando il lavoro e le modifiche fatte negli anni da numerosi sviluppatori (Community Version), aggiungendo numerose migliorie e continua ad essere costantemente perfezionato. Al momento nuove versioni pronte per molte distro sono rilasciate su base mensile.<\/p>\n<p>[\/et_pb_text][\/et_pb_column][\/et_pb_row][et_pb_row _builder_version=&#8221;3.25&#8243;][et_pb_column type=&#8221;4_4&#8243; _builder_version=&#8221;3.25&#8243; custom_padding=&#8221;|||&#8221; custom_padding__hover=&#8221;|||&#8221;][et_pb_text _builder_version=&#8221;3.27.4&#8243; text_font=&#8221;||||||||&#8221;]<\/p>\n<h2>Ulteriori informazioni<\/h2>\n<p>&nbsp;<\/p>\n<h3>Cosa \u00e8 successo al vecchio sito di Cinelerra-CV?<\/h3>\n<p>Dopo l&#8217;abbandono di alcuni volontari da Cinelerra-CV.org, c&#8217;\u00e8 stato poco interesse, purtroppo, di cercare di mantenere vivo il sito web come progetto indipendente. Probabilmente \u00e8 dovuto al trasferimento di diversi utenti su Cinelerra-GG, avvenuto negli ultimi mesi. A causa dell&#8217;inattivit\u00e0 della comunity di Cinelerra-CV.org, il server Cinelerra-CV.org \u00e8 stato chiuso e il contenuto rimosso. Quindi, allo stato attuale, lo sviluppo di Cinelerra-CV \u00e8 congelato. Per fare in modo che gli ex utenti Cinelerra-CV possano essere informati delle modifiche e il dominio non conduca in un vicolo cieco, \u00e8 stato messo un link verso il sito Web di Cinelerra-GG. Non vogliamo che i dati su Cinelerra-CV vengano perduti, cos\u00ec abbiamo copiato i vecchi repository di <a href=\"https:\/\/github.com\/cinelerra-gg?tab=repositories\" title=\"Repository di Cinelerra-CV\">Cinelerra-CV<\/a> su Github a scopo di archiviazione e documentazione, dove possono essere consultatati per ogni occasione. Abbiamo anche aggiunto un link alla vecchia <a href=\"\/?page_id=3956\" title=\"Cinelerra-CV mailing list\">mailing list di Cinelerra-CV<\/a> per mantenerla a disposizione di una eventuale consultazione. se stai cercando un&#8217;alternativa a Cinelerra-CV puoi provare <a href=\"https:\/\/cinelerra-gg.org\/de\/?page_id=3803\" title=\"Cinelerra-GG download\">Cinelerra-GG<\/a> o l&#8217;originale Cinelerra (HV) oppure <a href=\"https:\/\/github.com\/vanakala\/cinelerra-cve\" title=\"Cinelerra-CVE github\">Cinelerra-CVE<\/a>. Seguono altri aggiornamenti. <strong>Novit\u00e0:<\/strong> Ultimamente lo sviluppatore Einar ed un user hanno creato il nuovo sito web http:\/\/cinelerra-cv.wikidot.com\/. Ma lo stato di sviluppo \u00e8 ancora fermo. <\/p>\n<h3>Perch\u00e9 ci sono diversi rami di cinelerra?<\/h3>\n<p>I gusti sono diversi. Proprio come ci sono innumerevoli desktop envirnments per Linux, come GNOME, KDE, CInammon, etc, cos\u00ec ci sono differenti branches per Cinelerra. A causa delle differenti idee e preferenze degli sviluppatori, molte diverse Cinelerra sono venute alla luce.<\/p>\n<h3>Quale versione di Cinelerra raccomandate?<\/h3>\n<p>La risposta \u00e8 relativamente semplice: provale tutte!<\/p>\n<p>Come ci sono differenti preferenze verso i desktop environments di Linux, ci sono certamente differenti gusti e preferenze per Cinelerra. Le altre versioni hanno anch&#8217;esse i loro punti forti ed \u00e8 per questo che raccomandiamo di provarle. Di seguito ci sono alcuni spunti riguardo le differenti versioni.<\/p>\n<p><strong>Cinelerra-GG:<\/strong> ha un ciclo di sviluppo molto rapido e lavora principalmente secondo il modello Scrum, cio\u00e8 rilasciando una nuova release ogni mese; \u00e8 una rolling release, e registra ed implementa velocemente le opinioni degli utenti (feedback). Questa versione si concentra sulle nuove funzionalit\u00e0, la stabilizzazione, un veloce bug fixing e la continua espansione del codice base.<\/p>\n<p><strong>Cinelerra-cv:<\/strong> Questa versione si concentra sulla stabilit\u00e0. La filosofia di sviluppo \u00e8 quindi piuttosto conservativa e pi\u00f9 lenta delle altre branches. Ulteriori sviluppi di questa versione sono attualmente congelati<\/p>\n<p><strong>Cinelerra-CVE:<\/strong> Questo \u00e8 il progetto personale dello sviluppatore Einar. L&#8217;obbiettivo di Einar e dei suoi supporters \u00e8 quello di implementare sostenibilmente il codice e aggiungere nuove funzionalit\u00e0. Lui lavora senza posa a migliorare la sua versione di Cinelerra. Questa versione non \u00e8 ancora completa, ma promette grandi potenzialit\u00e0 per il futuro. Se vuoi darci un&#8217;occhiata, la devi saper <a href=\"https:\/\/github.com\/vanakala\/cinelerra-cve\" title=\"Cinelerra-CV github\">compilare <\/a>.<\/p>\n<p><strong>Cinelerra<\/strong>: Questo \u00e8 il Cinelerra dell&#8217;inventore Adam Williams. \u00e8 diventata pratica comune, fra i membri della comunit\u00e0, di aggiungere l&#8217;abbreviazione HV (Heroine Virtual Ltd.) al nome Cinelerra, cio\u00e8 Cinelerra-HV, cosi le varie branch possano distinguersi meglio, comunque non \u00e8 parte del nome ufficiale. Adam ha creato Cinelerra e continua a svilupparlo, secondo il suo volere, principalmente per uso privato. Di norma un aggiornamento arriva una volta all&#8217;anno e porta con se sempre nuove e grandi funzionalit\u00e0 e miglioramenti. L&#8217;originale <a href=\"http:\/\/www.heroinewarrior.com\/cinelerra.php\">Cinelerra<\/a> (HV) non offre spazio agli sviluppatori n\u00e9 il supporto della comunit\u00e0.<\/p>\n<p><strong>Lumiera:<\/strong> Questa variante non \u00e8 basata sul codice di Cinelerra e quindi non \u00e8 un derivato di Cinelerra. Comunque si \u00e8 grandemente ispirato a Cinelerra ed \u00e8 qui menzionato solo per completezza. Lumiera \u00e8 scritta in GTK+ e si trova ancora in stato di pre-alpha. Al momento non esiste un&#8217;applicazione usabile. Maggiori informazioni possono essere trovate su <a href=\"https:\/\/en.wikipedia.org\/wiki\/Cinelerra#Lumiera_rewrite\" title=\"Lumiera wikipedia\" target=\"_blank\" rel=\"noopener noreferrer\">Wikipedia<\/a> o nella pagina web del <a href=\"https:\/\/lumiera.org\/\" title=\"Lumiera website\" target=\"_blank\" rel=\"noopener noreferrer\">progetto Lumiera<\/a>.<\/p>\n<p style=\"margin-bottom: 0cm; line-height: 100%;\">\n<p>[\/et_pb_text][\/et_pb_column][\/et_pb_row][et_pb_row _builder_version=&#8221;3.25&#8243;][et_pb_column type=&#8221;4_4&#8243; _builder_version=&#8221;3.25&#8243; custom_padding=&#8221;|||&#8221; custom_padding__hover=&#8221;|||&#8221;][et_pb_text _builder_version=&#8221;3.27.4&#8243; text_font=&#8221;||||||||&#8221; text_font_size=&#8221;16px&#8221;]<\/p>\n<p>Se vuoi vedere le differenze con le altre versioni, troverai un documento in PDF al seguente indirizzo:<\/p>\n<p>[\/et_pb_text][\/et_pb_column][\/et_pb_row][et_pb_row _builder_version=&#8221;3.25&#8243;][et_pb_column type=&#8221;4_4&#8243; _builder_version=&#8221;3.25&#8243; custom_padding=&#8221;|||&#8221; custom_padding__hover=&#8221;|||&#8221;][et_pb_blurb title=&#8221;Differenze&#8221; url=&#8221;https:\/\/cinelerra-gg.org\/download\/differences.pdf&#8221; url_new_window=&#8221;on&#8221; image=&#8221;https:\/\/cinelerra-gg.org\/wp-content\/uploads\/2018\/11\/pdf.png&#8221; _builder_version=&#8221;3.17.6&#8243; header_font=&#8221;||||||||&#8221; header_text_align=&#8221;center&#8221; header_font_size=&#8221;22px&#8221; text_orientation=&#8221;center&#8221; link_option_url=&#8221;https:\/\/cinelerra-gg.org\/download\/differences.pdf&#8221; link_option_url_new_window=&#8221;on&#8221;][\/et_pb_blurb][\/et_pb_column][\/et_pb_row][\/et_pb_section]<\/p>\n","protected":false},"excerpt":{"rendered":"<p>Info Cinelerra-gg \u00e8 un NLE \u2013 Non-Linear Editor \u2013 per Linux che offre gli strumenti per montare media audio e video. Oltre all&#8217;editing, pu\u00f2 essere usato per riprodurre e registrare audio e video, incluse trasmissioni televisive, creare DVD\/Bluray e ritoccare vecchie foto. Poich\u00e9 Cinelerra ha molte funzionalit\u00e0 per contenuti non compressi, lavori ad alta risoluzione [&hellip;]<\/p>\n","protected":false},"author":1,"featured_media":0,"parent":0,"menu_order":0,"comment_status":"closed","ping_status":"closed","template":"","meta":{"_et_pb_use_builder":"on","_et_pb_old_content":"","_et_gb_content_width":"","footnotes":""},"class_list":["post-2584","page","type-page","status-publish","hentry"],"yoast_head":"<!-- This site is optimized with the Yoast SEO plugin v27.4 - https:\/\/yoast.com\/product\/yoast-seo-wordpress\/ -->\n<title>Info - Cinelerra GG<\/title>\n<meta name=\"description\" content=\"Scopri subito la pagina About su Cinelerra, chi siamo, cosa facciamo e quali sono le differenze rispetto agli altri rami di cinelerra.\" \/>\n<meta name=\"robots\" content=\"index, follow, max-snippet:-1, max-image-preview:large, max-video-preview:-1\" \/>\n<link rel=\"canonical\" href=\"https:\/\/cinelerra-gg.org\/it\/info\/\" \/>\n<meta property=\"og:locale\" content=\"it_IT\" \/>\n<meta property=\"og:type\" content=\"article\" \/>\n<meta property=\"og:title\" content=\"Info - Cinelerra GG\" \/>\n<meta property=\"og:description\" content=\"Scopri subito la pagina About su Cinelerra, chi siamo, cosa facciamo e quali sono le differenze rispetto agli altri rami di cinelerra.\" \/>\n<meta property=\"og:url\" content=\"https:\/\/cinelerra-gg.org\/it\/info\/\" \/>\n<meta property=\"og:site_name\" content=\"Cinelerra GG\" \/>\n<meta property=\"article:modified_time\" content=\"2021-01-28T08:49:42+00:00\" \/>\n<meta name=\"twitter:card\" content=\"summary_large_image\" \/>\n<meta name=\"twitter:label1\" content=\"Tempo di lettura stimato\" \/>\n\t<meta name=\"twitter:data1\" content=\"5 minuti\" \/>\n<script type=\"application\/ld+json\" class=\"yoast-schema-graph\">{\"@context\":\"https:\\\/\\\/schema.org\",\"@graph\":[{\"@type\":\"WebPage\",\"@id\":\"https:\\\/\\\/cinelerra-gg.org\\\/it\\\/info\\\/\",\"url\":\"https:\\\/\\\/cinelerra-gg.org\\\/it\\\/info\\\/\",\"name\":\"Info - Cinelerra GG\",\"isPartOf\":{\"@id\":\"https:\\\/\\\/cinelerra-gg.org\\\/it\\\/#website\"},\"datePublished\":\"2019-02-09T11:33:21+00:00\",\"dateModified\":\"2021-01-28T08:49:42+00:00\",\"description\":\"Scopri subito la pagina About su Cinelerra, chi siamo, cosa facciamo e quali sono le differenze rispetto agli altri rami di cinelerra.\",\"breadcrumb\":{\"@id\":\"https:\\\/\\\/cinelerra-gg.org\\\/it\\\/info\\\/#breadcrumb\"},\"inLanguage\":\"it-IT\",\"potentialAction\":[{\"@type\":\"ReadAction\",\"target\":[\"https:\\\/\\\/cinelerra-gg.org\\\/it\\\/info\\\/\"]}]},{\"@type\":\"BreadcrumbList\",\"@id\":\"https:\\\/\\\/cinelerra-gg.org\\\/it\\\/info\\\/#breadcrumb\",\"itemListElement\":[{\"@type\":\"ListItem\",\"position\":1,\"name\":\"Home\",\"item\":\"https:\\\/\\\/cinelerra-gg.org\\\/it\\\/\"},{\"@type\":\"ListItem\",\"position\":2,\"name\":\"Info\"}]},{\"@type\":\"WebSite\",\"@id\":\"https:\\\/\\\/cinelerra-gg.org\\\/it\\\/#website\",\"url\":\"https:\\\/\\\/cinelerra-gg.org\\\/it\\\/\",\"name\":\"Cinelerra GG\",\"description\":\"Cinelerra GG free video editing software\",\"potentialAction\":[{\"@type\":\"SearchAction\",\"target\":{\"@type\":\"EntryPoint\",\"urlTemplate\":\"https:\\\/\\\/cinelerra-gg.org\\\/it\\\/?s={search_term_string}\"},\"query-input\":{\"@type\":\"PropertyValueSpecification\",\"valueRequired\":true,\"valueName\":\"search_term_string\"}}],\"inLanguage\":\"it-IT\"}]}<\/script>\n<!-- \/ Yoast SEO plugin. -->","yoast_head_json":{"title":"Info - Cinelerra GG","description":"Scopri subito la pagina About su Cinelerra, chi siamo, cosa facciamo e quali sono le differenze rispetto agli altri rami di cinelerra.","robots":{"index":"index","follow":"follow","max-snippet":"max-snippet:-1","max-image-preview":"max-image-preview:large","max-video-preview":"max-video-preview:-1"},"canonical":"https:\/\/cinelerra-gg.org\/it\/info\/","og_locale":"it_IT","og_type":"article","og_title":"Info - Cinelerra GG","og_description":"Scopri subito la pagina About su Cinelerra, chi siamo, cosa facciamo e quali sono le differenze rispetto agli altri rami di cinelerra.","og_url":"https:\/\/cinelerra-gg.org\/it\/info\/","og_site_name":"Cinelerra GG","article_modified_time":"2021-01-28T08:49:42+00:00","twitter_card":"summary_large_image","twitter_misc":{"Tempo di lettura stimato":"5 minuti"},"schema":{"@context":"https:\/\/schema.org","@graph":[{"@type":"WebPage","@id":"https:\/\/cinelerra-gg.org\/it\/info\/","url":"https:\/\/cinelerra-gg.org\/it\/info\/","name":"Info - Cinelerra GG","isPartOf":{"@id":"https:\/\/cinelerra-gg.org\/it\/#website"},"datePublished":"2019-02-09T11:33:21+00:00","dateModified":"2021-01-28T08:49:42+00:00","description":"Scopri subito la pagina About su Cinelerra, chi siamo, cosa facciamo e quali sono le differenze rispetto agli altri rami di cinelerra.","breadcrumb":{"@id":"https:\/\/cinelerra-gg.org\/it\/info\/#breadcrumb"},"inLanguage":"it-IT","potentialAction":[{"@type":"ReadAction","target":["https:\/\/cinelerra-gg.org\/it\/info\/"]}]},{"@type":"BreadcrumbList","@id":"https:\/\/cinelerra-gg.org\/it\/info\/#breadcrumb","itemListElement":[{"@type":"ListItem","position":1,"name":"Home","item":"https:\/\/cinelerra-gg.org\/it\/"},{"@type":"ListItem","position":2,"name":"Info"}]},{"@type":"WebSite","@id":"https:\/\/cinelerra-gg.org\/it\/#website","url":"https:\/\/cinelerra-gg.org\/it\/","name":"Cinelerra GG","description":"Cinelerra GG free video editing software","potentialAction":[{"@type":"SearchAction","target":{"@type":"EntryPoint","urlTemplate":"https:\/\/cinelerra-gg.org\/it\/?s={search_term_string}"},"query-input":{"@type":"PropertyValueSpecification","valueRequired":true,"valueName":"search_term_string"}}],"inLanguage":"it-IT"}]}},"_links":{"self":[{"href":"https:\/\/cinelerra-gg.org\/it\/wp-json\/wp\/v2\/pages\/2584","targetHints":{"allow":["GET"]}}],"collection":[{"href":"https:\/\/cinelerra-gg.org\/it\/wp-json\/wp\/v2\/pages"}],"about":[{"href":"https:\/\/cinelerra-gg.org\/it\/wp-json\/wp\/v2\/types\/page"}],"author":[{"embeddable":true,"href":"https:\/\/cinelerra-gg.org\/it\/wp-json\/wp\/v2\/users\/1"}],"replies":[{"embeddable":true,"href":"https:\/\/cinelerra-gg.org\/it\/wp-json\/wp\/v2\/comments?post=2584"}],"version-history":[{"count":0,"href":"https:\/\/cinelerra-gg.org\/it\/wp-json\/wp\/v2\/pages\/2584\/revisions"}],"wp:attachment":[{"href":"https:\/\/cinelerra-gg.org\/it\/wp-json\/wp\/v2\/media?parent=2584"}],"curies":[{"name":"wp","href":"https:\/\/api.w.org\/{rel}","templated":true}]}}