{"id":8415,"date":"2020-02-21T15:28:57","date_gmt":"2020-02-21T15:28:57","guid":{"rendered":"https:\/\/www.cinelerra-gg.org\/gentoo\/"},"modified":"2021-03-05T08:37:42","modified_gmt":"2021-03-05T08:37:42","slug":"gentoo","status":"publish","type":"page","link":"https:\/\/cinelerra-gg.org\/it\/gentoo\/","title":{"rendered":"Gentoo"},"content":{"rendered":"<p>[et_pb_section fb_built=&#8221;1&#8243; _builder_version=&#8221;3.22&#8243;][et_pb_row _builder_version=&#8221;3.25&#8243;][et_pb_column type=&#8221;4_4&#8243; _builder_version=&#8221;3.25&#8243; custom_padding=&#8221;|||&#8221; custom_padding__hover=&#8221;|||&#8221;][et_pb_text _builder_version=&#8221;3.27.4&#8243; min_height=&#8221;44px&#8221; custom_padding=&#8221;||21px|||&#8221;]<\/p>\n<h1>Gentoo<\/h1>\n<p><strong>AppImage<\/strong> \u00e8 l&#8217;attuale metodo di distribuzione di CinelerraGG, ma non \u00e8 stato possibile fare test su Gentoo. L&#8217;ultima versione di AppImage \u00e8 disponibile <a href=\"https:\/\/cinelerra-gg.org\/download\/images\/\">qui<\/a> insieme alle istruzioni per l&#8217;utilizzo nel file README.appimage.<\/p>\n<p>[\/et_pb_text][\/et_pb_column][\/et_pb_row][\/et_pb_section]<\/p>\n","protected":false},"excerpt":{"rendered":"<p>Gentoo AppImage \u00e8 l&#8217;attuale metodo di distribuzione di CinelerraGG, ma non \u00e8 stato possibile fare test su Gentoo. L&#8217;ultima versione di AppImage \u00e8 disponibile qui insieme alle istruzioni per l&#8217;utilizzo nel file README.appimage.<\/p>\n","protected":false},"author":3,"featured_media":0,"parent":0,"menu_order":0,"comment_status":"closed","ping_status":"closed","template":"","meta":{"_et_pb_use_builder":"on","_et_pb_old_content":"","_et_gb_content_width":"","footnotes":""},"class_list":["post-8415","page","type-page","status-publish","hentry"],"yoast_head":"<!-- This site is optimized with the Yoast SEO plugin v27.0 - https:\/\/yoast.com\/product\/yoast-seo-wordpress\/ -->\n<title>Gentoo - Cinelerra GG<\/title>\n<meta name=\"robots\" content=\"index, follow, max-snippet:-1, max-image-preview:large, max-video-preview:-1\" \/>\n<link rel=\"canonical\" href=\"https:\/\/cinelerra-gg.org\/it\/gentoo\/\" \/>\n<meta property=\"og:locale\" content=\"it_IT\" \/>\n<meta property=\"og:type\" content=\"article\" \/>\n<meta property=\"og:title\" content=\"Gentoo - Cinelerra GG\" \/>\n<meta property=\"og:description\" content=\"Gentoo AppImage \u00e8 l&#039;attuale metodo di distribuzione di CinelerraGG, ma non \u00e8 stato possibile fare test su Gentoo. L&#039;ultima versione di AppImage \u00e8 disponibile qui insieme alle istruzioni per l&#039;utilizzo nel file README.appimage.\" \/>\n<meta property=\"og:url\" content=\"https:\/\/cinelerra-gg.org\/it\/gentoo\/\" \/>\n<meta property=\"og:site_name\" content=\"Cinelerra GG\" \/>\n<meta property=\"article:modified_time\" content=\"2021-03-05T08:37:42+00:00\" \/>\n<meta name=\"twitter:card\" content=\"summary_large_image\" \/>\n<script type=\"application\/ld+json\" class=\"yoast-schema-graph\">{\"@context\":\"https:\/\/schema.org\",\"@graph\":[{\"@type\":\"WebPage\",\"@id\":\"https:\/\/cinelerra-gg.org\/it\/gentoo\/\",\"url\":\"https:\/\/cinelerra-gg.org\/it\/gentoo\/\",\"name\":\"Gentoo - Cinelerra GG\",\"isPartOf\":{\"@id\":\"https:\/\/cinelerra-gg.org\/it\/#website\"},\"datePublished\":\"2020-02-21T15:28:57+00:00\",\"dateModified\":\"2021-03-05T08:37:42+00:00\",\"breadcrumb\":{\"@id\":\"https:\/\/cinelerra-gg.org\/it\/gentoo\/#breadcrumb\"},\"inLanguage\":\"it-IT\",\"potentialAction\":[{\"@type\":\"ReadAction\",\"target\":[\"https:\/\/cinelerra-gg.org\/it\/gentoo\/\"]}]},{\"@type\":\"BreadcrumbList\",\"@id\":\"https:\/\/cinelerra-gg.org\/it\/gentoo\/#breadcrumb\",\"itemListElement\":[{\"@type\":\"ListItem\",\"position\":1,\"name\":\"Home\",\"item\":\"https:\/\/cinelerra-gg.org\/it\/\"},{\"@type\":\"ListItem\",\"position\":2,\"name\":\"Gentoo\"}]},{\"@type\":\"WebSite\",\"@id\":\"https:\/\/cinelerra-gg.org\/it\/#website\",\"url\":\"https:\/\/cinelerra-gg.org\/it\/\",\"name\":\"Cinelerra GG\",\"description\":\"Cinelerra GG free video editing software\",\"potentialAction\":[{\"@type\":\"SearchAction\",\"target\":{\"@type\":\"EntryPoint\",\"urlTemplate\":\"https:\/\/cinelerra-gg.org\/it\/?s={search_term_string}\"},\"query-input\":{\"@type\":\"PropertyValueSpecification\",\"valueRequired\":true,\"valueName\":\"search_term_string\"}}],\"inLanguage\":\"it-IT\"}]}<\/script>\n<!-- \/ Yoast SEO plugin. -->","yoast_head_json":{"title":"Gentoo - Cinelerra GG","robots":{"index":"index","follow":"follow","max-snippet":"max-snippet:-1","max-image-preview":"max-image-preview:large","max-video-preview":"max-video-preview:-1"},"canonical":"https:\/\/cinelerra-gg.org\/it\/gentoo\/","og_locale":"it_IT","og_type":"article","og_title":"Gentoo - Cinelerra GG","og_description":"Gentoo AppImage \u00e8 l'attuale metodo di distribuzione di CinelerraGG, ma non \u00e8 stato possibile fare test su Gentoo. L'ultima versione di AppImage \u00e8 disponibile qui insieme alle istruzioni per l'utilizzo nel file README.appimage.","og_url":"https:\/\/cinelerra-gg.org\/it\/gentoo\/","og_site_name":"Cinelerra GG","article_modified_time":"2021-03-05T08:37:42+00:00","twitter_card":"summary_large_image","schema":{"@context":"https:\/\/schema.org","@graph":[{"@type":"WebPage","@id":"https:\/\/cinelerra-gg.org\/it\/gentoo\/","url":"https:\/\/cinelerra-gg.org\/it\/gentoo\/","name":"Gentoo - Cinelerra GG","isPartOf":{"@id":"https:\/\/cinelerra-gg.org\/it\/#website"},"datePublished":"2020-02-21T15:28:57+00:00","dateModified":"2021-03-05T08:37:42+00:00","breadcrumb":{"@id":"https:\/\/cinelerra-gg.org\/it\/gentoo\/#breadcrumb"},"inLanguage":"it-IT","potentialAction":[{"@type":"ReadAction","target":["https:\/\/cinelerra-gg.org\/it\/gentoo\/"]}]},{"@type":"BreadcrumbList","@id":"https:\/\/cinelerra-gg.org\/it\/gentoo\/#breadcrumb","itemListElement":[{"@type":"ListItem","position":1,"name":"Home","item":"https:\/\/cinelerra-gg.org\/it\/"},{"@type":"ListItem","position":2,"name":"Gentoo"}]},{"@type":"WebSite","@id":"https:\/\/cinelerra-gg.org\/it\/#website","url":"https:\/\/cinelerra-gg.org\/it\/","name":"Cinelerra GG","description":"Cinelerra GG free video editing software","potentialAction":[{"@type":"SearchAction","target":{"@type":"EntryPoint","urlTemplate":"https:\/\/cinelerra-gg.org\/it\/?s={search_term_string}"},"query-input":{"@type":"PropertyValueSpecification","valueRequired":true,"valueName":"search_term_string"}}],"inLanguage":"it-IT"}]}},"_links":{"self":[{"href":"https:\/\/cinelerra-gg.org\/it\/wp-json\/wp\/v2\/pages\/8415","targetHints":{"allow":["GET"]}}],"collection":[{"href":"https:\/\/cinelerra-gg.org\/it\/wp-json\/wp\/v2\/pages"}],"about":[{"href":"https:\/\/cinelerra-gg.org\/it\/wp-json\/wp\/v2\/types\/page"}],"author":[{"embeddable":true,"href":"https:\/\/cinelerra-gg.org\/it\/wp-json\/wp\/v2\/users\/3"}],"replies":[{"embeddable":true,"href":"https:\/\/cinelerra-gg.org\/it\/wp-json\/wp\/v2\/comments?post=8415"}],"version-history":[{"count":0,"href":"https:\/\/cinelerra-gg.org\/it\/wp-json\/wp\/v2\/pages\/8415\/revisions"}],"wp:attachment":[{"href":"https:\/\/cinelerra-gg.org\/it\/wp-json\/wp\/v2\/media?parent=8415"}],"curies":[{"name":"wp","href":"https:\/\/api.w.org\/{rel}","templated":true}]}}